{"id":5171,"date":"2025-12-12T10:43:25","date_gmt":"2025-12-12T10:43:25","guid":{"rendered":"https:\/\/safeusediisocyanates.eu\/stopka-redakcyjna\/"},"modified":"2026-01-20T08:23:26","modified_gmt":"2026-01-20T08:23:26","slug":"stopka-redakcyjna","status":"publish","type":"page","link":"https:\/\/safeusediisocyanates.eu\/pl\/stopka-redakcyjna\/","title":{"rendered":"Stopka redakcyjna"},"content":{"rendered":"\t\t<div data-elementor-type=\"wp-page\" data-elementor-id=\"5171\" class=\"elementor elementor-5171 elementor-5140\" data-elementor-post-type=\"page\">\n\t\t\t\t<div class=\"elementor-element elementor-element-138d015 elementor-hidden-tablet elementor-hidden-mobile e-flex e-con-boxed e-con e-parent\" data-id=\"138d015\" data-element_type=\"container\" data-e-type=\"container\" data-settings=\"{&quot;background_background&quot;:&quot;gradient&quot;}\">\n\t\t\t\t\t<div class=\"e-con-inner\">\n\t\t<div class=\"elementor-element elementor-element-606b64f e-flex e-con-boxed e-con e-child\" data-id=\"606b64f\" data-element_type=\"container\" data-e-type=\"container\" data-settings=\"{&quot;background_background&quot;:&quot;gradient&quot;}\">\n\t\t\t\t\t<div class=\"e-con-inner\">\n\t\t\t\t\t<\/div>\n\t\t\t\t<\/div>\n\t\t\t\t\t<\/div>\n\t\t\t\t<\/div>\n\t\t<div class=\"elementor-element elementor-element-4418dc5 e-flex e-con-boxed e-con e-parent\" data-id=\"4418dc5\" data-element_type=\"container\" data-e-type=\"container\">\n\t\t\t\t\t<div class=\"e-con-inner\">\n\t\t\t\t<div class=\"elementor-element elementor-element-a1109dd elementor-widget elementor-widget-heading\" data-id=\"a1109dd\" data-element_type=\"widget\" data-e-type=\"widget\" data-widget_type=\"heading.default\">\n\t\t\t\t<div class=\"elementor-widget-container\">\n\t\t\t\t\t<h1 class=\"elementor-heading-title elementor-size-default\">Stopka redakcyjna<\/h1>\t\t\t\t<\/div>\n\t\t\t\t<\/div>\n\t\t\t\t<div class=\"elementor-element elementor-element-f8c3803 elementor-widget elementor-widget-text-editor\" data-id=\"f8c3803\" data-element_type=\"widget\" data-e-type=\"widget\" data-widget_type=\"text-editor.default\">\n\t\t\t\t<div class=\"elementor-widget-container\">\n\t\t\t\t\t\t\t\t\t<p><strong style=\"color: var( --e-global-color-text ); font-family: var( --e-global-typography-text-font-family ), Sans-serif; font-size: var( --e-global-typography-text-font-size ); text-align: var(--text-align);\"><em>European Diisocyanates and Polyols Producers Association<\/em><\/strong><\/p><p><strong><em>(ISOPA)<\/em><\/strong><\/p><p><em>AISBL &#8211; Mi\u0119dzynarodowe stowarzyszenie non-profit<\/em><\/p><p><em>Siedziba g\u0142\u00f3wna znajduje si\u0119 pod adresem Rue Belliard<\/em><em> 65 &#8211; 1040 Bruxelles<\/em><\/p><p><em>Numer VAT przedsi\u0119biorstwa BE0649.434.695, RPM Bruxelles<\/em><\/p><p>Telefon: +32 2 786 35 53<\/p><p>Email: main@isopa.org<\/p><p>D-U-N-S\u00ae Numer: 400909635<\/p><p>Rejestr s\u0142u\u017c\u0105cy zapewnieniu przejrzysto\u015bci: 00770563312-18<\/p><p>&amp;<\/p><p><em><strong>European Aliphatic Isocyanates Producers Association<\/strong><\/em><\/p><p><strong><em>(ALIPA)<\/em><\/strong><\/p><p><em>AISBL &#8211; Mi\u0119dzynarodowe stowarzyszenie non-profit<\/em><\/p><p><em>Siedziba g\u0142\u00f3wna znajduje si\u0119 pod adresem Rue Belliard<\/em><em> 65 &#8211; 1040 Bruxelles<\/em><\/p><p><em>Numer VAT przedsi\u0119biorstwa BE0673.850.981, RPM Bruxelles<\/em><\/p><p>Telefon: +32 2 786 35 53<\/p><p>Email: info@alipa.org<\/p><p>Rejestr s\u0142u\u017c\u0105cy zapewnieniu przejrzysto\u015bci: 035696894781-13<\/p>\t\t\t\t\t\t\t\t<\/div>\n\t\t\t\t<\/div>\n\t\t\t\t\t<\/div>\n\t\t\t\t<\/div>\n\t\t\t\t<\/div>\n\t\t","protected":false},"excerpt":{"rendered":"<p>Stopka redakcyjna European Diisocyanates and Polyols Producers Association (ISOPA) AISBL &#8211; Mi\u0119dzynarodowe stowarzyszenie non-profit Siedziba g\u0142\u00f3wna znajduje si\u0119 pod adresem Rue Belliard 65 &#8211; 1040 Bruxelles Numer VAT przedsi\u0119biorstwa BE0649.434.695, RPM Bruxelles Telefon: +32 2 786 35 53 Email: main@isopa.org D-U-N-S\u00ae Numer: 400909635 Rejestr s\u0142u\u017c\u0105cy zapewnieniu przejrzysto\u015bci: 00770563312-18 &amp; European Aliphatic Isocyanates Producers Association (ALIPA) [&hellip;]<\/p>\n","protected":false},"author":11,"featured_media":0,"parent":0,"menu_order":0,"comment_status":"closed","ping_status":"closed","template":"","meta":{"footnotes":""},"class_list":["post-5171","page","type-page","status-publish","hentry"],"yoast_head":"<!-- This site is optimized with the Yoast SEO plugin v27.2 - https:\/\/yoast.com\/product\/yoast-seo-wordpress\/ -->\n<title>Stopka redakcyjna - Safe use diisocyanates<\/title>\n<meta name=\"robots\" content=\"index, follow, max-snippet:-1, max-image-preview:large, max-video-preview:-1\" \/>\n<link rel=\"canonical\" href=\"https:\/\/safeusediisocyanates.eu\/pl\/stopka-redakcyjna\/\" \/>\n<meta property=\"og:locale\" content=\"pl_PL\" \/>\n<meta property=\"og:type\" content=\"article\" \/>\n<meta property=\"og:title\" content=\"Stopka redakcyjna - Safe use diisocyanates\" \/>\n<meta property=\"og:description\" content=\"Stopka redakcyjna European Diisocyanates and Polyols Producers Association (ISOPA) AISBL &#8211; Mi\u0119dzynarodowe stowarzyszenie non-profit Siedziba g\u0142\u00f3wna znajduje si\u0119 pod adresem Rue Belliard 65 &#8211; 1040 Bruxelles Numer VAT przedsi\u0119biorstwa BE0649.434.695, RPM Bruxelles Telefon: +32 2 786 35 53 Email: main@isopa.org D-U-N-S\u00ae Numer: 400909635 Rejestr s\u0142u\u017c\u0105cy zapewnieniu przejrzysto\u015bci: 00770563312-18 &amp; European Aliphatic Isocyanates Producers Association (ALIPA) [&hellip;]\" \/>\n<meta property=\"og:url\" content=\"https:\/\/safeusediisocyanates.eu\/pl\/stopka-redakcyjna\/\" \/>\n<meta property=\"og:site_name\" content=\"Safe use diisocyanates\" \/>\n<meta property=\"article:modified_time\" content=\"2026-01-20T08:23:26+00:00\" \/>\n<meta property=\"og:image\" content=\"https:\/\/safeusediisocyanates.eu\/wp-content\/uploads\/2024\/05\/og-image.jpg\" \/>\n\t<meta property=\"og:image:width\" content=\"1200\" \/>\n\t<meta property=\"og:image:height\" content=\"675\" \/>\n\t<meta property=\"og:image:type\" content=\"image\/jpeg\" \/>\n<meta name=\"twitter:card\" content=\"summary_large_image\" \/>\n<script type=\"application\/ld+json\" class=\"yoast-schema-graph\">{\"@context\":\"https:\/\/schema.org\",\"@graph\":[{\"@type\":\"WebPage\",\"@id\":\"https:\/\/safeusediisocyanates.eu\/pl\/stopka-redakcyjna\/\",\"url\":\"https:\/\/safeusediisocyanates.eu\/pl\/stopka-redakcyjna\/\",\"name\":\"Stopka redakcyjna - Safe use diisocyanates\",\"isPartOf\":{\"@id\":\"https:\/\/safeusediisocyanates.eu\/pl\/#website\"},\"datePublished\":\"2025-12-12T10:43:25+00:00\",\"dateModified\":\"2026-01-20T08:23:26+00:00\",\"breadcrumb\":{\"@id\":\"https:\/\/safeusediisocyanates.eu\/pl\/stopka-redakcyjna\/#breadcrumb\"},\"inLanguage\":\"pl-PL\",\"potentialAction\":[{\"@type\":\"ReadAction\",\"target\":[\"https:\/\/safeusediisocyanates.eu\/pl\/stopka-redakcyjna\/\"]}]},{\"@type\":\"BreadcrumbList\",\"@id\":\"https:\/\/safeusediisocyanates.eu\/pl\/stopka-redakcyjna\/#breadcrumb\",\"itemListElement\":[{\"@type\":\"ListItem\",\"position\":1,\"name\":\"Home\",\"item\":\"https:\/\/safeusediisocyanates.eu\/pl\/home\/\"},{\"@type\":\"ListItem\",\"position\":2,\"name\":\"Stopka redakcyjna\"}]},{\"@type\":\"WebSite\",\"@id\":\"https:\/\/safeusediisocyanates.eu\/pl\/#website\",\"url\":\"https:\/\/safeusediisocyanates.eu\/pl\/\",\"name\":\"Safe use diisocyanates\",\"description\":\"\",\"publisher\":{\"@id\":\"https:\/\/safeusediisocyanates.eu\/pl\/#organization\"},\"potentialAction\":[{\"@type\":\"SearchAction\",\"target\":{\"@type\":\"EntryPoint\",\"urlTemplate\":\"https:\/\/safeusediisocyanates.eu\/pl\/?s={search_term_string}\"},\"query-input\":{\"@type\":\"PropertyValueSpecification\",\"valueRequired\":true,\"valueName\":\"search_term_string\"}}],\"inLanguage\":\"pl-PL\"},{\"@type\":\"Organization\",\"@id\":\"https:\/\/safeusediisocyanates.eu\/pl\/#organization\",\"name\":\"Safe use diisocyanates\",\"url\":\"https:\/\/safeusediisocyanates.eu\/pl\/\",\"logo\":{\"@type\":\"ImageObject\",\"inLanguage\":\"pl-PL\",\"@id\":\"https:\/\/safeusediisocyanates.eu\/pl\/#\/schema\/logo\/image\/\",\"url\":\"https:\/\/safeusediisocyanates.eu\/wp-content\/uploads\/2024\/04\/sud-logo.jpg\",\"contentUrl\":\"https:\/\/safeusediisocyanates.eu\/wp-content\/uploads\/2024\/04\/sud-logo.jpg\",\"width\":260,\"height\":172,\"caption\":\"Safe use diisocyanates\"},\"image\":{\"@id\":\"https:\/\/safeusediisocyanates.eu\/pl\/#\/schema\/logo\/image\/\"}}]}<\/script>\n<!-- \/ Yoast SEO plugin. -->","yoast_head_json":{"title":"Stopka redakcyjna - Safe use diisocyanates","robots":{"index":"index","follow":"follow","max-snippet":"max-snippet:-1","max-image-preview":"max-image-preview:large","max-video-preview":"max-video-preview:-1"},"canonical":"https:\/\/safeusediisocyanates.eu\/pl\/stopka-redakcyjna\/","og_locale":"pl_PL","og_type":"article","og_title":"Stopka redakcyjna - Safe use diisocyanates","og_description":"Stopka redakcyjna European Diisocyanates and Polyols Producers Association (ISOPA) AISBL &#8211; Mi\u0119dzynarodowe stowarzyszenie non-profit Siedziba g\u0142\u00f3wna znajduje si\u0119 pod adresem Rue Belliard 65 &#8211; 1040 Bruxelles Numer VAT przedsi\u0119biorstwa BE0649.434.695, RPM Bruxelles Telefon: +32 2 786 35 53 Email: main@isopa.org D-U-N-S\u00ae Numer: 400909635 Rejestr s\u0142u\u017c\u0105cy zapewnieniu przejrzysto\u015bci: 00770563312-18 &amp; European Aliphatic Isocyanates Producers Association (ALIPA) [&hellip;]","og_url":"https:\/\/safeusediisocyanates.eu\/pl\/stopka-redakcyjna\/","og_site_name":"Safe use diisocyanates","article_modified_time":"2026-01-20T08:23:26+00:00","og_image":[{"width":1200,"height":675,"url":"https:\/\/safeusediisocyanates.eu\/wp-content\/uploads\/2024\/05\/og-image.jpg","type":"image\/jpeg"}],"twitter_card":"summary_large_image","schema":{"@context":"https:\/\/schema.org","@graph":[{"@type":"WebPage","@id":"https:\/\/safeusediisocyanates.eu\/pl\/stopka-redakcyjna\/","url":"https:\/\/safeusediisocyanates.eu\/pl\/stopka-redakcyjna\/","name":"Stopka redakcyjna - Safe use diisocyanates","isPartOf":{"@id":"https:\/\/safeusediisocyanates.eu\/pl\/#website"},"datePublished":"2025-12-12T10:43:25+00:00","dateModified":"2026-01-20T08:23:26+00:00","breadcrumb":{"@id":"https:\/\/safeusediisocyanates.eu\/pl\/stopka-redakcyjna\/#breadcrumb"},"inLanguage":"pl-PL","potentialAction":[{"@type":"ReadAction","target":["https:\/\/safeusediisocyanates.eu\/pl\/stopka-redakcyjna\/"]}]},{"@type":"BreadcrumbList","@id":"https:\/\/safeusediisocyanates.eu\/pl\/stopka-redakcyjna\/#breadcrumb","itemListElement":[{"@type":"ListItem","position":1,"name":"Home","item":"https:\/\/safeusediisocyanates.eu\/pl\/home\/"},{"@type":"ListItem","position":2,"name":"Stopka redakcyjna"}]},{"@type":"WebSite","@id":"https:\/\/safeusediisocyanates.eu\/pl\/#website","url":"https:\/\/safeusediisocyanates.eu\/pl\/","name":"Safe use diisocyanates","description":"","publisher":{"@id":"https:\/\/safeusediisocyanates.eu\/pl\/#organization"},"potentialAction":[{"@type":"SearchAction","target":{"@type":"EntryPoint","urlTemplate":"https:\/\/safeusediisocyanates.eu\/pl\/?s={search_term_string}"},"query-input":{"@type":"PropertyValueSpecification","valueRequired":true,"valueName":"search_term_string"}}],"inLanguage":"pl-PL"},{"@type":"Organization","@id":"https:\/\/safeusediisocyanates.eu\/pl\/#organization","name":"Safe use diisocyanates","url":"https:\/\/safeusediisocyanates.eu\/pl\/","logo":{"@type":"ImageObject","inLanguage":"pl-PL","@id":"https:\/\/safeusediisocyanates.eu\/pl\/#\/schema\/logo\/image\/","url":"https:\/\/safeusediisocyanates.eu\/wp-content\/uploads\/2024\/04\/sud-logo.jpg","contentUrl":"https:\/\/safeusediisocyanates.eu\/wp-content\/uploads\/2024\/04\/sud-logo.jpg","width":260,"height":172,"caption":"Safe use diisocyanates"},"image":{"@id":"https:\/\/safeusediisocyanates.eu\/pl\/#\/schema\/logo\/image\/"}}]}},"_links":{"self":[{"href":"https:\/\/safeusediisocyanates.eu\/pl\/wp-json\/wp\/v2\/pages\/5171","targetHints":{"allow":["GET"]}}],"collection":[{"href":"https:\/\/safeusediisocyanates.eu\/pl\/wp-json\/wp\/v2\/pages"}],"about":[{"href":"https:\/\/safeusediisocyanates.eu\/pl\/wp-json\/wp\/v2\/types\/page"}],"author":[{"embeddable":true,"href":"https:\/\/safeusediisocyanates.eu\/pl\/wp-json\/wp\/v2\/users\/11"}],"replies":[{"embeddable":true,"href":"https:\/\/safeusediisocyanates.eu\/pl\/wp-json\/wp\/v2\/comments?post=5171"}],"version-history":[{"count":6,"href":"https:\/\/safeusediisocyanates.eu\/pl\/wp-json\/wp\/v2\/pages\/5171\/revisions"}],"predecessor-version":[{"id":5335,"href":"https:\/\/safeusediisocyanates.eu\/pl\/wp-json\/wp\/v2\/pages\/5171\/revisions\/5335"}],"wp:attachment":[{"href":"https:\/\/safeusediisocyanates.eu\/pl\/wp-json\/wp\/v2\/media?parent=5171"}],"curies":[{"name":"wp","href":"https:\/\/api.w.org\/{rel}","templated":true}]}}