{"id":4841,"date":"2025-05-12T12:26:21","date_gmt":"2025-05-12T12:26:21","guid":{"rendered":"https:\/\/safeusediisocyanates.eu\/broszury\/"},"modified":"2025-05-27T11:57:42","modified_gmt":"2025-05-27T11:57:42","slug":"broszury","status":"publish","type":"page","link":"https:\/\/safeusediisocyanates.eu\/pl\/broszury\/","title":{"rendered":"Broszury"},"content":{"rendered":"\t\t<div data-elementor-type=\"wp-page\" data-elementor-id=\"4841\" class=\"elementor elementor-4841 elementor-4825\" data-elementor-post-type=\"page\">\n\t\t\t\t<div class=\"elementor-element elementor-element-ebd45e5 e-flex e-con-boxed e-con e-parent\" data-id=\"ebd45e5\" data-element_type=\"container\" data-e-type=\"container\" data-settings=\"{&quot;background_background&quot;:&quot;gradient&quot;}\">\n\t\t\t\t\t<div class=\"e-con-inner\">\n\t\t<div class=\"elementor-element elementor-element-0314492 e-grid e-con-full e-con e-child\" data-id=\"0314492\" data-element_type=\"container\" data-e-type=\"container\" data-settings=\"{&quot;background_background&quot;:&quot;gradient&quot;}\">\n\t\t<div class=\"elementor-element elementor-element-9609845 e-flex e-con-boxed e-con e-child\" data-id=\"9609845\" data-element_type=\"container\" data-e-type=\"container\" data-settings=\"{&quot;background_background&quot;:&quot;classic&quot;}\">\n\t\t\t\t\t<div class=\"e-con-inner\">\n\t\t\t\t\t<\/div>\n\t\t\t\t<\/div>\n\t\t<div class=\"elementor-element elementor-element-c012eca e-flex e-con-boxed e-con e-child\" data-id=\"c012eca\" data-element_type=\"container\" data-e-type=\"container\">\n\t\t\t\t\t<div class=\"e-con-inner\">\n\t\t\t\t<div class=\"elementor-element elementor-element-30cda6c elementor-widget elementor-widget-heading\" data-id=\"30cda6c\" data-element_type=\"widget\" data-e-type=\"widget\" data-widget_type=\"heading.default\">\n\t\t\t\t<div class=\"elementor-widget-container\">\n\t\t\t\t\t<h1 class=\"elementor-heading-title elementor-size-default\">Zasoby<\/h1>\t\t\t\t<\/div>\n\t\t\t\t<\/div>\n\t\t\t\t<div class=\"elementor-element elementor-element-b1f5d38 elementor-widget elementor-widget-heading\" data-id=\"b1f5d38\" data-element_type=\"widget\" data-e-type=\"widget\" data-widget_type=\"heading.default\">\n\t\t\t\t<div class=\"elementor-widget-container\">\n\t\t\t\t\t<h2 class=\"elementor-heading-title elementor-size-default\">Broszury<\/h2>\t\t\t\t<\/div>\n\t\t\t\t<\/div>\n\t\t\t\t<div class=\"elementor-element elementor-element-0a1f66d elementor-widget elementor-widget-text-editor\" data-id=\"0a1f66d\" data-element_type=\"widget\" data-e-type=\"widget\" data-widget_type=\"text-editor.default\">\n\t\t\t\t<div class=\"elementor-widget-container\">\n\t\t\t\t\t\t\t\t\t<p><strong data-start=\"196\" data-end=\"297\">Zosta\u0144 ambasadorem bezpiecze\u0144stwa: Pom\u00f3\u017c nam rozpowszechnia\u0107 informacje na temat bezpiecznego stosowania diizocyjanian\u00f3w!<\/strong><\/p><p>Pobierz nasz\u0105 broszur\u0119 i promuj odpowiedzialne obchodzenie si\u0119 z nasz\u0105 substancj\u0105.<\/p>\t\t\t\t\t\t\t\t<\/div>\n\t\t\t\t<\/div>\n\t\t\t\t\t<\/div>\n\t\t\t\t<\/div>\n\t\t\t\t<\/div>\n\t\t\t\t\t<\/div>\n\t\t\t\t<\/div>\n\t\t<div class=\"elementor-element elementor-element-6fe6416 e-grid e-con-boxed e-con e-parent\" data-id=\"6fe6416\" data-element_type=\"container\" data-e-type=\"container\">\n\t\t\t\t\t<div class=\"e-con-inner\">\n\t\t<div class=\"elementor-element elementor-element-5d2c765 e-con-full e-flex e-con e-child\" data-id=\"5d2c765\" data-element_type=\"container\" data-e-type=\"container\">\n\t\t\t\t<div class=\"elementor-element elementor-element-c0e2a0d elementor-widget elementor-widget-heading\" data-id=\"c0e2a0d\" data-element_type=\"widget\" data-e-type=\"widget\" data-widget_type=\"heading.default\">\n\t\t\t\t<div class=\"elementor-widget-container\">\n\t\t\t\t\t<h2 class=\"elementor-heading-title elementor-size-default\">Broszura<\/h2>\t\t\t\t<\/div>\n\t\t\t\t<\/div>\n\t\t\t\t<div class=\"elementor-element elementor-element-0f24bd2 elementor-widget elementor-widget-text-editor\" data-id=\"0f24bd2\" data-element_type=\"widget\" data-e-type=\"widget\" data-widget_type=\"text-editor.default\">\n\t\t\t\t<div class=\"elementor-widget-container\">\n\t\t\t\t\t\t\t\t\t<p>Broszur\u0119 mo\u017cna pobra\u0107 w nast\u0119puj\u0105cych j\u0119zykach:<\/p>\t\t\t\t\t\t\t\t<\/div>\n\t\t\t\t<\/div>\n\t\t<div class=\"elementor-element elementor-element-63ab7f5 e-grid e-con-boxed e-con e-child\" data-id=\"63ab7f5\" data-element_type=\"container\" data-e-type=\"container\" data-settings=\"{&quot;background_background&quot;:&quot;classic&quot;}\">\n\t\t\t\t\t<div class=\"e-con-inner\">\n\t\t\t\t<div class=\"elementor-element elementor-element-d27d337 elementor-widget elementor-widget-heading\" data-id=\"d27d337\" data-element_type=\"widget\" data-e-type=\"widget\" data-widget_type=\"heading.default\">\n\t\t\t\t<div class=\"elementor-widget-container\">\n\t\t\t\t\t<p class=\"elementor-heading-title elementor-size-default\"><a href=\"https:\/\/safeusediisocyanates.eu\/wp-content\/uploads\/2025\/04\/SuD-EU-Brochure_English.pdf\" target=\"_blank\">Angielski<\/a><\/p>\t\t\t\t<\/div>\n\t\t\t\t<\/div>\n\t\t\t\t<div class=\"elementor-element elementor-element-b2f1c58 elementor-widget elementor-widget-heading\" data-id=\"b2f1c58\" data-element_type=\"widget\" data-e-type=\"widget\" data-widget_type=\"heading.default\">\n\t\t\t\t<div class=\"elementor-widget-container\">\n\t\t\t\t\t<p class=\"elementor-heading-title elementor-size-default\"><a href=\"https:\/\/safeusediisocyanates.eu\/wp-content\/uploads\/2025\/04\/SuD-EU-Brochure_German.pdf\" target=\"_blank\">Niemiecki<\/a><\/p>\t\t\t\t<\/div>\n\t\t\t\t<\/div>\n\t\t\t\t<div class=\"elementor-element elementor-element-bc1e28b elementor-widget elementor-widget-heading\" data-id=\"bc1e28b\" data-element_type=\"widget\" data-e-type=\"widget\" data-widget_type=\"heading.default\">\n\t\t\t\t<div class=\"elementor-widget-container\">\n\t\t\t\t\t<p class=\"elementor-heading-title elementor-size-default\"><a href=\"https:\/\/safeusediisocyanates.eu\/wp-content\/uploads\/2025\/05\/SuD-EU-Flyer_Spanish.pdf\" target=\"_blank\">Hiszpa\u0144ski<\/a><\/p>\t\t\t\t<\/div>\n\t\t\t\t<\/div>\n\t\t\t\t<div class=\"elementor-element elementor-element-89f7439 elementor-widget elementor-widget-heading\" data-id=\"89f7439\" data-element_type=\"widget\" data-e-type=\"widget\" data-widget_type=\"heading.default\">\n\t\t\t\t<div class=\"elementor-widget-container\">\n\t\t\t\t\t<p class=\"elementor-heading-title elementor-size-default\"><a href=\"https:\/\/safeusediisocyanates.eu\/wp-content\/uploads\/2025\/05\/SuD-EU-Flyer-NL.pdf\" target=\"_blank\">Holenderski<\/a><\/p>\t\t\t\t<\/div>\n\t\t\t\t<\/div>\n\t\t\t\t<div class=\"elementor-element elementor-element-8871a9a elementor-widget elementor-widget-heading\" data-id=\"8871a9a\" data-element_type=\"widget\" data-e-type=\"widget\" data-widget_type=\"heading.default\">\n\t\t\t\t<div class=\"elementor-widget-container\">\n\t\t\t\t\t<p class=\"elementor-heading-title elementor-size-default\"><a href=\"https:\/\/safeusediisocyanates.eu\/wp-content\/uploads\/2025\/05\/SuD-EU-Flyer-French.pdf\" target=\"_blank\">Francuski<\/a><\/p>\t\t\t\t<\/div>\n\t\t\t\t<\/div>\n\t\t\t\t\t<\/div>\n\t\t\t\t<\/div>\n\t\t\t\t<\/div>\n\t\t<div class=\"elementor-element elementor-element-80d82aa e-con-full e-flex e-con e-child\" data-id=\"80d82aa\" data-element_type=\"container\" data-e-type=\"container\">\n\t\t\t\t<div class=\"elementor-element elementor-element-f3f8f03 elementor-widget elementor-widget-image\" data-id=\"f3f8f03\" data-element_type=\"widget\" data-e-type=\"widget\" data-widget_type=\"image.default\">\n\t\t\t\t<div class=\"elementor-widget-container\">\n\t\t\t\t\t\t\t\t\t\t\t\t\t\t\t<img fetchpriority=\"high\" decoding=\"async\" width=\"592\" height=\"838\" src=\"https:\/\/safeusediisocyanates.eu\/wp-content\/uploads\/2025\/04\/Screenshot-2025-04-29-165229.png\" class=\"attachment-large size-large wp-image-4807\" alt=\"\" srcset=\"https:\/\/safeusediisocyanates.eu\/wp-content\/uploads\/2025\/04\/Screenshot-2025-04-29-165229.png 592w, https:\/\/safeusediisocyanates.eu\/wp-content\/uploads\/2025\/04\/Screenshot-2025-04-29-165229-212x300.png 212w\" sizes=\"(max-width: 592px) 100vw, 592px\" \/>\t\t\t\t\t\t\t\t\t\t\t\t\t\t\t<\/div>\n\t\t\t\t<\/div>\n\t\t\t\t<\/div>\n\t\t\t\t\t<\/div>\n\t\t\t\t<\/div>\n\t\t\t\t<\/div>\n\t\t","protected":false},"excerpt":{"rendered":"<p>Zasoby Broszury Zosta\u0144 ambasadorem bezpiecze\u0144stwa: Pom\u00f3\u017c nam rozpowszechnia\u0107 informacje na temat bezpiecznego stosowania diizocyjanian\u00f3w! Pobierz nasz\u0105 broszur\u0119 i promuj odpowiedzialne obchodzenie si\u0119 z nasz\u0105 substancj\u0105. Broszura Broszur\u0119 mo\u017cna pobra\u0107 w nast\u0119puj\u0105cych j\u0119zykach: Angielski Niemiecki Hiszpa\u0144ski Holenderski Francuski<\/p>\n","protected":false},"author":11,"featured_media":0,"parent":0,"menu_order":0,"comment_status":"closed","ping_status":"closed","template":"","meta":{"footnotes":""},"class_list":["post-4841","page","type-page","status-publish","hentry"],"yoast_head":"<!-- This site is optimized with the Yoast SEO plugin v27.2 - https:\/\/yoast.com\/product\/yoast-seo-wordpress\/ -->\n<title>Broszury - Safe use diisocyanates<\/title>\n<meta name=\"robots\" content=\"index, follow, max-snippet:-1, max-image-preview:large, max-video-preview:-1\" \/>\n<link rel=\"canonical\" href=\"https:\/\/safeusediisocyanates.eu\/pl\/broszury\/\" \/>\n<meta property=\"og:locale\" content=\"pl_PL\" \/>\n<meta property=\"og:type\" content=\"article\" \/>\n<meta property=\"og:title\" content=\"Broszury - Safe use diisocyanates\" \/>\n<meta property=\"og:description\" content=\"Zasoby Broszury Zosta\u0144 ambasadorem bezpiecze\u0144stwa: Pom\u00f3\u017c nam rozpowszechnia\u0107 informacje na temat bezpiecznego stosowania diizocyjanian\u00f3w! Pobierz nasz\u0105 broszur\u0119 i promuj odpowiedzialne obchodzenie si\u0119 z nasz\u0105 substancj\u0105. Broszura Broszur\u0119 mo\u017cna pobra\u0107 w nast\u0119puj\u0105cych j\u0119zykach: Angielski Niemiecki Hiszpa\u0144ski Holenderski Francuski\" \/>\n<meta property=\"og:url\" content=\"https:\/\/safeusediisocyanates.eu\/pl\/broszury\/\" \/>\n<meta property=\"og:site_name\" content=\"Safe use diisocyanates\" \/>\n<meta property=\"article:modified_time\" content=\"2025-05-27T11:57:42+00:00\" \/>\n<meta property=\"og:image\" content=\"https:\/\/safeusediisocyanates.eu\/wp-content\/uploads\/2025\/04\/Screenshot-2025-04-29-165229.png\" \/>\n\t<meta property=\"og:image:width\" content=\"592\" \/>\n\t<meta property=\"og:image:height\" content=\"838\" \/>\n\t<meta property=\"og:image:type\" content=\"image\/png\" \/>\n<meta name=\"twitter:card\" content=\"summary_large_image\" \/>\n<script type=\"application\/ld+json\" class=\"yoast-schema-graph\">{\"@context\":\"https:\/\/schema.org\",\"@graph\":[{\"@type\":\"WebPage\",\"@id\":\"https:\/\/safeusediisocyanates.eu\/pl\/broszury\/\",\"url\":\"https:\/\/safeusediisocyanates.eu\/pl\/broszury\/\",\"name\":\"Broszury - Safe use diisocyanates\",\"isPartOf\":{\"@id\":\"https:\/\/safeusediisocyanates.eu\/pl\/#website\"},\"primaryImageOfPage\":{\"@id\":\"https:\/\/safeusediisocyanates.eu\/pl\/broszury\/#primaryimage\"},\"image\":{\"@id\":\"https:\/\/safeusediisocyanates.eu\/pl\/broszury\/#primaryimage\"},\"thumbnailUrl\":\"https:\/\/safeusediisocyanates.eu\/wp-content\/uploads\/2025\/04\/Screenshot-2025-04-29-165229.png\",\"datePublished\":\"2025-05-12T12:26:21+00:00\",\"dateModified\":\"2025-05-27T11:57:42+00:00\",\"breadcrumb\":{\"@id\":\"https:\/\/safeusediisocyanates.eu\/pl\/broszury\/#breadcrumb\"},\"inLanguage\":\"pl-PL\",\"potentialAction\":[{\"@type\":\"ReadAction\",\"target\":[\"https:\/\/safeusediisocyanates.eu\/pl\/broszury\/\"]}]},{\"@type\":\"ImageObject\",\"inLanguage\":\"pl-PL\",\"@id\":\"https:\/\/safeusediisocyanates.eu\/pl\/broszury\/#primaryimage\",\"url\":\"https:\/\/safeusediisocyanates.eu\/wp-content\/uploads\/2025\/04\/Screenshot-2025-04-29-165229.png\",\"contentUrl\":\"https:\/\/safeusediisocyanates.eu\/wp-content\/uploads\/2025\/04\/Screenshot-2025-04-29-165229.png\"},{\"@type\":\"BreadcrumbList\",\"@id\":\"https:\/\/safeusediisocyanates.eu\/pl\/broszury\/#breadcrumb\",\"itemListElement\":[{\"@type\":\"ListItem\",\"position\":1,\"name\":\"Home\",\"item\":\"https:\/\/safeusediisocyanates.eu\/pl\/home\/\"},{\"@type\":\"ListItem\",\"position\":2,\"name\":\"Broszury\"}]},{\"@type\":\"WebSite\",\"@id\":\"https:\/\/safeusediisocyanates.eu\/pl\/#website\",\"url\":\"https:\/\/safeusediisocyanates.eu\/pl\/\",\"name\":\"Safe use diisocyanates\",\"description\":\"\",\"publisher\":{\"@id\":\"https:\/\/safeusediisocyanates.eu\/pl\/#organization\"},\"potentialAction\":[{\"@type\":\"SearchAction\",\"target\":{\"@type\":\"EntryPoint\",\"urlTemplate\":\"https:\/\/safeusediisocyanates.eu\/pl\/?s={search_term_string}\"},\"query-input\":{\"@type\":\"PropertyValueSpecification\",\"valueRequired\":true,\"valueName\":\"search_term_string\"}}],\"inLanguage\":\"pl-PL\"},{\"@type\":\"Organization\",\"@id\":\"https:\/\/safeusediisocyanates.eu\/pl\/#organization\",\"name\":\"Safe use diisocyanates\",\"url\":\"https:\/\/safeusediisocyanates.eu\/pl\/\",\"logo\":{\"@type\":\"ImageObject\",\"inLanguage\":\"pl-PL\",\"@id\":\"https:\/\/safeusediisocyanates.eu\/pl\/#\/schema\/logo\/image\/\",\"url\":\"https:\/\/safeusediisocyanates.eu\/wp-content\/uploads\/2024\/04\/sud-logo.jpg\",\"contentUrl\":\"https:\/\/safeusediisocyanates.eu\/wp-content\/uploads\/2024\/04\/sud-logo.jpg\",\"width\":260,\"height\":172,\"caption\":\"Safe use diisocyanates\"},\"image\":{\"@id\":\"https:\/\/safeusediisocyanates.eu\/pl\/#\/schema\/logo\/image\/\"}}]}<\/script>\n<!-- \/ Yoast SEO plugin. -->","yoast_head_json":{"title":"Broszury - Safe use diisocyanates","robots":{"index":"index","follow":"follow","max-snippet":"max-snippet:-1","max-image-preview":"max-image-preview:large","max-video-preview":"max-video-preview:-1"},"canonical":"https:\/\/safeusediisocyanates.eu\/pl\/broszury\/","og_locale":"pl_PL","og_type":"article","og_title":"Broszury - Safe use diisocyanates","og_description":"Zasoby Broszury Zosta\u0144 ambasadorem bezpiecze\u0144stwa: Pom\u00f3\u017c nam rozpowszechnia\u0107 informacje na temat bezpiecznego stosowania diizocyjanian\u00f3w! Pobierz nasz\u0105 broszur\u0119 i promuj odpowiedzialne obchodzenie si\u0119 z nasz\u0105 substancj\u0105. Broszura Broszur\u0119 mo\u017cna pobra\u0107 w nast\u0119puj\u0105cych j\u0119zykach: Angielski Niemiecki Hiszpa\u0144ski Holenderski Francuski","og_url":"https:\/\/safeusediisocyanates.eu\/pl\/broszury\/","og_site_name":"Safe use diisocyanates","article_modified_time":"2025-05-27T11:57:42+00:00","og_image":[{"width":592,"height":838,"url":"https:\/\/safeusediisocyanates.eu\/wp-content\/uploads\/2025\/04\/Screenshot-2025-04-29-165229.png","type":"image\/png"}],"twitter_card":"summary_large_image","schema":{"@context":"https:\/\/schema.org","@graph":[{"@type":"WebPage","@id":"https:\/\/safeusediisocyanates.eu\/pl\/broszury\/","url":"https:\/\/safeusediisocyanates.eu\/pl\/broszury\/","name":"Broszury - Safe use diisocyanates","isPartOf":{"@id":"https:\/\/safeusediisocyanates.eu\/pl\/#website"},"primaryImageOfPage":{"@id":"https:\/\/safeusediisocyanates.eu\/pl\/broszury\/#primaryimage"},"image":{"@id":"https:\/\/safeusediisocyanates.eu\/pl\/broszury\/#primaryimage"},"thumbnailUrl":"https:\/\/safeusediisocyanates.eu\/wp-content\/uploads\/2025\/04\/Screenshot-2025-04-29-165229.png","datePublished":"2025-05-12T12:26:21+00:00","dateModified":"2025-05-27T11:57:42+00:00","breadcrumb":{"@id":"https:\/\/safeusediisocyanates.eu\/pl\/broszury\/#breadcrumb"},"inLanguage":"pl-PL","potentialAction":[{"@type":"ReadAction","target":["https:\/\/safeusediisocyanates.eu\/pl\/broszury\/"]}]},{"@type":"ImageObject","inLanguage":"pl-PL","@id":"https:\/\/safeusediisocyanates.eu\/pl\/broszury\/#primaryimage","url":"https:\/\/safeusediisocyanates.eu\/wp-content\/uploads\/2025\/04\/Screenshot-2025-04-29-165229.png","contentUrl":"https:\/\/safeusediisocyanates.eu\/wp-content\/uploads\/2025\/04\/Screenshot-2025-04-29-165229.png"},{"@type":"BreadcrumbList","@id":"https:\/\/safeusediisocyanates.eu\/pl\/broszury\/#breadcrumb","itemListElement":[{"@type":"ListItem","position":1,"name":"Home","item":"https:\/\/safeusediisocyanates.eu\/pl\/home\/"},{"@type":"ListItem","position":2,"name":"Broszury"}]},{"@type":"WebSite","@id":"https:\/\/safeusediisocyanates.eu\/pl\/#website","url":"https:\/\/safeusediisocyanates.eu\/pl\/","name":"Safe use diisocyanates","description":"","publisher":{"@id":"https:\/\/safeusediisocyanates.eu\/pl\/#organization"},"potentialAction":[{"@type":"SearchAction","target":{"@type":"EntryPoint","urlTemplate":"https:\/\/safeusediisocyanates.eu\/pl\/?s={search_term_string}"},"query-input":{"@type":"PropertyValueSpecification","valueRequired":true,"valueName":"search_term_string"}}],"inLanguage":"pl-PL"},{"@type":"Organization","@id":"https:\/\/safeusediisocyanates.eu\/pl\/#organization","name":"Safe use diisocyanates","url":"https:\/\/safeusediisocyanates.eu\/pl\/","logo":{"@type":"ImageObject","inLanguage":"pl-PL","@id":"https:\/\/safeusediisocyanates.eu\/pl\/#\/schema\/logo\/image\/","url":"https:\/\/safeusediisocyanates.eu\/wp-content\/uploads\/2024\/04\/sud-logo.jpg","contentUrl":"https:\/\/safeusediisocyanates.eu\/wp-content\/uploads\/2024\/04\/sud-logo.jpg","width":260,"height":172,"caption":"Safe use diisocyanates"},"image":{"@id":"https:\/\/safeusediisocyanates.eu\/pl\/#\/schema\/logo\/image\/"}}]}},"_links":{"self":[{"href":"https:\/\/safeusediisocyanates.eu\/pl\/wp-json\/wp\/v2\/pages\/4841","targetHints":{"allow":["GET"]}}],"collection":[{"href":"https:\/\/safeusediisocyanates.eu\/pl\/wp-json\/wp\/v2\/pages"}],"about":[{"href":"https:\/\/safeusediisocyanates.eu\/pl\/wp-json\/wp\/v2\/types\/page"}],"author":[{"embeddable":true,"href":"https:\/\/safeusediisocyanates.eu\/pl\/wp-json\/wp\/v2\/users\/11"}],"replies":[{"embeddable":true,"href":"https:\/\/safeusediisocyanates.eu\/pl\/wp-json\/wp\/v2\/comments?post=4841"}],"version-history":[{"count":2,"href":"https:\/\/safeusediisocyanates.eu\/pl\/wp-json\/wp\/v2\/pages\/4841\/revisions"}],"predecessor-version":[{"id":4895,"href":"https:\/\/safeusediisocyanates.eu\/pl\/wp-json\/wp\/v2\/pages\/4841\/revisions\/4895"}],"wp:attachment":[{"href":"https:\/\/safeusediisocyanates.eu\/pl\/wp-json\/wp\/v2\/media?parent=4841"}],"curies":[{"name":"wp","href":"https:\/\/api.w.org\/{rel}","templated":true}]}}