{"id":285,"date":"2024-05-20T10:57:54","date_gmt":"2024-05-20T10:57:54","guid":{"rendered":"https:\/\/nostalgic-galois.46-242-128-94.plesk.page\/?page_id=285"},"modified":"2024-06-07T11:17:18","modified_gmt":"2024-06-07T11:17:18","slug":"szkolenie-dla-instruktorow","status":"publish","type":"page","link":"https:\/\/safeusediisocyanates.eu\/pl\/instruktorzy\/szkolenie-dla-instruktorow\/","title":{"rendered":"Szkolenie dla instruktor\u00f3w"},"content":{"rendered":"\t\t<div data-elementor-type=\"wp-page\" data-elementor-id=\"285\" class=\"elementor elementor-285 elementor-1970\" data-elementor-post-type=\"page\">\n\t\t\t\t<div class=\"elementor-element elementor-element-ebd45e5 e-flex e-con-boxed e-con e-parent\" data-id=\"ebd45e5\" data-element_type=\"container\" data-e-type=\"container\" data-settings=\"{&quot;background_background&quot;:&quot;gradient&quot;}\">\n\t\t\t\t\t<div class=\"e-con-inner\">\n\t\t<div class=\"elementor-element elementor-element-206bbe4 e-grid e-con-boxed e-con e-child\" data-id=\"206bbe4\" data-element_type=\"container\" data-e-type=\"container\" data-settings=\"{&quot;background_background&quot;:&quot;gradient&quot;}\">\n\t\t\t\t\t<div class=\"e-con-inner\">\n\t\t<div class=\"elementor-element elementor-element-c510045 e-flex e-con-boxed e-con e-child\" data-id=\"c510045\" data-element_type=\"container\" data-e-type=\"container\" data-settings=\"{&quot;background_background&quot;:&quot;classic&quot;}\">\n\t\t\t\t\t<div class=\"e-con-inner\">\n\t\t\t\t\t<\/div>\n\t\t\t\t<\/div>\n\t\t<div class=\"elementor-element elementor-element-10b29df e-flex e-con-boxed e-con e-child\" data-id=\"10b29df\" data-element_type=\"container\" data-e-type=\"container\">\n\t\t\t\t\t<div class=\"e-con-inner\">\n\t\t\t\t<div class=\"elementor-element elementor-element-5d9268c elementor-widget elementor-widget-heading\" data-id=\"5d9268c\" data-element_type=\"widget\" data-e-type=\"widget\" data-widget_type=\"heading.default\">\n\t\t\t\t<div class=\"elementor-widget-container\">\n\t\t\t\t\t<h1 class=\"elementor-heading-title elementor-size-default\">Szkolenie dla instruktor\u00f3w<\/h1>\t\t\t\t<\/div>\n\t\t\t\t<\/div>\n\t\t\t\t<div class=\"elementor-element elementor-element-ec712ab elementor-widget elementor-widget-text-editor\" data-id=\"ec712ab\" data-element_type=\"widget\" data-e-type=\"widget\" data-widget_type=\"text-editor.default\">\n\t\t\t\t<div class=\"elementor-widget-container\">\n\t\t\t\t\t\t\t\t\t<p>Chcesz zosta\u0107 ekspertem ds.\u00a0bezpiecze\u0144stwa w dziedzinie diizocyjanian\u00f3w? ISOPA i ALIPA oferuj\u0105 aktualnie jednodniowe szkolenie dla instruktor\u00f3w. Celem tego kursu jest przeszkolenie ekspert\u00f3w, aby mogli oni prowadzi\u0107 szkolenia na temat ograniczenia REACH dotycz\u0105cego diizocyjanian\u00f3w.*<\/p>\t\t\t\t\t\t\t\t<\/div>\n\t\t\t\t<\/div>\n\t\t\t\t<div class=\"elementor-element elementor-element-f487faf elementor-widget elementor-widget-text-editor\" data-id=\"f487faf\" data-element_type=\"widget\" data-e-type=\"widget\" data-widget_type=\"text-editor.default\">\n\t\t\t\t<div class=\"elementor-widget-container\">\n\t\t\t\t\t\t\t\t\t<p>Szkolenie prowadzi ekspert bezpiecze\u0144stwa i higieny pracy, kt\u00f3ry dysponuje wiedz\u0105 uzyskan\u0105 w ramach stosownych szkole\u0144.<\/p>\t\t\t\t\t\t\t\t<\/div>\n\t\t\t\t<\/div>\n\t\t\t\t<div class=\"elementor-element elementor-element-6d09ce3 elementor-widget elementor-widget-text-editor\" data-id=\"6d09ce3\" data-element_type=\"widget\" data-e-type=\"widget\" data-widget_type=\"text-editor.default\">\n\t\t\t\t<div class=\"elementor-widget-container\">\n\t\t\t\t\t\t\t\t\t<p>Konieczna wiedza na temat rozporz\u0105dzenia REACH oraz powi\u0105za\u0144 mi\u0119dzy unijnymi a krajowymi przepisami reguluj\u0105cymi bezpiecze\u0144stwo w miejscu pracy, a tak\u017ce informacje na temat struktury materia\u0142\u00f3w szkoleniowych i wyboru odpowiedniego szkolenia.<\/p>\t\t\t\t\t\t\t\t<\/div>\n\t\t\t\t<\/div>\n\t\t\t\t<div class=\"elementor-element elementor-element-09d5e96 elementor-widget elementor-widget-text-editor\" data-id=\"09d5e96\" data-element_type=\"widget\" data-e-type=\"widget\" data-widget_type=\"text-editor.default\">\n\t\t\t\t<div class=\"elementor-widget-container\">\n\t\t\t\t\t\t\t\t\t<p>Na zako\u0144czenie kursu, je\u017celi odpowiesz prawid\u0142owo na pytania egzaminacyjne, otrzymasz certyfikat eksperta ds. bezpiecze\u0144stwa w dziedzinie diizocyjanian\u00f3w.<\/p>\t\t\t\t\t\t\t\t<\/div>\n\t\t\t\t<\/div>\n\t\t\t\t<div class=\"elementor-element elementor-element-7ae201d elementor-widget elementor-widget-text-editor\" data-id=\"7ae201d\" data-element_type=\"widget\" data-e-type=\"widget\" data-widget_type=\"text-editor.default\">\n\t\t\t\t<div class=\"elementor-widget-container\">\n\t\t\t\t\t\t\t\t\t<p>Op\u0142ata za kurs wynosi <strong>1.250 \u20ac za uczestnika<\/strong> (nie licz\u0105c VAT). Prosimy mie\u0107 na uwadze, \u017ce op\u0142ata ta nie obejmuje dost\u0119pu do naszych kompleksowych materia\u0142\u00f3w szkoleniowych.<\/p>\t\t\t\t\t\t\t\t<\/div>\n\t\t\t\t<\/div>\n\t\t\t\t<div class=\"elementor-element elementor-element-e90d7b7 elementor-widget elementor-widget-text-editor\" data-id=\"e90d7b7\" data-element_type=\"widget\" data-e-type=\"widget\" data-widget_type=\"text-editor.default\">\n\t\t\t\t<div class=\"elementor-widget-container\">\n\t\t\t\t\t\t\t\t\t<p>Ostateczne potwierdzenie seminarium jest zwi\u0105zane z minimalnym udzia\u0142em 5 os\u00f3b, ostateczne potwierdzenie nast\u0119puje<strong> na tydzie\u0144 przed seminarium<\/strong>.<\/p>\t\t\t\t\t\t\t\t<\/div>\n\t\t\t\t<\/div>\n\t\t\t\t\t<\/div>\n\t\t\t\t<\/div>\n\t\t\t\t\t<\/div>\n\t\t\t\t<\/div>\n\t\t\t\t\t<\/div>\n\t\t\t\t<\/div>\n\t\t<div class=\"elementor-element elementor-element-ebb0bdc e-flex e-con-boxed e-con e-child\" data-id=\"ebb0bdc\" data-element_type=\"container\" data-e-type=\"container\">\n\t\t\t\t\t<div class=\"e-con-inner\">\n\t\t\t\t<div class=\"elementor-element elementor-element-0bb28f5 elementor-widget elementor-widget-heading\" data-id=\"0bb28f5\" data-element_type=\"widget\" data-e-type=\"widget\" data-widget_type=\"heading.default\">\n\t\t\t\t<div class=\"elementor-widget-container\">\n\t\t\t\t\t<h2 class=\"elementor-heading-title elementor-size-default\">Zarejestruj si\u0119 na jedn\u0105 z kolejnych sesji:<\/h2>\t\t\t\t<\/div>\n\t\t\t\t<\/div>\n\t\t\t\t<div class=\"elementor-element elementor-element-f15f1a5 elementor-widget elementor-widget-jet-listing-grid\" data-id=\"f15f1a5\" data-element_type=\"widget\" data-e-type=\"widget\" data-settings=\"{&quot;columns&quot;:3,&quot;columns_tablet&quot;:&quot;2&quot;,&quot;columns_mobile&quot;:&quot;1&quot;}\" data-widget_type=\"jet-listing-grid.default\">\n\t\t\t\t<div class=\"elementor-widget-container\">\n\t\t\t\t\t<div class=\"jet-listing-grid jet-listing\"><div class=\"jet-listing-grid__items grid-col-desk-3 grid-col-tablet-2 grid-col-mobile-1 jet-listing-grid--2432\" data-queried-id=\"285|WP_Post\" data-nav=\"{&quot;enabled&quot;:false,&quot;type&quot;:null,&quot;more_el&quot;:null,&quot;query&quot;:[],&quot;widget_settings&quot;:{&quot;lisitng_id&quot;:2432,&quot;posts_num&quot;:20,&quot;columns&quot;:3,&quot;columns_tablet&quot;:2,&quot;columns_mobile&quot;:1,&quot;column_min_width&quot;:240,&quot;column_min_width_tablet&quot;:240,&quot;column_min_width_mobile&quot;:240,&quot;inline_columns_css&quot;:false,&quot;is_archive_template&quot;:&quot;&quot;,&quot;post_status&quot;:[&quot;publish&quot;],&quot;use_random_posts_num&quot;:&quot;&quot;,&quot;max_posts_num&quot;:9,&quot;not_found_message&quot;:&quot;No data was found&quot;,&quot;is_masonry&quot;:false,&quot;equal_columns_height&quot;:&quot;&quot;,&quot;use_load_more&quot;:&quot;&quot;,&quot;load_more_id&quot;:&quot;&quot;,&quot;load_more_type&quot;:&quot;click&quot;,&quot;load_more_offset&quot;:{&quot;unit&quot;:&quot;px&quot;,&quot;size&quot;:0,&quot;sizes&quot;:[]},&quot;use_custom_post_types&quot;:&quot;&quot;,&quot;custom_post_types&quot;:[],&quot;hide_widget_if&quot;:&quot;&quot;,&quot;carousel_enabled&quot;:&quot;&quot;,&quot;slides_to_scroll&quot;:&quot;1&quot;,&quot;arrows&quot;:&quot;true&quot;,&quot;arrow_icon&quot;:&quot;fa fa-angle-left&quot;,&quot;dots&quot;:&quot;&quot;,&quot;autoplay&quot;:&quot;true&quot;,&quot;pause_on_hover&quot;:&quot;true&quot;,&quot;autoplay_speed&quot;:5000,&quot;infinite&quot;:&quot;true&quot;,&quot;center_mode&quot;:&quot;&quot;,&quot;effect&quot;:&quot;slide&quot;,&quot;speed&quot;:500,&quot;inject_alternative_items&quot;:&quot;&quot;,&quot;injection_items&quot;:[],&quot;scroll_slider_enabled&quot;:&quot;&quot;,&quot;scroll_slider_on&quot;:[&quot;desktop&quot;,&quot;tablet&quot;,&quot;mobile&quot;],&quot;custom_query&quot;:false,&quot;custom_query_id&quot;:&quot;&quot;,&quot;_element_id&quot;:&quot;&quot;,&quot;collapse_first_last_gap&quot;:false,&quot;list_tag_selection&quot;:&quot;&quot;,&quot;list_items_wrapper_tag&quot;:&quot;div&quot;,&quot;list_item_tag&quot;:&quot;div&quot;,&quot;empty_items_wrapper_tag&quot;:&quot;div&quot;}}\" data-page=\"1\" data-pages=\"1\" data-listing-source=\"posts\" data-listing-id=\"2432\" data-query-id=\"\"><div class=\"jet-listing-grid__item jet-listing-dynamic-post-5025\" data-post-id=\"5025\"  >\t\t<div data-elementor-type=\"jet-listing-items\" data-elementor-id=\"2432\" class=\"elementor elementor-2432\" data-elementor-post-type=\"jet-engine\">\n\t\t\t\t<div class=\"elementor-element elementor-element-f822154 e-flex e-con-boxed e-con e-child\" data-id=\"f822154\" data-element_type=\"container\" data-e-type=\"container\">\n\t\t\t\t\t<div class=\"e-con-inner\">\n\t\t<div class=\"elementor-element elementor-element-b970801 e-flex e-con-boxed e-con e-child\" data-id=\"b970801\" data-element_type=\"container\" data-e-type=\"container\">\n\t\t\t\t\t<div class=\"e-con-inner\">\n\t\t\t\t<div class=\"elementor-element elementor-element-474c0c0 elementor-widget elementor-widget-text-editor\" data-id=\"474c0c0\" data-element_type=\"widget\" data-e-type=\"widget\" data-widget_type=\"text-editor.default\">\n\t\t\t\t<div class=\"elementor-widget-container\">\n\t\t\t\t\t\t\t\t\t2026-06-16\t\t\t\t\t\t\t\t<\/div>\n\t\t\t\t<\/div>\n\t\t\t\t<div class=\"elementor-element elementor-element-3893af8 elementor-widget elementor-widget-text-editor\" data-id=\"3893af8\" data-element_type=\"widget\" data-e-type=\"widget\" data-widget_type=\"text-editor.default\">\n\t\t\t\t<div class=\"elementor-widget-container\">\n\t\t\t\t\t\t\t\t\tEnglish \u2013 online\t\t\t\t\t\t\t\t<\/div>\n\t\t\t\t<\/div>\n\t\t\t\t\t<\/div>\n\t\t\t\t<\/div>\n\t\t\t\t<div class=\"elementor-element elementor-element-034dd4f elementor-align-justify elementor-widget__width-initial elementor-widget elementor-widget-button\" data-id=\"034dd4f\" data-element_type=\"widget\" data-e-type=\"widget\" data-widget_type=\"button.default\">\n\t\t\t\t<div class=\"elementor-widget-container\">\n\t\t\t\t\t\t\t\t\t<div class=\"elementor-button-wrapper\">\n\t\t\t\t\t<a class=\"elementor-button elementor-button-link elementor-size-sm\" href=\"https:\/\/isopa-aisbl.idloom.events\/train-the-trainer-on-safe-use-diisocyanates-16-06-2026-english-session\" target=\"_blank\">\n\t\t\t\t\t\t<span class=\"elementor-button-content-wrapper\">\n\t\t\t\t\t\t\t\t\t<span class=\"elementor-button-text\">Rejestracja<\/span>\n\t\t\t\t\t<\/span>\n\t\t\t\t\t<\/a>\n\t\t\t\t<\/div>\n\t\t\t\t\t\t\t\t<\/div>\n\t\t\t\t<\/div>\n\t\t\t\t\t<\/div>\n\t\t\t\t<\/div>\n\t\t\t\t<\/div>\n\t\t<\/div><div class=\"jet-listing-grid__item jet-listing-dynamic-post-5026\" data-post-id=\"5026\"  >\t\t<div data-elementor-type=\"jet-listing-items\" data-elementor-id=\"2432\" class=\"elementor elementor-2432\" data-elementor-post-type=\"jet-engine\">\n\t\t\t\t<div class=\"elementor-element elementor-element-f822154 e-flex e-con-boxed e-con e-child\" data-id=\"f822154\" data-element_type=\"container\" data-e-type=\"container\">\n\t\t\t\t\t<div class=\"e-con-inner\">\n\t\t<div class=\"elementor-element elementor-element-b970801 e-flex e-con-boxed e-con e-child\" data-id=\"b970801\" data-element_type=\"container\" data-e-type=\"container\">\n\t\t\t\t\t<div class=\"e-con-inner\">\n\t\t\t\t<div class=\"elementor-element elementor-element-474c0c0 elementor-widget elementor-widget-text-editor\" data-id=\"474c0c0\" data-element_type=\"widget\" data-e-type=\"widget\" data-widget_type=\"text-editor.default\">\n\t\t\t\t<div class=\"elementor-widget-container\">\n\t\t\t\t\t\t\t\t\t2026-09-15\t\t\t\t\t\t\t\t<\/div>\n\t\t\t\t<\/div>\n\t\t\t\t<div class=\"elementor-element elementor-element-3893af8 elementor-widget elementor-widget-text-editor\" data-id=\"3893af8\" data-element_type=\"widget\" data-e-type=\"widget\" data-widget_type=\"text-editor.default\">\n\t\t\t\t<div class=\"elementor-widget-container\">\n\t\t\t\t\t\t\t\t\tGerman \u2013 online\t\t\t\t\t\t\t\t<\/div>\n\t\t\t\t<\/div>\n\t\t\t\t\t<\/div>\n\t\t\t\t<\/div>\n\t\t\t\t<div class=\"elementor-element elementor-element-034dd4f elementor-align-justify elementor-widget__width-initial elementor-widget elementor-widget-button\" data-id=\"034dd4f\" data-element_type=\"widget\" data-e-type=\"widget\" data-widget_type=\"button.default\">\n\t\t\t\t<div class=\"elementor-widget-container\">\n\t\t\t\t\t\t\t\t\t<div class=\"elementor-button-wrapper\">\n\t\t\t\t\t<a class=\"elementor-button elementor-button-link elementor-size-sm\" href=\"https:\/\/isopa-aisbl.idloom.events\/train-the-trainer-on-safe-use-diisocyanates-15-09-2026-german-session\" target=\"_blank\">\n\t\t\t\t\t\t<span class=\"elementor-button-content-wrapper\">\n\t\t\t\t\t\t\t\t\t<span class=\"elementor-button-text\">Rejestracja<\/span>\n\t\t\t\t\t<\/span>\n\t\t\t\t\t<\/a>\n\t\t\t\t<\/div>\n\t\t\t\t\t\t\t\t<\/div>\n\t\t\t\t<\/div>\n\t\t\t\t\t<\/div>\n\t\t\t\t<\/div>\n\t\t\t\t<\/div>\n\t\t<\/div><div class=\"jet-listing-grid__item jet-listing-dynamic-post-5027\" data-post-id=\"5027\"  >\t\t<div data-elementor-type=\"jet-listing-items\" data-elementor-id=\"2432\" class=\"elementor elementor-2432\" data-elementor-post-type=\"jet-engine\">\n\t\t\t\t<div class=\"elementor-element elementor-element-f822154 e-flex e-con-boxed e-con e-child\" data-id=\"f822154\" data-element_type=\"container\" data-e-type=\"container\">\n\t\t\t\t\t<div class=\"e-con-inner\">\n\t\t<div class=\"elementor-element elementor-element-b970801 e-flex e-con-boxed e-con e-child\" data-id=\"b970801\" data-element_type=\"container\" data-e-type=\"container\">\n\t\t\t\t\t<div class=\"e-con-inner\">\n\t\t\t\t<div class=\"elementor-element elementor-element-474c0c0 elementor-widget elementor-widget-text-editor\" data-id=\"474c0c0\" data-element_type=\"widget\" data-e-type=\"widget\" data-widget_type=\"text-editor.default\">\n\t\t\t\t<div class=\"elementor-widget-container\">\n\t\t\t\t\t\t\t\t\t2026-10-20\t\t\t\t\t\t\t\t<\/div>\n\t\t\t\t<\/div>\n\t\t\t\t<div class=\"elementor-element elementor-element-3893af8 elementor-widget elementor-widget-text-editor\" data-id=\"3893af8\" data-element_type=\"widget\" data-e-type=\"widget\" data-widget_type=\"text-editor.default\">\n\t\t\t\t<div class=\"elementor-widget-container\">\n\t\t\t\t\t\t\t\t\tEnglish \u2013 online\t\t\t\t\t\t\t\t<\/div>\n\t\t\t\t<\/div>\n\t\t\t\t\t<\/div>\n\t\t\t\t<\/div>\n\t\t\t\t<div class=\"elementor-element elementor-element-034dd4f elementor-align-justify elementor-widget__width-initial elementor-widget elementor-widget-button\" data-id=\"034dd4f\" data-element_type=\"widget\" data-e-type=\"widget\" data-widget_type=\"button.default\">\n\t\t\t\t<div class=\"elementor-widget-container\">\n\t\t\t\t\t\t\t\t\t<div class=\"elementor-button-wrapper\">\n\t\t\t\t\t<a class=\"elementor-button elementor-button-link elementor-size-sm\" href=\"https:\/\/isopa-aisbl.idloom.events\/train-the-trainer-on-safe-use-diisocyanates-20-10-2026-english-session\" target=\"_blank\">\n\t\t\t\t\t\t<span class=\"elementor-button-content-wrapper\">\n\t\t\t\t\t\t\t\t\t<span class=\"elementor-button-text\">Rejestracja<\/span>\n\t\t\t\t\t<\/span>\n\t\t\t\t\t<\/a>\n\t\t\t\t<\/div>\n\t\t\t\t\t\t\t\t<\/div>\n\t\t\t\t<\/div>\n\t\t\t\t\t<\/div>\n\t\t\t\t<\/div>\n\t\t\t\t<\/div>\n\t\t<\/div><\/div><\/div>\t\t\t\t<\/div>\n\t\t\t\t<\/div>\n\t\t\t\t<div class=\"elementor-element elementor-element-5e1d40a elementor-widget elementor-widget-text-editor\" data-id=\"5e1d40a\" data-element_type=\"widget\" data-e-type=\"widget\" data-widget_type=\"text-editor.default\">\n\t\t\t\t<div class=\"elementor-widget-container\">\n\t\t\t\t\t\t\t\t\t<p>* Zgodnie z rozporz\u0105dzeniem Komisji (UE) 2020\/1149 z dnia 3 sierpnia 2020 r. zmieniaj\u0105cym za\u0142\u0105cznik\u00a0XVII do rozporz\u0105dzenia (WE) nr 1907\/2006 Parlamentu Europejskiego i Rady w sprawie rejestracji, oceny, udzielania zezwole\u0144 i stosowanych ogranicze\u0144 w zakresie chemikali\u00f3w (REACH) w odniesieniu do diizocyjanian\u00f3w \u2013 pocz\u0105wszy od 24\u00a0sierpnia 2023\u00a0r. \u2013 wszyscy pracownicy przemys\u0142owi i profesjonalni maj\u0105 obowi\u0105zek uko\u0144czy\u0107 szkolenie z bezpiecznego u\u017cycia diizocyjanian\u00f3w.<\/p>\t\t\t\t\t\t\t\t<\/div>\n\t\t\t\t<\/div>\n\t\t\t\t\t<\/div>\n\t\t\t\t<\/div>\n\t\t\t\t<\/div>\n\t\t","protected":false},"excerpt":{"rendered":"<p>Szkolenie dla instruktor\u00f3w Chcesz zosta\u0107 ekspertem ds.\u00a0bezpiecze\u0144stwa w dziedzinie diizocyjanian\u00f3w? ISOPA i ALIPA oferuj\u0105 aktualnie jednodniowe szkolenie dla instruktor\u00f3w. Celem tego kursu jest przeszkolenie ekspert\u00f3w, aby mogli oni prowadzi\u0107 szkolenia na temat ograniczenia REACH dotycz\u0105cego diizocyjanian\u00f3w.* Szkolenie prowadzi ekspert bezpiecze\u0144stwa i higieny pracy, kt\u00f3ry dysponuje wiedz\u0105 uzyskan\u0105 w ramach stosownych szkole\u0144. Konieczna wiedza na temat [&hellip;]<\/p>\n","protected":false},"author":1,"featured_media":0,"parent":1972,"menu_order":0,"comment_status":"closed","ping_status":"closed","template":"","meta":{"footnotes":""},"class_list":["post-285","page","type-page","status-publish","hentry"],"yoast_head":"<!-- This site is optimized with the Yoast SEO plugin v27.2 - https:\/\/yoast.com\/product\/yoast-seo-wordpress\/ -->\n<title>Szkolenie dla instruktor\u00f3w - Safe use diisocyanates<\/title>\n<meta name=\"robots\" content=\"index, follow, max-snippet:-1, max-image-preview:large, max-video-preview:-1\" \/>\n<link rel=\"canonical\" href=\"https:\/\/safeusediisocyanates.eu\/pl\/instruktorzy\/szkolenie-dla-instruktorow\/\" \/>\n<meta property=\"og:locale\" content=\"pl_PL\" \/>\n<meta property=\"og:type\" content=\"article\" \/>\n<meta property=\"og:title\" content=\"Szkolenie dla instruktor\u00f3w - Safe use diisocyanates\" \/>\n<meta property=\"og:description\" content=\"Szkolenie dla instruktor\u00f3w Chcesz zosta\u0107 ekspertem ds.\u00a0bezpiecze\u0144stwa w dziedzinie diizocyjanian\u00f3w? ISOPA i ALIPA oferuj\u0105 aktualnie jednodniowe szkolenie dla instruktor\u00f3w. Celem tego kursu jest przeszkolenie ekspert\u00f3w, aby mogli oni prowadzi\u0107 szkolenia na temat ograniczenia REACH dotycz\u0105cego diizocyjanian\u00f3w.* Szkolenie prowadzi ekspert bezpiecze\u0144stwa i higieny pracy, kt\u00f3ry dysponuje wiedz\u0105 uzyskan\u0105 w ramach stosownych szkole\u0144. Konieczna wiedza na temat [&hellip;]\" \/>\n<meta property=\"og:url\" content=\"https:\/\/safeusediisocyanates.eu\/pl\/instruktorzy\/szkolenie-dla-instruktorow\/\" \/>\n<meta property=\"og:site_name\" content=\"Safe use diisocyanates\" \/>\n<meta property=\"article:modified_time\" content=\"2024-06-07T11:17:18+00:00\" \/>\n<meta property=\"og:image\" content=\"https:\/\/safeusediisocyanates.eu\/wp-content\/uploads\/2024\/05\/og-image.jpg\" \/>\n\t<meta property=\"og:image:width\" content=\"1200\" \/>\n\t<meta property=\"og:image:height\" content=\"675\" \/>\n\t<meta property=\"og:image:type\" content=\"image\/jpeg\" \/>\n<meta name=\"twitter:card\" content=\"summary_large_image\" \/>\n<meta name=\"twitter:label1\" content=\"Szacowany czas czytania\" \/>\n\t<meta name=\"twitter:data1\" content=\"2 minuty\" \/>\n<script type=\"application\/ld+json\" class=\"yoast-schema-graph\">{\"@context\":\"https:\/\/schema.org\",\"@graph\":[{\"@type\":\"WebPage\",\"@id\":\"https:\/\/safeusediisocyanates.eu\/pl\/instruktorzy\/szkolenie-dla-instruktorow\/\",\"url\":\"https:\/\/safeusediisocyanates.eu\/pl\/instruktorzy\/szkolenie-dla-instruktorow\/\",\"name\":\"Szkolenie dla instruktor\u00f3w - Safe use diisocyanates\",\"isPartOf\":{\"@id\":\"https:\/\/safeusediisocyanates.eu\/pl\/#website\"},\"datePublished\":\"2024-05-20T10:57:54+00:00\",\"dateModified\":\"2024-06-07T11:17:18+00:00\",\"breadcrumb\":{\"@id\":\"https:\/\/safeusediisocyanates.eu\/pl\/instruktorzy\/szkolenie-dla-instruktorow\/#breadcrumb\"},\"inLanguage\":\"pl-PL\",\"potentialAction\":[{\"@type\":\"ReadAction\",\"target\":[\"https:\/\/safeusediisocyanates.eu\/pl\/instruktorzy\/szkolenie-dla-instruktorow\/\"]}]},{\"@type\":\"BreadcrumbList\",\"@id\":\"https:\/\/safeusediisocyanates.eu\/pl\/instruktorzy\/szkolenie-dla-instruktorow\/#breadcrumb\",\"itemListElement\":[{\"@type\":\"ListItem\",\"position\":1,\"name\":\"Home\",\"item\":\"https:\/\/safeusediisocyanates.eu\/pl\/home\/\"},{\"@type\":\"ListItem\",\"position\":2,\"name\":\"Instruktorzy\",\"item\":\"https:\/\/safeusediisocyanates.eu\/trainers\/\"},{\"@type\":\"ListItem\",\"position\":3,\"name\":\"Szkolenie dla instruktor\u00f3w\"}]},{\"@type\":\"WebSite\",\"@id\":\"https:\/\/safeusediisocyanates.eu\/pl\/#website\",\"url\":\"https:\/\/safeusediisocyanates.eu\/pl\/\",\"name\":\"Safe use diisocyanates\",\"description\":\"\",\"publisher\":{\"@id\":\"https:\/\/safeusediisocyanates.eu\/pl\/#organization\"},\"potentialAction\":[{\"@type\":\"SearchAction\",\"target\":{\"@type\":\"EntryPoint\",\"urlTemplate\":\"https:\/\/safeusediisocyanates.eu\/pl\/?s={search_term_string}\"},\"query-input\":{\"@type\":\"PropertyValueSpecification\",\"valueRequired\":true,\"valueName\":\"search_term_string\"}}],\"inLanguage\":\"pl-PL\"},{\"@type\":\"Organization\",\"@id\":\"https:\/\/safeusediisocyanates.eu\/pl\/#organization\",\"name\":\"Safe use diisocyanates\",\"url\":\"https:\/\/safeusediisocyanates.eu\/pl\/\",\"logo\":{\"@type\":\"ImageObject\",\"inLanguage\":\"pl-PL\",\"@id\":\"https:\/\/safeusediisocyanates.eu\/pl\/#\/schema\/logo\/image\/\",\"url\":\"https:\/\/safeusediisocyanates.eu\/wp-content\/uploads\/2024\/04\/sud-logo.jpg\",\"contentUrl\":\"https:\/\/safeusediisocyanates.eu\/wp-content\/uploads\/2024\/04\/sud-logo.jpg\",\"width\":260,\"height\":172,\"caption\":\"Safe use diisocyanates\"},\"image\":{\"@id\":\"https:\/\/safeusediisocyanates.eu\/pl\/#\/schema\/logo\/image\/\"}}]}<\/script>\n<!-- \/ Yoast SEO plugin. -->","yoast_head_json":{"title":"Szkolenie dla instruktor\u00f3w - Safe use diisocyanates","robots":{"index":"index","follow":"follow","max-snippet":"max-snippet:-1","max-image-preview":"max-image-preview:large","max-video-preview":"max-video-preview:-1"},"canonical":"https:\/\/safeusediisocyanates.eu\/pl\/instruktorzy\/szkolenie-dla-instruktorow\/","og_locale":"pl_PL","og_type":"article","og_title":"Szkolenie dla instruktor\u00f3w - Safe use diisocyanates","og_description":"Szkolenie dla instruktor\u00f3w Chcesz zosta\u0107 ekspertem ds.\u00a0bezpiecze\u0144stwa w dziedzinie diizocyjanian\u00f3w? ISOPA i ALIPA oferuj\u0105 aktualnie jednodniowe szkolenie dla instruktor\u00f3w. Celem tego kursu jest przeszkolenie ekspert\u00f3w, aby mogli oni prowadzi\u0107 szkolenia na temat ograniczenia REACH dotycz\u0105cego diizocyjanian\u00f3w.* Szkolenie prowadzi ekspert bezpiecze\u0144stwa i higieny pracy, kt\u00f3ry dysponuje wiedz\u0105 uzyskan\u0105 w ramach stosownych szkole\u0144. Konieczna wiedza na temat [&hellip;]","og_url":"https:\/\/safeusediisocyanates.eu\/pl\/instruktorzy\/szkolenie-dla-instruktorow\/","og_site_name":"Safe use diisocyanates","article_modified_time":"2024-06-07T11:17:18+00:00","og_image":[{"width":1200,"height":675,"url":"https:\/\/safeusediisocyanates.eu\/wp-content\/uploads\/2024\/05\/og-image.jpg","type":"image\/jpeg"}],"twitter_card":"summary_large_image","twitter_misc":{"Szacowany czas czytania":"2 minuty"},"schema":{"@context":"https:\/\/schema.org","@graph":[{"@type":"WebPage","@id":"https:\/\/safeusediisocyanates.eu\/pl\/instruktorzy\/szkolenie-dla-instruktorow\/","url":"https:\/\/safeusediisocyanates.eu\/pl\/instruktorzy\/szkolenie-dla-instruktorow\/","name":"Szkolenie dla instruktor\u00f3w - Safe use diisocyanates","isPartOf":{"@id":"https:\/\/safeusediisocyanates.eu\/pl\/#website"},"datePublished":"2024-05-20T10:57:54+00:00","dateModified":"2024-06-07T11:17:18+00:00","breadcrumb":{"@id":"https:\/\/safeusediisocyanates.eu\/pl\/instruktorzy\/szkolenie-dla-instruktorow\/#breadcrumb"},"inLanguage":"pl-PL","potentialAction":[{"@type":"ReadAction","target":["https:\/\/safeusediisocyanates.eu\/pl\/instruktorzy\/szkolenie-dla-instruktorow\/"]}]},{"@type":"BreadcrumbList","@id":"https:\/\/safeusediisocyanates.eu\/pl\/instruktorzy\/szkolenie-dla-instruktorow\/#breadcrumb","itemListElement":[{"@type":"ListItem","position":1,"name":"Home","item":"https:\/\/safeusediisocyanates.eu\/pl\/home\/"},{"@type":"ListItem","position":2,"name":"Instruktorzy","item":"https:\/\/safeusediisocyanates.eu\/trainers\/"},{"@type":"ListItem","position":3,"name":"Szkolenie dla instruktor\u00f3w"}]},{"@type":"WebSite","@id":"https:\/\/safeusediisocyanates.eu\/pl\/#website","url":"https:\/\/safeusediisocyanates.eu\/pl\/","name":"Safe use diisocyanates","description":"","publisher":{"@id":"https:\/\/safeusediisocyanates.eu\/pl\/#organization"},"potentialAction":[{"@type":"SearchAction","target":{"@type":"EntryPoint","urlTemplate":"https:\/\/safeusediisocyanates.eu\/pl\/?s={search_term_string}"},"query-input":{"@type":"PropertyValueSpecification","valueRequired":true,"valueName":"search_term_string"}}],"inLanguage":"pl-PL"},{"@type":"Organization","@id":"https:\/\/safeusediisocyanates.eu\/pl\/#organization","name":"Safe use diisocyanates","url":"https:\/\/safeusediisocyanates.eu\/pl\/","logo":{"@type":"ImageObject","inLanguage":"pl-PL","@id":"https:\/\/safeusediisocyanates.eu\/pl\/#\/schema\/logo\/image\/","url":"https:\/\/safeusediisocyanates.eu\/wp-content\/uploads\/2024\/04\/sud-logo.jpg","contentUrl":"https:\/\/safeusediisocyanates.eu\/wp-content\/uploads\/2024\/04\/sud-logo.jpg","width":260,"height":172,"caption":"Safe use diisocyanates"},"image":{"@id":"https:\/\/safeusediisocyanates.eu\/pl\/#\/schema\/logo\/image\/"}}]}},"_links":{"self":[{"href":"https:\/\/safeusediisocyanates.eu\/pl\/wp-json\/wp\/v2\/pages\/285","targetHints":{"allow":["GET"]}}],"collection":[{"href":"https:\/\/safeusediisocyanates.eu\/pl\/wp-json\/wp\/v2\/pages"}],"about":[{"href":"https:\/\/safeusediisocyanates.eu\/pl\/wp-json\/wp\/v2\/types\/page"}],"author":[{"embeddable":true,"href":"https:\/\/safeusediisocyanates.eu\/pl\/wp-json\/wp\/v2\/users\/1"}],"replies":[{"embeddable":true,"href":"https:\/\/safeusediisocyanates.eu\/pl\/wp-json\/wp\/v2\/comments?post=285"}],"version-history":[{"count":41,"href":"https:\/\/safeusediisocyanates.eu\/pl\/wp-json\/wp\/v2\/pages\/285\/revisions"}],"predecessor-version":[{"id":3557,"href":"https:\/\/safeusediisocyanates.eu\/pl\/wp-json\/wp\/v2\/pages\/285\/revisions\/3557"}],"up":[{"embeddable":true,"href":"https:\/\/safeusediisocyanates.eu\/pl\/wp-json\/wp\/v2\/pages\/1972"}],"wp:attachment":[{"href":"https:\/\/safeusediisocyanates.eu\/pl\/wp-json\/wp\/v2\/media?parent=285"}],"curies":[{"name":"wp","href":"https:\/\/api.w.org\/{rel}","templated":true}]}}