{"id":274,"date":"2024-05-20T10:57:44","date_gmt":"2024-05-20T10:57:44","guid":{"rendered":"https:\/\/nostalgic-galois.46-242-128-94.plesk.page\/?page_id=274"},"modified":"2024-07-04T11:44:03","modified_gmt":"2024-07-04T11:44:03","slug":"instruktorzy-zewnetrzni","status":"publish","type":"page","link":"https:\/\/safeusediisocyanates.eu\/pl\/instruktorzy\/instruktorzy-zewnetrzni\/","title":{"rendered":"Instruktorzy zewn\u0119trzni"},"content":{"rendered":"\t\t<div data-elementor-type=\"wp-page\" data-elementor-id=\"274\" class=\"elementor elementor-274 elementor-1969\" data-elementor-post-type=\"page\">\n\t\t\t\t<div class=\"elementor-element elementor-element-ebd45e5 e-flex e-con-boxed e-con e-parent\" data-id=\"ebd45e5\" data-element_type=\"container\" data-e-type=\"container\" data-settings=\"{&quot;background_background&quot;:&quot;gradient&quot;}\">\n\t\t\t\t\t<div class=\"e-con-inner\">\n\t\t<div class=\"elementor-element elementor-element-0314492 e-grid e-con-boxed e-con e-child\" data-id=\"0314492\" data-element_type=\"container\" data-e-type=\"container\" data-settings=\"{&quot;background_background&quot;:&quot;gradient&quot;}\">\n\t\t\t\t\t<div class=\"e-con-inner\">\n\t\t<div class=\"elementor-element elementor-element-9609845 e-flex e-con-boxed e-con e-child\" data-id=\"9609845\" data-element_type=\"container\" data-e-type=\"container\" data-settings=\"{&quot;background_background&quot;:&quot;classic&quot;}\">\n\t\t\t\t\t<div class=\"e-con-inner\">\n\t\t\t\t\t<\/div>\n\t\t\t\t<\/div>\n\t\t<div class=\"elementor-element elementor-element-c012eca e-flex e-con-boxed e-con e-child\" data-id=\"c012eca\" data-element_type=\"container\" data-e-type=\"container\">\n\t\t\t\t\t<div class=\"e-con-inner\">\n\t\t\t\t<div class=\"elementor-element elementor-element-30cda6c elementor-widget elementor-widget-heading\" data-id=\"30cda6c\" data-element_type=\"widget\" data-e-type=\"widget\" data-widget_type=\"heading.default\">\n\t\t\t\t<div class=\"elementor-widget-container\">\n\t\t\t\t\t<h1 class=\"elementor-heading-title elementor-size-default\">Instruktorzy zewn\u0119trzni<\/h1>\t\t\t\t<\/div>\n\t\t\t\t<\/div>\n\t\t\t\t<div class=\"elementor-element elementor-element-5f667cd elementor-widget elementor-widget-heading\" data-id=\"5f667cd\" data-element_type=\"widget\" data-e-type=\"widget\" data-widget_type=\"heading.default\">\n\t\t\t\t<div class=\"elementor-widget-container\">\n\t\t\t\t\t<h2 class=\"elementor-heading-title elementor-size-default\">Definicja<\/h2>\t\t\t\t<\/div>\n\t\t\t\t<\/div>\n\t\t\t\t<div class=\"elementor-element elementor-element-258409a elementor-widget elementor-widget-text-editor\" data-id=\"258409a\" data-element_type=\"widget\" data-e-type=\"widget\" data-widget_type=\"text-editor.default\">\n\t\t\t\t<div class=\"elementor-widget-container\">\n\t\t\t\t\t\t\t\t\t<p>Instruktor zewn\u0119trzny prowadzi w\u0142asn\u0105 dzia\u0142alno\u015b\u0107 lub jest pracownikiem instytucji szkoleniowej\/konsultingowej, kt\u00f3ra odp\u0142atnie organizuje szkolenia dla uczestnik\u00f3w. Je\u017celi chcesz zarezerwowa\u0107 szkolenie online lub stacjonarne z instruktorem zewn\u0119trznym, zapoznaj si\u0119 z wykazem instruktorem i skontaktuj si\u0119 bezpo\u015brednio z wybran\u0105 osob\u0105.<\/p>\t\t\t\t\t\t\t\t<\/div>\n\t\t\t\t<\/div>\n\t\t\t\t\t<\/div>\n\t\t\t\t<\/div>\n\t\t\t\t\t<\/div>\n\t\t\t\t<\/div>\n\t\t\t\t\t<\/div>\n\t\t\t\t<\/div>\n\t\t<div class=\"elementor-element elementor-element-30fdb8b e-flex e-con-boxed e-con e-parent\" data-id=\"30fdb8b\" data-element_type=\"container\" data-e-type=\"container\">\n\t\t\t\t\t<div class=\"e-con-inner\">\n\t\t\t\t<div class=\"elementor-element elementor-element-8ae784a elementor-widget elementor-widget-heading\" data-id=\"8ae784a\" data-element_type=\"widget\" data-e-type=\"widget\" data-widget_type=\"heading.default\">\n\t\t\t\t<div class=\"elementor-widget-container\">\n\t\t\t\t\t<h2 class=\"elementor-heading-title elementor-size-default\">Procedura dla instruktor\u00f3w zewn\u0119trznych:<\/h2>\t\t\t\t<\/div>\n\t\t\t\t<\/div>\n\t\t<div class=\"elementor-element elementor-element-10f6258 e-flex e-con-boxed e-con e-child\" data-id=\"10f6258\" data-element_type=\"container\" data-e-type=\"container\">\n\t\t\t\t\t<div class=\"e-con-inner\">\n\t\t<div class=\"elementor-element elementor-element-d85717c e-flex e-con-boxed e-con e-child\" data-id=\"d85717c\" data-element_type=\"container\" data-e-type=\"container\">\n\t\t\t\t\t<div class=\"e-con-inner\">\n\t\t<div class=\"elementor-element elementor-element-f13f0f1 e-grid e-con-boxed e-con e-child\" data-id=\"f13f0f1\" data-element_type=\"container\" data-e-type=\"container\" data-settings=\"{&quot;background_background&quot;:&quot;classic&quot;}\">\n\t\t\t\t\t<div class=\"e-con-inner\">\n\t\t\t\t<div class=\"elementor-element elementor-element-89ed49b elementor-widget elementor-widget-heading\" data-id=\"89ed49b\" data-element_type=\"widget\" data-e-type=\"widget\" data-widget_type=\"heading.default\">\n\t\t\t\t<div class=\"elementor-widget-container\">\n\t\t\t\t\t<h3 class=\"elementor-heading-title elementor-size-default\">1<\/h3>\t\t\t\t<\/div>\n\t\t\t\t<\/div>\n\t\t\t\t<div class=\"elementor-element elementor-element-0b0da93 elementor-widget elementor-widget-heading\" data-id=\"0b0da93\" data-element_type=\"widget\" data-e-type=\"widget\" data-widget_type=\"heading.default\">\n\t\t\t\t<div class=\"elementor-widget-container\">\n\t\t\t\t\t<h3 class=\"elementor-heading-title elementor-size-default\">Rejestracja<\/h3>\t\t\t\t<\/div>\n\t\t\t\t<\/div>\n\t\t\t\t\t<\/div>\n\t\t\t\t<\/div>\n\t\t<div class=\"elementor-element elementor-element-ba09e27 e-flex e-con-boxed e-con e-child\" data-id=\"ba09e27\" data-element_type=\"container\" data-e-type=\"container\">\n\t\t\t\t\t<div class=\"e-con-inner\">\n\t\t\t\t<div class=\"elementor-element elementor-element-ec712ab elementor-widget elementor-widget-text-editor\" data-id=\"ec712ab\" data-element_type=\"widget\" data-e-type=\"widget\" data-widget_type=\"text-editor.default\">\n\t\t\t\t<div class=\"elementor-widget-container\">\n\t\t\t\t\t\t\t\t\t<p>Wy\u015blij e-mail na adres training@safeusediisocyanates.eu, aby potwierdzi\u0107, \u017ce jeste\u015b instruktorem zewn\u0119trznym. Za\u0142\u0105cz CV, w tym certyfikaty potwierdzaj\u0105ce kszta\u0142cenie, takie jak certyfikat uzyskany w ramach szkolenia dla instruktor\u00f3w ISOPA\/ALIPA.<\/p>\t\t\t\t\t\t\t\t<\/div>\n\t\t\t\t<\/div>\n\t\t\t\t\t<\/div>\n\t\t\t\t<\/div>\n\t\t\t\t\t<\/div>\n\t\t\t\t<\/div>\n\t\t<div class=\"elementor-element elementor-element-64964aa e-flex e-con-boxed e-con e-child\" data-id=\"64964aa\" data-element_type=\"container\" data-e-type=\"container\">\n\t\t\t\t\t<div class=\"e-con-inner\">\n\t\t<div class=\"elementor-element elementor-element-b1ec5a3 e-grid e-con-boxed e-con e-child\" data-id=\"b1ec5a3\" data-element_type=\"container\" data-e-type=\"container\" data-settings=\"{&quot;background_background&quot;:&quot;classic&quot;}\">\n\t\t\t\t\t<div class=\"e-con-inner\">\n\t\t\t\t<div class=\"elementor-element elementor-element-61ad136 elementor-widget elementor-widget-heading\" data-id=\"61ad136\" data-element_type=\"widget\" data-e-type=\"widget\" data-widget_type=\"heading.default\">\n\t\t\t\t<div class=\"elementor-widget-container\">\n\t\t\t\t\t<h3 class=\"elementor-heading-title elementor-size-default\">2<\/h3>\t\t\t\t<\/div>\n\t\t\t\t<\/div>\n\t\t\t\t<div class=\"elementor-element elementor-element-4c58df3 elementor-widget elementor-widget-heading\" data-id=\"4c58df3\" data-element_type=\"widget\" data-e-type=\"widget\" data-widget_type=\"heading.default\">\n\t\t\t\t<div class=\"elementor-widget-container\">\n\t\t\t\t\t<h3 class=\"elementor-heading-title elementor-size-default\">Umowa i op\u0142ata<\/h3>\t\t\t\t<\/div>\n\t\t\t\t<\/div>\n\t\t\t\t\t<\/div>\n\t\t\t\t<\/div>\n\t\t<div class=\"elementor-element elementor-element-12ca387 e-flex e-con-boxed e-con e-child\" data-id=\"12ca387\" data-element_type=\"container\" data-e-type=\"container\">\n\t\t\t\t\t<div class=\"e-con-inner\">\n\t\t\t\t<div class=\"elementor-element elementor-element-e435517 elementor-widget elementor-widget-text-editor\" data-id=\"e435517\" data-element_type=\"widget\" data-e-type=\"widget\" data-widget_type=\"text-editor.default\">\n\t\t\t\t<div class=\"elementor-widget-container\">\n\t\t\t\t\t\t\t\t\t<p>Podpisz umow\u0119. Umowa wi\u0105\u017ce si\u0119 z konieczno\u015bci\u0105 zap\u0142aty 1\u00a0000,00\u00a0EUR rocznego abonamentu za ka\u017cdego instruktora z tytu\u0142u dost\u0119pu do materia\u0142\u00f3w szkoleniowych i umieszczenia w naszym zestawieniu lub wykazie szkole\u0144.<\/p>\t\t\t\t\t\t\t\t<\/div>\n\t\t\t\t<\/div>\n\t\t\t\t\t<\/div>\n\t\t\t\t<\/div>\n\t\t\t\t\t<\/div>\n\t\t\t\t<\/div>\n\t\t<div class=\"elementor-element elementor-element-8ee3dac e-flex e-con-boxed e-con e-child\" data-id=\"8ee3dac\" data-element_type=\"container\" data-e-type=\"container\">\n\t\t\t\t\t<div class=\"e-con-inner\">\n\t\t<div class=\"elementor-element elementor-element-8beb912 e-grid e-con-boxed e-con e-child\" data-id=\"8beb912\" data-element_type=\"container\" data-e-type=\"container\" data-settings=\"{&quot;background_background&quot;:&quot;classic&quot;}\">\n\t\t\t\t\t<div class=\"e-con-inner\">\n\t\t\t\t<div class=\"elementor-element elementor-element-20b4704 elementor-widget elementor-widget-heading\" data-id=\"20b4704\" data-element_type=\"widget\" data-e-type=\"widget\" data-widget_type=\"heading.default\">\n\t\t\t\t<div class=\"elementor-widget-container\">\n\t\t\t\t\t<h3 class=\"elementor-heading-title elementor-size-default\">3<\/h3>\t\t\t\t<\/div>\n\t\t\t\t<\/div>\n\t\t\t\t<div class=\"elementor-element elementor-element-4bfa93c elementor-widget elementor-widget-heading\" data-id=\"4bfa93c\" data-element_type=\"widget\" data-e-type=\"widget\" data-widget_type=\"heading.default\">\n\t\t\t\t<div class=\"elementor-widget-container\">\n\t\t\t\t\t<h3 class=\"elementor-heading-title elementor-size-default\">Dost\u0119p do materia\u0142\u00f3w szkoleniowych<\/h3>\t\t\t\t<\/div>\n\t\t\t\t<\/div>\n\t\t\t\t\t<\/div>\n\t\t\t\t<\/div>\n\t\t<div class=\"elementor-element elementor-element-bbb655a e-flex e-con-boxed e-con e-child\" data-id=\"bbb655a\" data-element_type=\"container\" data-e-type=\"container\">\n\t\t\t\t\t<div class=\"e-con-inner\">\n\t\t\t\t<div class=\"elementor-element elementor-element-d3024a4 list-content elementor-widget elementor-widget-text-editor\" data-id=\"d3024a4\" data-element_type=\"widget\" data-e-type=\"widget\" data-widget_type=\"text-editor.default\">\n\t\t\t\t<div class=\"elementor-widget-container\">\n\t\t\t\t\t\t\t\t\t<p>Po podpisaniu umowy i dokonaniu p\u0142atno\u015bci otrzymasz dost\u0119p do \u015bcie\u017cek szkoleniowych.<\/p>\t\t\t\t\t\t\t\t<\/div>\n\t\t\t\t<\/div>\n\t\t\t\t\t<\/div>\n\t\t\t\t<\/div>\n\t\t\t\t\t<\/div>\n\t\t\t\t<\/div>\n\t\t<div class=\"elementor-element elementor-element-d553c81 e-flex e-con-boxed e-con e-child\" data-id=\"d553c81\" data-element_type=\"container\" data-e-type=\"container\">\n\t\t\t\t\t<div class=\"e-con-inner\">\n\t\t<div class=\"elementor-element elementor-element-1ed620a e-grid e-con-boxed e-con e-child\" data-id=\"1ed620a\" data-element_type=\"container\" data-e-type=\"container\" data-settings=\"{&quot;background_background&quot;:&quot;classic&quot;}\">\n\t\t\t\t\t<div class=\"e-con-inner\">\n\t\t\t\t<div class=\"elementor-element elementor-element-c2f4961 elementor-widget elementor-widget-heading\" data-id=\"c2f4961\" data-element_type=\"widget\" data-e-type=\"widget\" data-widget_type=\"heading.default\">\n\t\t\t\t<div class=\"elementor-widget-container\">\n\t\t\t\t\t<h3 class=\"elementor-heading-title elementor-size-default\">4<\/h3>\t\t\t\t<\/div>\n\t\t\t\t<\/div>\n\t\t\t\t<div class=\"elementor-element elementor-element-7f6dc94 elementor-widget elementor-widget-heading\" data-id=\"7f6dc94\" data-element_type=\"widget\" data-e-type=\"widget\" data-widget_type=\"heading.default\">\n\t\t\t\t<div class=\"elementor-widget-container\">\n\t\t\t\t\t<h3 class=\"elementor-heading-title elementor-size-default\">1.\tCertyfikaty<\/h3>\t\t\t\t<\/div>\n\t\t\t\t<\/div>\n\t\t\t\t\t<\/div>\n\t\t\t\t<\/div>\n\t\t<div class=\"elementor-element elementor-element-56bdd3d e-flex e-con-boxed e-con e-child\" data-id=\"56bdd3d\" data-element_type=\"container\" data-e-type=\"container\">\n\t\t\t\t\t<div class=\"e-con-inner\">\n\t\t\t\t<div class=\"elementor-element elementor-element-4fe3ecc list-content elementor-widget elementor-widget-text-editor\" data-id=\"4fe3ecc\" data-element_type=\"widget\" data-e-type=\"widget\" data-widget_type=\"text-editor.default\">\n\t\t\t\t<div class=\"elementor-widget-container\">\n\t\t\t\t\t\t\t\t\t<p>Po podpisaniu umowy i dokonaniu p\u0142atno\u015bci otrzymasz dost\u0119p do \u015bcie\u017cek szkoleniowych.<\/p><ol><li><strong>Otw\u00f3rz swoje <span style=\"color: #8bc145;\"><a style=\"color: #8bc145;\" href=\"https:\/\/passport.events\/manager\/\">konto administratora<\/a><\/span> lub <span style=\"color: #8bc145;\"><a style=\"color: #8bc145;\" href=\"https:\/\/passport.events\/administrative\/register\">utw\u00f3rz konto administratora<\/a><\/span>, je\u017celi go nie masz. Po utworzeniu konta otrzymasz wiadomo\u015b\u0107 e-mail z pro\u015bb\u0105 o weryfikacj\u0119 adresu e-mail.\u2028<\/strong><\/li><li><strong>Wy\u015blij wiadomo\u015b\u0107 na adres training@safeusediisocyanates.eu z loginem (e-mailem) konta administratora, aby\u015bmy mogli aktywowa\u0107 dost\u0119p.<\/strong><\/li><li>Przejd\u017a do swojego konta osobistego:<ul><li>Kliknij \u201eMoje konto\u201d, a nast\u0119pnie \u201eU\u017cytkownik i dane do logowania\u201d. Zaktualizuj has\u0142o i potwierd\u017a je.<\/li><li>Upewnij si\u0119, \u017ce has\u0142o r\u00f3\u017cni si\u0119 od czterech poprzednich hase\u0142 dla tego konta.<\/li><\/ul><\/li><li>Przejd\u017a do konta administratora:<ul><li>Kliknij \u201eKontakt\u201d, a nast\u0119pnie \u201eImport\u201d. Za\u0142aduj list\u0119 os\u00f3b, kt\u00f3re powinny otrzyma\u0107 certyfikaty, korzystaj\u0105c z szablonu XLS.<ul><li>Je\u017celi dana osoba nie ma adresu e-mail, utw\u00f3rz e-mail wed\u0142ug wzoru imie.nazwisko@training.isopa<\/li><li>Kolumna \u201ej\u0119zyk\u201d w szablonie odnosi si\u0119 do j\u0119zyka interfejsu strony (nie j\u0119zyka certyfikatu).<\/li><\/ul><\/li><li>Za\u0142aduj wype\u0142niony szablon<\/li><li>W sekcji \u201eKontakt\u201d wybierz osoby, kt\u00f3re powinny otrzyma\u0107 certyfikat i zapami\u0119taj wyb\u00f3r w prawym g\u00f3rnym rogu. Zalecamy, aby dokonywa\u0107 wyboru, korzystaj\u0105c z numeru szkolenia \/ j\u0119zyka i daty szkolenia (nie jest to konieczne, ale u\u0142atwi dalsz\u0105 cz\u0119\u015b\u0107 procedury). Je\u017celi wszystkie osoby maj\u0105 otrzyma\u0107 certyfikat w tym samym j\u0119zyku \/ za to samo szkolenie, dokonywanie wyboru nie jest konieczne.<\/li><\/ul><\/li><li>Przejd\u017a do <strong><span style=\"color: #8bc145;\"><a style=\"color: #8bc145;\" href=\"https:\/\/isopa-aisbl.idloom.events\/external-trainers-certificate-webshop\">sklepu internetowego dla instruktor\u00f3w zewn\u0119trznych<\/a><\/span><\/strong> i zaloguj si\u0119 swoimi danymi do logowania (u\u017cywaj\u0105c tego samego adresu e-mail, na jaki utworzono konto administratora)<ul><li>Podaj wymagane informacje<\/li><li>Wybierz liczb\u0119 i rodzaj certyfikat\u00f3w (j\u0119zyk certyfikatu wybiera si\u0119 podczas pobierania certyfikat\u00f3w)<\/li><li>Przejd\u017a do ko\u0144ca rejestracji i dokonaj p\u0142atno\u015bci online<\/li><li><em>Op\u0142ata wynosi 15 \u20ac przed VAT za certyfikat<\/em><\/li><\/ul><\/li><li>Gdy p\u0142atno\u015b\u0107 przebiegnie pomy\u015blnie, wr\u00f3\u0107 do konta administratora. Zobaczysz liczb\u0119\u2028zakupionych i dostarczonych certyfikat\u00f3w\u2028<ul><li>Wybierz osoby z listy kontakt\u00f3w lub przywr\u00f3\u0107 dokonany wyb\u00f3r i przypisz certyfikat<\/li><li>Pobieraj\u0105c certyfikaty, mo\u017cesz wybra\u0107 j\u0119zyk certyfikatu.<\/li><\/ul><\/li><\/ol>\t\t\t\t\t\t\t\t<\/div>\n\t\t\t\t<\/div>\n\t\t\t\t\t<\/div>\n\t\t\t\t<\/div>\n\t\t\t\t\t<\/div>\n\t\t\t\t<\/div>\n\t\t\t\t\t<\/div>\n\t\t\t\t<\/div>\n\t\t\t\t\t<\/div>\n\t\t\t\t<\/div>\n\t\t\t\t<\/div>\n\t\t","protected":false},"excerpt":{"rendered":"<p>Instruktorzy zewn\u0119trzni Definicja Instruktor zewn\u0119trzny prowadzi w\u0142asn\u0105 dzia\u0142alno\u015b\u0107 lub jest pracownikiem instytucji szkoleniowej\/konsultingowej, kt\u00f3ra odp\u0142atnie organizuje szkolenia dla uczestnik\u00f3w. Je\u017celi chcesz zarezerwowa\u0107 szkolenie online lub stacjonarne z instruktorem zewn\u0119trznym, zapoznaj si\u0119 z wykazem instruktorem i skontaktuj si\u0119 bezpo\u015brednio z wybran\u0105 osob\u0105. Procedura dla instruktor\u00f3w zewn\u0119trznych: 1 Rejestracja Wy\u015blij e-mail na adres training@safeusediisocyanates.eu, aby potwierdzi\u0107, \u017ce [&hellip;]<\/p>\n","protected":false},"author":1,"featured_media":0,"parent":1972,"menu_order":0,"comment_status":"closed","ping_status":"closed","template":"","meta":{"footnotes":""},"class_list":["post-274","page","type-page","status-publish","hentry"],"yoast_head":"<!-- This site is optimized with the Yoast SEO plugin v27.2 - https:\/\/yoast.com\/product\/yoast-seo-wordpress\/ -->\n<title>Instruktorzy zewn\u0119trzni - Safe use diisocyanates<\/title>\n<meta name=\"robots\" content=\"index, follow, max-snippet:-1, max-image-preview:large, max-video-preview:-1\" \/>\n<link rel=\"canonical\" href=\"https:\/\/safeusediisocyanates.eu\/pl\/instruktorzy\/instruktorzy-zewnetrzni\/\" \/>\n<meta property=\"og:locale\" content=\"pl_PL\" \/>\n<meta property=\"og:type\" content=\"article\" \/>\n<meta property=\"og:title\" content=\"Instruktorzy zewn\u0119trzni - Safe use diisocyanates\" \/>\n<meta property=\"og:description\" content=\"Instruktorzy zewn\u0119trzni Definicja Instruktor zewn\u0119trzny prowadzi w\u0142asn\u0105 dzia\u0142alno\u015b\u0107 lub jest pracownikiem instytucji szkoleniowej\/konsultingowej, kt\u00f3ra odp\u0142atnie organizuje szkolenia dla uczestnik\u00f3w. Je\u017celi chcesz zarezerwowa\u0107 szkolenie online lub stacjonarne z instruktorem zewn\u0119trznym, zapoznaj si\u0119 z wykazem instruktorem i skontaktuj si\u0119 bezpo\u015brednio z wybran\u0105 osob\u0105. Procedura dla instruktor\u00f3w zewn\u0119trznych: 1 Rejestracja Wy\u015blij e-mail na adres training@safeusediisocyanates.eu, aby potwierdzi\u0107, \u017ce [&hellip;]\" \/>\n<meta property=\"og:url\" content=\"https:\/\/safeusediisocyanates.eu\/pl\/instruktorzy\/instruktorzy-zewnetrzni\/\" \/>\n<meta property=\"og:site_name\" content=\"Safe use diisocyanates\" \/>\n<meta property=\"article:modified_time\" content=\"2024-07-04T11:44:03+00:00\" \/>\n<meta property=\"og:image\" content=\"https:\/\/safeusediisocyanates.eu\/wp-content\/uploads\/2024\/05\/og-image.jpg\" \/>\n\t<meta property=\"og:image:width\" content=\"1200\" \/>\n\t<meta property=\"og:image:height\" content=\"675\" \/>\n\t<meta property=\"og:image:type\" content=\"image\/jpeg\" \/>\n<meta name=\"twitter:card\" content=\"summary_large_image\" \/>\n<meta name=\"twitter:label1\" content=\"Szacowany czas czytania\" \/>\n\t<meta name=\"twitter:data1\" content=\"3 minuty\" \/>\n<script type=\"application\/ld+json\" class=\"yoast-schema-graph\">{\"@context\":\"https:\/\/schema.org\",\"@graph\":[{\"@type\":\"WebPage\",\"@id\":\"https:\/\/safeusediisocyanates.eu\/pl\/instruktorzy\/instruktorzy-zewnetrzni\/\",\"url\":\"https:\/\/safeusediisocyanates.eu\/pl\/instruktorzy\/instruktorzy-zewnetrzni\/\",\"name\":\"Instruktorzy zewn\u0119trzni - Safe use diisocyanates\",\"isPartOf\":{\"@id\":\"https:\/\/safeusediisocyanates.eu\/pl\/#website\"},\"datePublished\":\"2024-05-20T10:57:44+00:00\",\"dateModified\":\"2024-07-04T11:44:03+00:00\",\"breadcrumb\":{\"@id\":\"https:\/\/safeusediisocyanates.eu\/pl\/instruktorzy\/instruktorzy-zewnetrzni\/#breadcrumb\"},\"inLanguage\":\"pl-PL\",\"potentialAction\":[{\"@type\":\"ReadAction\",\"target\":[\"https:\/\/safeusediisocyanates.eu\/pl\/instruktorzy\/instruktorzy-zewnetrzni\/\"]}]},{\"@type\":\"BreadcrumbList\",\"@id\":\"https:\/\/safeusediisocyanates.eu\/pl\/instruktorzy\/instruktorzy-zewnetrzni\/#breadcrumb\",\"itemListElement\":[{\"@type\":\"ListItem\",\"position\":1,\"name\":\"Home\",\"item\":\"https:\/\/safeusediisocyanates.eu\/pl\/home\/\"},{\"@type\":\"ListItem\",\"position\":2,\"name\":\"Instruktorzy\",\"item\":\"https:\/\/safeusediisocyanates.eu\/trainers\/\"},{\"@type\":\"ListItem\",\"position\":3,\"name\":\"Instruktorzy zewn\u0119trzni\"}]},{\"@type\":\"WebSite\",\"@id\":\"https:\/\/safeusediisocyanates.eu\/pl\/#website\",\"url\":\"https:\/\/safeusediisocyanates.eu\/pl\/\",\"name\":\"Safe use diisocyanates\",\"description\":\"\",\"publisher\":{\"@id\":\"https:\/\/safeusediisocyanates.eu\/pl\/#organization\"},\"potentialAction\":[{\"@type\":\"SearchAction\",\"target\":{\"@type\":\"EntryPoint\",\"urlTemplate\":\"https:\/\/safeusediisocyanates.eu\/pl\/?s={search_term_string}\"},\"query-input\":{\"@type\":\"PropertyValueSpecification\",\"valueRequired\":true,\"valueName\":\"search_term_string\"}}],\"inLanguage\":\"pl-PL\"},{\"@type\":\"Organization\",\"@id\":\"https:\/\/safeusediisocyanates.eu\/pl\/#organization\",\"name\":\"Safe use diisocyanates\",\"url\":\"https:\/\/safeusediisocyanates.eu\/pl\/\",\"logo\":{\"@type\":\"ImageObject\",\"inLanguage\":\"pl-PL\",\"@id\":\"https:\/\/safeusediisocyanates.eu\/pl\/#\/schema\/logo\/image\/\",\"url\":\"https:\/\/safeusediisocyanates.eu\/wp-content\/uploads\/2024\/04\/sud-logo.jpg\",\"contentUrl\":\"https:\/\/safeusediisocyanates.eu\/wp-content\/uploads\/2024\/04\/sud-logo.jpg\",\"width\":260,\"height\":172,\"caption\":\"Safe use diisocyanates\"},\"image\":{\"@id\":\"https:\/\/safeusediisocyanates.eu\/pl\/#\/schema\/logo\/image\/\"}}]}<\/script>\n<!-- \/ Yoast SEO plugin. -->","yoast_head_json":{"title":"Instruktorzy zewn\u0119trzni - Safe use diisocyanates","robots":{"index":"index","follow":"follow","max-snippet":"max-snippet:-1","max-image-preview":"max-image-preview:large","max-video-preview":"max-video-preview:-1"},"canonical":"https:\/\/safeusediisocyanates.eu\/pl\/instruktorzy\/instruktorzy-zewnetrzni\/","og_locale":"pl_PL","og_type":"article","og_title":"Instruktorzy zewn\u0119trzni - Safe use diisocyanates","og_description":"Instruktorzy zewn\u0119trzni Definicja Instruktor zewn\u0119trzny prowadzi w\u0142asn\u0105 dzia\u0142alno\u015b\u0107 lub jest pracownikiem instytucji szkoleniowej\/konsultingowej, kt\u00f3ra odp\u0142atnie organizuje szkolenia dla uczestnik\u00f3w. Je\u017celi chcesz zarezerwowa\u0107 szkolenie online lub stacjonarne z instruktorem zewn\u0119trznym, zapoznaj si\u0119 z wykazem instruktorem i skontaktuj si\u0119 bezpo\u015brednio z wybran\u0105 osob\u0105. Procedura dla instruktor\u00f3w zewn\u0119trznych: 1 Rejestracja Wy\u015blij e-mail na adres training@safeusediisocyanates.eu, aby potwierdzi\u0107, \u017ce [&hellip;]","og_url":"https:\/\/safeusediisocyanates.eu\/pl\/instruktorzy\/instruktorzy-zewnetrzni\/","og_site_name":"Safe use diisocyanates","article_modified_time":"2024-07-04T11:44:03+00:00","og_image":[{"width":1200,"height":675,"url":"https:\/\/safeusediisocyanates.eu\/wp-content\/uploads\/2024\/05\/og-image.jpg","type":"image\/jpeg"}],"twitter_card":"summary_large_image","twitter_misc":{"Szacowany czas czytania":"3 minuty"},"schema":{"@context":"https:\/\/schema.org","@graph":[{"@type":"WebPage","@id":"https:\/\/safeusediisocyanates.eu\/pl\/instruktorzy\/instruktorzy-zewnetrzni\/","url":"https:\/\/safeusediisocyanates.eu\/pl\/instruktorzy\/instruktorzy-zewnetrzni\/","name":"Instruktorzy zewn\u0119trzni - Safe use diisocyanates","isPartOf":{"@id":"https:\/\/safeusediisocyanates.eu\/pl\/#website"},"datePublished":"2024-05-20T10:57:44+00:00","dateModified":"2024-07-04T11:44:03+00:00","breadcrumb":{"@id":"https:\/\/safeusediisocyanates.eu\/pl\/instruktorzy\/instruktorzy-zewnetrzni\/#breadcrumb"},"inLanguage":"pl-PL","potentialAction":[{"@type":"ReadAction","target":["https:\/\/safeusediisocyanates.eu\/pl\/instruktorzy\/instruktorzy-zewnetrzni\/"]}]},{"@type":"BreadcrumbList","@id":"https:\/\/safeusediisocyanates.eu\/pl\/instruktorzy\/instruktorzy-zewnetrzni\/#breadcrumb","itemListElement":[{"@type":"ListItem","position":1,"name":"Home","item":"https:\/\/safeusediisocyanates.eu\/pl\/home\/"},{"@type":"ListItem","position":2,"name":"Instruktorzy","item":"https:\/\/safeusediisocyanates.eu\/trainers\/"},{"@type":"ListItem","position":3,"name":"Instruktorzy zewn\u0119trzni"}]},{"@type":"WebSite","@id":"https:\/\/safeusediisocyanates.eu\/pl\/#website","url":"https:\/\/safeusediisocyanates.eu\/pl\/","name":"Safe use diisocyanates","description":"","publisher":{"@id":"https:\/\/safeusediisocyanates.eu\/pl\/#organization"},"potentialAction":[{"@type":"SearchAction","target":{"@type":"EntryPoint","urlTemplate":"https:\/\/safeusediisocyanates.eu\/pl\/?s={search_term_string}"},"query-input":{"@type":"PropertyValueSpecification","valueRequired":true,"valueName":"search_term_string"}}],"inLanguage":"pl-PL"},{"@type":"Organization","@id":"https:\/\/safeusediisocyanates.eu\/pl\/#organization","name":"Safe use diisocyanates","url":"https:\/\/safeusediisocyanates.eu\/pl\/","logo":{"@type":"ImageObject","inLanguage":"pl-PL","@id":"https:\/\/safeusediisocyanates.eu\/pl\/#\/schema\/logo\/image\/","url":"https:\/\/safeusediisocyanates.eu\/wp-content\/uploads\/2024\/04\/sud-logo.jpg","contentUrl":"https:\/\/safeusediisocyanates.eu\/wp-content\/uploads\/2024\/04\/sud-logo.jpg","width":260,"height":172,"caption":"Safe use diisocyanates"},"image":{"@id":"https:\/\/safeusediisocyanates.eu\/pl\/#\/schema\/logo\/image\/"}}]}},"_links":{"self":[{"href":"https:\/\/safeusediisocyanates.eu\/pl\/wp-json\/wp\/v2\/pages\/274","targetHints":{"allow":["GET"]}}],"collection":[{"href":"https:\/\/safeusediisocyanates.eu\/pl\/wp-json\/wp\/v2\/pages"}],"about":[{"href":"https:\/\/safeusediisocyanates.eu\/pl\/wp-json\/wp\/v2\/types\/page"}],"author":[{"embeddable":true,"href":"https:\/\/safeusediisocyanates.eu\/pl\/wp-json\/wp\/v2\/users\/1"}],"replies":[{"embeddable":true,"href":"https:\/\/safeusediisocyanates.eu\/pl\/wp-json\/wp\/v2\/comments?post=274"}],"version-history":[{"count":32,"href":"https:\/\/safeusediisocyanates.eu\/pl\/wp-json\/wp\/v2\/pages\/274\/revisions"}],"predecessor-version":[{"id":3922,"href":"https:\/\/safeusediisocyanates.eu\/pl\/wp-json\/wp\/v2\/pages\/274\/revisions\/3922"}],"up":[{"embeddable":true,"href":"https:\/\/safeusediisocyanates.eu\/pl\/wp-json\/wp\/v2\/pages\/1972"}],"wp:attachment":[{"href":"https:\/\/safeusediisocyanates.eu\/pl\/wp-json\/wp\/v2\/media?parent=274"}],"curies":[{"name":"wp","href":"https:\/\/api.w.org\/{rel}","templated":true}]}}