{"id":1974,"date":"2024-04-28T21:51:09","date_gmt":"2024-04-28T21:51:09","guid":{"rendered":"https:\/\/nostalgic-galois.46-242-128-94.plesk.page\/?page_id=1974"},"modified":"2024-07-08T10:39:16","modified_gmt":"2024-07-08T10:39:16","slug":"przepisy-reach","status":"publish","type":"page","link":"https:\/\/safeusediisocyanates.eu\/pl\/przepisy-reach\/","title":{"rendered":"Przepisy REACH"},"content":{"rendered":"\t\t<div data-elementor-type=\"wp-page\" data-elementor-id=\"1974\" class=\"elementor elementor-1974 elementor-155\" data-elementor-post-type=\"page\">\n\t\t\t\t<div class=\"elementor-element elementor-element-ebd45e5 e-flex e-con-boxed e-con e-parent\" data-id=\"ebd45e5\" data-element_type=\"container\" data-e-type=\"container\" data-settings=\"{&quot;background_background&quot;:&quot;gradient&quot;}\">\n\t\t\t\t\t<div class=\"e-con-inner\">\n\t\t<div class=\"elementor-element elementor-element-0314492 e-grid e-con-boxed e-con e-child\" data-id=\"0314492\" data-element_type=\"container\" data-e-type=\"container\" data-settings=\"{&quot;background_background&quot;:&quot;gradient&quot;}\">\n\t\t\t\t\t<div class=\"e-con-inner\">\n\t\t<div class=\"elementor-element elementor-element-9609845 e-flex e-con-boxed e-con e-child\" data-id=\"9609845\" data-element_type=\"container\" data-e-type=\"container\" data-settings=\"{&quot;background_background&quot;:&quot;classic&quot;}\">\n\t\t\t\t\t<div class=\"e-con-inner\">\n\t\t\t\t\t<\/div>\n\t\t\t\t<\/div>\n\t\t<div class=\"elementor-element elementor-element-c012eca e-flex e-con-boxed e-con e-child\" data-id=\"c012eca\" data-element_type=\"container\" data-e-type=\"container\">\n\t\t\t\t\t<div class=\"e-con-inner\">\n\t\t\t\t<div class=\"elementor-element elementor-element-30cda6c elementor-widget elementor-widget-heading\" data-id=\"30cda6c\" data-element_type=\"widget\" data-e-type=\"widget\" data-widget_type=\"heading.default\">\n\t\t\t\t<div class=\"elementor-widget-container\">\n\t\t\t\t\t<h1 class=\"elementor-heading-title elementor-size-default\">Przepisy REACH<\/h1>\t\t\t\t<\/div>\n\t\t\t\t<\/div>\n\t\t\t\t<div class=\"elementor-element elementor-element-258409a elementor-widget elementor-widget-text-editor\" data-id=\"258409a\" data-element_type=\"widget\" data-e-type=\"widget\" data-widget_type=\"text-editor.default\">\n\t\t\t\t<div class=\"elementor-widget-container\">\n\t\t\t\t\t\t\t\t\t<p>Rozporz\u0105dzenie REACH to rozporz\u0105dzenie w sprawie rejestracji, oceny, udzielania zezwole\u0144 i stosowanych ogranicze\u0144 w zakresie chemikali\u00f3w. Wesz\u0142o w \u017cycie w 2007\u00a0r., zast\u0119puj\u0105c poprzednie ramy prawne dotycz\u0105ce chemikali\u00f3w, kt\u00f3re obowi\u0105zywa\u0142y w UE.<\/p><p>Dnia 4\u00a0lutego 2020\u00a0r. komitet ds.\u00a0REACH (ustanowiony na podstawie rozporz\u0105dzenia REACH i sk\u0142adaj\u0105cy si\u0119 z przedstawicieli pa\u0144stw cz\u0142onkowskich i Komisji) zag\u0142osowa\u0142 za wnioskiem Komisji Europejskiej w sprawie ograniczenia REACH dotycz\u0105cego diizocyjanian\u00f3w. Rozporz\u0105dzenie wprowadzaj\u0105ce ograniczenie opublikowano 4\u00a0sierpnia 2020\u00a0r., a zacz\u0119\u0142o obowi\u0105zywa\u0107 od 24\u00a0sierpnia 2023 r., po okresie przej\u015bciowym trzech lat.<\/p><p>Rozporz\u0105dzenie wprowadzaj\u0105ce ograniczenie w odniesieniu do diizocyjanian\u00f3w jest dost\u0119pne we wszystkich oficjalnych j\u0119zykach UE tutaj.<\/p>\t\t\t\t\t\t\t\t<\/div>\n\t\t\t\t<\/div>\n\t\t\t\t\t<\/div>\n\t\t\t\t<\/div>\n\t\t\t\t\t<\/div>\n\t\t\t\t<\/div>\n\t\t\t\t\t<\/div>\n\t\t\t\t<\/div>\n\t\t<div class=\"elementor-element elementor-element-30fdb8b e-grid e-con-boxed e-con e-parent\" data-id=\"30fdb8b\" data-element_type=\"container\" data-e-type=\"container\">\n\t\t\t\t\t<div class=\"e-con-inner\">\n\t\t<div class=\"elementor-element elementor-element-10f6258 e-flex e-con-boxed e-con e-child\" data-id=\"10f6258\" data-element_type=\"container\" data-e-type=\"container\">\n\t\t\t\t\t<div class=\"e-con-inner\">\n\t\t\t\t<div class=\"elementor-element elementor-element-8ae784a elementor-widget elementor-widget-heading\" data-id=\"8ae784a\" data-element_type=\"widget\" data-e-type=\"widget\" data-widget_type=\"heading.default\">\n\t\t\t\t<div class=\"elementor-widget-container\">\n\t\t\t\t\t<h2 class=\"elementor-heading-title elementor-size-default\">Lista substancji (przedstawiony wykaz diizocyjanian\u00f3w nie jest wyczerpuj\u0105cy):<\/h2>\t\t\t\t<\/div>\n\t\t\t\t<\/div>\n\t\t\t\t<div class=\"elementor-element elementor-element-a6e25d1 table-reach elementor-widget elementor-widget-text-editor\" data-id=\"a6e25d1\" data-element_type=\"widget\" data-e-type=\"widget\" data-widget_type=\"text-editor.default\">\n\t\t\t\t<div class=\"elementor-widget-container\">\n\t\t\t\t\t\t\t\t\t<table>\n<thead>\n<tr>\n<td><strong>Nazwa<\/strong><\/td>\n<td><strong>WE \/ Nr listy Nr CAS<\/strong><\/td>\n<\/tr>\n<\/thead>\n<tbody>\n<tr>\n<td>2-methyl-m-phenylene diisocyanate<\/td>\n<td>202-039-0 91-08-7<\/td>\n<\/tr>\n<tr>\n<td>3,3&#8242;-dimethylbiphenyl-4,4&#8242;-diyl diisocyanate<\/td>\n<td>202-112-7 91-97-4<\/td>\n<\/tr>\n<tr>\n<td>4,4\u2019-Methylenediphenyl diisocyanate<\/td>\n<td>202-966-0 101-68-8<\/td>\n<\/tr>\n<tr>\n<td>Hexamethylene diisocyanate<\/td>\n<td>212-485-8 822-06-0<\/td>\n<\/tr>\n<tr>\n<td>4-methyl-m-phenylene diisocyanate<\/td>\n<td>209-544-5 584-84-9<\/td>\n<\/tr>\n<tr>\n<td>4,4&#8242;-methylenedicyclohexyl diisocyanate<\/td>\n<td>225-863-2 5124-30-1<\/td>\n<\/tr>\n<tr>\n<td>m-tolylidene diisocyanate<\/td>\n<td>247-722-4 26471-62-5<\/td>\n<\/tr>\n<tr>\n<td>2,4,6-triisopropyl-m-phenylene diisocyanate<\/td>\n<td>218-485-4 2162-73-4<\/td>\n<\/tr>\n<tr>\n<td>2,2\u2019-Methylenediphenyl diisocyanate<\/td>\n<td>219-799-4 2536-05-2<\/td>\n<\/tr>\n<tr>\n<td>1,3-bis(1-isocyanato-1-methylethyl)benzene<\/td>\n<td>220-474-4 2778-42-9<\/td>\n<\/tr>\n<tr>\n<td>1,5-naphthylene diisocyanate<\/td>\n<td>221-641-4 3173-72-6<\/td>\n<\/tr>\n<tr>\n<td>1,3-bis(isocyanatomethyl)benzene<\/td>\n<td>222-852-4 3634-83-1<\/td>\n<\/tr>\n<tr>\n<td>3-isocyanatomethyl-3,5,5-trimethylcyclohexyl isocyanate<\/td>\n<td>223-861-6 4098-71-9<\/td>\n<\/tr>\n<tr>\n<td>2,4\u2019-Methylenediphenyl diisocyanate<\/td>\n<td>227-534-9 5873-54-1<\/td>\n<\/tr>\n<\/tbody>\n<\/table>\n\u0179r\u00f3d\u0142o:\n\n<a href=\"https:\/\/echa.europa.eu\/de\/substances-restricted-under-reach\/-\/dislist\/details\/0b0236e185347b62\" target=\"_blank\" rel=\"noopener\">https:\/\/echa.europa.eu\/de\/substances-restricted-under-reach\/-\/dislist\/details\/0b0236e185347b62<\/a>\t\t\t\t\t\t\t\t<\/div>\n\t\t\t\t<\/div>\n\t\t\t\t<div class=\"elementor-element elementor-element-66818f9 elementor-widget elementor-widget-heading\" data-id=\"66818f9\" data-element_type=\"widget\" data-e-type=\"widget\" data-widget_type=\"heading.default\">\n\t\t\t\t<div class=\"elementor-widget-container\">\n\t\t\t\t\t<h3 class=\"elementor-heading-title elementor-size-default\">Poziomy szkole\u0144<\/h3>\t\t\t\t<\/div>\n\t\t\t\t<\/div>\n\t\t\t\t<div class=\"elementor-element elementor-element-bc86165 elementor-widget elementor-widget-text-editor\" data-id=\"bc86165\" data-element_type=\"widget\" data-e-type=\"widget\" data-widget_type=\"text-editor.default\">\n\t\t\t\t<div class=\"elementor-widget-container\">\n\t\t\t\t\t\t\t\t\t<p>W rozporz\u0105dzeniu dotycz\u0105cym ograniczenia przewidziano 3 poziomy szkolenia wymaganego dla r\u00f3\u017cnych zastosowa\u0144 diizocyjanian\u00f3w: \u2028szkolenie og\u00f3lne jako wym\u00f3g minimalny oraz, zale\u017cnie od ekspozycji, szkolenie na poziomie \u015bredniozaawansowanym lub zaawansowanym. To <strong><a href=\"https:\/\/safeusediisocyanates.eu\/pl\/szkolenia-online\/lista-szkolen\/\">zestawienie<\/a> <\/strong>pomo\u017ce w wyborze odpowiedniego kursu szkoleniowego.<\/p>\t\t\t\t\t\t\t\t<\/div>\n\t\t\t\t<\/div>\n\t\t\t\t\t<\/div>\n\t\t\t\t<\/div>\n\t\t<div class=\"elementor-element elementor-element-1d17e21 e-flex e-con-boxed e-con e-child\" data-id=\"1d17e21\" data-element_type=\"container\" data-e-type=\"container\">\n\t\t\t\t\t<div class=\"e-con-inner\">\n\t\t\t\t<div class=\"elementor-element elementor-element-151bf61 elementor-widget elementor-widget-image\" data-id=\"151bf61\" data-element_type=\"widget\" data-e-type=\"widget\" data-widget_type=\"image.default\">\n\t\t\t\t<div class=\"elementor-widget-container\">\n\t\t\t\t\t\t\t\t\t\t\t\t\t\t\t<img fetchpriority=\"high\" decoding=\"async\" width=\"693\" height=\"1024\" src=\"https:\/\/safeusediisocyanates.eu\/wp-content\/uploads\/2024\/05\/reach-2.jpg\" class=\"attachment-large size-large wp-image-2567\" alt=\"\" srcset=\"https:\/\/safeusediisocyanates.eu\/wp-content\/uploads\/2024\/05\/reach-2.jpg 693w, https:\/\/safeusediisocyanates.eu\/wp-content\/uploads\/2024\/05\/reach-2-203x300.jpg 203w\" sizes=\"(max-width: 693px) 100vw, 693px\" \/>\t\t\t\t\t\t\t\t\t\t\t\t\t\t\t<\/div>\n\t\t\t\t<\/div>\n\t\t\t\t\t<\/div>\n\t\t\t\t<\/div>\n\t\t\t\t\t<\/div>\n\t\t\t\t<\/div>\n\t\t\t\t<\/div>\n\t\t","protected":false},"excerpt":{"rendered":"<p>Przepisy REACH Rozporz\u0105dzenie REACH to rozporz\u0105dzenie w sprawie rejestracji, oceny, udzielania zezwole\u0144 i stosowanych ogranicze\u0144 w zakresie chemikali\u00f3w. Wesz\u0142o w \u017cycie w 2007\u00a0r., zast\u0119puj\u0105c poprzednie ramy prawne dotycz\u0105ce chemikali\u00f3w, kt\u00f3re obowi\u0105zywa\u0142y w UE. Dnia 4\u00a0lutego 2020\u00a0r. komitet ds.\u00a0REACH (ustanowiony na podstawie rozporz\u0105dzenia REACH i sk\u0142adaj\u0105cy si\u0119 z przedstawicieli pa\u0144stw cz\u0142onkowskich i Komisji) zag\u0142osowa\u0142 za wnioskiem [&hellip;]<\/p>\n","protected":false},"author":1,"featured_media":0,"parent":0,"menu_order":0,"comment_status":"closed","ping_status":"closed","template":"","meta":{"footnotes":""},"class_list":["post-1974","page","type-page","status-publish","hentry"],"yoast_head":"<!-- This site is optimized with the Yoast SEO plugin v27.4 - https:\/\/yoast.com\/product\/yoast-seo-wordpress\/ -->\n<title>Przepisy REACH - Safe use diisocyanates<\/title>\n<meta name=\"robots\" content=\"index, follow, max-snippet:-1, max-image-preview:large, max-video-preview:-1\" \/>\n<link rel=\"canonical\" href=\"https:\/\/safeusediisocyanates.eu\/pl\/przepisy-reach\/\" \/>\n<meta property=\"og:locale\" content=\"pl_PL\" \/>\n<meta property=\"og:type\" content=\"article\" \/>\n<meta property=\"og:title\" content=\"Przepisy REACH - Safe use diisocyanates\" \/>\n<meta property=\"og:description\" content=\"Przepisy REACH Rozporz\u0105dzenie REACH to rozporz\u0105dzenie w sprawie rejestracji, oceny, udzielania zezwole\u0144 i stosowanych ogranicze\u0144 w zakresie chemikali\u00f3w. Wesz\u0142o w \u017cycie w 2007\u00a0r., zast\u0119puj\u0105c poprzednie ramy prawne dotycz\u0105ce chemikali\u00f3w, kt\u00f3re obowi\u0105zywa\u0142y w UE. Dnia 4\u00a0lutego 2020\u00a0r. komitet ds.\u00a0REACH (ustanowiony na podstawie rozporz\u0105dzenia REACH i sk\u0142adaj\u0105cy si\u0119 z przedstawicieli pa\u0144stw cz\u0142onkowskich i Komisji) zag\u0142osowa\u0142 za wnioskiem [&hellip;]\" \/>\n<meta property=\"og:url\" content=\"https:\/\/safeusediisocyanates.eu\/pl\/przepisy-reach\/\" \/>\n<meta property=\"og:site_name\" content=\"Safe use diisocyanates\" \/>\n<meta property=\"article:modified_time\" content=\"2024-07-08T10:39:16+00:00\" \/>\n<meta property=\"og:image\" content=\"https:\/\/safeusediisocyanates.eu\/wp-content\/uploads\/2024\/05\/reach-2.jpg\" \/>\n<meta name=\"twitter:card\" content=\"summary_large_image\" \/>\n<meta name=\"twitter:label1\" content=\"Szacowany czas czytania\" \/>\n\t<meta name=\"twitter:data1\" content=\"2 minuty\" \/>\n<script type=\"application\/ld+json\" class=\"yoast-schema-graph\">{\"@context\":\"https:\\\/\\\/schema.org\",\"@graph\":[{\"@type\":\"WebPage\",\"@id\":\"https:\\\/\\\/safeusediisocyanates.eu\\\/pl\\\/przepisy-reach\\\/\",\"url\":\"https:\\\/\\\/safeusediisocyanates.eu\\\/pl\\\/przepisy-reach\\\/\",\"name\":\"Przepisy REACH - Safe use diisocyanates\",\"isPartOf\":{\"@id\":\"https:\\\/\\\/safeusediisocyanates.eu\\\/pl\\\/#website\"},\"primaryImageOfPage\":{\"@id\":\"https:\\\/\\\/safeusediisocyanates.eu\\\/pl\\\/przepisy-reach\\\/#primaryimage\"},\"image\":{\"@id\":\"https:\\\/\\\/safeusediisocyanates.eu\\\/pl\\\/przepisy-reach\\\/#primaryimage\"},\"thumbnailUrl\":\"https:\\\/\\\/safeusediisocyanates.eu\\\/wp-content\\\/uploads\\\/2024\\\/05\\\/reach-2.jpg\",\"datePublished\":\"2024-04-28T21:51:09+00:00\",\"dateModified\":\"2024-07-08T10:39:16+00:00\",\"breadcrumb\":{\"@id\":\"https:\\\/\\\/safeusediisocyanates.eu\\\/pl\\\/przepisy-reach\\\/#breadcrumb\"},\"inLanguage\":\"pl-PL\",\"potentialAction\":[{\"@type\":\"ReadAction\",\"target\":[\"https:\\\/\\\/safeusediisocyanates.eu\\\/pl\\\/przepisy-reach\\\/\"]}]},{\"@type\":\"ImageObject\",\"inLanguage\":\"pl-PL\",\"@id\":\"https:\\\/\\\/safeusediisocyanates.eu\\\/pl\\\/przepisy-reach\\\/#primaryimage\",\"url\":\"https:\\\/\\\/safeusediisocyanates.eu\\\/wp-content\\\/uploads\\\/2024\\\/05\\\/reach-2.jpg\",\"contentUrl\":\"https:\\\/\\\/safeusediisocyanates.eu\\\/wp-content\\\/uploads\\\/2024\\\/05\\\/reach-2.jpg\"},{\"@type\":\"BreadcrumbList\",\"@id\":\"https:\\\/\\\/safeusediisocyanates.eu\\\/pl\\\/przepisy-reach\\\/#breadcrumb\",\"itemListElement\":[{\"@type\":\"ListItem\",\"position\":1,\"name\":\"Home\",\"item\":\"https:\\\/\\\/safeusediisocyanates.eu\\\/pl\\\/home\\\/\"},{\"@type\":\"ListItem\",\"position\":2,\"name\":\"Przepisy REACH\"}]},{\"@type\":\"WebSite\",\"@id\":\"https:\\\/\\\/safeusediisocyanates.eu\\\/pl\\\/#website\",\"url\":\"https:\\\/\\\/safeusediisocyanates.eu\\\/pl\\\/\",\"name\":\"Safe use diisocyanates\",\"description\":\"\",\"publisher\":{\"@id\":\"https:\\\/\\\/safeusediisocyanates.eu\\\/pl\\\/#organization\"},\"potentialAction\":[{\"@type\":\"SearchAction\",\"target\":{\"@type\":\"EntryPoint\",\"urlTemplate\":\"https:\\\/\\\/safeusediisocyanates.eu\\\/pl\\\/?s={search_term_string}\"},\"query-input\":{\"@type\":\"PropertyValueSpecification\",\"valueRequired\":true,\"valueName\":\"search_term_string\"}}],\"inLanguage\":\"pl-PL\"},{\"@type\":\"Organization\",\"@id\":\"https:\\\/\\\/safeusediisocyanates.eu\\\/pl\\\/#organization\",\"name\":\"Safe use diisocyanates\",\"url\":\"https:\\\/\\\/safeusediisocyanates.eu\\\/pl\\\/\",\"logo\":{\"@type\":\"ImageObject\",\"inLanguage\":\"pl-PL\",\"@id\":\"https:\\\/\\\/safeusediisocyanates.eu\\\/pl\\\/#\\\/schema\\\/logo\\\/image\\\/\",\"url\":\"https:\\\/\\\/safeusediisocyanates.eu\\\/wp-content\\\/uploads\\\/2024\\\/04\\\/sud-logo.jpg\",\"contentUrl\":\"https:\\\/\\\/safeusediisocyanates.eu\\\/wp-content\\\/uploads\\\/2024\\\/04\\\/sud-logo.jpg\",\"width\":260,\"height\":172,\"caption\":\"Safe use diisocyanates\"},\"image\":{\"@id\":\"https:\\\/\\\/safeusediisocyanates.eu\\\/pl\\\/#\\\/schema\\\/logo\\\/image\\\/\"}}]}<\/script>\n<!-- \/ Yoast SEO plugin. -->","yoast_head_json":{"title":"Przepisy REACH - Safe use diisocyanates","robots":{"index":"index","follow":"follow","max-snippet":"max-snippet:-1","max-image-preview":"max-image-preview:large","max-video-preview":"max-video-preview:-1"},"canonical":"https:\/\/safeusediisocyanates.eu\/pl\/przepisy-reach\/","og_locale":"pl_PL","og_type":"article","og_title":"Przepisy REACH - Safe use diisocyanates","og_description":"Przepisy REACH Rozporz\u0105dzenie REACH to rozporz\u0105dzenie w sprawie rejestracji, oceny, udzielania zezwole\u0144 i stosowanych ogranicze\u0144 w zakresie chemikali\u00f3w. Wesz\u0142o w \u017cycie w 2007\u00a0r., zast\u0119puj\u0105c poprzednie ramy prawne dotycz\u0105ce chemikali\u00f3w, kt\u00f3re obowi\u0105zywa\u0142y w UE. Dnia 4\u00a0lutego 2020\u00a0r. komitet ds.\u00a0REACH (ustanowiony na podstawie rozporz\u0105dzenia REACH i sk\u0142adaj\u0105cy si\u0119 z przedstawicieli pa\u0144stw cz\u0142onkowskich i Komisji) zag\u0142osowa\u0142 za wnioskiem [&hellip;]","og_url":"https:\/\/safeusediisocyanates.eu\/pl\/przepisy-reach\/","og_site_name":"Safe use diisocyanates","article_modified_time":"2024-07-08T10:39:16+00:00","og_image":[{"url":"https:\/\/safeusediisocyanates.eu\/wp-content\/uploads\/2024\/05\/reach-2.jpg","type":"","width":"","height":""}],"twitter_card":"summary_large_image","twitter_misc":{"Szacowany czas czytania":"2 minuty"},"schema":{"@context":"https:\/\/schema.org","@graph":[{"@type":"WebPage","@id":"https:\/\/safeusediisocyanates.eu\/pl\/przepisy-reach\/","url":"https:\/\/safeusediisocyanates.eu\/pl\/przepisy-reach\/","name":"Przepisy REACH - Safe use diisocyanates","isPartOf":{"@id":"https:\/\/safeusediisocyanates.eu\/pl\/#website"},"primaryImageOfPage":{"@id":"https:\/\/safeusediisocyanates.eu\/pl\/przepisy-reach\/#primaryimage"},"image":{"@id":"https:\/\/safeusediisocyanates.eu\/pl\/przepisy-reach\/#primaryimage"},"thumbnailUrl":"https:\/\/safeusediisocyanates.eu\/wp-content\/uploads\/2024\/05\/reach-2.jpg","datePublished":"2024-04-28T21:51:09+00:00","dateModified":"2024-07-08T10:39:16+00:00","breadcrumb":{"@id":"https:\/\/safeusediisocyanates.eu\/pl\/przepisy-reach\/#breadcrumb"},"inLanguage":"pl-PL","potentialAction":[{"@type":"ReadAction","target":["https:\/\/safeusediisocyanates.eu\/pl\/przepisy-reach\/"]}]},{"@type":"ImageObject","inLanguage":"pl-PL","@id":"https:\/\/safeusediisocyanates.eu\/pl\/przepisy-reach\/#primaryimage","url":"https:\/\/safeusediisocyanates.eu\/wp-content\/uploads\/2024\/05\/reach-2.jpg","contentUrl":"https:\/\/safeusediisocyanates.eu\/wp-content\/uploads\/2024\/05\/reach-2.jpg"},{"@type":"BreadcrumbList","@id":"https:\/\/safeusediisocyanates.eu\/pl\/przepisy-reach\/#breadcrumb","itemListElement":[{"@type":"ListItem","position":1,"name":"Home","item":"https:\/\/safeusediisocyanates.eu\/pl\/home\/"},{"@type":"ListItem","position":2,"name":"Przepisy REACH"}]},{"@type":"WebSite","@id":"https:\/\/safeusediisocyanates.eu\/pl\/#website","url":"https:\/\/safeusediisocyanates.eu\/pl\/","name":"Safe use diisocyanates","description":"","publisher":{"@id":"https:\/\/safeusediisocyanates.eu\/pl\/#organization"},"potentialAction":[{"@type":"SearchAction","target":{"@type":"EntryPoint","urlTemplate":"https:\/\/safeusediisocyanates.eu\/pl\/?s={search_term_string}"},"query-input":{"@type":"PropertyValueSpecification","valueRequired":true,"valueName":"search_term_string"}}],"inLanguage":"pl-PL"},{"@type":"Organization","@id":"https:\/\/safeusediisocyanates.eu\/pl\/#organization","name":"Safe use diisocyanates","url":"https:\/\/safeusediisocyanates.eu\/pl\/","logo":{"@type":"ImageObject","inLanguage":"pl-PL","@id":"https:\/\/safeusediisocyanates.eu\/pl\/#\/schema\/logo\/image\/","url":"https:\/\/safeusediisocyanates.eu\/wp-content\/uploads\/2024\/04\/sud-logo.jpg","contentUrl":"https:\/\/safeusediisocyanates.eu\/wp-content\/uploads\/2024\/04\/sud-logo.jpg","width":260,"height":172,"caption":"Safe use diisocyanates"},"image":{"@id":"https:\/\/safeusediisocyanates.eu\/pl\/#\/schema\/logo\/image\/"}}]}},"_links":{"self":[{"href":"https:\/\/safeusediisocyanates.eu\/pl\/wp-json\/wp\/v2\/pages\/1974","targetHints":{"allow":["GET"]}}],"collection":[{"href":"https:\/\/safeusediisocyanates.eu\/pl\/wp-json\/wp\/v2\/pages"}],"about":[{"href":"https:\/\/safeusediisocyanates.eu\/pl\/wp-json\/wp\/v2\/types\/page"}],"author":[{"embeddable":true,"href":"https:\/\/safeusediisocyanates.eu\/pl\/wp-json\/wp\/v2\/users\/1"}],"replies":[{"embeddable":true,"href":"https:\/\/safeusediisocyanates.eu\/pl\/wp-json\/wp\/v2\/comments?post=1974"}],"version-history":[{"count":13,"href":"https:\/\/safeusediisocyanates.eu\/pl\/wp-json\/wp\/v2\/pages\/1974\/revisions"}],"predecessor-version":[{"id":4062,"href":"https:\/\/safeusediisocyanates.eu\/pl\/wp-json\/wp\/v2\/pages\/1974\/revisions\/4062"}],"wp:attachment":[{"href":"https:\/\/safeusediisocyanates.eu\/pl\/wp-json\/wp\/v2\/media?parent=1974"}],"curies":[{"name":"wp","href":"https:\/\/api.w.org\/{rel}","templated":true}]}}