{"id":1973,"date":"2024-05-19T19:50:10","date_gmt":"2024-05-19T19:50:10","guid":{"rendered":"https:\/\/nostalgic-galois.46-242-128-94.plesk.page\/?page_id=1973"},"modified":"2025-02-12T08:13:47","modified_gmt":"2025-02-12T08:13:47","slug":"faq","status":"publish","type":"page","link":"https:\/\/safeusediisocyanates.eu\/pl\/faq\/","title":{"rendered":"FAQ"},"content":{"rendered":"\t\t<div data-elementor-type=\"wp-page\" data-elementor-id=\"1973\" class=\"elementor elementor-1973\" data-elementor-post-type=\"page\">\n\t\t\t\t<div class=\"elementor-element elementor-element-ebd45e5 e-flex e-con-boxed e-con e-parent\" data-id=\"ebd45e5\" data-element_type=\"container\" data-e-type=\"container\" data-settings=\"{&quot;background_background&quot;:&quot;gradient&quot;}\">\n\t\t\t\t\t<div class=\"e-con-inner\">\n\t\t<div class=\"elementor-element elementor-element-0314492 e-grid e-con-boxed e-con e-child\" data-id=\"0314492\" data-element_type=\"container\" data-e-type=\"container\" data-settings=\"{&quot;background_background&quot;:&quot;gradient&quot;}\">\n\t\t\t\t\t<div class=\"e-con-inner\">\n\t\t<div class=\"elementor-element elementor-element-9609845 e-flex e-con-boxed e-con e-child\" data-id=\"9609845\" data-element_type=\"container\" data-e-type=\"container\" data-settings=\"{&quot;background_background&quot;:&quot;classic&quot;}\">\n\t\t\t\t\t<div class=\"e-con-inner\">\n\t\t\t\t\t<\/div>\n\t\t\t\t<\/div>\n\t\t<div class=\"elementor-element elementor-element-c012eca e-flex e-con-boxed e-con e-child\" data-id=\"c012eca\" data-element_type=\"container\" data-e-type=\"container\">\n\t\t\t\t\t<div class=\"e-con-inner\">\n\t\t\t\t<div class=\"elementor-element elementor-element-30cda6c elementor-widget elementor-widget-heading\" data-id=\"30cda6c\" data-element_type=\"widget\" data-e-type=\"widget\" data-widget_type=\"heading.default\">\n\t\t\t\t<div class=\"elementor-widget-container\">\n\t\t\t\t\t<h1 class=\"elementor-heading-title elementor-size-default\">10 najcz\u0119stszych pyta\u0144<\/h1>\t\t\t\t<\/div>\n\t\t\t\t<\/div>\n\t\t\t\t<div class=\"elementor-element elementor-element-258409a elementor-widget elementor-widget-text-editor\" data-id=\"258409a\" data-element_type=\"widget\" data-e-type=\"widget\" data-widget_type=\"text-editor.default\">\n\t\t\t\t<div class=\"elementor-widget-container\">\n\t\t\t\t\t\t\t\t\t<p><strong>1. Czy musz\u0119 przeszkoli\u0107 swoich pracownik\u00f3w?<\/strong><\/p><p>Pracodawca ma obowi\u0105zek zapewnienia, aby wszyscy pracownicy u\u017cywaj\u0105cy produkt\u00f3w, kt\u00f3re zawieraj\u0105 minimum 0,1\u00a0diizocyjanian\u00f3w, uczestniczyli w odpowiednich szkoleniach. Zobacz szczeg\u00f3\u0142y w <strong><a href=\"https:\/\/eur-lex.europa.eu\/legal-content\/EN\/TXT\/PDF\/?uri=CELEX:32020R1149\">rozporz\u0105dzeniu REACH<\/a><\/strong>.<\/p><p>Obowi\u0105zkiem pracodawcy jest upewnienie si\u0119, \u017ce wszyscy odpowiedni pracownicy &#8211; w tym osoby postronne, takie jak zewn\u0119trzni konserwatorzy &#8211; uko\u0144czyli szkolenie przed rozpocz\u0119ciem pracy z diizocyjanianami.<\/p><p><span style=\"background-color: transparent; color: var( --e-global-color-9279cea ); font-family: var( --e-global-typography-text-font-family ), Sans-serif; text-align: var(--text-align);\"><b>2. Kt\u00f3re szkolenie jest w\u0142a\u015bciwe dla moich pracownik\u00f3w \/ mojej grupy docelowej?<\/b><\/span><\/p><p>Wszystko zale\u017cy od zastosowa\u0144 i zada\u0144 twoich pracownik\u00f3w. W przepisach przewidziano 3 poziomy szkole\u0144 (szkolenie og\u00f3lne, szkolenie na poziomie \u015bredniozaawansowanym i szkolenie na poziomie zaawansowanym), a konieczno\u015b\u0107 ich uko\u0144czenia zale\u017cy od ryzyka ekspozycji w zwi\u0105zku z zadaniami wykonywanymi przez pracownika. Stworzyli\u015bmy <strong><a href=\"https:\/\/safeusediisocyanates.eu\/pl\/szkolenia-online\/lista-szkolen\/\">specjalne zestawienie<\/a><\/strong>, aby pom\u00f3c w wyborze odpowiedniego szkolenia.<\/p><p><span style=\"background-color: transparent; color: var( --e-global-color-9279cea ); font-family: var( --e-global-typography-text-font-family ), Sans-serif; text-align: var(--text-align);\"><b>3. Kt\u00f3re mono-, di- i triizacjany s\u0105 obj\u0119te ograniczeniem REACH?<\/b><\/span><\/p><p>Niewyczerpuj\u0105c\u0105 list\u0119 substancji mo\u017cna znale\u017a\u0107 w <strong><a href=\"https:\/\/safeusediisocyanates.eu\/pl\/przepisy-reach\/\">sekcji REACH<\/a><\/strong>.<\/p><p><span style=\"background-color: transparent; color: var( --e-global-color-9279cea ); font-family: var( --e-global-typography-text-font-family ), Sans-serif; text-align: var(--text-align);\"><b>4. Ile kosztuje szkolenie?<\/b><\/span><\/p><p>Op\u0142ata za szkolenie online na stronie ISOPA\/ALIPA wynosi 15\u00a0EUR (+ VAT). Cena obejmuje certyfikat za szkolenie. Cena za szkolenie grupowe zale\u017cy od tre\u015bci i formatu.<\/p><p><span style=\"background-color: transparent; color: var( --e-global-color-9279cea ); font-family: var( --e-global-typography-text-font-family ), Sans-serif; text-align: var(--text-align);\"><b>5. Jak mog\u0119 zarezerwowa\u0107 szkolenie online dla grupy pracownik\u00f3w?<\/b><\/span><\/p><p>Prosimy do rejestracji u\u017cy\u0107 konta administratora. Przygotowali\u015bmy kr\u00f3tki przewodnik, kt\u00f3ry pomo\u017ce w przej\u015bciu procedury. Pobierz przewodnik w wybranym j\u0119zyku: <strong><a href=\"https:\/\/safeusediisocyanates.eu\/wp-content\/uploads\/2024\/06\/Quick-Guide-Admin-EN-V3-2024.pdf\">angielski<\/a>, <a href=\"https:\/\/safeusediisocyanates.eu\/wp-content\/uploads\/images\/guide\/quick%20guide%20-%20admin-%20fr-%20v3.1.pdf\">francuski<\/a>, <a href=\"https:\/\/safeusediisocyanates.eu\/wp-content\/uploads\/2024\/06\/Quick-Guide-Admin-DE-V4-2024.pdf\">niemiecki<\/a>, <a href=\"https:\/\/safeusediisocyanates.eu\/wp-content\/uploads\/2024\/06\/Quick-Guide-Admin-NL-V4-2024.pdf\">niderlandzki<\/a>, <a href=\"https:\/\/safeusediisocyanates.eu\/wp-content\/uploads\/2024\/06\/Quick-Guide-Admin-IT-V4-2024.pdf\">w\u0142oski<\/a><\/strong>.\u2028\u2028<\/p><p>Mo\u017cesz te\u017c kupi\u0107 vouchery dla uczestnik\u00f3w szkolenia: <strong><a href=\"https:\/\/safeusediisocyanates.eu\/wp-content\/uploads\/2025\/01\/VOUCHER-FORM.pdf\">Zam\u00f3w vouchery<\/a><\/strong><\/p><p><span style=\"background-color: transparent; color: var( --e-global-color-9279cea ); font-family: var( --e-global-typography-text-font-family ), Sans-serif; text-align: var(--text-align);\"><b>6. Ile czasu zajmuje szkolenie internetowe?<\/b><\/span><\/p><p>To zale\u017cy od wybranego szkolenia. Na uko\u0144czenie szkolenia og\u00f3lnego potrzeba oko\u0142o 40\u201350 minut. Na uko\u0144czenie szkolenia na poziomie \u015bredniozaawansowanym lub zaawansowanym trzeba doliczy\u0107 dodatkowo 30\u201360\u00a0min.<\/p><p><span style=\"background-color: transparent; color: var( --e-global-color-9279cea ); font-family: var( --e-global-typography-text-font-family ), Sans-serif; text-align: var(--text-align);\"><b>7. Czy musz\u0119 rezerwowa\u0107 szkolenie og\u00f3lne i dodatkowe?<\/b><\/span><\/p><p>Szkolenie og\u00f3lne jest uwzgl\u0119dnione we wszystkich pozosta\u0142ych kursach: \u015bredniozaawansowanym i zaawansowanym. Zatem w przypadku rezerwacji szkolenia innego ni\u017c og\u00f3lne otrzymasz szkolenie og\u00f3lne w ramach wybranej \u015bcie\u017cki szkoleniowej.<\/p><p><span style=\"background-color: transparent; color: var( --e-global-color-9279cea ); font-family: var( --e-global-typography-text-font-family ), Sans-serif; text-align: var(--text-align);\"><b>8. Czy mo\u017cna zap\u0142aci\u0107 przelewem?<\/b><\/span><\/p><p>Aby dokona\u0107 rezerwacji kursu internetowego, nale\u017cy skorzysta\u0107 z jednej z metod p\u0142atno\u015bci online. Je\u017celi firma nie wykonuje p\u0142atno\u015bci online, prosimy o skorzystanie z <strong><a href=\"https:\/\/safeusediisocyanates.eu\/wp-content\/uploads\/2025\/01\/VOUCHER-FORM.pdf\">formularza<\/a> <\/strong>do zam\u00f3wienia voucher\u00f3w.<\/p><p><span style=\"background-color: transparent; color: var( --e-global-color-9279cea ); font-family: var( --e-global-typography-text-font-family ), Sans-serif; text-align: var(--text-align);\"><b>9. Kto mo\u017ce prowadzi\u0107 szkolenia dotycz\u0105ce bezpiecznego korzystania z diizocyjanian\u00f3w i obchodzenia si\u0119 z nimi \/ kto mo\u017ce uzyska\u0107 kwalifikacje instruktora?<\/b><\/span><\/p><p>Ka\u017cdy kto posiada wiedz\u0119 na temat bezpiecze\u0144stwa i higieny pracy i dysponuje kwalifikacjami uzyskanymi w ramach odpowiedniego szkolenia zawodowego. Prosimy przej\u015b\u0107 do <strong><a href=\"https:\/\/safeusediisocyanates.eu\/pl\/instruktorzy\/\">odpowiedniej sekcji strony<\/a><\/strong>, aby zapozna\u0107 si\u0119 z opcjami i procedur\u0105, kt\u00f3ra pozwala zosta\u0107 instruktorem.<\/p><p><span style=\"background-color: transparent; color: var( --e-global-color-9279cea ); font-family: var( --e-global-typography-text-font-family ), Sans-serif; text-align: var(--text-align);\"><b>10. Czy istnieje lista instruktor\u00f3w?<\/b><\/span><\/p><p>Tak. Prosimy zapozna\u0107 si\u0119 z <strong><a href=\"https:\/\/safeusediisocyanates.eu\/pl\/instruktorzy\/wykaz-certyfikowanych-ekspertow-ds-bezpieczenstwa-w-dziedzinie-diizocyjanianow\/\">list\u0105 instruktor\u00f3w<\/a><\/strong> i skontaktowa\u0107 bezpo\u015brednio z wybran\u0105 osob\u0105.<\/p><p>Masz inne pytanie? Porozmawiaj z naszym czatbotem lub skontaktuj si\u0119 z nami przez <strong><a href=\"https:\/\/safeusediisocyanates.eu\/pl\/kontakt\/\">formularz kontaktowy<\/a><\/strong>.<\/p>\t\t\t\t\t\t\t\t<\/div>\n\t\t\t\t<\/div>\n\t\t\t\t\t<\/div>\n\t\t\t\t<\/div>\n\t\t\t\t\t<\/div>\n\t\t\t\t<\/div>\n\t\t\t\t\t<\/div>\n\t\t\t\t<\/div>\n\t\t\t\t<\/div>\n\t\t","protected":false},"excerpt":{"rendered":"<p>10 najcz\u0119stszych pyta\u0144 1. Czy musz\u0119 przeszkoli\u0107 swoich pracownik\u00f3w? Pracodawca ma obowi\u0105zek zapewnienia, aby wszyscy pracownicy u\u017cywaj\u0105cy produkt\u00f3w, kt\u00f3re zawieraj\u0105 minimum 0,1\u00a0diizocyjanian\u00f3w, uczestniczyli w odpowiednich szkoleniach. Zobacz szczeg\u00f3\u0142y w rozporz\u0105dzeniu REACH. Obowi\u0105zkiem pracodawcy jest upewnienie si\u0119, \u017ce wszyscy odpowiedni pracownicy &#8211; w tym osoby postronne, takie jak zewn\u0119trzni konserwatorzy &#8211; uko\u0144czyli szkolenie przed rozpocz\u0119ciem pracy [&hellip;]<\/p>\n","protected":false},"author":1,"featured_media":0,"parent":0,"menu_order":0,"comment_status":"closed","ping_status":"closed","template":"","meta":{"footnotes":""},"class_list":["post-1973","page","type-page","status-publish","hentry"],"yoast_head":"<!-- This site is optimized with the Yoast SEO plugin v27.2 - https:\/\/yoast.com\/product\/yoast-seo-wordpress\/ -->\n<title>FAQ - Safe use diisocyanates<\/title>\n<meta name=\"robots\" content=\"index, follow, max-snippet:-1, max-image-preview:large, max-video-preview:-1\" \/>\n<link rel=\"canonical\" href=\"https:\/\/safeusediisocyanates.eu\/pl\/faq\/\" \/>\n<meta property=\"og:locale\" content=\"pl_PL\" \/>\n<meta property=\"og:type\" content=\"article\" \/>\n<meta property=\"og:title\" content=\"FAQ - Safe use diisocyanates\" \/>\n<meta property=\"og:description\" content=\"10 najcz\u0119stszych pyta\u0144 1. Czy musz\u0119 przeszkoli\u0107 swoich pracownik\u00f3w? Pracodawca ma obowi\u0105zek zapewnienia, aby wszyscy pracownicy u\u017cywaj\u0105cy produkt\u00f3w, kt\u00f3re zawieraj\u0105 minimum 0,1\u00a0diizocyjanian\u00f3w, uczestniczyli w odpowiednich szkoleniach. Zobacz szczeg\u00f3\u0142y w rozporz\u0105dzeniu REACH. Obowi\u0105zkiem pracodawcy jest upewnienie si\u0119, \u017ce wszyscy odpowiedni pracownicy &#8211; w tym osoby postronne, takie jak zewn\u0119trzni konserwatorzy &#8211; uko\u0144czyli szkolenie przed rozpocz\u0119ciem pracy [&hellip;]\" \/>\n<meta property=\"og:url\" content=\"https:\/\/safeusediisocyanates.eu\/pl\/faq\/\" \/>\n<meta property=\"og:site_name\" content=\"Safe use diisocyanates\" \/>\n<meta property=\"article:modified_time\" content=\"2025-02-12T08:13:47+00:00\" \/>\n<meta property=\"og:image\" content=\"https:\/\/safeusediisocyanates.eu\/wp-content\/uploads\/2024\/05\/og-image.jpg\" \/>\n\t<meta property=\"og:image:width\" content=\"1200\" \/>\n\t<meta property=\"og:image:height\" content=\"675\" \/>\n\t<meta property=\"og:image:type\" content=\"image\/jpeg\" \/>\n<meta name=\"twitter:card\" content=\"summary_large_image\" \/>\n<meta name=\"twitter:label1\" content=\"Szacowany czas czytania\" \/>\n\t<meta name=\"twitter:data1\" content=\"3 minuty\" \/>\n<script type=\"application\/ld+json\" class=\"yoast-schema-graph\">{\"@context\":\"https:\/\/schema.org\",\"@graph\":[{\"@type\":\"WebPage\",\"@id\":\"https:\/\/safeusediisocyanates.eu\/pl\/faq\/\",\"url\":\"https:\/\/safeusediisocyanates.eu\/pl\/faq\/\",\"name\":\"FAQ - Safe use diisocyanates\",\"isPartOf\":{\"@id\":\"https:\/\/safeusediisocyanates.eu\/pl\/#website\"},\"datePublished\":\"2024-05-19T19:50:10+00:00\",\"dateModified\":\"2025-02-12T08:13:47+00:00\",\"breadcrumb\":{\"@id\":\"https:\/\/safeusediisocyanates.eu\/pl\/faq\/#breadcrumb\"},\"inLanguage\":\"pl-PL\",\"potentialAction\":[{\"@type\":\"ReadAction\",\"target\":[\"https:\/\/safeusediisocyanates.eu\/pl\/faq\/\"]}]},{\"@type\":\"BreadcrumbList\",\"@id\":\"https:\/\/safeusediisocyanates.eu\/pl\/faq\/#breadcrumb\",\"itemListElement\":[{\"@type\":\"ListItem\",\"position\":1,\"name\":\"Home\",\"item\":\"https:\/\/safeusediisocyanates.eu\/pl\/home\/\"},{\"@type\":\"ListItem\",\"position\":2,\"name\":\"FAQ\"}]},{\"@type\":\"WebSite\",\"@id\":\"https:\/\/safeusediisocyanates.eu\/pl\/#website\",\"url\":\"https:\/\/safeusediisocyanates.eu\/pl\/\",\"name\":\"Safe use diisocyanates\",\"description\":\"\",\"publisher\":{\"@id\":\"https:\/\/safeusediisocyanates.eu\/pl\/#organization\"},\"potentialAction\":[{\"@type\":\"SearchAction\",\"target\":{\"@type\":\"EntryPoint\",\"urlTemplate\":\"https:\/\/safeusediisocyanates.eu\/pl\/?s={search_term_string}\"},\"query-input\":{\"@type\":\"PropertyValueSpecification\",\"valueRequired\":true,\"valueName\":\"search_term_string\"}}],\"inLanguage\":\"pl-PL\"},{\"@type\":\"Organization\",\"@id\":\"https:\/\/safeusediisocyanates.eu\/pl\/#organization\",\"name\":\"Safe use diisocyanates\",\"url\":\"https:\/\/safeusediisocyanates.eu\/pl\/\",\"logo\":{\"@type\":\"ImageObject\",\"inLanguage\":\"pl-PL\",\"@id\":\"https:\/\/safeusediisocyanates.eu\/pl\/#\/schema\/logo\/image\/\",\"url\":\"https:\/\/safeusediisocyanates.eu\/wp-content\/uploads\/2024\/04\/sud-logo.jpg\",\"contentUrl\":\"https:\/\/safeusediisocyanates.eu\/wp-content\/uploads\/2024\/04\/sud-logo.jpg\",\"width\":260,\"height\":172,\"caption\":\"Safe use diisocyanates\"},\"image\":{\"@id\":\"https:\/\/safeusediisocyanates.eu\/pl\/#\/schema\/logo\/image\/\"}}]}<\/script>\n<!-- \/ Yoast SEO plugin. -->","yoast_head_json":{"title":"FAQ - Safe use diisocyanates","robots":{"index":"index","follow":"follow","max-snippet":"max-snippet:-1","max-image-preview":"max-image-preview:large","max-video-preview":"max-video-preview:-1"},"canonical":"https:\/\/safeusediisocyanates.eu\/pl\/faq\/","og_locale":"pl_PL","og_type":"article","og_title":"FAQ - Safe use diisocyanates","og_description":"10 najcz\u0119stszych pyta\u0144 1. Czy musz\u0119 przeszkoli\u0107 swoich pracownik\u00f3w? Pracodawca ma obowi\u0105zek zapewnienia, aby wszyscy pracownicy u\u017cywaj\u0105cy produkt\u00f3w, kt\u00f3re zawieraj\u0105 minimum 0,1\u00a0diizocyjanian\u00f3w, uczestniczyli w odpowiednich szkoleniach. Zobacz szczeg\u00f3\u0142y w rozporz\u0105dzeniu REACH. Obowi\u0105zkiem pracodawcy jest upewnienie si\u0119, \u017ce wszyscy odpowiedni pracownicy &#8211; w tym osoby postronne, takie jak zewn\u0119trzni konserwatorzy &#8211; uko\u0144czyli szkolenie przed rozpocz\u0119ciem pracy [&hellip;]","og_url":"https:\/\/safeusediisocyanates.eu\/pl\/faq\/","og_site_name":"Safe use diisocyanates","article_modified_time":"2025-02-12T08:13:47+00:00","og_image":[{"width":1200,"height":675,"url":"https:\/\/safeusediisocyanates.eu\/wp-content\/uploads\/2024\/05\/og-image.jpg","type":"image\/jpeg"}],"twitter_card":"summary_large_image","twitter_misc":{"Szacowany czas czytania":"3 minuty"},"schema":{"@context":"https:\/\/schema.org","@graph":[{"@type":"WebPage","@id":"https:\/\/safeusediisocyanates.eu\/pl\/faq\/","url":"https:\/\/safeusediisocyanates.eu\/pl\/faq\/","name":"FAQ - Safe use diisocyanates","isPartOf":{"@id":"https:\/\/safeusediisocyanates.eu\/pl\/#website"},"datePublished":"2024-05-19T19:50:10+00:00","dateModified":"2025-02-12T08:13:47+00:00","breadcrumb":{"@id":"https:\/\/safeusediisocyanates.eu\/pl\/faq\/#breadcrumb"},"inLanguage":"pl-PL","potentialAction":[{"@type":"ReadAction","target":["https:\/\/safeusediisocyanates.eu\/pl\/faq\/"]}]},{"@type":"BreadcrumbList","@id":"https:\/\/safeusediisocyanates.eu\/pl\/faq\/#breadcrumb","itemListElement":[{"@type":"ListItem","position":1,"name":"Home","item":"https:\/\/safeusediisocyanates.eu\/pl\/home\/"},{"@type":"ListItem","position":2,"name":"FAQ"}]},{"@type":"WebSite","@id":"https:\/\/safeusediisocyanates.eu\/pl\/#website","url":"https:\/\/safeusediisocyanates.eu\/pl\/","name":"Safe use diisocyanates","description":"","publisher":{"@id":"https:\/\/safeusediisocyanates.eu\/pl\/#organization"},"potentialAction":[{"@type":"SearchAction","target":{"@type":"EntryPoint","urlTemplate":"https:\/\/safeusediisocyanates.eu\/pl\/?s={search_term_string}"},"query-input":{"@type":"PropertyValueSpecification","valueRequired":true,"valueName":"search_term_string"}}],"inLanguage":"pl-PL"},{"@type":"Organization","@id":"https:\/\/safeusediisocyanates.eu\/pl\/#organization","name":"Safe use diisocyanates","url":"https:\/\/safeusediisocyanates.eu\/pl\/","logo":{"@type":"ImageObject","inLanguage":"pl-PL","@id":"https:\/\/safeusediisocyanates.eu\/pl\/#\/schema\/logo\/image\/","url":"https:\/\/safeusediisocyanates.eu\/wp-content\/uploads\/2024\/04\/sud-logo.jpg","contentUrl":"https:\/\/safeusediisocyanates.eu\/wp-content\/uploads\/2024\/04\/sud-logo.jpg","width":260,"height":172,"caption":"Safe use diisocyanates"},"image":{"@id":"https:\/\/safeusediisocyanates.eu\/pl\/#\/schema\/logo\/image\/"}}]}},"_links":{"self":[{"href":"https:\/\/safeusediisocyanates.eu\/pl\/wp-json\/wp\/v2\/pages\/1973","targetHints":{"allow":["GET"]}}],"collection":[{"href":"https:\/\/safeusediisocyanates.eu\/pl\/wp-json\/wp\/v2\/pages"}],"about":[{"href":"https:\/\/safeusediisocyanates.eu\/pl\/wp-json\/wp\/v2\/types\/page"}],"author":[{"embeddable":true,"href":"https:\/\/safeusediisocyanates.eu\/pl\/wp-json\/wp\/v2\/users\/1"}],"replies":[{"embeddable":true,"href":"https:\/\/safeusediisocyanates.eu\/pl\/wp-json\/wp\/v2\/comments?post=1973"}],"version-history":[{"count":25,"href":"https:\/\/safeusediisocyanates.eu\/pl\/wp-json\/wp\/v2\/pages\/1973\/revisions"}],"predecessor-version":[{"id":4676,"href":"https:\/\/safeusediisocyanates.eu\/pl\/wp-json\/wp\/v2\/pages\/1973\/revisions\/4676"}],"wp:attachment":[{"href":"https:\/\/safeusediisocyanates.eu\/pl\/wp-json\/wp\/v2\/media?parent=1973"}],"curies":[{"name":"wp","href":"https:\/\/api.w.org\/{rel}","templated":true}]}}