{"id":2146,"date":"2024-04-28T21:48:48","date_gmt":"2024-04-28T21:48:48","guid":{"rendered":"https:\/\/nostalgic-galois.46-242-128-94.plesk.page\/?page_id=2146"},"modified":"2025-02-12T08:11:44","modified_gmt":"2025-02-12T08:11:44","slug":"faq","status":"publish","type":"page","link":"https:\/\/safeusediisocyanates.eu\/fr\/faq\/","title":{"rendered":"FAQ"},"content":{"rendered":"\t\t<div data-elementor-type=\"wp-page\" data-elementor-id=\"2146\" class=\"elementor elementor-2146 elementor-148\" data-elementor-post-type=\"page\">\n\t\t\t\t<div class=\"elementor-element elementor-element-ebd45e5 e-flex e-con-boxed e-con e-parent\" data-id=\"ebd45e5\" data-element_type=\"container\" data-e-type=\"container\" data-settings=\"{&quot;background_background&quot;:&quot;gradient&quot;}\">\n\t\t\t\t\t<div class=\"e-con-inner\">\n\t\t<div class=\"elementor-element elementor-element-0314492 e-grid e-con-boxed e-con e-child\" data-id=\"0314492\" data-element_type=\"container\" data-e-type=\"container\" data-settings=\"{&quot;background_background&quot;:&quot;gradient&quot;}\">\n\t\t\t\t\t<div class=\"e-con-inner\">\n\t\t<div class=\"elementor-element elementor-element-9609845 e-flex e-con-boxed e-con e-child\" data-id=\"9609845\" data-element_type=\"container\" data-e-type=\"container\" data-settings=\"{&quot;background_background&quot;:&quot;classic&quot;}\">\n\t\t\t\t\t<div class=\"e-con-inner\">\n\t\t\t\t\t<\/div>\n\t\t\t\t<\/div>\n\t\t<div class=\"elementor-element elementor-element-c012eca e-flex e-con-boxed e-con e-child\" data-id=\"c012eca\" data-element_type=\"container\" data-e-type=\"container\">\n\t\t\t\t\t<div class=\"e-con-inner\">\n\t\t\t\t<div class=\"elementor-element elementor-element-30cda6c elementor-widget elementor-widget-heading\" data-id=\"30cda6c\" data-element_type=\"widget\" data-e-type=\"widget\" data-widget_type=\"heading.default\">\n\t\t\t\t<div class=\"elementor-widget-container\">\n\t\t\t\t\t<h1 class=\"elementor-heading-title elementor-size-default\">FAQ : les 10 questions les plus fr\u00e9quentes<\/h1>\t\t\t\t<\/div>\n\t\t\t\t<\/div>\n\t\t\t\t<div class=\"elementor-element elementor-element-258409a elementor-widget elementor-widget-text-editor\" data-id=\"258409a\" data-element_type=\"widget\" data-e-type=\"widget\" data-widget_type=\"text-editor.default\">\n\t\t\t\t<div class=\"elementor-widget-container\">\n\t\t\t\t\t\t\t\t\t<p><strong>1. Dois-je former mes collaborateurs ?<\/strong><\/p><p>L&#8217;employeur a l&rsquo;obligation de fournir une formation appropri\u00e9e \u00e0 tous les collaborateurs qui utilisent ou manipulent des produits contenant plus de 0,1\u00a0% de diisocyanates. Pour plus de d\u00e9tails, consultez <strong><a href=\"https:\/\/eur-lex.europa.eu\/legal-content\/EN\/TXT\/PDF\/?uri=CELEX:32020R1149\">le r\u00e8glement Reach de l\u2019UE<\/a><\/strong>.<\/p><p>Il incombe \u00e0 l&#8217;employeur de s&rsquo;assurer que tous les employ\u00e9s concern\u00e9s &#8211; y compris les personnes pr\u00e9sentes, telles que les agents d&rsquo;entretien externes &#8211; ont suivi la formation avant de manipuler des diisocyanates.<\/p><p><strong>2. Quelle est la formation n\u00e9cessaire pour mes collaborateurs\/mon groupe cible ?<\/strong><\/p><p>Tout va d\u00e9pendre de l\u2019application et des t\u00e2ches de vos collaborateurs. Les r\u00e9gulateurs ont identifi\u00e9 3 niveaux diff\u00e9rents (Formation g\u00e9n\u00e9rale, interm\u00e9diaire et avanc\u00e9e) en fonction du risque d&rsquo;exposition li\u00e9 aux t\u00e2ches effectu\u00e9es par le collaborateur. Nous avons cr\u00e9\u00e9 <strong><a href=\"https:\/\/safeusediisocyanates.eu\/fr\/formation-en-ligne\/liste-des-formations\/\">une matrice<\/a><\/strong> sp\u00e9cifique pour vous aider \u00e0 faire le bon choix.<\/p><p><strong>3. Quels sont les mono-, di- ou triisocyanates concern\u00e9s par la restriction REACH ?<\/strong><\/p><p>Vous retrouverez une liste non exhaustive de substances dans <strong><a href=\"https:\/\/safeusediisocyanates.eu\/fr\/legislation-reach\/\">la rubrique REACH<\/a><\/strong>.<\/p><p><strong>4. Quel est le co\u00fbt d&rsquo;une formation ?<\/strong><\/p><p>Le tarif pour une formation en ligne sur le site de l\u2019ISOPA\/ALIPA est de 15\u00a0\u20ac (+ TVA applicable). L\u2019attestation de formation est incluse dans ce tarif. Les prix des formations en classe d\u00e9pendent du contenu et du format.<\/p><p><strong>5. Comment puis-je r\u00e9server une formation en ligne pour un groupe de collaborateurs ?<\/strong><\/p><p>Veuillez utiliser votre compte administrateur pour vous inscrire. Nous avons pr\u00e9par\u00e9 un guide rapide pour vous y aider. T\u00e9l\u00e9chargez-le dans votre langue pr\u00e9f\u00e9r\u00e9e ici\u00a0: <strong><a href=\"https:\/\/safeusediisocyanates.eu\/wp-content\/uploads\/2024\/06\/Quick-Guide-Admin-EN-V3-2024.pdf\">anglais<\/a><\/strong>, <strong><a href=\"https:\/\/safeusediisocyanates.eu\/wp-content\/uploads\/images\/guide\/quick%20guide%20-%20admin-%20fr-%20v3.1.pdf\">fran\u00e7ais<\/a><\/strong>, <strong><a href=\"https:\/\/safeusediisocyanates.eu\/wp-content\/uploads\/2024\/06\/Quick-Guide-Admin-DE-V4-2024.pdf\">allemand<\/a><\/strong>, <strong><a href=\"https:\/\/safeusediisocyanates.eu\/wp-content\/uploads\/2024\/06\/Quick-Guide-Admin-NL-V4-2024.pdf\">n\u00e9erlandais<\/a><\/strong>, <strong><a href=\"https:\/\/safeusediisocyanates.eu\/wp-content\/uploads\/2024\/06\/Quick-Guide-Admin-IT-V4-2024.pdf\">italien<\/a><\/strong>.\u2028\u2028<\/p><p>Vous pouvez \u00e9galement acheter des vouchers pour vos stagiaires\u00a0: commander des <strong><a href=\"https:\/\/safeusediisocyanates.eu\/wp-content\/uploads\/2025\/01\/VOUCHER-FORM.pdf\">vouchers<\/a><\/strong>.<\/p><p><strong>6. Combien de temps faut-il pour suivre une formation en ligne ?<\/strong><\/p><p>Cela d\u00e9pend de la formation que vous avez r\u00e9serv\u00e9e. La formation g\u00e9n\u00e9rale prend environ 40 \u00e0 50 minutes. Les formations interm\u00e9diaires ou avanc\u00e9es n\u00e9cessitent 30 \u00e0 60 minutes suppl\u00e9mentaires.<\/p><p><strong>7. Dois-je r\u00e9server la formation g\u00e9n\u00e9rale ainsi qu\u2019une formation compl\u00e9mentaire ?<\/strong><\/p><p>La formation g\u00e9n\u00e9rale est incluse dans les autres formations (interm\u00e9diaires ou avanc\u00e9es). Ainsi, si vous r\u00e9servez une autre formation, vous recevrez automatiquement la formation g\u00e9n\u00e9rale lors de votre apprentissage.<\/p><p><strong>8. Est-il possible de payer par virement bancaire ?<\/strong><\/p><p>Nous proposons diverses m\u00e9thodes de paiement en ligne pour r\u00e9server une formation en ligne. Si le paiement en ligne n&rsquo;est pas pris en charge par votre entreprise, veuillez utiliser le formulaire de r\u00e9servation <strong><a href=\"https:\/\/safeusediisocyanates.eu\/wp-content\/uploads\/2025\/01\/VOUCHER-FORM.pdf\">par voucher<\/a><\/strong>.<\/p><p><strong>9. Qui est autoris\u00e9 \u00e0 dispenser la formation sur l&rsquo;utilisation et la manipulation en toute s\u00e9curit\u00e9 des diisocyanates \/ qualification du formateur ?<\/strong><\/p><p>Toute personne poss\u00e9dant les connaissances n\u00e9cessaires en mati\u00e8re de s\u00e9curit\u00e9 et de sant\u00e9 au travail gr\u00e2ce \u00e0 des comp\u00e9tences acquises par une formation professionnelle pertinente. Veuillez vous r\u00e9f\u00e9rer \u00e0 <strong><a href=\"https:\/\/safeusediisocyanates.eu\/fr\/formateurs\/\">notre page d\u00e9di\u00e9e<\/a><\/strong> pour conna\u00eetre les options et le processus pour devenir formateur.<\/p><p><strong>10. Avez-vous une liste de formateurs ?<\/strong><\/p><p>Oui, tout \u00e0 fait. Veuillez consulter notre <strong><a href=\"https:\/\/safeusediisocyanates.eu\/fr\/formateurs\/liste-dexperts-certifies-sur-lutilisation-sure-des-diisocyanates\/\">liste de formateurs<\/a><\/strong> et les contacter directement.<\/p><p>Vous n&rsquo;avez pas trouv\u00e9 la r\u00e9ponse \u00e0 votre question\u00a0? N\u2019h\u00e9sitez pas \u00e0 nous contacter par notre chatbot ou \u00e0 nous \u00e9crire via notre <strong><a href=\"https:\/\/safeusediisocyanates.eu\/fr\/nous-contacter\/\">formulaire de contact<\/a><\/strong>.<\/p>\t\t\t\t\t\t\t\t<\/div>\n\t\t\t\t<\/div>\n\t\t\t\t\t<\/div>\n\t\t\t\t<\/div>\n\t\t\t\t\t<\/div>\n\t\t\t\t<\/div>\n\t\t\t\t\t<\/div>\n\t\t\t\t<\/div>\n\t\t\t\t<\/div>\n\t\t","protected":false},"excerpt":{"rendered":"<p>FAQ : les 10 questions les plus fr\u00e9quentes 1. Dois-je former mes collaborateurs ? L&#8217;employeur a l&rsquo;obligation de fournir une formation appropri\u00e9e \u00e0 tous les collaborateurs qui utilisent ou manipulent des produits contenant plus de 0,1\u00a0% de diisocyanates. Pour plus de d\u00e9tails, consultez le r\u00e8glement Reach de l\u2019UE. Il incombe \u00e0 l&#8217;employeur de s&rsquo;assurer que [&hellip;]<\/p>\n","protected":false},"author":1,"featured_media":0,"parent":0,"menu_order":0,"comment_status":"closed","ping_status":"closed","template":"","meta":{"footnotes":""},"class_list":["post-2146","page","type-page","status-publish","hentry"],"yoast_head":"<!-- This site is optimized with the Yoast SEO plugin v27.2 - https:\/\/yoast.com\/product\/yoast-seo-wordpress\/ -->\n<title>FAQ - Safe use diisocyanates<\/title>\n<meta name=\"robots\" content=\"index, follow, max-snippet:-1, max-image-preview:large, max-video-preview:-1\" \/>\n<link rel=\"canonical\" href=\"https:\/\/safeusediisocyanates.eu\/faq\/\" \/>\n<meta property=\"og:locale\" content=\"fr_FR\" \/>\n<meta property=\"og:type\" content=\"article\" \/>\n<meta property=\"og:title\" content=\"FAQ - Safe use diisocyanates\" \/>\n<meta property=\"og:description\" content=\"FAQ : les 10 questions les plus fr\u00e9quentes 1. Dois-je former mes collaborateurs ? L&#8217;employeur a l&rsquo;obligation de fournir une formation appropri\u00e9e \u00e0 tous les collaborateurs qui utilisent ou manipulent des produits contenant plus de 0,1\u00a0% de diisocyanates. Pour plus de d\u00e9tails, consultez le r\u00e8glement Reach de l\u2019UE. Il incombe \u00e0 l&#8217;employeur de s&rsquo;assurer que [&hellip;]\" \/>\n<meta property=\"og:url\" content=\"https:\/\/safeusediisocyanates.eu\/faq\/\" \/>\n<meta property=\"og:site_name\" content=\"Safe use diisocyanates\" \/>\n<meta property=\"article:modified_time\" content=\"2025-02-12T08:11:44+00:00\" \/>\n<meta property=\"og:image\" content=\"https:\/\/safeusediisocyanates.eu\/wp-content\/uploads\/2024\/05\/og-image.jpg\" \/>\n\t<meta property=\"og:image:width\" content=\"1200\" \/>\n\t<meta property=\"og:image:height\" content=\"675\" \/>\n\t<meta property=\"og:image:type\" content=\"image\/jpeg\" \/>\n<meta name=\"twitter:card\" content=\"summary_large_image\" \/>\n<meta name=\"twitter:label1\" content=\"Dur\u00e9e de lecture estim\u00e9e\" \/>\n\t<meta name=\"twitter:data1\" content=\"3 minutes\" \/>\n<script type=\"application\/ld+json\" class=\"yoast-schema-graph\">{\"@context\":\"https:\/\/schema.org\",\"@graph\":[{\"@type\":\"WebPage\",\"@id\":\"https:\/\/safeusediisocyanates.eu\/faq\/\",\"url\":\"https:\/\/safeusediisocyanates.eu\/faq\/\",\"name\":\"FAQ - Safe use diisocyanates\",\"isPartOf\":{\"@id\":\"https:\/\/safeusediisocyanates.eu\/pl\/#website\"},\"datePublished\":\"2024-04-28T21:48:48+00:00\",\"dateModified\":\"2025-02-12T08:11:44+00:00\",\"breadcrumb\":{\"@id\":\"https:\/\/safeusediisocyanates.eu\/faq\/#breadcrumb\"},\"inLanguage\":\"fr-FR\",\"potentialAction\":[{\"@type\":\"ReadAction\",\"target\":[\"https:\/\/safeusediisocyanates.eu\/faq\/\"]}]},{\"@type\":\"BreadcrumbList\",\"@id\":\"https:\/\/safeusediisocyanates.eu\/faq\/#breadcrumb\",\"itemListElement\":[{\"@type\":\"ListItem\",\"position\":1,\"name\":\"Home\",\"item\":\"https:\/\/safeusediisocyanates.eu\/fr\/new-homepage\/\"},{\"@type\":\"ListItem\",\"position\":2,\"name\":\"FAQ\"}]},{\"@type\":\"WebSite\",\"@id\":\"https:\/\/safeusediisocyanates.eu\/pl\/#website\",\"url\":\"https:\/\/safeusediisocyanates.eu\/pl\/\",\"name\":\"Safe use diisocyanates\",\"description\":\"\",\"publisher\":{\"@id\":\"https:\/\/safeusediisocyanates.eu\/pl\/#organization\"},\"potentialAction\":[{\"@type\":\"SearchAction\",\"target\":{\"@type\":\"EntryPoint\",\"urlTemplate\":\"https:\/\/safeusediisocyanates.eu\/pl\/?s={search_term_string}\"},\"query-input\":{\"@type\":\"PropertyValueSpecification\",\"valueRequired\":true,\"valueName\":\"search_term_string\"}}],\"inLanguage\":\"fr-FR\"},{\"@type\":\"Organization\",\"@id\":\"https:\/\/safeusediisocyanates.eu\/pl\/#organization\",\"name\":\"Safe use diisocyanates\",\"url\":\"https:\/\/safeusediisocyanates.eu\/pl\/\",\"logo\":{\"@type\":\"ImageObject\",\"inLanguage\":\"fr-FR\",\"@id\":\"https:\/\/safeusediisocyanates.eu\/pl\/#\/schema\/logo\/image\/\",\"url\":\"https:\/\/safeusediisocyanates.eu\/wp-content\/uploads\/2024\/04\/sud-logo.jpg\",\"contentUrl\":\"https:\/\/safeusediisocyanates.eu\/wp-content\/uploads\/2024\/04\/sud-logo.jpg\",\"width\":260,\"height\":172,\"caption\":\"Safe use diisocyanates\"},\"image\":{\"@id\":\"https:\/\/safeusediisocyanates.eu\/pl\/#\/schema\/logo\/image\/\"}}]}<\/script>\n<!-- \/ Yoast SEO plugin. -->","yoast_head_json":{"title":"FAQ - Safe use diisocyanates","robots":{"index":"index","follow":"follow","max-snippet":"max-snippet:-1","max-image-preview":"max-image-preview:large","max-video-preview":"max-video-preview:-1"},"canonical":"https:\/\/safeusediisocyanates.eu\/faq\/","og_locale":"fr_FR","og_type":"article","og_title":"FAQ - Safe use diisocyanates","og_description":"FAQ : les 10 questions les plus fr\u00e9quentes 1. Dois-je former mes collaborateurs ? L&#8217;employeur a l&rsquo;obligation de fournir une formation appropri\u00e9e \u00e0 tous les collaborateurs qui utilisent ou manipulent des produits contenant plus de 0,1\u00a0% de diisocyanates. Pour plus de d\u00e9tails, consultez le r\u00e8glement Reach de l\u2019UE. Il incombe \u00e0 l&#8217;employeur de s&rsquo;assurer que [&hellip;]","og_url":"https:\/\/safeusediisocyanates.eu\/faq\/","og_site_name":"Safe use diisocyanates","article_modified_time":"2025-02-12T08:11:44+00:00","og_image":[{"width":1200,"height":675,"url":"https:\/\/safeusediisocyanates.eu\/wp-content\/uploads\/2024\/05\/og-image.jpg","type":"image\/jpeg"}],"twitter_card":"summary_large_image","twitter_misc":{"Dur\u00e9e de lecture estim\u00e9e":"3 minutes"},"schema":{"@context":"https:\/\/schema.org","@graph":[{"@type":"WebPage","@id":"https:\/\/safeusediisocyanates.eu\/faq\/","url":"https:\/\/safeusediisocyanates.eu\/faq\/","name":"FAQ - Safe use diisocyanates","isPartOf":{"@id":"https:\/\/safeusediisocyanates.eu\/pl\/#website"},"datePublished":"2024-04-28T21:48:48+00:00","dateModified":"2025-02-12T08:11:44+00:00","breadcrumb":{"@id":"https:\/\/safeusediisocyanates.eu\/faq\/#breadcrumb"},"inLanguage":"fr-FR","potentialAction":[{"@type":"ReadAction","target":["https:\/\/safeusediisocyanates.eu\/faq\/"]}]},{"@type":"BreadcrumbList","@id":"https:\/\/safeusediisocyanates.eu\/faq\/#breadcrumb","itemListElement":[{"@type":"ListItem","position":1,"name":"Home","item":"https:\/\/safeusediisocyanates.eu\/fr\/new-homepage\/"},{"@type":"ListItem","position":2,"name":"FAQ"}]},{"@type":"WebSite","@id":"https:\/\/safeusediisocyanates.eu\/pl\/#website","url":"https:\/\/safeusediisocyanates.eu\/pl\/","name":"Safe use diisocyanates","description":"","publisher":{"@id":"https:\/\/safeusediisocyanates.eu\/pl\/#organization"},"potentialAction":[{"@type":"SearchAction","target":{"@type":"EntryPoint","urlTemplate":"https:\/\/safeusediisocyanates.eu\/pl\/?s={search_term_string}"},"query-input":{"@type":"PropertyValueSpecification","valueRequired":true,"valueName":"search_term_string"}}],"inLanguage":"fr-FR"},{"@type":"Organization","@id":"https:\/\/safeusediisocyanates.eu\/pl\/#organization","name":"Safe use diisocyanates","url":"https:\/\/safeusediisocyanates.eu\/pl\/","logo":{"@type":"ImageObject","inLanguage":"fr-FR","@id":"https:\/\/safeusediisocyanates.eu\/pl\/#\/schema\/logo\/image\/","url":"https:\/\/safeusediisocyanates.eu\/wp-content\/uploads\/2024\/04\/sud-logo.jpg","contentUrl":"https:\/\/safeusediisocyanates.eu\/wp-content\/uploads\/2024\/04\/sud-logo.jpg","width":260,"height":172,"caption":"Safe use diisocyanates"},"image":{"@id":"https:\/\/safeusediisocyanates.eu\/pl\/#\/schema\/logo\/image\/"}}]}},"_links":{"self":[{"href":"https:\/\/safeusediisocyanates.eu\/fr\/wp-json\/wp\/v2\/pages\/2146","targetHints":{"allow":["GET"]}}],"collection":[{"href":"https:\/\/safeusediisocyanates.eu\/fr\/wp-json\/wp\/v2\/pages"}],"about":[{"href":"https:\/\/safeusediisocyanates.eu\/fr\/wp-json\/wp\/v2\/types\/page"}],"author":[{"embeddable":true,"href":"https:\/\/safeusediisocyanates.eu\/fr\/wp-json\/wp\/v2\/users\/1"}],"replies":[{"embeddable":true,"href":"https:\/\/safeusediisocyanates.eu\/fr\/wp-json\/wp\/v2\/comments?post=2146"}],"version-history":[{"count":19,"href":"https:\/\/safeusediisocyanates.eu\/fr\/wp-json\/wp\/v2\/pages\/2146\/revisions"}],"predecessor-version":[{"id":4667,"href":"https:\/\/safeusediisocyanates.eu\/fr\/wp-json\/wp\/v2\/pages\/2146\/revisions\/4667"}],"wp:attachment":[{"href":"https:\/\/safeusediisocyanates.eu\/fr\/wp-json\/wp\/v2\/media?parent=2146"}],"curies":[{"name":"wp","href":"https:\/\/api.w.org\/{rel}","templated":true}]}}