{"id":2141,"date":"2024-04-29T20:05:56","date_gmt":"2024-04-29T20:05:56","guid":{"rendered":"https:\/\/nostalgic-galois.46-242-128-94.plesk.page\/?page_id=2141"},"modified":"2024-06-17T14:12:14","modified_gmt":"2024-06-17T14:12:14","slug":"formateurs-internes","status":"publish","type":"page","link":"https:\/\/safeusediisocyanates.eu\/fr\/formateurs\/formateurs-internes\/","title":{"rendered":"Formateurs internes"},"content":{"rendered":"\t\t<div data-elementor-type=\"wp-page\" data-elementor-id=\"2141\" class=\"elementor elementor-2141 elementor-252\" data-elementor-post-type=\"page\">\n\t\t\t\t<div class=\"elementor-element elementor-element-ebd45e5 e-flex e-con-boxed e-con e-parent\" data-id=\"ebd45e5\" data-element_type=\"container\" data-e-type=\"container\" data-settings=\"{&quot;background_background&quot;:&quot;gradient&quot;}\">\n\t\t\t\t\t<div class=\"e-con-inner\">\n\t\t<div class=\"elementor-element elementor-element-0314492 e-grid e-con-boxed e-con e-child\" data-id=\"0314492\" data-element_type=\"container\" data-e-type=\"container\" data-settings=\"{&quot;background_background&quot;:&quot;gradient&quot;}\">\n\t\t\t\t\t<div class=\"e-con-inner\">\n\t\t<div class=\"elementor-element elementor-element-9609845 e-flex e-con-boxed e-con e-child\" data-id=\"9609845\" data-element_type=\"container\" data-e-type=\"container\" data-settings=\"{&quot;background_background&quot;:&quot;classic&quot;}\">\n\t\t\t\t\t<div class=\"e-con-inner\">\n\t\t\t\t\t<\/div>\n\t\t\t\t<\/div>\n\t\t<div class=\"elementor-element elementor-element-c012eca e-flex e-con-boxed e-con e-child\" data-id=\"c012eca\" data-element_type=\"container\" data-e-type=\"container\">\n\t\t\t\t\t<div class=\"e-con-inner\">\n\t\t\t\t<div class=\"elementor-element elementor-element-30cda6c elementor-widget elementor-widget-heading\" data-id=\"30cda6c\" data-element_type=\"widget\" data-e-type=\"widget\" data-widget_type=\"heading.default\">\n\t\t\t\t<div class=\"elementor-widget-container\">\n\t\t\t\t\t<h1 class=\"elementor-heading-title elementor-size-default\">Formateurs internes<\/h1>\t\t\t\t<\/div>\n\t\t\t\t<\/div>\n\t\t\t\t<div class=\"elementor-element elementor-element-5f667cd elementor-widget elementor-widget-heading\" data-id=\"5f667cd\" data-element_type=\"widget\" data-e-type=\"widget\" data-widget_type=\"heading.default\">\n\t\t\t\t<div class=\"elementor-widget-container\">\n\t\t\t\t\t<h2 class=\"elementor-heading-title elementor-size-default\">D\u00e9finition<\/h2>\t\t\t\t<\/div>\n\t\t\t\t<\/div>\n\t\t\t\t<div class=\"elementor-element elementor-element-258409a elementor-widget elementor-widget-text-editor\" data-id=\"258409a\" data-element_type=\"widget\" data-e-type=\"widget\" data-widget_type=\"text-editor.default\">\n\t\t\t\t<div class=\"elementor-widget-container\">\n\t\t\t\t\t\t\t\t\t<p>Un formateur interne agit en tant que salari\u00e9 de son entreprise et est donc charg\u00e9 de former les autres collaborateurs ou les clients de son entreprise.<\/p>\t\t\t\t\t\t\t\t<\/div>\n\t\t\t\t<\/div>\n\t\t\t\t\t<\/div>\n\t\t\t\t<\/div>\n\t\t\t\t\t<\/div>\n\t\t\t\t<\/div>\n\t\t\t\t\t<\/div>\n\t\t\t\t<\/div>\n\t\t<div class=\"elementor-element elementor-element-30fdb8b e-flex e-con-boxed e-con e-parent\" data-id=\"30fdb8b\" data-element_type=\"container\" data-e-type=\"container\">\n\t\t\t\t\t<div class=\"e-con-inner\">\n\t\t\t\t<div class=\"elementor-element elementor-element-8ae784a elementor-widget elementor-widget-heading\" data-id=\"8ae784a\" data-element_type=\"widget\" data-e-type=\"widget\" data-widget_type=\"heading.default\">\n\t\t\t\t<div class=\"elementor-widget-container\">\n\t\t\t\t\t<h2 class=\"elementor-heading-title elementor-size-default\">Proc\u00e9dure pour les formateurs internes :<\/h2>\t\t\t\t<\/div>\n\t\t\t\t<\/div>\n\t\t<div class=\"elementor-element elementor-element-10f6258 e-flex e-con-boxed e-con e-child\" data-id=\"10f6258\" data-element_type=\"container\" data-e-type=\"container\">\n\t\t\t\t\t<div class=\"e-con-inner\">\n\t\t<div class=\"elementor-element elementor-element-d85717c e-flex e-con-boxed e-con e-child\" data-id=\"d85717c\" data-element_type=\"container\" data-e-type=\"container\">\n\t\t\t\t\t<div class=\"e-con-inner\">\n\t\t<div class=\"elementor-element elementor-element-f13f0f1 e-grid e-con-boxed e-con e-child\" data-id=\"f13f0f1\" data-element_type=\"container\" data-e-type=\"container\" data-settings=\"{&quot;background_background&quot;:&quot;classic&quot;}\">\n\t\t\t\t\t<div class=\"e-con-inner\">\n\t\t\t\t<div class=\"elementor-element elementor-element-89ed49b elementor-widget elementor-widget-heading\" data-id=\"89ed49b\" data-element_type=\"widget\" data-e-type=\"widget\" data-widget_type=\"heading.default\">\n\t\t\t\t<div class=\"elementor-widget-container\">\n\t\t\t\t\t<h3 class=\"elementor-heading-title elementor-size-default\">1<\/h3>\t\t\t\t<\/div>\n\t\t\t\t<\/div>\n\t\t\t\t<div class=\"elementor-element elementor-element-0b0da93 elementor-widget elementor-widget-heading\" data-id=\"0b0da93\" data-element_type=\"widget\" data-e-type=\"widget\" data-widget_type=\"heading.default\">\n\t\t\t\t<div class=\"elementor-widget-container\">\n\t\t\t\t\t<h3 class=\"elementor-heading-title elementor-size-default\">Inscription<\/h3>\t\t\t\t<\/div>\n\t\t\t\t<\/div>\n\t\t\t\t\t<\/div>\n\t\t\t\t<\/div>\n\t\t<div class=\"elementor-element elementor-element-ba09e27 e-flex e-con-boxed e-con e-child\" data-id=\"ba09e27\" data-element_type=\"container\" data-e-type=\"container\">\n\t\t\t\t\t<div class=\"e-con-inner\">\n\t\t\t\t<div class=\"elementor-element elementor-element-ec712ab elementor-widget elementor-widget-text-editor\" data-id=\"ec712ab\" data-element_type=\"widget\" data-e-type=\"widget\" data-widget_type=\"text-editor.default\">\n\t\t\t\t<div class=\"elementor-widget-container\">\n\t\t\t\t\t\t\t\t\t<p>Confirmez par email \u00e0 l\u2019adresse training@safeusediisocyanates.eu que vous \u00eates un formateur interne. Indiquez le nom de votre entreprise, son adresse, son num\u00e9ro de TVA et acceptez les conditions g\u00e9n\u00e9rales pour les formateurs internes.<\/p>\t\t\t\t\t\t\t\t<\/div>\n\t\t\t\t<\/div>\n\t\t\t\t\t<\/div>\n\t\t\t\t<\/div>\n\t\t\t\t\t<\/div>\n\t\t\t\t<\/div>\n\t\t<div class=\"elementor-element elementor-element-64964aa e-flex e-con-boxed e-con e-child\" data-id=\"64964aa\" data-element_type=\"container\" data-e-type=\"container\">\n\t\t\t\t\t<div class=\"e-con-inner\">\n\t\t<div class=\"elementor-element elementor-element-b1ec5a3 e-grid e-con-boxed e-con e-child\" data-id=\"b1ec5a3\" data-element_type=\"container\" data-e-type=\"container\" data-settings=\"{&quot;background_background&quot;:&quot;classic&quot;}\">\n\t\t\t\t\t<div class=\"e-con-inner\">\n\t\t\t\t<div class=\"elementor-element elementor-element-61ad136 elementor-widget elementor-widget-heading\" data-id=\"61ad136\" data-element_type=\"widget\" data-e-type=\"widget\" data-widget_type=\"heading.default\">\n\t\t\t\t<div class=\"elementor-widget-container\">\n\t\t\t\t\t<h3 class=\"elementor-heading-title elementor-size-default\">2<\/h3>\t\t\t\t<\/div>\n\t\t\t\t<\/div>\n\t\t\t\t<div class=\"elementor-element elementor-element-4c58df3 elementor-widget elementor-widget-heading\" data-id=\"4c58df3\" data-element_type=\"widget\" data-e-type=\"widget\" data-widget_type=\"heading.default\">\n\t\t\t\t<div class=\"elementor-widget-container\">\n\t\t\t\t\t<h3 class=\"elementor-heading-title elementor-size-default\">Co\u00fbt du mat\u00e9riel p\u00e9dagogique<\/h3>\t\t\t\t<\/div>\n\t\t\t\t<\/div>\n\t\t\t\t\t<\/div>\n\t\t\t\t<\/div>\n\t\t<div class=\"elementor-element elementor-element-12ca387 e-flex e-con-boxed e-con e-child\" data-id=\"12ca387\" data-element_type=\"container\" data-e-type=\"container\">\n\t\t\t\t\t<div class=\"e-con-inner\">\n\t\t\t\t<div class=\"elementor-element elementor-element-e435517 elementor-widget elementor-widget-text-editor\" data-id=\"e435517\" data-element_type=\"widget\" data-e-type=\"widget\" data-widget_type=\"text-editor.default\">\n\t\t\t\t<div class=\"elementor-widget-container\">\n\t\t\t\t\t\t\t\t\t<p>Le mat\u00e9riel p\u00e9dagogique est disponible \u00e0 partir de 500\u00a0\u20ac par entit\u00e9 juridique. Une facture vous sera produite et, \u00e0 r\u00e9ception du paiement, le mat\u00e9riel p\u00e9dagogique vous sera livr\u00e9. Veuillez nous envoyer un email en pr\u00e9cisant le mat\u00e9riel p\u00e9dagogique n\u00e9cessaire, en fonction de la matrice ou de la liste de formations.<\/p>\t\t\t\t\t\t\t\t<\/div>\n\t\t\t\t<\/div>\n\t\t\t\t\t<\/div>\n\t\t\t\t<\/div>\n\t\t\t\t\t<\/div>\n\t\t\t\t<\/div>\n\t\t<div class=\"elementor-element elementor-element-8ee3dac e-flex e-con-boxed e-con e-child\" data-id=\"8ee3dac\" data-element_type=\"container\" data-e-type=\"container\">\n\t\t\t\t\t<div class=\"e-con-inner\">\n\t\t<div class=\"elementor-element elementor-element-8beb912 e-grid e-con-boxed e-con e-child\" data-id=\"8beb912\" data-element_type=\"container\" data-e-type=\"container\" data-settings=\"{&quot;background_background&quot;:&quot;classic&quot;}\">\n\t\t\t\t\t<div class=\"e-con-inner\">\n\t\t\t\t<div class=\"elementor-element elementor-element-20b4704 elementor-widget elementor-widget-heading\" data-id=\"20b4704\" data-element_type=\"widget\" data-e-type=\"widget\" data-widget_type=\"heading.default\">\n\t\t\t\t<div class=\"elementor-widget-container\">\n\t\t\t\t\t<h3 class=\"elementor-heading-title elementor-size-default\">3<\/h3>\t\t\t\t<\/div>\n\t\t\t\t<\/div>\n\t\t\t\t<div class=\"elementor-element elementor-element-4bfa93c elementor-widget elementor-widget-heading\" data-id=\"4bfa93c\" data-element_type=\"widget\" data-e-type=\"widget\" data-widget_type=\"heading.default\">\n\t\t\t\t<div class=\"elementor-widget-container\">\n\t\t\t\t\t<h3 class=\"elementor-heading-title elementor-size-default\">Attestations<\/h3>\t\t\t\t<\/div>\n\t\t\t\t<\/div>\n\t\t\t\t\t<\/div>\n\t\t\t\t<\/div>\n\t\t<div class=\"elementor-element elementor-element-bbb655a e-flex e-con-boxed e-con e-child\" data-id=\"bbb655a\" data-element_type=\"container\" data-e-type=\"container\">\n\t\t\t\t\t<div class=\"e-con-inner\">\n\t\t\t\t<div class=\"elementor-element elementor-element-d3024a4 list-content elementor-widget elementor-widget-text-editor\" data-id=\"d3024a4\" data-element_type=\"widget\" data-e-type=\"widget\" data-widget_type=\"text-editor.default\">\n\t\t\t\t<div class=\"elementor-widget-container\">\n\t\t\t\t\t\t\t\t\t<p>Pour acheter des attestations en ligne pour vos participants (15\u00a0\u20ac HTVA par attestation)\u00a0:<\/p><ol><li><strong>Ouvrez votre <span style=\"color: #8bc145;\"><a style=\"color: #8bc145;\" href=\"https:\/\/passport.events\/manager\/\">compte administrateur<\/a><\/span> ou <span style=\"color: #8bc145;\"><a style=\"color: #8bc145;\" href=\"https:\/\/passport.events\/administrative\/register\">cr\u00e9ez-en un<\/a><\/span> si vous n&rsquo;en poss\u00e9dez pas encore. Une fois cette \u00e9tape effectu\u00e9e, vous devriez recevoir un e-mail vous invitant \u00e0 valider votre adresse e-mail.\u2028<\/strong><\/li><li><strong>Envoyez votre identifiant du compte administrateur (votre adresse email) \u00e0 training@safeusediisocyanates.eu pour que nous puissions activer votre compte.<\/strong><\/li><li>Acc\u00e9dez \u00e0 votre compte personnel :<ul><li>Cliquez sur \u00ab Mon compte \u00bb puis sur \u00ab Utilisateur &amp; identifiants \u00bb.<\/li><li>Mettez \u00e0 jour votre mot de passe et confirmez-le. Assurez-vous d&rsquo;utiliser un mot de passe diff\u00e9rent des 4 derniers utilis\u00e9s sur votre compte.<\/li><\/ul><\/li><li>Revenez \u00e0 votre compte administrateur<ul><li>Cliquez sur \u00ab\u00a0Contacts\u00a0\u00bb puis \u00ab\u00a0Importer\u00a0\u00bb. Inscrivez les participants qui doivent recevoir une attestation dans le fichier XLS<ul><li>Si un des participants n&rsquo;a pas d&rsquo;adresse email, veuillez lui cr\u00e9er une adresse e-mail selon le format pr\u00e9nom.nomdefamille@training.isopa<\/li><li>La colonne \u00ab\u00a0Langue\u00a0\u00bb dans le mod\u00e8le fait r\u00e9f\u00e9rence \u00e0 la langue de l&rsquo;interface du site internet (et non pas \u00e0 celle de l\u2019attestation)<\/li><\/ul><\/li><li>Mettez le fichier XLS rempli en ligne<\/li><li>Dans \u00ab\u00a0Contacts\u00a0\u00bb, s\u00e9lectionnez les participants qui doivent recevoir une attestation et enregistrez cette s\u00e9lection dans le coin sup\u00e9rieur droit. Nous recommandons de faire une s\u00e9lection en fonction du num\u00e9ro de la formation, de la langue et de la date de la formation (non obligatoire mais facilite la proc\u00e9dure en aval). Si tous les contacts import\u00e9s doivent recevoir la m\u00eame attestation dans la m\u00eame langue pour la m\u00eame formation, il n&rsquo;est pas n\u00e9cessaire de s\u00e9lectionner les participants<\/li><\/ul><\/li><li>Acc\u00e9dez \u00e0 la <strong><span style=\"color: #8bc145;\"><a style=\"color: #8bc145;\" href=\"https:\/\/isopa-aisbl.idloom.events\/internal-trainers-certificate-webshop\">boutique en ligne pour les formateurs internes<\/a><\/span><\/strong> et connectez-vous gr\u00e2ce \u00e0 vos identifiants (assurez-vous d&rsquo;utiliser la m\u00eame adresse email que votre compte administrateur)<ul><li>Ajoutez les informations requises<\/li><li>S\u00e9lectionnez le nombre et le type d\u2019attestation (la langue de l\u2019attestation peut \u00eatre s\u00e9lectionn\u00e9e au moment de son t\u00e9l\u00e9chargement)<\/li><li>Allez ensuite \u00e0 la fin de l&rsquo;inscription et finalisez le paiement en ligne<\/li><\/ul><\/li><li>Si le paiement a \u00e9t\u00e9 effectu\u00e9 avec succ\u00e8s, retournez \u00e0 votre compte administrateur. Vous pouvez voir le nombre d\u2019attestations achet\u00e9es et le nombre d\u2019attestations d\u00e9livr\u00e9es\u2028<ul><li>S\u00e9lectionnez vos contacts ou r\u00e9cup\u00e9rez vos s\u00e9lections et attribuez une attestation<\/li><li>Lors du t\u00e9l\u00e9chargement des attestations, vous pouvez en choisir la langue<\/li><\/ul><\/li><\/ol>\t\t\t\t\t\t\t\t<\/div>\n\t\t\t\t<\/div>\n\t\t\t\t<div class=\"elementor-element elementor-element-63d0104 elementor-widget elementor-widget-text-editor\" data-id=\"63d0104\" data-element_type=\"widget\" data-e-type=\"widget\" data-widget_type=\"text-editor.default\">\n\t\t\t\t<div class=\"elementor-widget-container\">\n\t\t\t\t\t\t\t\t\t<p><strong>Si vous ne vous souvenez plus de votre mot de passe, d\u00e9connectez-vous et utilisez la fonction \u00ab\u00a0mot de passe oubli\u00e9\u00a0\u00bb.<\/strong><\/p>\t\t\t\t\t\t\t\t<\/div>\n\t\t\t\t<\/div>\n\t\t\t\t\t<\/div>\n\t\t\t\t<\/div>\n\t\t\t\t\t<\/div>\n\t\t\t\t<\/div>\n\t\t\t\t\t<\/div>\n\t\t\t\t<\/div>\n\t\t\t\t\t<\/div>\n\t\t\t\t<\/div>\n\t\t\t\t<\/div>\n\t\t","protected":false},"excerpt":{"rendered":"<p>Formateurs internes D\u00e9finition Un formateur interne agit en tant que salari\u00e9 de son entreprise et est donc charg\u00e9 de former les autres collaborateurs ou les clients de son entreprise. Proc\u00e9dure pour les formateurs internes : 1 Inscription Confirmez par email \u00e0 l\u2019adresse training@safeusediisocyanates.eu que vous \u00eates un formateur interne. Indiquez le nom de votre entreprise, [&hellip;]<\/p>\n","protected":false},"author":1,"featured_media":0,"parent":2137,"menu_order":0,"comment_status":"closed","ping_status":"closed","template":"","meta":{"footnotes":""},"class_list":["post-2141","page","type-page","status-publish","hentry"],"yoast_head":"<!-- This site is optimized with the Yoast SEO plugin v27.2 - https:\/\/yoast.com\/product\/yoast-seo-wordpress\/ -->\n<title>Formateurs internes - Safe use diisocyanates<\/title>\n<meta name=\"robots\" content=\"index, follow, max-snippet:-1, max-image-preview:large, max-video-preview:-1\" \/>\n<link rel=\"canonical\" href=\"https:\/\/safeusediisocyanates.eu\/fr\/formateurs\/formateurs-internes\/\" \/>\n<meta property=\"og:locale\" content=\"fr_FR\" \/>\n<meta property=\"og:type\" content=\"article\" \/>\n<meta property=\"og:title\" content=\"Formateurs internes - Safe use diisocyanates\" \/>\n<meta property=\"og:description\" content=\"Formateurs internes D\u00e9finition Un formateur interne agit en tant que salari\u00e9 de son entreprise et est donc charg\u00e9 de former les autres collaborateurs ou les clients de son entreprise. Proc\u00e9dure pour les formateurs internes : 1 Inscription Confirmez par email \u00e0 l\u2019adresse training@safeusediisocyanates.eu que vous \u00eates un formateur interne. Indiquez le nom de votre entreprise, [&hellip;]\" \/>\n<meta property=\"og:url\" content=\"https:\/\/safeusediisocyanates.eu\/fr\/formateurs\/formateurs-internes\/\" \/>\n<meta property=\"og:site_name\" content=\"Safe use diisocyanates\" \/>\n<meta property=\"article:modified_time\" content=\"2024-06-17T14:12:14+00:00\" \/>\n<meta property=\"og:image\" content=\"https:\/\/safeusediisocyanates.eu\/wp-content\/uploads\/2024\/05\/og-image.jpg\" \/>\n\t<meta property=\"og:image:width\" content=\"1200\" \/>\n\t<meta property=\"og:image:height\" content=\"675\" \/>\n\t<meta property=\"og:image:type\" content=\"image\/jpeg\" \/>\n<meta name=\"twitter:card\" content=\"summary_large_image\" \/>\n<meta name=\"twitter:label1\" content=\"Dur\u00e9e de lecture estim\u00e9e\" \/>\n\t<meta name=\"twitter:data1\" content=\"3 minutes\" \/>\n<script type=\"application\/ld+json\" class=\"yoast-schema-graph\">{\"@context\":\"https:\/\/schema.org\",\"@graph\":[{\"@type\":\"WebPage\",\"@id\":\"https:\/\/safeusediisocyanates.eu\/fr\/formateurs\/formateurs-internes\/\",\"url\":\"https:\/\/safeusediisocyanates.eu\/fr\/formateurs\/formateurs-internes\/\",\"name\":\"Formateurs internes - Safe use diisocyanates\",\"isPartOf\":{\"@id\":\"https:\/\/safeusediisocyanates.eu\/pl\/#website\"},\"datePublished\":\"2024-04-29T20:05:56+00:00\",\"dateModified\":\"2024-06-17T14:12:14+00:00\",\"breadcrumb\":{\"@id\":\"https:\/\/safeusediisocyanates.eu\/fr\/formateurs\/formateurs-internes\/#breadcrumb\"},\"inLanguage\":\"fr-FR\",\"potentialAction\":[{\"@type\":\"ReadAction\",\"target\":[\"https:\/\/safeusediisocyanates.eu\/fr\/formateurs\/formateurs-internes\/\"]}]},{\"@type\":\"BreadcrumbList\",\"@id\":\"https:\/\/safeusediisocyanates.eu\/fr\/formateurs\/formateurs-internes\/#breadcrumb\",\"itemListElement\":[{\"@type\":\"ListItem\",\"position\":1,\"name\":\"Home\",\"item\":\"https:\/\/safeusediisocyanates.eu\/fr\/new-homepage\/\"},{\"@type\":\"ListItem\",\"position\":2,\"name\":\"Formateurs\",\"item\":\"https:\/\/safeusediisocyanates.eu\/fr\/formateurs\/\"},{\"@type\":\"ListItem\",\"position\":3,\"name\":\"Formateurs internes\"}]},{\"@type\":\"WebSite\",\"@id\":\"https:\/\/safeusediisocyanates.eu\/pl\/#website\",\"url\":\"https:\/\/safeusediisocyanates.eu\/pl\/\",\"name\":\"Safe use diisocyanates\",\"description\":\"\",\"publisher\":{\"@id\":\"https:\/\/safeusediisocyanates.eu\/pl\/#organization\"},\"potentialAction\":[{\"@type\":\"SearchAction\",\"target\":{\"@type\":\"EntryPoint\",\"urlTemplate\":\"https:\/\/safeusediisocyanates.eu\/pl\/?s={search_term_string}\"},\"query-input\":{\"@type\":\"PropertyValueSpecification\",\"valueRequired\":true,\"valueName\":\"search_term_string\"}}],\"inLanguage\":\"fr-FR\"},{\"@type\":\"Organization\",\"@id\":\"https:\/\/safeusediisocyanates.eu\/pl\/#organization\",\"name\":\"Safe use diisocyanates\",\"url\":\"https:\/\/safeusediisocyanates.eu\/pl\/\",\"logo\":{\"@type\":\"ImageObject\",\"inLanguage\":\"fr-FR\",\"@id\":\"https:\/\/safeusediisocyanates.eu\/pl\/#\/schema\/logo\/image\/\",\"url\":\"https:\/\/safeusediisocyanates.eu\/wp-content\/uploads\/2024\/04\/sud-logo.jpg\",\"contentUrl\":\"https:\/\/safeusediisocyanates.eu\/wp-content\/uploads\/2024\/04\/sud-logo.jpg\",\"width\":260,\"height\":172,\"caption\":\"Safe use diisocyanates\"},\"image\":{\"@id\":\"https:\/\/safeusediisocyanates.eu\/pl\/#\/schema\/logo\/image\/\"}}]}<\/script>\n<!-- \/ Yoast SEO plugin. -->","yoast_head_json":{"title":"Formateurs internes - Safe use diisocyanates","robots":{"index":"index","follow":"follow","max-snippet":"max-snippet:-1","max-image-preview":"max-image-preview:large","max-video-preview":"max-video-preview:-1"},"canonical":"https:\/\/safeusediisocyanates.eu\/fr\/formateurs\/formateurs-internes\/","og_locale":"fr_FR","og_type":"article","og_title":"Formateurs internes - Safe use diisocyanates","og_description":"Formateurs internes D\u00e9finition Un formateur interne agit en tant que salari\u00e9 de son entreprise et est donc charg\u00e9 de former les autres collaborateurs ou les clients de son entreprise. Proc\u00e9dure pour les formateurs internes : 1 Inscription Confirmez par email \u00e0 l\u2019adresse training@safeusediisocyanates.eu que vous \u00eates un formateur interne. Indiquez le nom de votre entreprise, [&hellip;]","og_url":"https:\/\/safeusediisocyanates.eu\/fr\/formateurs\/formateurs-internes\/","og_site_name":"Safe use diisocyanates","article_modified_time":"2024-06-17T14:12:14+00:00","og_image":[{"width":1200,"height":675,"url":"https:\/\/safeusediisocyanates.eu\/wp-content\/uploads\/2024\/05\/og-image.jpg","type":"image\/jpeg"}],"twitter_card":"summary_large_image","twitter_misc":{"Dur\u00e9e de lecture estim\u00e9e":"3 minutes"},"schema":{"@context":"https:\/\/schema.org","@graph":[{"@type":"WebPage","@id":"https:\/\/safeusediisocyanates.eu\/fr\/formateurs\/formateurs-internes\/","url":"https:\/\/safeusediisocyanates.eu\/fr\/formateurs\/formateurs-internes\/","name":"Formateurs internes - Safe use diisocyanates","isPartOf":{"@id":"https:\/\/safeusediisocyanates.eu\/pl\/#website"},"datePublished":"2024-04-29T20:05:56+00:00","dateModified":"2024-06-17T14:12:14+00:00","breadcrumb":{"@id":"https:\/\/safeusediisocyanates.eu\/fr\/formateurs\/formateurs-internes\/#breadcrumb"},"inLanguage":"fr-FR","potentialAction":[{"@type":"ReadAction","target":["https:\/\/safeusediisocyanates.eu\/fr\/formateurs\/formateurs-internes\/"]}]},{"@type":"BreadcrumbList","@id":"https:\/\/safeusediisocyanates.eu\/fr\/formateurs\/formateurs-internes\/#breadcrumb","itemListElement":[{"@type":"ListItem","position":1,"name":"Home","item":"https:\/\/safeusediisocyanates.eu\/fr\/new-homepage\/"},{"@type":"ListItem","position":2,"name":"Formateurs","item":"https:\/\/safeusediisocyanates.eu\/fr\/formateurs\/"},{"@type":"ListItem","position":3,"name":"Formateurs internes"}]},{"@type":"WebSite","@id":"https:\/\/safeusediisocyanates.eu\/pl\/#website","url":"https:\/\/safeusediisocyanates.eu\/pl\/","name":"Safe use diisocyanates","description":"","publisher":{"@id":"https:\/\/safeusediisocyanates.eu\/pl\/#organization"},"potentialAction":[{"@type":"SearchAction","target":{"@type":"EntryPoint","urlTemplate":"https:\/\/safeusediisocyanates.eu\/pl\/?s={search_term_string}"},"query-input":{"@type":"PropertyValueSpecification","valueRequired":true,"valueName":"search_term_string"}}],"inLanguage":"fr-FR"},{"@type":"Organization","@id":"https:\/\/safeusediisocyanates.eu\/pl\/#organization","name":"Safe use diisocyanates","url":"https:\/\/safeusediisocyanates.eu\/pl\/","logo":{"@type":"ImageObject","inLanguage":"fr-FR","@id":"https:\/\/safeusediisocyanates.eu\/pl\/#\/schema\/logo\/image\/","url":"https:\/\/safeusediisocyanates.eu\/wp-content\/uploads\/2024\/04\/sud-logo.jpg","contentUrl":"https:\/\/safeusediisocyanates.eu\/wp-content\/uploads\/2024\/04\/sud-logo.jpg","width":260,"height":172,"caption":"Safe use diisocyanates"},"image":{"@id":"https:\/\/safeusediisocyanates.eu\/pl\/#\/schema\/logo\/image\/"}}]}},"_links":{"self":[{"href":"https:\/\/safeusediisocyanates.eu\/fr\/wp-json\/wp\/v2\/pages\/2141","targetHints":{"allow":["GET"]}}],"collection":[{"href":"https:\/\/safeusediisocyanates.eu\/fr\/wp-json\/wp\/v2\/pages"}],"about":[{"href":"https:\/\/safeusediisocyanates.eu\/fr\/wp-json\/wp\/v2\/types\/page"}],"author":[{"embeddable":true,"href":"https:\/\/safeusediisocyanates.eu\/fr\/wp-json\/wp\/v2\/users\/1"}],"replies":[{"embeddable":true,"href":"https:\/\/safeusediisocyanates.eu\/fr\/wp-json\/wp\/v2\/comments?post=2141"}],"version-history":[{"count":7,"href":"https:\/\/safeusediisocyanates.eu\/fr\/wp-json\/wp\/v2\/pages\/2141\/revisions"}],"predecessor-version":[{"id":3624,"href":"https:\/\/safeusediisocyanates.eu\/fr\/wp-json\/wp\/v2\/pages\/2141\/revisions\/3624"}],"up":[{"embeddable":true,"href":"https:\/\/safeusediisocyanates.eu\/fr\/wp-json\/wp\/v2\/pages\/2137"}],"wp:attachment":[{"href":"https:\/\/safeusediisocyanates.eu\/fr\/wp-json\/wp\/v2\/media?parent=2141"}],"curies":[{"name":"wp","href":"https:\/\/api.w.org\/{rel}","templated":true}]}}