{"id":4135,"date":"2024-08-29T08:22:41","date_gmt":"2024-08-29T08:22:41","guid":{"rendered":"https:\/\/safeusediisocyanates.eu\/?page_id=4135"},"modified":"2024-08-29T11:21:07","modified_gmt":"2024-08-29T11:21:07","slug":"4135-2","status":"publish","type":"page","link":"https:\/\/safeusediisocyanates.eu\/es\/4135-2\/","title":{"rendered":"Protecci\u00f3n de datos y Directiva GDPR"},"content":{"rendered":"<p>&nbsp;<\/p>\n<p>&nbsp;<\/p>\n<p>&nbsp;<\/p>\n<p>&nbsp;<\/p>\n<p>&nbsp;<\/p>\n<p><strong>Protecci\u00f3n de datos y Directiva GDPR<\/strong><\/p>\n<p><strong>Asociaci\u00f3n Europea de Productores de Diisocianatos y Polioles (ISOPA)<\/strong><\/p>\n<p>Asociaci\u00f3n internacional sin \u00e1nimo de lucro<\/p>\n<p>Sede social en Rue Belliard 65, B-1040 Etterbeek, B\u00e9lgica<\/p>\n<p>N\u00famero de empresa\/IVA BE0649.434.695, RPM Bruselas<\/p>\n<p>&nbsp;<\/p>\n<p><strong>Asociaci\u00f3n Europea de Productores de Isocianatos Alif\u00e1ticos (ALIPA) <\/strong><\/p>\n<p>Asociaci\u00f3n internacional sin \u00e1nimo de lucro Situada en 65 rue Belliard, B-1040 Etterbeek, B\u00e9lgica<\/p>\n<p>N\u00famero de empresa\/IVA BE0673.850. 981, RPM Bruselas<\/p>\n<p>&nbsp;<\/p>\n<p>(Las \u00bb <strong>Asociaciones \u00ab<\/strong>)<\/p>\n<p>&nbsp;<\/p>\n<p>&nbsp;<\/p>\n<p><strong>\u00a0\u00a0\u00a0\u00a0\u00a0\u00a0 \u00bfCu\u00e1l es el objetivo de este documento?<\/strong><\/p>\n<p>Las asociaciones se comprometen a proteger la confidencialidad y la seguridad de sus datos personales.<\/p>\n<p>Este aviso de privacidad describe c\u00f3mo recogemos y utilizamos sus datos personales. Las Asociaciones s\u00f3lo tratar\u00e1n los datos personales de forma compatible con la legislaci\u00f3n aplicable en materia de protecci\u00f3n de datos.<\/p>\n<p>Respetamos su privacidad y s\u00f3lo procesamos sus datos personales en la medida necesaria para trabajar con usted. Nos esforzamos por garantizar que la informaci\u00f3n que procesamos sea precisa, pertinente, adecuada y no excesiva.<\/p>\n<ol>\n<li>Principios de protecci\u00f3n de datos<\/li>\n<\/ol>\n<p>Cumplimos la ley de protecci\u00f3n de datos. Esto establece que la informaci\u00f3n personal que tenemos sobre usted,<\/p>\n<ol>\n<li>debe utilizarse de acuerdo con los requisitos legales, de forma justa y transparente.<\/li>\n<li>s\u00f3lo puede recogerse para fines espec\u00edficos, claros y legales que le hemos explicado claramente y no puede utilizarse de forma incompatible con dichos fines.<\/li>\n<li>son esenciales para los fines sobre los que le hemos informado y no van m\u00e1s all\u00e1 de esos fines.<\/li>\n<li>son aplicables y est\u00e1n actualizados.<\/li>\n<li>s\u00f3lo se conservar\u00e1 durante el tiempo necesario para los fines que hemos indicado.<\/li>\n<li>se almacene de forma segura.<\/li>\n<\/ol>\n<p>&nbsp;<\/p>\n<ol start=\"2\">\n<li>podemos recoger, almacenar y utilizar las siguientes categor\u00edas de datos personales sobre usted:<\/li>\n<\/ol>\n<ul>\n<li>Su nombre de pila<\/li>\n<li>Apellido<\/li>\n<li>Direcci\u00f3n de correo electr\u00f3nico y de confirmaci\u00f3n<\/li>\n<li>Nombre y direcci\u00f3n de la empresa en caso de facturaci\u00f3n<\/li>\n<li>ID y contrase\u00f1a de la plataforma<\/li>\n<li>Fecha y hora de acceso a la plataforma<\/li>\n<li>Otros datos que nos ha facilitado<\/li>\n<\/ul>\n<p>&nbsp;<\/p>\n<ol>\n<li>\u00bfC\u00f3mo se recogen sus datos personales?<\/li>\n<\/ol>\n<p>Por lo general, recopilamos datos personales de:<\/p>\n<ul>\n<li>Empresas miembros de las asociaciones;<\/li>\n<li>Representantes de las empresas miembros de las asociaciones;<\/li>\n<li>Otros representantes, expertos, proveedores de servicios y personas en contacto con las asociaciones;<\/li>\n<li>Suscripciones a comunicaciones\/boletines\/ servicios de noticias de la asociaci\u00f3n;<\/li>\n<li>Inscripciones en eventos o iniciativas organizadas, promovidas o apoyadas por las asociaciones;<\/li>\n<li>Solicitudes para participar como usuario autorizado de la plataforma a trav\u00e9s de la cual se accede a determinados contenidos de la intranet de las asociaciones;<\/li>\n<li>la introducci\u00f3n de los datos necesarios para el acceso autorizado continuado y el correcto funcionamiento de un servicio de red privada controlada y de la plataforma; o<\/li>\n<li>de otras fuentes.<\/li>\n<\/ul>\n<p>Adem\u00e1s, recopilamos la informaci\u00f3n que usted nos proporciona espont\u00e1neamente al enviarnos correspondencia por correo electr\u00f3nico, correo postal u otros medios, al visitar y utilizar nuestro sitio web e intranet y los servicios de mensajer\u00eda, al dejar sus tarjetas de visita o al proporcionarnos informaci\u00f3n de otro modo.<\/p>\n<p>&nbsp;<\/p>\n<ol>\n<li><strong>\u00bfQui\u00e9n tiene acceso a sus datos personales?<\/strong><\/li>\n<\/ol>\n<p>Los empleados y directores de la Asociaci\u00f3n y los agentes de la misma (incluido idloom, el agente de la Asociaci\u00f3n responsable de gestionar el acceso y el funcionamiento de la Plataforma y la red privada controlada) tendr\u00e1n acceso a sus datos personales. S\u00f3lo utilizar\u00e1n este acceso cuando sea necesario y \u00fanicamente para los fines indicados.<\/p>\n<p>En casos excepcionales, otras personas pueden acceder a sus datos personales (v\u00e9ase el apartado \u00abCompartir datos\u00bb).<\/p>\n<p>&nbsp;<\/p>\n<ol>\n<li>C\u00f3mo utilizaremos la informaci\u00f3n sobre usted<\/li>\n<\/ol>\n<p>S\u00f3lo utilizaremos sus datos personales cuando tengamos una base legal para hacerlo. En la mayor\u00eda de los casos, utilizaremos sus datos personales en las siguientes circunstancias:<\/p>\n<ol>\n<li>Si tenemos que cumplir con una obligaci\u00f3n legal;<\/li>\n<li>Si es necesario para nuestros intereses leg\u00edtimos;<\/li>\n<li>Para cumplir una obligaci\u00f3n contractual;<\/li>\n<li>Si ha dado su consentimiento para el tratamiento de datos;<\/li>\n<li>Tambi\u00e9n podemos tratar sus datos personales en las siguientes situaciones, que probablemente sean poco frecuentes:\n<ul>\n<li>Si necesitamos proteger sus intereses (o los de otra persona), por ejemplo, si alguien ha duplicado o utilizado por error su identificaci\u00f3n y contrase\u00f1a de la plataforma (emitida como parte del servicio de red privada controlada por ISOPA);<\/li>\n<li>Si es de inter\u00e9s p\u00fablico o necesario para fines oficiales, por ejemplo, en caso de fraude o de uso de una identidad falsa.<\/li>\n<\/ul>\n<\/li>\n<\/ol>\n<ol>\n<li><strong>Situaciones en las que utilizaremos sus datos personales<\/strong><\/li>\n<\/ol>\n<p>A continuaci\u00f3n se enumeran las situaciones en las que tratamos sus datos personales:<\/p>\n<ul>\n<li>Organizaci\u00f3n de eventos o iniciativas acogidas, promovidas o apoyadas por las asociaciones<\/li>\n<li>Comunicaci\u00f3n sobre las actividades, iniciativas, pol\u00edticas y posiciones de la asociaci\u00f3n<\/li>\n<li>Correspondencia, noticias y boletines informativos<\/li>\n<li>Cumplimiento de las obligaciones en materia de salud y seguridad<\/li>\n<li>Servicio de red privada controlado para las asociaciones y el funcionamiento de la plataforma espec\u00edficamente,\n<ul>\n<li>Tratamiento de la informaci\u00f3n para determinar si un usuario autorizado ha accedido o intentado acceder a la plataforma;<\/li>\n<li>Emitir, modificar o eliminar los identificadores y las contrase\u00f1as de los usuarios de la Plataforma, con la debida autoridad, o cuando dicha autoridad sea revocada;<\/li>\n<li>Gesti\u00f3n, administraci\u00f3n, revisi\u00f3n y control del uso de la plataforma aprobado por las asociaciones<\/li>\n<li>Seguimiento de los casos de fraude.<\/li>\n<\/ul>\n<\/li>\n<\/ul>\n<ol>\n<li><strong>Si no proporciona informaci\u00f3n personal<\/strong><\/li>\n<\/ol>\n<p>Si no nos proporciona cierta informaci\u00f3n, es posible que no podamos prestar nuestros servicios y llevar a cabo nuestras actividades. No solicitamos informaci\u00f3n que no sea estrictamente necesaria para los fines indicados.<\/p>\n<ol>\n<li><strong>Cambio de objetivo<\/strong><\/li>\n<\/ol>\n<p>S\u00f3lo utilizaremos sus datos personales para los fines para los que los hemos recogido, a menos que consideremos que necesitamos utilizarlos para otro fin y ese motivo sea compatible con el fin original. Si necesitamos utilizar sus datos personales para otra finalidad, le informaremos de ello y le explicaremos la base jur\u00eddica que nos permite hacerlo.<\/p>\n<p>Tenga en cuenta que podemos procesar sus datos personales sin su conocimiento o consentimiento de acuerdo con las normas anteriores cuando lo exija o lo permita la ley.<\/p>\n<ol>\n<li>Intercambio de datos<\/li>\n<\/ol>\n<p>Es posible que tengamos que compartir sus datos con terceros, incluidos los proveedores de servicios de terceros. Exigimos a los terceros que respeten la seguridad de sus datos y que act\u00faen de acuerdo con la ley de protecci\u00f3n de datos.<\/p>\n<p>&nbsp;<\/p>\n<p><strong>\u00a0 \u00a0 \u00a0 9.1 \u00bfPor qu\u00e9 podemos compartir sus datos personales con terceros?<\/strong><\/p>\n<p>Podemos revelar sus datos personales a terceros si as\u00ed lo exige la ley, si es necesario para la gesti\u00f3n de la relaci\u00f3n con usted o si tenemos otro inter\u00e9s leg\u00edtimo.<\/p>\n<p><strong>\u00a0 \u00a0 \u00a09.2 \u00bfQu\u00e9 proveedores de servicios externos procesan sus datos personales?<\/strong><\/p>\n<p>\u00abTercero\u00bb tambi\u00e9n incluye a los terceros proveedores de servicios (incluidos los contratistas y los representantes designados).<\/p>\n<p>Las siguientes operaciones de tratamiento son realizadas por proveedores de servicios externos en nombre de las asociaciones:<\/p>\n<ul>\n<li>Servicios inform\u00e1ticos prestados por proveedores de servicios inform\u00e1ticos;<\/li>\n<li>Servicios de facturaci\u00f3n y contabilidad prestados por proveedores de servicios externos<\/li>\n<li>Servicios administrativos y de protecci\u00f3n de la personalidad jur\u00eddica de las asociaciones por parte de proveedores de servicios jur\u00eddicos, contables y administrativos;<\/li>\n<\/ul>\n<ul>\n<li>En particular, en el contexto de la plataforma segura de las asociaciones, el tratamiento de los datos personales de los usuarios autorizados cuando el tratamiento de dichos datos sea necesario para el correcto funcionamiento de los servicios de la red privada controlada.<\/li>\n<\/ul>\n<p>&nbsp;<\/p>\n<p>Podemos compartir sus datos personales con terceros, por ejemplo para el desarrollo y mantenimiento de nuestra base de datos. Tambi\u00e9n es posible que tengamos que revelar sus datos personales a una autoridad de control o cumplir con los requisitos legales.<\/p>\n<p><strong>\u00a0<\/strong><\/p>\n<ol>\n<li>Seguridad de los datos<\/li>\n<\/ol>\n<p>Hemos tomado medidas para proteger la seguridad de sus datos. Los terceros s\u00f3lo tratar\u00e1n sus datos personales siguiendo nuestras instrucciones y si se han comprometido a mantener la confidencialidad y seguridad de los datos.<\/p>\n<p>Hemos establecido las salvaguardias adecuadas para evitar la p\u00e9rdida accidental, el uso o el acceso no autorizado, la alteraci\u00f3n o la divulgaci\u00f3n de su informaci\u00f3n personal. Adem\u00e1s, restringimos el acceso a su informaci\u00f3n personal a aquellos empleados, agentes, contratistas y otras terceras partes que necesitan conocer esa informaci\u00f3n por razones comerciales. S\u00f3lo tratar\u00e1n sus datos personales siguiendo nuestras instrucciones y est\u00e1n obligados a la confidencialidad.<\/p>\n<p>Disponemos de procedimientos para tratar las sospechas de violaci\u00f3n de datos y le notificaremos a usted y a las autoridades de supervisi\u00f3n pertinentes una sospecha de violaci\u00f3n si estamos obligados a hacerlo por ley.<\/p>\n<p>Todos nuestros proveedores externos est\u00e1n obligados a tomar medidas de seguridad razonables para proteger sus datos personales de acuerdo con nuestras pol\u00edticas. No permitimos que nuestros proveedores externos utilicen sus datos personales para sus propios fines. S\u00f3lo les permitimos procesar sus datos personales para fines espec\u00edficos y de acuerdo con nuestras instrucciones.<\/p>\n<ol>\n<li>Informaci\u00f3n sobre la transferencia de datos personales fuera del Espacio Econ\u00f3mico Europeo (EEE)<\/li>\n<\/ol>\n<p>Las oficinas principales de la Federaci\u00f3n y las de nuestro procesador est\u00e1n ubicadas en el EEE y los datos personales recogidos a trav\u00e9s del sitio web de la Federaci\u00f3n o a trav\u00e9s de las interacciones con sus miembros se procesan all\u00ed.\u00a0 Los datos personales recogidos por las Asociaciones, en particular los de los representantes de las empresas miembros de la Asociaci\u00f3n, otros representantes, expertos, proveedores de servicios y personas que interact\u00faan con las Asociaciones y nuestros delegados, pueden ser transferidos a las empresas miembros de la Asociaci\u00f3n, sus representantes, otros representantes, expertos, proveedores de servicios y personas que interact\u00faan con las Asociaciones y sus delegados ubicados en pa\u00edses no pertenecientes al EEE para cumplir con las obligaciones contractuales de ISOPA con sus miembros.\u00a0 Tambi\u00e9n podemos celebrar contratos con nuestros procesadores de datos que requieran la transferencia de datos personales fuera del EEE, con sujeci\u00f3n a las salvaguardias apropiadas en virtud del Reglamento General de Protecci\u00f3n de Datos de la UE y de una manera y con un prop\u00f3sito coherente con esta Pol\u00edtica.<\/p>\n<p>&nbsp;<\/p>\n<ol>\n<li>\u00bfDurante cu\u00e1nto tiempo almacenaremos sus datos?<\/li>\n<\/ol>\n<p>S\u00f3lo conservaremos sus datos personales durante el tiempo necesario para cumplir con los fines para los que los recogimos, incluido el cumplimiento de requisitos legales, contables o de informaci\u00f3n. Para determinar el periodo de conservaci\u00f3n adecuado para los datos personales, tenemos en cuenta la cantidad, la naturaleza y la sensibilidad de los datos personales, el riesgo potencial de da\u00f1o derivado del uso o la divulgaci\u00f3n no autorizados de sus datos personales, los fines para los que procesamos sus datos personales y si podemos lograr esos fines por otros medios, as\u00ed como los requisitos legales aplicables.<\/p>\n<p>&nbsp;<\/p>\n<ol>\n<li>Sus derechos y obligaciones<\/li>\n<\/ol>\n<p>Es importante que la informaci\u00f3n personal que tenemos sobre usted sea exacta y est\u00e9 actualizada. Por favor, inf\u00f3rmenos si sus datos personales cambian.<\/p>\n<p>Tienes derecho:<\/p>\n<ul>\n<li>Solicitar el acceso a sus datos personales.<\/li>\n<li>solicitar la rectificaci\u00f3n de los datos personales que tenemos sobre usted.<\/li>\n<li>solicitar la supresi\u00f3n de sus datos personales. Esto significa que puede pedirnos que borremos o eliminemos los datos personales si no hay una buena raz\u00f3n para seguir trat\u00e1ndolos. La eliminaci\u00f3n de los datos podr\u00eda hacer que dej\u00e1ramos de poder prestar nuestros servicios.<\/li>\n<li>Oponerse al tratamiento de sus datos personales si invocamos un inter\u00e9s leg\u00edtimo.<\/li>\n<li>solicitar la restricci\u00f3n del tratamiento de sus datos personales.<\/li>\n<li>solicitar la transferencia de sus datos personales a otra parte si el tratamiento se basa en el consentimiento o en el cumplimiento de una obligaci\u00f3n contractual o se lleva a cabo mediante procedimientos automatizados.<\/li>\n<\/ul>\n<p>Si desea ejercer estos derechos, p\u00f3ngase en contacto por escrito con el responsable de la protecci\u00f3n de datos (v\u00e9ase m\u00e1s abajo para m\u00e1s detalles).<\/p>\n<p>No tiene que pagar una tasa para acceder a sus datos personales (o ejercer cualquier otro derecho). Sin embargo, podemos cobrar una tarifa razonable si su solicitud de acceso a sus datos es manifiestamente infundada o excesivamente onerosa para nosotros. Alternativamente, podemos negarnos a responder a la solicitud en tales circunstancias.<\/p>\n<p>Es posible que necesitemos solicitarle cierta informaci\u00f3n para confirmar su identidad y garantizar su derecho a acceder a la informaci\u00f3n (o a ejercer sus otros derechos). Se trata de otra medida de seguridad razonable para garantizar que la informaci\u00f3n personal no se revele a nadie que no tenga derecho a recibirla.<\/p>\n<p>&nbsp;<\/p>\n<ol>\n<li>Responsable de la protecci\u00f3n de datos<\/li>\n<\/ol>\n<p>Hemos nombrado a un responsable de la protecci\u00f3n de datos (RPD) para supervisar el cumplimiento de este aviso de privacidad. Si tiene alguna pregunta sobre este aviso de privacidad o sobre el tratamiento de sus datos personales, p\u00f3ngase en contacto con el Secretario General de ISOPA en los siguientes datos de contacto:<\/p>\n<p><em>\u00a0<\/em><\/p>\n<p><em>ISOPA AISBL &#8211; ALIPA AISBL<\/em><\/p>\n<p><em>A la atenci\u00f3n del Secretario General,<\/em><\/p>\n<p>Rue Belliard 65,<\/p>\n<p>B-1040 Etterbeek, B\u00e9lgica<em>,<\/em><\/p>\n<p><a href=\"mailto:main@isopa.org\"><em>main@isopa.org<\/em><\/a><\/p>\n<p><em>Tel: + 32 2 786 35 53<\/em><\/p>\n<p>&nbsp;<\/p>\n<p>Sin perjuicio de cualquier otro recurso administrativo o judicial, usted tiene derecho a presentar una reclamaci\u00f3n ante una autoridad de control, en particular en el pa\u00eds de su residencia habitual, su lugar de trabajo o el lugar de la presunta infracci\u00f3n, si considera que el tratamiento de los datos personales que le conciernen infringe sus derechos en virtud de las normas de protecci\u00f3n de datos aplicables.<\/p>\n<p>&nbsp;<\/p>\n<ol>\n<li>Cambios en este aviso de protecci\u00f3n de datos<\/li>\n<\/ol>\n<p>Nos reservamos el derecho de actualizar este aviso de privacidad en cualquier momento, y le proporcionaremos un nuevo aviso de privacidad para las actualizaciones materiales si nos proporciona su informaci\u00f3n de contacto.<\/p>\n<p>&nbsp;<\/p>\n","protected":false},"excerpt":{"rendered":"<p>&nbsp; &nbsp; &nbsp; &nbsp; &nbsp; Protecci\u00f3n de datos y Directiva GDPR Asociaci\u00f3n Europea de Productores de Diisocianatos y Polioles (ISOPA) Asociaci\u00f3n internacional sin \u00e1nimo de lucro Sede social en Rue Belliard 65, B-1040 Etterbeek, B\u00e9lgica N\u00famero de empresa\/IVA BE0649.434.695, RPM Bruselas &nbsp; Asociaci\u00f3n Europea de Productores de Isocianatos Alif\u00e1ticos (ALIPA) Asociaci\u00f3n internacional sin \u00e1nimo de [&hellip;]<\/p>\n","protected":false},"author":12,"featured_media":0,"parent":0,"menu_order":0,"comment_status":"closed","ping_status":"closed","template":"","meta":{"footnotes":""},"class_list":["post-4135","page","type-page","status-publish","hentry"],"yoast_head":"<!-- This site is optimized with the Yoast SEO plugin v27.2 - https:\/\/yoast.com\/product\/yoast-seo-wordpress\/ -->\n<title>Protecci\u00f3n de datos y Directiva GDPR - Safe use diisocyanates<\/title>\n<meta name=\"robots\" content=\"index, follow, max-snippet:-1, max-image-preview:large, max-video-preview:-1\" \/>\n<link rel=\"canonical\" href=\"https:\/\/safeusediisocyanates.eu\/es\/4135-2\/\" \/>\n<meta property=\"og:locale\" content=\"es_ES\" \/>\n<meta property=\"og:type\" content=\"article\" \/>\n<meta property=\"og:title\" content=\"Protecci\u00f3n de datos y Directiva GDPR - Safe use diisocyanates\" \/>\n<meta property=\"og:description\" content=\"&nbsp; &nbsp; &nbsp; &nbsp; &nbsp; Protecci\u00f3n de datos y Directiva GDPR Asociaci\u00f3n Europea de Productores de Diisocianatos y Polioles (ISOPA) Asociaci\u00f3n internacional sin \u00e1nimo de lucro Sede social en Rue Belliard 65, B-1040 Etterbeek, B\u00e9lgica N\u00famero de empresa\/IVA BE0649.434.695, RPM Bruselas &nbsp; Asociaci\u00f3n Europea de Productores de Isocianatos Alif\u00e1ticos (ALIPA) Asociaci\u00f3n internacional sin \u00e1nimo de [&hellip;]\" \/>\n<meta property=\"og:url\" content=\"https:\/\/safeusediisocyanates.eu\/es\/4135-2\/\" \/>\n<meta property=\"og:site_name\" content=\"Safe use diisocyanates\" \/>\n<meta property=\"article:modified_time\" content=\"2024-08-29T11:21:07+00:00\" \/>\n<meta property=\"og:image\" content=\"https:\/\/safeusediisocyanates.eu\/wp-content\/uploads\/2024\/05\/og-image.jpg\" \/>\n\t<meta property=\"og:image:width\" content=\"1200\" \/>\n\t<meta property=\"og:image:height\" content=\"675\" \/>\n\t<meta property=\"og:image:type\" content=\"image\/jpeg\" \/>\n<meta name=\"twitter:card\" content=\"summary_large_image\" \/>\n<meta name=\"twitter:label1\" content=\"Tiempo de lectura\" \/>\n\t<meta name=\"twitter:data1\" content=\"12 minutos\" \/>\n<script type=\"application\/ld+json\" class=\"yoast-schema-graph\">{\"@context\":\"https:\/\/schema.org\",\"@graph\":[{\"@type\":\"WebPage\",\"@id\":\"https:\/\/safeusediisocyanates.eu\/es\/4135-2\/\",\"url\":\"https:\/\/safeusediisocyanates.eu\/es\/4135-2\/\",\"name\":\"Protecci\u00f3n de datos y Directiva GDPR - Safe use diisocyanates\",\"isPartOf\":{\"@id\":\"https:\/\/safeusediisocyanates.eu\/pl\/#website\"},\"datePublished\":\"2024-08-29T08:22:41+00:00\",\"dateModified\":\"2024-08-29T11:21:07+00:00\",\"breadcrumb\":{\"@id\":\"https:\/\/safeusediisocyanates.eu\/es\/4135-2\/#breadcrumb\"},\"inLanguage\":\"es\",\"potentialAction\":[{\"@type\":\"ReadAction\",\"target\":[\"https:\/\/safeusediisocyanates.eu\/es\/4135-2\/\"]}]},{\"@type\":\"BreadcrumbList\",\"@id\":\"https:\/\/safeusediisocyanates.eu\/es\/4135-2\/#breadcrumb\",\"itemListElement\":[{\"@type\":\"ListItem\",\"position\":1,\"name\":\"Home\",\"item\":\"https:\/\/safeusediisocyanates.eu\/es\/home\/\"},{\"@type\":\"ListItem\",\"position\":2,\"name\":\"Protecci\u00f3n de datos y Directiva GDPR\"}]},{\"@type\":\"WebSite\",\"@id\":\"https:\/\/safeusediisocyanates.eu\/pl\/#website\",\"url\":\"https:\/\/safeusediisocyanates.eu\/pl\/\",\"name\":\"Safe use diisocyanates\",\"description\":\"\",\"publisher\":{\"@id\":\"https:\/\/safeusediisocyanates.eu\/pl\/#organization\"},\"potentialAction\":[{\"@type\":\"SearchAction\",\"target\":{\"@type\":\"EntryPoint\",\"urlTemplate\":\"https:\/\/safeusediisocyanates.eu\/pl\/?s={search_term_string}\"},\"query-input\":{\"@type\":\"PropertyValueSpecification\",\"valueRequired\":true,\"valueName\":\"search_term_string\"}}],\"inLanguage\":\"es\"},{\"@type\":\"Organization\",\"@id\":\"https:\/\/safeusediisocyanates.eu\/pl\/#organization\",\"name\":\"Safe use diisocyanates\",\"url\":\"https:\/\/safeusediisocyanates.eu\/pl\/\",\"logo\":{\"@type\":\"ImageObject\",\"inLanguage\":\"es\",\"@id\":\"https:\/\/safeusediisocyanates.eu\/pl\/#\/schema\/logo\/image\/\",\"url\":\"https:\/\/safeusediisocyanates.eu\/wp-content\/uploads\/2024\/04\/sud-logo.jpg\",\"contentUrl\":\"https:\/\/safeusediisocyanates.eu\/wp-content\/uploads\/2024\/04\/sud-logo.jpg\",\"width\":260,\"height\":172,\"caption\":\"Safe use diisocyanates\"},\"image\":{\"@id\":\"https:\/\/safeusediisocyanates.eu\/pl\/#\/schema\/logo\/image\/\"}}]}<\/script>\n<!-- \/ Yoast SEO plugin. -->","yoast_head_json":{"title":"Protecci\u00f3n de datos y Directiva GDPR - Safe use diisocyanates","robots":{"index":"index","follow":"follow","max-snippet":"max-snippet:-1","max-image-preview":"max-image-preview:large","max-video-preview":"max-video-preview:-1"},"canonical":"https:\/\/safeusediisocyanates.eu\/es\/4135-2\/","og_locale":"es_ES","og_type":"article","og_title":"Protecci\u00f3n de datos y Directiva GDPR - Safe use diisocyanates","og_description":"&nbsp; &nbsp; &nbsp; &nbsp; &nbsp; Protecci\u00f3n de datos y Directiva GDPR Asociaci\u00f3n Europea de Productores de Diisocianatos y Polioles (ISOPA) Asociaci\u00f3n internacional sin \u00e1nimo de lucro Sede social en Rue Belliard 65, B-1040 Etterbeek, B\u00e9lgica N\u00famero de empresa\/IVA BE0649.434.695, RPM Bruselas &nbsp; Asociaci\u00f3n Europea de Productores de Isocianatos Alif\u00e1ticos (ALIPA) Asociaci\u00f3n internacional sin \u00e1nimo de [&hellip;]","og_url":"https:\/\/safeusediisocyanates.eu\/es\/4135-2\/","og_site_name":"Safe use diisocyanates","article_modified_time":"2024-08-29T11:21:07+00:00","og_image":[{"width":1200,"height":675,"url":"https:\/\/safeusediisocyanates.eu\/wp-content\/uploads\/2024\/05\/og-image.jpg","type":"image\/jpeg"}],"twitter_card":"summary_large_image","twitter_misc":{"Tiempo de lectura":"12 minutos"},"schema":{"@context":"https:\/\/schema.org","@graph":[{"@type":"WebPage","@id":"https:\/\/safeusediisocyanates.eu\/es\/4135-2\/","url":"https:\/\/safeusediisocyanates.eu\/es\/4135-2\/","name":"Protecci\u00f3n de datos y Directiva GDPR - Safe use diisocyanates","isPartOf":{"@id":"https:\/\/safeusediisocyanates.eu\/pl\/#website"},"datePublished":"2024-08-29T08:22:41+00:00","dateModified":"2024-08-29T11:21:07+00:00","breadcrumb":{"@id":"https:\/\/safeusediisocyanates.eu\/es\/4135-2\/#breadcrumb"},"inLanguage":"es","potentialAction":[{"@type":"ReadAction","target":["https:\/\/safeusediisocyanates.eu\/es\/4135-2\/"]}]},{"@type":"BreadcrumbList","@id":"https:\/\/safeusediisocyanates.eu\/es\/4135-2\/#breadcrumb","itemListElement":[{"@type":"ListItem","position":1,"name":"Home","item":"https:\/\/safeusediisocyanates.eu\/es\/home\/"},{"@type":"ListItem","position":2,"name":"Protecci\u00f3n de datos y Directiva GDPR"}]},{"@type":"WebSite","@id":"https:\/\/safeusediisocyanates.eu\/pl\/#website","url":"https:\/\/safeusediisocyanates.eu\/pl\/","name":"Safe use diisocyanates","description":"","publisher":{"@id":"https:\/\/safeusediisocyanates.eu\/pl\/#organization"},"potentialAction":[{"@type":"SearchAction","target":{"@type":"EntryPoint","urlTemplate":"https:\/\/safeusediisocyanates.eu\/pl\/?s={search_term_string}"},"query-input":{"@type":"PropertyValueSpecification","valueRequired":true,"valueName":"search_term_string"}}],"inLanguage":"es"},{"@type":"Organization","@id":"https:\/\/safeusediisocyanates.eu\/pl\/#organization","name":"Safe use diisocyanates","url":"https:\/\/safeusediisocyanates.eu\/pl\/","logo":{"@type":"ImageObject","inLanguage":"es","@id":"https:\/\/safeusediisocyanates.eu\/pl\/#\/schema\/logo\/image\/","url":"https:\/\/safeusediisocyanates.eu\/wp-content\/uploads\/2024\/04\/sud-logo.jpg","contentUrl":"https:\/\/safeusediisocyanates.eu\/wp-content\/uploads\/2024\/04\/sud-logo.jpg","width":260,"height":172,"caption":"Safe use diisocyanates"},"image":{"@id":"https:\/\/safeusediisocyanates.eu\/pl\/#\/schema\/logo\/image\/"}}]}},"_links":{"self":[{"href":"https:\/\/safeusediisocyanates.eu\/es\/wp-json\/wp\/v2\/pages\/4135","targetHints":{"allow":["GET"]}}],"collection":[{"href":"https:\/\/safeusediisocyanates.eu\/es\/wp-json\/wp\/v2\/pages"}],"about":[{"href":"https:\/\/safeusediisocyanates.eu\/es\/wp-json\/wp\/v2\/types\/page"}],"author":[{"embeddable":true,"href":"https:\/\/safeusediisocyanates.eu\/es\/wp-json\/wp\/v2\/users\/12"}],"replies":[{"embeddable":true,"href":"https:\/\/safeusediisocyanates.eu\/es\/wp-json\/wp\/v2\/comments?post=4135"}],"version-history":[{"count":2,"href":"https:\/\/safeusediisocyanates.eu\/es\/wp-json\/wp\/v2\/pages\/4135\/revisions"}],"predecessor-version":[{"id":4137,"href":"https:\/\/safeusediisocyanates.eu\/es\/wp-json\/wp\/v2\/pages\/4135\/revisions\/4137"}],"wp:attachment":[{"href":"https:\/\/safeusediisocyanates.eu\/es\/wp-json\/wp\/v2\/media?parent=4135"}],"curies":[{"name":"wp","href":"https:\/\/api.w.org\/{rel}","templated":true}]}}