{"id":2122,"date":"2024-04-28T21:48:48","date_gmt":"2024-04-28T21:48:48","guid":{"rendered":"https:\/\/nostalgic-galois.46-242-128-94.plesk.page\/?page_id=2122"},"modified":"2025-02-12T08:10:58","modified_gmt":"2025-02-12T08:10:58","slug":"preguntas-frecuentes","status":"publish","type":"page","link":"https:\/\/safeusediisocyanates.eu\/es\/preguntas-frecuentes\/","title":{"rendered":"Preguntas frecuentes"},"content":{"rendered":"\t\t<div data-elementor-type=\"wp-page\" data-elementor-id=\"2122\" class=\"elementor elementor-2122 elementor-148\" data-elementor-post-type=\"page\">\n\t\t\t\t<div class=\"elementor-element elementor-element-ebd45e5 e-flex e-con-boxed e-con e-parent\" data-id=\"ebd45e5\" data-element_type=\"container\" data-e-type=\"container\" data-settings=\"{&quot;background_background&quot;:&quot;gradient&quot;}\">\n\t\t\t\t\t<div class=\"e-con-inner\">\n\t\t<div class=\"elementor-element elementor-element-0314492 e-grid e-con-boxed e-con e-child\" data-id=\"0314492\" data-element_type=\"container\" data-e-type=\"container\" data-settings=\"{&quot;background_background&quot;:&quot;gradient&quot;}\">\n\t\t\t\t\t<div class=\"e-con-inner\">\n\t\t<div class=\"elementor-element elementor-element-9609845 e-flex e-con-boxed e-con e-child\" data-id=\"9609845\" data-element_type=\"container\" data-e-type=\"container\" data-settings=\"{&quot;background_background&quot;:&quot;classic&quot;}\">\n\t\t\t\t\t<div class=\"e-con-inner\">\n\t\t\t\t\t<\/div>\n\t\t\t\t<\/div>\n\t\t<div class=\"elementor-element elementor-element-c012eca e-flex e-con-boxed e-con e-child\" data-id=\"c012eca\" data-element_type=\"container\" data-e-type=\"container\">\n\t\t\t\t\t<div class=\"e-con-inner\">\n\t\t\t\t<div class=\"elementor-element elementor-element-30cda6c elementor-widget elementor-widget-heading\" data-id=\"30cda6c\" data-element_type=\"widget\" data-e-type=\"widget\" data-widget_type=\"heading.default\">\n\t\t\t\t<div class=\"elementor-widget-container\">\n\t\t\t\t\t<h1 class=\"elementor-heading-title elementor-size-default\">Las 10 preguntas m\u00e1s frecuentes<\/h1>\t\t\t\t<\/div>\n\t\t\t\t<\/div>\n\t\t\t\t<div class=\"elementor-element elementor-element-258409a elementor-widget elementor-widget-text-editor\" data-id=\"258409a\" data-element_type=\"widget\" data-e-type=\"widget\" data-widget_type=\"text-editor.default\">\n\t\t\t\t<div class=\"elementor-widget-container\">\n\t\t\t\t\t\t\t\t\t<p><strong>1. \u00bfTengo que ofrecer formaci\u00f3n a mis empleados?<\/strong><\/p><p>El empleador tiene la obligaci\u00f3n de garantizar que todos los empleados que usen o manipulen productos con un m\u00ednimo de 0,1\u00a0% de diisocianatos reciban formaci\u00f3n adecuada. V\u00e9ase la informaci\u00f3n detallada en <strong><a href=\"https:\/\/eur-lex.europa.eu\/legal-content\/EN\/TXT\/PDF\/?uri=CELEX:32020R1149\">el Reglamento REACH<\/a><\/strong> de la UE.<\/p><p>Es responsabilidad del empresario asegurarse de que todos los empleados pertinentes -incluidos los transe\u00fantes, como los de mantenimiento externo &#8211; hayan finalizado la formaci\u00f3n antes de manipular diisocianatos.<\/p><p><strong>2. \u00bfQu\u00e9 tipo de formaci\u00f3n necesitan mis empleados\/mi grupo objetivo?<\/strong><\/p><p>Depende de la aplicaci\u00f3n y las tareas desempe\u00f1adas por sus empleados. Las autoridades reguladoras establecen tres niveles diferentes de formaci\u00f3n (formaci\u00f3n general, formaci\u00f3n de nivel intermedio y formaci\u00f3n avanzada) dependiendo del riesgo de exposici\u00f3n relacionado con la tarea o las tareas ejecutadas por el empleado. Hemos creado <strong><a href=\"https:\/\/safeusediisocyanates.eu\/es\/cursos-en-linea\/listado-de-cursos\/\">una tabla<\/a><\/strong> para ayudarles a hacer la elecci\u00f3n correcta.<\/p><p><strong>3. \u00bfQu\u00e9 mono-, bi- o tri-isocianatos se incluyen en la restricci\u00f3n REACH?<\/strong><\/p><p>En el <strong><a href=\"https:\/\/safeusediisocyanates.eu\/es\/reglamento-reach\/\">apartado de REACH<\/a><\/strong> se puede consultar una lista no exhaustiva de sustancias.<\/p><p><strong>4. \u00bfCu\u00e1l es el precio de un curso?<\/strong><\/p><p>El precio de un curso de formaci\u00f3n en l\u00ednea en el sitio web de ISOPA\/ALIPA es \u20ac15 (m\u00e1s el IVA aplicable). Esto incluye el certificado del curso. Los precios de los cursos de formaci\u00f3n presenciales var\u00edan seg\u00fan el contenido y el formato.<\/p><p><strong>5. \u00bfC\u00f3mo puedo reservar un curso de formaci\u00f3n en l\u00ednea para un grupo de empleados?<\/strong><\/p><p>Utilice su cuenta de usuario de administraci\u00f3n para inscribirse. Hemos elaborado una gu\u00eda de consulta r\u00e1pida para ayudarle. Puede descargarla en el idioma de su preferencia aqu\u00ed: <strong><a href=\"https:\/\/safeusediisocyanates.eu\/wp-content\/uploads\/2024\/06\/Quick-Guide-Admin-EN-V3-2024.pdf\">ingl\u00e9s<\/a><\/strong>, <strong><a href=\"https:\/\/safeusediisocyanates.eu\/wp-content\/uploads\/images\/guide\/quick%20guide%20-%20admin-%20fr-%20v3.1.pdf\">franc\u00e9s<\/a><\/strong>, <strong><a href=\"https:\/\/safeusediisocyanates.eu\/wp-content\/uploads\/2024\/06\/Quick-Guide-Admin-DE-V4-2024.pdf\">alem\u00e1n<\/a><\/strong>, <strong><a href=\"https:\/\/safeusediisocyanates.eu\/wp-content\/uploads\/2024\/06\/Quick-Guide-Admin-NL-V4-2024.pdf\">holand\u00e9s<\/a><\/strong>, <strong><a href=\"https:\/\/safeusediisocyanates.eu\/wp-content\/uploads\/2024\/06\/Quick-Guide-Admin-IT-V4-2024.pdf\">italiano<\/a><\/strong>.\u2028\u2028<\/p><p>Tambi\u00e9n puede pedir vales de formaci\u00f3n para sus empleados o clientes: <strong><a href=\"https:\/\/safeusediisocyanates.eu\/wp-content\/uploads\/2025\/01\/VOUCHER-FORM.pdf\">Pedir vales<\/a><\/strong><\/p><p><strong>6. \u00bfCu\u00e1nto se tarda en hacer un curso de formaci\u00f3n en l\u00ednea?<\/strong><\/p><p>Depende del curso que haya reservado. Completar la formaci\u00f3n general lleva entre 40 y 50 minutos. Los cursos de formaci\u00f3n de nivel medio o avanzado requieren entre 30 y 60 minutos adicionales.<\/p><p><strong>7. \u00bfTengo que reservar el curso de formaci\u00f3n general y un curso de formaci\u00f3n adicional?<\/strong><\/p><p>La formaci\u00f3n general est\u00e1 incluida en los otros cursos de formaci\u00f3n, que son cursos de nivel medio o avanzado. De modo que si reserva uno de esos otros cursos, autom\u00e1ticamente recibir\u00e1 la formaci\u00f3n general como parte de la ruta de aprendizaje.<\/p><p><strong>8. \u00bfPuedo hacer el pago mediante transferencia bancaria?<\/strong><\/p><p>Ofrecemos m\u00e9todos de pago en l\u00ednea para reservar los cursos de formaci\u00f3n en l\u00ednea. Si su empresa no permite los pagos en l\u00ednea, puede utilizar el <strong><a href=\"https:\/\/safeusediisocyanates.eu\/wp-content\/uploads\/2025\/01\/VOUCHER-FORM.pdf\">m\u00e9todo de los vales<\/a><\/strong>.<\/p><p><strong>9. \u00bfQui\u00e9n puede impartir formaci\u00f3n sobre la manipulaci\u00f3n y el uso seguro de diisocianatos\/cualificaci\u00f3n de formadores?<\/strong><\/p><p>Cualquier persona que tenga conocimientos sobre salud y seguridad en el trabajo y que haya adquirido la correspondiente competencia mediante la formaci\u00f3n profesional pertinente. Consulte la <strong><a href=\"https:\/\/safeusediisocyanates.eu\/es\/formadores\/\">p\u00e1gina pertinente<\/a><\/strong> de nuestro sitio web sobre las opciones y el proceso de formaci\u00f3n de formadores.<\/p><p><strong>10. \u00bfTienen una lista de formadores?<\/strong><\/p><p>S\u00ed. Puede consultar nuestra <strong><a href=\"https:\/\/safeusediisocyanates.eu\/es\/formadores\/listado-de-expertos-acreditados-en-el-uso-seguro-de-diisocianatos\/\">lista de formadores<\/a><\/strong> y contactarlos directamente.<\/p><p>\u00bfNo ha encontrado la respuesta a su pregunta? Utilice nuestro <em>chatbot<\/em> o escr\u00edbanos a trav\u00e9s del <strong><a href=\"https:\/\/safeusediisocyanates.eu\/es\/contacto\/\">formulario de contacto<\/a><\/strong>.<\/p>\t\t\t\t\t\t\t\t<\/div>\n\t\t\t\t<\/div>\n\t\t\t\t\t<\/div>\n\t\t\t\t<\/div>\n\t\t\t\t\t<\/div>\n\t\t\t\t<\/div>\n\t\t\t\t\t<\/div>\n\t\t\t\t<\/div>\n\t\t\t\t<\/div>\n\t\t","protected":false},"excerpt":{"rendered":"<p>Las 10 preguntas m\u00e1s frecuentes 1. \u00bfTengo que ofrecer formaci\u00f3n a mis empleados? El empleador tiene la obligaci\u00f3n de garantizar que todos los empleados que usen o manipulen productos con un m\u00ednimo de 0,1\u00a0% de diisocianatos reciban formaci\u00f3n adecuada. V\u00e9ase la informaci\u00f3n detallada en el Reglamento REACH de la UE. Es responsabilidad del empresario asegurarse [&hellip;]<\/p>\n","protected":false},"author":1,"featured_media":0,"parent":0,"menu_order":0,"comment_status":"closed","ping_status":"closed","template":"","meta":{"footnotes":""},"class_list":["post-2122","page","type-page","status-publish","hentry"],"yoast_head":"<!-- This site is optimized with the Yoast SEO plugin v27.2 - https:\/\/yoast.com\/product\/yoast-seo-wordpress\/ -->\n<title>Preguntas frecuentes - Safe use diisocyanates<\/title>\n<meta name=\"robots\" content=\"index, follow, max-snippet:-1, max-image-preview:large, max-video-preview:-1\" \/>\n<link rel=\"canonical\" href=\"https:\/\/safeusediisocyanates.eu\/faq\/\" \/>\n<meta property=\"og:locale\" content=\"es_ES\" \/>\n<meta property=\"og:type\" content=\"article\" \/>\n<meta property=\"og:title\" content=\"Preguntas frecuentes - Safe use diisocyanates\" \/>\n<meta property=\"og:description\" content=\"Las 10 preguntas m\u00e1s frecuentes 1. \u00bfTengo que ofrecer formaci\u00f3n a mis empleados? El empleador tiene la obligaci\u00f3n de garantizar que todos los empleados que usen o manipulen productos con un m\u00ednimo de 0,1\u00a0% de diisocianatos reciban formaci\u00f3n adecuada. V\u00e9ase la informaci\u00f3n detallada en el Reglamento REACH de la UE. Es responsabilidad del empresario asegurarse [&hellip;]\" \/>\n<meta property=\"og:url\" content=\"https:\/\/safeusediisocyanates.eu\/faq\/\" \/>\n<meta property=\"og:site_name\" content=\"Safe use diisocyanates\" \/>\n<meta property=\"article:modified_time\" content=\"2025-02-12T08:10:58+00:00\" \/>\n<meta property=\"og:image\" content=\"https:\/\/safeusediisocyanates.eu\/wp-content\/uploads\/2024\/05\/og-image.jpg\" \/>\n\t<meta property=\"og:image:width\" content=\"1200\" \/>\n\t<meta property=\"og:image:height\" content=\"675\" \/>\n\t<meta property=\"og:image:type\" content=\"image\/jpeg\" \/>\n<meta name=\"twitter:card\" content=\"summary_large_image\" \/>\n<meta name=\"twitter:label1\" content=\"Tiempo de lectura\" \/>\n\t<meta name=\"twitter:data1\" content=\"3 minutos\" \/>\n<script type=\"application\/ld+json\" class=\"yoast-schema-graph\">{\"@context\":\"https:\/\/schema.org\",\"@graph\":[{\"@type\":\"WebPage\",\"@id\":\"https:\/\/safeusediisocyanates.eu\/faq\/\",\"url\":\"https:\/\/safeusediisocyanates.eu\/faq\/\",\"name\":\"Preguntas frecuentes - Safe use diisocyanates\",\"isPartOf\":{\"@id\":\"https:\/\/safeusediisocyanates.eu\/pl\/#website\"},\"datePublished\":\"2024-04-28T21:48:48+00:00\",\"dateModified\":\"2025-02-12T08:10:58+00:00\",\"breadcrumb\":{\"@id\":\"https:\/\/safeusediisocyanates.eu\/faq\/#breadcrumb\"},\"inLanguage\":\"es\",\"potentialAction\":[{\"@type\":\"ReadAction\",\"target\":[\"https:\/\/safeusediisocyanates.eu\/faq\/\"]}]},{\"@type\":\"BreadcrumbList\",\"@id\":\"https:\/\/safeusediisocyanates.eu\/faq\/#breadcrumb\",\"itemListElement\":[{\"@type\":\"ListItem\",\"position\":1,\"name\":\"Home\",\"item\":\"https:\/\/safeusediisocyanates.eu\/es\/home\/\"},{\"@type\":\"ListItem\",\"position\":2,\"name\":\"Preguntas frecuentes\"}]},{\"@type\":\"WebSite\",\"@id\":\"https:\/\/safeusediisocyanates.eu\/pl\/#website\",\"url\":\"https:\/\/safeusediisocyanates.eu\/pl\/\",\"name\":\"Safe use diisocyanates\",\"description\":\"\",\"publisher\":{\"@id\":\"https:\/\/safeusediisocyanates.eu\/pl\/#organization\"},\"potentialAction\":[{\"@type\":\"SearchAction\",\"target\":{\"@type\":\"EntryPoint\",\"urlTemplate\":\"https:\/\/safeusediisocyanates.eu\/pl\/?s={search_term_string}\"},\"query-input\":{\"@type\":\"PropertyValueSpecification\",\"valueRequired\":true,\"valueName\":\"search_term_string\"}}],\"inLanguage\":\"es\"},{\"@type\":\"Organization\",\"@id\":\"https:\/\/safeusediisocyanates.eu\/pl\/#organization\",\"name\":\"Safe use diisocyanates\",\"url\":\"https:\/\/safeusediisocyanates.eu\/pl\/\",\"logo\":{\"@type\":\"ImageObject\",\"inLanguage\":\"es\",\"@id\":\"https:\/\/safeusediisocyanates.eu\/pl\/#\/schema\/logo\/image\/\",\"url\":\"https:\/\/safeusediisocyanates.eu\/wp-content\/uploads\/2024\/04\/sud-logo.jpg\",\"contentUrl\":\"https:\/\/safeusediisocyanates.eu\/wp-content\/uploads\/2024\/04\/sud-logo.jpg\",\"width\":260,\"height\":172,\"caption\":\"Safe use diisocyanates\"},\"image\":{\"@id\":\"https:\/\/safeusediisocyanates.eu\/pl\/#\/schema\/logo\/image\/\"}}]}<\/script>\n<!-- \/ Yoast SEO plugin. -->","yoast_head_json":{"title":"Preguntas frecuentes - Safe use diisocyanates","robots":{"index":"index","follow":"follow","max-snippet":"max-snippet:-1","max-image-preview":"max-image-preview:large","max-video-preview":"max-video-preview:-1"},"canonical":"https:\/\/safeusediisocyanates.eu\/faq\/","og_locale":"es_ES","og_type":"article","og_title":"Preguntas frecuentes - Safe use diisocyanates","og_description":"Las 10 preguntas m\u00e1s frecuentes 1. \u00bfTengo que ofrecer formaci\u00f3n a mis empleados? El empleador tiene la obligaci\u00f3n de garantizar que todos los empleados que usen o manipulen productos con un m\u00ednimo de 0,1\u00a0% de diisocianatos reciban formaci\u00f3n adecuada. V\u00e9ase la informaci\u00f3n detallada en el Reglamento REACH de la UE. Es responsabilidad del empresario asegurarse [&hellip;]","og_url":"https:\/\/safeusediisocyanates.eu\/faq\/","og_site_name":"Safe use diisocyanates","article_modified_time":"2025-02-12T08:10:58+00:00","og_image":[{"width":1200,"height":675,"url":"https:\/\/safeusediisocyanates.eu\/wp-content\/uploads\/2024\/05\/og-image.jpg","type":"image\/jpeg"}],"twitter_card":"summary_large_image","twitter_misc":{"Tiempo de lectura":"3 minutos"},"schema":{"@context":"https:\/\/schema.org","@graph":[{"@type":"WebPage","@id":"https:\/\/safeusediisocyanates.eu\/faq\/","url":"https:\/\/safeusediisocyanates.eu\/faq\/","name":"Preguntas frecuentes - Safe use diisocyanates","isPartOf":{"@id":"https:\/\/safeusediisocyanates.eu\/pl\/#website"},"datePublished":"2024-04-28T21:48:48+00:00","dateModified":"2025-02-12T08:10:58+00:00","breadcrumb":{"@id":"https:\/\/safeusediisocyanates.eu\/faq\/#breadcrumb"},"inLanguage":"es","potentialAction":[{"@type":"ReadAction","target":["https:\/\/safeusediisocyanates.eu\/faq\/"]}]},{"@type":"BreadcrumbList","@id":"https:\/\/safeusediisocyanates.eu\/faq\/#breadcrumb","itemListElement":[{"@type":"ListItem","position":1,"name":"Home","item":"https:\/\/safeusediisocyanates.eu\/es\/home\/"},{"@type":"ListItem","position":2,"name":"Preguntas frecuentes"}]},{"@type":"WebSite","@id":"https:\/\/safeusediisocyanates.eu\/pl\/#website","url":"https:\/\/safeusediisocyanates.eu\/pl\/","name":"Safe use diisocyanates","description":"","publisher":{"@id":"https:\/\/safeusediisocyanates.eu\/pl\/#organization"},"potentialAction":[{"@type":"SearchAction","target":{"@type":"EntryPoint","urlTemplate":"https:\/\/safeusediisocyanates.eu\/pl\/?s={search_term_string}"},"query-input":{"@type":"PropertyValueSpecification","valueRequired":true,"valueName":"search_term_string"}}],"inLanguage":"es"},{"@type":"Organization","@id":"https:\/\/safeusediisocyanates.eu\/pl\/#organization","name":"Safe use diisocyanates","url":"https:\/\/safeusediisocyanates.eu\/pl\/","logo":{"@type":"ImageObject","inLanguage":"es","@id":"https:\/\/safeusediisocyanates.eu\/pl\/#\/schema\/logo\/image\/","url":"https:\/\/safeusediisocyanates.eu\/wp-content\/uploads\/2024\/04\/sud-logo.jpg","contentUrl":"https:\/\/safeusediisocyanates.eu\/wp-content\/uploads\/2024\/04\/sud-logo.jpg","width":260,"height":172,"caption":"Safe use diisocyanates"},"image":{"@id":"https:\/\/safeusediisocyanates.eu\/pl\/#\/schema\/logo\/image\/"}}]}},"_links":{"self":[{"href":"https:\/\/safeusediisocyanates.eu\/es\/wp-json\/wp\/v2\/pages\/2122","targetHints":{"allow":["GET"]}}],"collection":[{"href":"https:\/\/safeusediisocyanates.eu\/es\/wp-json\/wp\/v2\/pages"}],"about":[{"href":"https:\/\/safeusediisocyanates.eu\/es\/wp-json\/wp\/v2\/types\/page"}],"author":[{"embeddable":true,"href":"https:\/\/safeusediisocyanates.eu\/es\/wp-json\/wp\/v2\/users\/1"}],"replies":[{"embeddable":true,"href":"https:\/\/safeusediisocyanates.eu\/es\/wp-json\/wp\/v2\/comments?post=2122"}],"version-history":[{"count":19,"href":"https:\/\/safeusediisocyanates.eu\/es\/wp-json\/wp\/v2\/pages\/2122\/revisions"}],"predecessor-version":[{"id":4664,"href":"https:\/\/safeusediisocyanates.eu\/es\/wp-json\/wp\/v2\/pages\/2122\/revisions\/4664"}],"wp:attachment":[{"href":"https:\/\/safeusediisocyanates.eu\/es\/wp-json\/wp\/v2\/media?parent=2122"}],"curies":[{"name":"wp","href":"https:\/\/api.w.org\/{rel}","templated":true}]}}