{"id":2121,"date":"2024-04-28T21:51:09","date_gmt":"2024-04-28T21:51:09","guid":{"rendered":"https:\/\/nostalgic-galois.46-242-128-94.plesk.page\/?page_id=2121"},"modified":"2024-07-08T10:39:45","modified_gmt":"2024-07-08T10:39:45","slug":"reglamento-reach","status":"publish","type":"page","link":"https:\/\/safeusediisocyanates.eu\/es\/reglamento-reach\/","title":{"rendered":"Reglamento REACH"},"content":{"rendered":"\t\t<div data-elementor-type=\"wp-page\" data-elementor-id=\"2121\" class=\"elementor elementor-2121 elementor-155\" data-elementor-post-type=\"page\">\n\t\t\t\t<div class=\"elementor-element elementor-element-ebd45e5 e-flex e-con-boxed e-con e-parent\" data-id=\"ebd45e5\" data-element_type=\"container\" data-e-type=\"container\" data-settings=\"{&quot;background_background&quot;:&quot;gradient&quot;}\">\n\t\t\t\t\t<div class=\"e-con-inner\">\n\t\t<div class=\"elementor-element elementor-element-0314492 e-grid e-con-boxed e-con e-child\" data-id=\"0314492\" data-element_type=\"container\" data-e-type=\"container\" data-settings=\"{&quot;background_background&quot;:&quot;gradient&quot;}\">\n\t\t\t\t\t<div class=\"e-con-inner\">\n\t\t<div class=\"elementor-element elementor-element-9609845 e-flex e-con-boxed e-con e-child\" data-id=\"9609845\" data-element_type=\"container\" data-e-type=\"container\" data-settings=\"{&quot;background_background&quot;:&quot;classic&quot;}\">\n\t\t\t\t\t<div class=\"e-con-inner\">\n\t\t\t\t\t<\/div>\n\t\t\t\t<\/div>\n\t\t<div class=\"elementor-element elementor-element-c012eca e-flex e-con-boxed e-con e-child\" data-id=\"c012eca\" data-element_type=\"container\" data-e-type=\"container\">\n\t\t\t\t\t<div class=\"e-con-inner\">\n\t\t\t\t<div class=\"elementor-element elementor-element-30cda6c elementor-widget elementor-widget-heading\" data-id=\"30cda6c\" data-element_type=\"widget\" data-e-type=\"widget\" data-widget_type=\"heading.default\">\n\t\t\t\t<div class=\"elementor-widget-container\">\n\t\t\t\t\t<h1 class=\"elementor-heading-title elementor-size-default\">Reglamento REACH<\/h1>\t\t\t\t<\/div>\n\t\t\t\t<\/div>\n\t\t\t\t<div class=\"elementor-element elementor-element-258409a elementor-widget elementor-widget-text-editor\" data-id=\"258409a\" data-element_type=\"widget\" data-e-type=\"widget\" data-widget_type=\"text-editor.default\">\n\t\t\t\t<div class=\"elementor-widget-container\">\n\t\t\t\t\t\t\t\t\t<p>REACH es el Reglamento europeo relativo al registro, la evaluaci\u00f3n, la autorizaci\u00f3n y la restricci\u00f3n de las sustancias y mezclas qu\u00edmicas. Entr\u00f3 en vigor en 2007, reemplazando el anterior marco legislativo para sustancias qu\u00edmicas en la UE.<\/p><p>El 4 de febrero de 2020, el Comit\u00e9 REACH (establecido en el marco del Reglamento REACH y compuesto por representantes de los Estados miembros y la Comisi\u00f3n Europea) vot\u00f3 a favor de la propuesta de la Comisi\u00f3n Europea para la introducci\u00f3n de una restricci\u00f3n del Reglamento REACH sobre diisocianatos. Dicha restricci\u00f3n se public\u00f3 el 4 de agosto de 2020 y entr\u00f3 en vigor el 24 de agosto de 2023, tras un per\u00edodo de transici\u00f3n de tres a\u00f1os.<\/p><p>La restricci\u00f3n sobre diisocianatos est\u00e1 disponible en todos los idiomas de la UE <u>aqu\u00ed<\/u>.<\/p>\t\t\t\t\t\t\t\t<\/div>\n\t\t\t\t<\/div>\n\t\t\t\t\t<\/div>\n\t\t\t\t<\/div>\n\t\t\t\t\t<\/div>\n\t\t\t\t<\/div>\n\t\t\t\t\t<\/div>\n\t\t\t\t<\/div>\n\t\t<div class=\"elementor-element elementor-element-30fdb8b e-grid e-con-boxed e-con e-parent\" data-id=\"30fdb8b\" data-element_type=\"container\" data-e-type=\"container\">\n\t\t\t\t\t<div class=\"e-con-inner\">\n\t\t<div class=\"elementor-element elementor-element-10f6258 e-flex e-con-boxed e-con e-child\" data-id=\"10f6258\" data-element_type=\"container\" data-e-type=\"container\">\n\t\t\t\t\t<div class=\"e-con-inner\">\n\t\t\t\t<div class=\"elementor-element elementor-element-8ae784a elementor-widget elementor-widget-heading\" data-id=\"8ae784a\" data-element_type=\"widget\" data-e-type=\"widget\" data-widget_type=\"heading.default\">\n\t\t\t\t<div class=\"elementor-widget-container\">\n\t\t\t\t\t<h2 class=\"elementor-heading-title elementor-size-default\">Lista de sustancias (t\u00e9ngase presente que esta lista de diisocianatos no es exhaustiva):<\/h2>\t\t\t\t<\/div>\n\t\t\t\t<\/div>\n\t\t\t\t<div class=\"elementor-element elementor-element-a6e25d1 table-reach elementor-widget elementor-widget-text-editor\" data-id=\"a6e25d1\" data-element_type=\"widget\" data-e-type=\"widget\" data-widget_type=\"text-editor.default\">\n\t\t\t\t<div class=\"elementor-widget-container\">\n\t\t\t\t\t\t\t\t\t<table><thead><tr><td><strong>Nombre<\/strong><\/td><td><strong>N.\u00ba lista CE N.\u00ba CAS<\/strong><\/td><\/tr><\/thead><tbody><tr><td>2-methyl-m-phenylene diisocyanate<\/td><td>202-039-0 91-08-7<\/td><\/tr><tr><td>3,3&#8242;-dimethylbiphenyl-4,4&#8242;-diyl diisocyanate<\/td><td>202-112-7 91-97-4<\/td><\/tr><tr><td>4,4\u2019-Methylenediphenyl diisocyanate<\/td><td>202-966-0 101-68-8<\/td><\/tr><tr><td>Hexamethylene diisocyanate<\/td><td>212-485-8 822-06-0<\/td><\/tr><tr><td>4-methyl-m-phenylene diisocyanate<\/td><td>209-544-5 584-84-9<\/td><\/tr><tr><td>4,4&#8242;-methylenedicyclohexyl diisocyanate<\/td><td>225-863-2 5124-30-1<\/td><\/tr><tr><td>m-tolylidene diisocyanate<\/td><td>247-722-4 26471-62-5<\/td><\/tr><tr><td>2,4,6-triisopropyl-m-phenylene diisocyanate<\/td><td>218-485-4 2162-73-4<\/td><\/tr><tr><td>2,2\u2019-Methylenediphenyl diisocyanate<\/td><td>219-799-4 2536-05-2<\/td><\/tr><tr><td>1,3-bis(1-isocyanato-1-methylethyl)benzene<\/td><td>220-474-4 2778-42-9<\/td><\/tr><tr><td>1,5-naphthylene diisocyanate<\/td><td>221-641-4 3173-72-6<\/td><\/tr><tr><td>1,3-bis(isocyanatomethyl)benzene<\/td><td>222-852-4 3634-83-1<\/td><\/tr><tr><td>3-isocyanatomethyl-3,5,5-trimethylcyclohexyl isocyanate<\/td><td>223-861-6 4098-71-9<\/td><\/tr><tr><td>2,4\u2019-Methylenediphenyl diisocyanate<\/td><td>227-534-9 5873-54-1<\/td><\/tr><\/tbody><\/table><p>Fuente:<\/p><p><a href=\"https:\/\/echa.europa.eu\/de\/substances-restricted-under-reach\/-\/dislist\/details\/0b0236e185347b62\" target=\"_blank\" rel=\"noopener\">https:\/\/echa.europa.eu\/de\/substances-restricted-under-reach\/-\/dislist\/details\/0b0236e185347b62<\/a><\/p>\t\t\t\t\t\t\t\t<\/div>\n\t\t\t\t<\/div>\n\t\t\t\t<div class=\"elementor-element elementor-element-66818f9 elementor-widget elementor-widget-heading\" data-id=\"66818f9\" data-element_type=\"widget\" data-e-type=\"widget\" data-widget_type=\"heading.default\">\n\t\t\t\t<div class=\"elementor-widget-container\">\n\t\t\t\t\t<h3 class=\"elementor-heading-title elementor-size-default\">Niveles de formaci\u00f3n<\/h3>\t\t\t\t<\/div>\n\t\t\t\t<\/div>\n\t\t\t\t<div class=\"elementor-element elementor-element-bc86165 elementor-widget elementor-widget-text-editor\" data-id=\"bc86165\" data-element_type=\"widget\" data-e-type=\"widget\" data-widget_type=\"text-editor.default\">\n\t\t\t\t<div class=\"elementor-widget-container\">\n\t\t\t\t\t\t\t\t\t<p>La Restricci\u00f3n establece tres niveles diferentes de formaci\u00f3n requerida para los diversos usos de los diisocianatos; la formaci\u00f3n general es un requisito m\u00ednimo y, dependiendo del grado de exposici\u00f3n, ser\u00e1 necesaria la formaci\u00f3n de nivel intermedio y la de nivel avanzado. Esta <strong><a href=\"http:\/\/To zestawienie pomo\u017ce w wyborze odpowiedniego kursu szkoleniowego.\" data-wplink-url-error=\"true\">tabla<\/a> <\/strong>le ayudar\u00e1 a elegir el curso de formaci\u00f3n adecuado.<\/p>\t\t\t\t\t\t\t\t<\/div>\n\t\t\t\t<\/div>\n\t\t\t\t\t<\/div>\n\t\t\t\t<\/div>\n\t\t<div class=\"elementor-element elementor-element-1d17e21 e-flex e-con-boxed e-con e-child\" data-id=\"1d17e21\" data-element_type=\"container\" data-e-type=\"container\">\n\t\t\t\t\t<div class=\"e-con-inner\">\n\t\t\t\t<div class=\"elementor-element elementor-element-151bf61 elementor-widget elementor-widget-image\" data-id=\"151bf61\" data-element_type=\"widget\" data-e-type=\"widget\" data-widget_type=\"image.default\">\n\t\t\t\t<div class=\"elementor-widget-container\">\n\t\t\t\t\t\t\t\t\t\t\t\t\t\t\t<img fetchpriority=\"high\" decoding=\"async\" width=\"693\" height=\"1024\" src=\"https:\/\/safeusediisocyanates.eu\/wp-content\/uploads\/2024\/05\/reach-2.jpg\" class=\"attachment-large size-large wp-image-2567\" alt=\"\" srcset=\"https:\/\/safeusediisocyanates.eu\/wp-content\/uploads\/2024\/05\/reach-2.jpg 693w, https:\/\/safeusediisocyanates.eu\/wp-content\/uploads\/2024\/05\/reach-2-203x300.jpg 203w\" sizes=\"(max-width: 693px) 100vw, 693px\" \/>\t\t\t\t\t\t\t\t\t\t\t\t\t\t\t<\/div>\n\t\t\t\t<\/div>\n\t\t\t\t\t<\/div>\n\t\t\t\t<\/div>\n\t\t\t\t\t<\/div>\n\t\t\t\t<\/div>\n\t\t\t\t<\/div>\n\t\t","protected":false},"excerpt":{"rendered":"<p>Reglamento REACH REACH es el Reglamento europeo relativo al registro, la evaluaci\u00f3n, la autorizaci\u00f3n y la restricci\u00f3n de las sustancias y mezclas qu\u00edmicas. Entr\u00f3 en vigor en 2007, reemplazando el anterior marco legislativo para sustancias qu\u00edmicas en la UE. El 4 de febrero de 2020, el Comit\u00e9 REACH (establecido en el marco del Reglamento REACH [&hellip;]<\/p>\n","protected":false},"author":1,"featured_media":0,"parent":0,"menu_order":0,"comment_status":"closed","ping_status":"closed","template":"","meta":{"footnotes":""},"class_list":["post-2121","page","type-page","status-publish","hentry"],"yoast_head":"<!-- This site is optimized with the Yoast SEO plugin v27.2 - https:\/\/yoast.com\/product\/yoast-seo-wordpress\/ -->\n<title>Reglamento REACH - Safe use diisocyanates<\/title>\n<meta name=\"robots\" content=\"index, follow, max-snippet:-1, max-image-preview:large, max-video-preview:-1\" \/>\n<link rel=\"canonical\" href=\"https:\/\/safeusediisocyanates.eu\/es\/reglamento-reach\/\" \/>\n<meta property=\"og:locale\" content=\"es_ES\" \/>\n<meta property=\"og:type\" content=\"article\" \/>\n<meta property=\"og:title\" content=\"Reglamento REACH - Safe use diisocyanates\" \/>\n<meta property=\"og:description\" content=\"Reglamento REACH REACH es el Reglamento europeo relativo al registro, la evaluaci\u00f3n, la autorizaci\u00f3n y la restricci\u00f3n de las sustancias y mezclas qu\u00edmicas. Entr\u00f3 en vigor en 2007, reemplazando el anterior marco legislativo para sustancias qu\u00edmicas en la UE. El 4 de febrero de 2020, el Comit\u00e9 REACH (establecido en el marco del Reglamento REACH [&hellip;]\" \/>\n<meta property=\"og:url\" content=\"https:\/\/safeusediisocyanates.eu\/es\/reglamento-reach\/\" \/>\n<meta property=\"og:site_name\" content=\"Safe use diisocyanates\" \/>\n<meta property=\"article:modified_time\" content=\"2024-07-08T10:39:45+00:00\" \/>\n<meta property=\"og:image\" content=\"https:\/\/safeusediisocyanates.eu\/wp-content\/uploads\/2024\/05\/reach-2.jpg\" \/>\n<meta name=\"twitter:card\" content=\"summary_large_image\" \/>\n<meta name=\"twitter:label1\" content=\"Tiempo de lectura\" \/>\n\t<meta name=\"twitter:data1\" content=\"2 minutos\" \/>\n<script type=\"application\/ld+json\" class=\"yoast-schema-graph\">{\"@context\":\"https:\/\/schema.org\",\"@graph\":[{\"@type\":\"WebPage\",\"@id\":\"https:\/\/safeusediisocyanates.eu\/es\/reglamento-reach\/\",\"url\":\"https:\/\/safeusediisocyanates.eu\/es\/reglamento-reach\/\",\"name\":\"Reglamento REACH - Safe use diisocyanates\",\"isPartOf\":{\"@id\":\"https:\/\/safeusediisocyanates.eu\/pl\/#website\"},\"primaryImageOfPage\":{\"@id\":\"https:\/\/safeusediisocyanates.eu\/es\/reglamento-reach\/#primaryimage\"},\"image\":{\"@id\":\"https:\/\/safeusediisocyanates.eu\/es\/reglamento-reach\/#primaryimage\"},\"thumbnailUrl\":\"https:\/\/safeusediisocyanates.eu\/wp-content\/uploads\/2024\/05\/reach-2.jpg\",\"datePublished\":\"2024-04-28T21:51:09+00:00\",\"dateModified\":\"2024-07-08T10:39:45+00:00\",\"breadcrumb\":{\"@id\":\"https:\/\/safeusediisocyanates.eu\/es\/reglamento-reach\/#breadcrumb\"},\"inLanguage\":\"es\",\"potentialAction\":[{\"@type\":\"ReadAction\",\"target\":[\"https:\/\/safeusediisocyanates.eu\/es\/reglamento-reach\/\"]}]},{\"@type\":\"ImageObject\",\"inLanguage\":\"es\",\"@id\":\"https:\/\/safeusediisocyanates.eu\/es\/reglamento-reach\/#primaryimage\",\"url\":\"https:\/\/safeusediisocyanates.eu\/wp-content\/uploads\/2024\/05\/reach-2.jpg\",\"contentUrl\":\"https:\/\/safeusediisocyanates.eu\/wp-content\/uploads\/2024\/05\/reach-2.jpg\"},{\"@type\":\"BreadcrumbList\",\"@id\":\"https:\/\/safeusediisocyanates.eu\/es\/reglamento-reach\/#breadcrumb\",\"itemListElement\":[{\"@type\":\"ListItem\",\"position\":1,\"name\":\"Home\",\"item\":\"https:\/\/safeusediisocyanates.eu\/es\/home\/\"},{\"@type\":\"ListItem\",\"position\":2,\"name\":\"Reglamento REACH\"}]},{\"@type\":\"WebSite\",\"@id\":\"https:\/\/safeusediisocyanates.eu\/pl\/#website\",\"url\":\"https:\/\/safeusediisocyanates.eu\/pl\/\",\"name\":\"Safe use diisocyanates\",\"description\":\"\",\"publisher\":{\"@id\":\"https:\/\/safeusediisocyanates.eu\/pl\/#organization\"},\"potentialAction\":[{\"@type\":\"SearchAction\",\"target\":{\"@type\":\"EntryPoint\",\"urlTemplate\":\"https:\/\/safeusediisocyanates.eu\/pl\/?s={search_term_string}\"},\"query-input\":{\"@type\":\"PropertyValueSpecification\",\"valueRequired\":true,\"valueName\":\"search_term_string\"}}],\"inLanguage\":\"es\"},{\"@type\":\"Organization\",\"@id\":\"https:\/\/safeusediisocyanates.eu\/pl\/#organization\",\"name\":\"Safe use diisocyanates\",\"url\":\"https:\/\/safeusediisocyanates.eu\/pl\/\",\"logo\":{\"@type\":\"ImageObject\",\"inLanguage\":\"es\",\"@id\":\"https:\/\/safeusediisocyanates.eu\/pl\/#\/schema\/logo\/image\/\",\"url\":\"https:\/\/safeusediisocyanates.eu\/wp-content\/uploads\/2024\/04\/sud-logo.jpg\",\"contentUrl\":\"https:\/\/safeusediisocyanates.eu\/wp-content\/uploads\/2024\/04\/sud-logo.jpg\",\"width\":260,\"height\":172,\"caption\":\"Safe use diisocyanates\"},\"image\":{\"@id\":\"https:\/\/safeusediisocyanates.eu\/pl\/#\/schema\/logo\/image\/\"}}]}<\/script>\n<!-- \/ Yoast SEO plugin. -->","yoast_head_json":{"title":"Reglamento REACH - Safe use diisocyanates","robots":{"index":"index","follow":"follow","max-snippet":"max-snippet:-1","max-image-preview":"max-image-preview:large","max-video-preview":"max-video-preview:-1"},"canonical":"https:\/\/safeusediisocyanates.eu\/es\/reglamento-reach\/","og_locale":"es_ES","og_type":"article","og_title":"Reglamento REACH - Safe use diisocyanates","og_description":"Reglamento REACH REACH es el Reglamento europeo relativo al registro, la evaluaci\u00f3n, la autorizaci\u00f3n y la restricci\u00f3n de las sustancias y mezclas qu\u00edmicas. Entr\u00f3 en vigor en 2007, reemplazando el anterior marco legislativo para sustancias qu\u00edmicas en la UE. El 4 de febrero de 2020, el Comit\u00e9 REACH (establecido en el marco del Reglamento REACH [&hellip;]","og_url":"https:\/\/safeusediisocyanates.eu\/es\/reglamento-reach\/","og_site_name":"Safe use diisocyanates","article_modified_time":"2024-07-08T10:39:45+00:00","og_image":[{"url":"https:\/\/safeusediisocyanates.eu\/wp-content\/uploads\/2024\/05\/reach-2.jpg","type":"","width":"","height":""}],"twitter_card":"summary_large_image","twitter_misc":{"Tiempo de lectura":"2 minutos"},"schema":{"@context":"https:\/\/schema.org","@graph":[{"@type":"WebPage","@id":"https:\/\/safeusediisocyanates.eu\/es\/reglamento-reach\/","url":"https:\/\/safeusediisocyanates.eu\/es\/reglamento-reach\/","name":"Reglamento REACH - Safe use diisocyanates","isPartOf":{"@id":"https:\/\/safeusediisocyanates.eu\/pl\/#website"},"primaryImageOfPage":{"@id":"https:\/\/safeusediisocyanates.eu\/es\/reglamento-reach\/#primaryimage"},"image":{"@id":"https:\/\/safeusediisocyanates.eu\/es\/reglamento-reach\/#primaryimage"},"thumbnailUrl":"https:\/\/safeusediisocyanates.eu\/wp-content\/uploads\/2024\/05\/reach-2.jpg","datePublished":"2024-04-28T21:51:09+00:00","dateModified":"2024-07-08T10:39:45+00:00","breadcrumb":{"@id":"https:\/\/safeusediisocyanates.eu\/es\/reglamento-reach\/#breadcrumb"},"inLanguage":"es","potentialAction":[{"@type":"ReadAction","target":["https:\/\/safeusediisocyanates.eu\/es\/reglamento-reach\/"]}]},{"@type":"ImageObject","inLanguage":"es","@id":"https:\/\/safeusediisocyanates.eu\/es\/reglamento-reach\/#primaryimage","url":"https:\/\/safeusediisocyanates.eu\/wp-content\/uploads\/2024\/05\/reach-2.jpg","contentUrl":"https:\/\/safeusediisocyanates.eu\/wp-content\/uploads\/2024\/05\/reach-2.jpg"},{"@type":"BreadcrumbList","@id":"https:\/\/safeusediisocyanates.eu\/es\/reglamento-reach\/#breadcrumb","itemListElement":[{"@type":"ListItem","position":1,"name":"Home","item":"https:\/\/safeusediisocyanates.eu\/es\/home\/"},{"@type":"ListItem","position":2,"name":"Reglamento REACH"}]},{"@type":"WebSite","@id":"https:\/\/safeusediisocyanates.eu\/pl\/#website","url":"https:\/\/safeusediisocyanates.eu\/pl\/","name":"Safe use diisocyanates","description":"","publisher":{"@id":"https:\/\/safeusediisocyanates.eu\/pl\/#organization"},"potentialAction":[{"@type":"SearchAction","target":{"@type":"EntryPoint","urlTemplate":"https:\/\/safeusediisocyanates.eu\/pl\/?s={search_term_string}"},"query-input":{"@type":"PropertyValueSpecification","valueRequired":true,"valueName":"search_term_string"}}],"inLanguage":"es"},{"@type":"Organization","@id":"https:\/\/safeusediisocyanates.eu\/pl\/#organization","name":"Safe use diisocyanates","url":"https:\/\/safeusediisocyanates.eu\/pl\/","logo":{"@type":"ImageObject","inLanguage":"es","@id":"https:\/\/safeusediisocyanates.eu\/pl\/#\/schema\/logo\/image\/","url":"https:\/\/safeusediisocyanates.eu\/wp-content\/uploads\/2024\/04\/sud-logo.jpg","contentUrl":"https:\/\/safeusediisocyanates.eu\/wp-content\/uploads\/2024\/04\/sud-logo.jpg","width":260,"height":172,"caption":"Safe use diisocyanates"},"image":{"@id":"https:\/\/safeusediisocyanates.eu\/pl\/#\/schema\/logo\/image\/"}}]}},"_links":{"self":[{"href":"https:\/\/safeusediisocyanates.eu\/es\/wp-json\/wp\/v2\/pages\/2121","targetHints":{"allow":["GET"]}}],"collection":[{"href":"https:\/\/safeusediisocyanates.eu\/es\/wp-json\/wp\/v2\/pages"}],"about":[{"href":"https:\/\/safeusediisocyanates.eu\/es\/wp-json\/wp\/v2\/types\/page"}],"author":[{"embeddable":true,"href":"https:\/\/safeusediisocyanates.eu\/es\/wp-json\/wp\/v2\/users\/1"}],"replies":[{"embeddable":true,"href":"https:\/\/safeusediisocyanates.eu\/es\/wp-json\/wp\/v2\/comments?post=2121"}],"version-history":[{"count":13,"href":"https:\/\/safeusediisocyanates.eu\/es\/wp-json\/wp\/v2\/pages\/2121\/revisions"}],"predecessor-version":[{"id":4065,"href":"https:\/\/safeusediisocyanates.eu\/es\/wp-json\/wp\/v2\/pages\/2121\/revisions\/4065"}],"wp:attachment":[{"href":"https:\/\/safeusediisocyanates.eu\/es\/wp-json\/wp\/v2\/media?parent=2121"}],"curies":[{"name":"wp","href":"https:\/\/api.w.org\/{rel}","templated":true}]}}