{"id":2115,"date":"2024-05-20T10:57:44","date_gmt":"2024-05-20T10:57:44","guid":{"rendered":"https:\/\/nostalgic-galois.46-242-128-94.plesk.page\/?page_id=2115"},"modified":"2024-07-04T11:44:37","modified_gmt":"2024-07-04T11:44:37","slug":"formadores-externos","status":"publish","type":"page","link":"https:\/\/safeusediisocyanates.eu\/es\/formadores\/formadores-externos\/","title":{"rendered":"Formadores externos"},"content":{"rendered":"\t\t<div data-elementor-type=\"wp-page\" data-elementor-id=\"2115\" class=\"elementor elementor-2115 elementor-1969\" data-elementor-post-type=\"page\">\n\t\t\t\t<div class=\"elementor-element elementor-element-ebd45e5 e-flex e-con-boxed e-con e-parent\" data-id=\"ebd45e5\" data-element_type=\"container\" data-e-type=\"container\" data-settings=\"{&quot;background_background&quot;:&quot;gradient&quot;}\">\n\t\t\t\t\t<div class=\"e-con-inner\">\n\t\t<div class=\"elementor-element elementor-element-0314492 e-grid e-con-boxed e-con e-child\" data-id=\"0314492\" data-element_type=\"container\" data-e-type=\"container\" data-settings=\"{&quot;background_background&quot;:&quot;gradient&quot;}\">\n\t\t\t\t\t<div class=\"e-con-inner\">\n\t\t<div class=\"elementor-element elementor-element-9609845 e-flex e-con-boxed e-con e-child\" data-id=\"9609845\" data-element_type=\"container\" data-e-type=\"container\" data-settings=\"{&quot;background_background&quot;:&quot;classic&quot;}\">\n\t\t\t\t\t<div class=\"e-con-inner\">\n\t\t\t\t\t<\/div>\n\t\t\t\t<\/div>\n\t\t<div class=\"elementor-element elementor-element-c012eca e-flex e-con-boxed e-con e-child\" data-id=\"c012eca\" data-element_type=\"container\" data-e-type=\"container\">\n\t\t\t\t\t<div class=\"e-con-inner\">\n\t\t\t\t<div class=\"elementor-element elementor-element-30cda6c elementor-widget elementor-widget-heading\" data-id=\"30cda6c\" data-element_type=\"widget\" data-e-type=\"widget\" data-widget_type=\"heading.default\">\n\t\t\t\t<div class=\"elementor-widget-container\">\n\t\t\t\t\t<h1 class=\"elementor-heading-title elementor-size-default\">Formadores externos<\/h1>\t\t\t\t<\/div>\n\t\t\t\t<\/div>\n\t\t\t\t<div class=\"elementor-element elementor-element-5f667cd elementor-widget elementor-widget-heading\" data-id=\"5f667cd\" data-element_type=\"widget\" data-e-type=\"widget\" data-widget_type=\"heading.default\">\n\t\t\t\t<div class=\"elementor-widget-container\">\n\t\t\t\t\t<h2 class=\"elementor-heading-title elementor-size-default\">Definici\u00f3n<\/h2>\t\t\t\t<\/div>\n\t\t\t\t<\/div>\n\t\t\t\t<div class=\"elementor-element elementor-element-258409a elementor-widget elementor-widget-text-editor\" data-id=\"258409a\" data-element_type=\"widget\" data-e-type=\"widget\" data-widget_type=\"text-editor.default\">\n\t\t\t\t<div class=\"elementor-widget-container\">\n\t\t\t\t\t\t\t\t\t<p>Un formador externo puede ser un profesional aut\u00f3nomo o un empleado de una instituci\u00f3n de formaci\u00f3n o consultor\u00eda que imparte formaci\u00f3n cobrando unos honorarios. Si le interesa reservar un curso de formaci\u00f3n en un aula virtual o un curso presencial con un formador externo, consulte la lista de formadores y p\u00f3ngase en contacto con ellos directamente.<\/p>\t\t\t\t\t\t\t\t<\/div>\n\t\t\t\t<\/div>\n\t\t\t\t\t<\/div>\n\t\t\t\t<\/div>\n\t\t\t\t\t<\/div>\n\t\t\t\t<\/div>\n\t\t\t\t\t<\/div>\n\t\t\t\t<\/div>\n\t\t<div class=\"elementor-element elementor-element-30fdb8b e-flex e-con-boxed e-con e-parent\" data-id=\"30fdb8b\" data-element_type=\"container\" data-e-type=\"container\">\n\t\t\t\t\t<div class=\"e-con-inner\">\n\t\t\t\t<div class=\"elementor-element elementor-element-8ae784a elementor-widget elementor-widget-heading\" data-id=\"8ae784a\" data-element_type=\"widget\" data-e-type=\"widget\" data-widget_type=\"heading.default\">\n\t\t\t\t<div class=\"elementor-widget-container\">\n\t\t\t\t\t<h2 class=\"elementor-heading-title elementor-size-default\">Proceso para formadores externos:<\/h2>\t\t\t\t<\/div>\n\t\t\t\t<\/div>\n\t\t<div class=\"elementor-element elementor-element-10f6258 e-flex e-con-boxed e-con e-child\" data-id=\"10f6258\" data-element_type=\"container\" data-e-type=\"container\">\n\t\t\t\t\t<div class=\"e-con-inner\">\n\t\t<div class=\"elementor-element elementor-element-d85717c e-flex e-con-boxed e-con e-child\" data-id=\"d85717c\" data-element_type=\"container\" data-e-type=\"container\">\n\t\t\t\t\t<div class=\"e-con-inner\">\n\t\t<div class=\"elementor-element elementor-element-f13f0f1 e-grid e-con-boxed e-con e-child\" data-id=\"f13f0f1\" data-element_type=\"container\" data-e-type=\"container\" data-settings=\"{&quot;background_background&quot;:&quot;classic&quot;}\">\n\t\t\t\t\t<div class=\"e-con-inner\">\n\t\t\t\t<div class=\"elementor-element elementor-element-89ed49b elementor-widget elementor-widget-heading\" data-id=\"89ed49b\" data-element_type=\"widget\" data-e-type=\"widget\" data-widget_type=\"heading.default\">\n\t\t\t\t<div class=\"elementor-widget-container\">\n\t\t\t\t\t<h3 class=\"elementor-heading-title elementor-size-default\">1<\/h3>\t\t\t\t<\/div>\n\t\t\t\t<\/div>\n\t\t\t\t<div class=\"elementor-element elementor-element-0b0da93 elementor-widget elementor-widget-heading\" data-id=\"0b0da93\" data-element_type=\"widget\" data-e-type=\"widget\" data-widget_type=\"heading.default\">\n\t\t\t\t<div class=\"elementor-widget-container\">\n\t\t\t\t\t<h3 class=\"elementor-heading-title elementor-size-default\">Inscripci\u00f3n<\/h3>\t\t\t\t<\/div>\n\t\t\t\t<\/div>\n\t\t\t\t\t<\/div>\n\t\t\t\t<\/div>\n\t\t<div class=\"elementor-element elementor-element-ba09e27 e-flex e-con-boxed e-con e-child\" data-id=\"ba09e27\" data-element_type=\"container\" data-e-type=\"container\">\n\t\t\t\t\t<div class=\"e-con-inner\">\n\t\t\t\t<div class=\"elementor-element elementor-element-ec712ab elementor-widget elementor-widget-text-editor\" data-id=\"ec712ab\" data-element_type=\"widget\" data-e-type=\"widget\" data-widget_type=\"text-editor.default\">\n\t\t\t\t<div class=\"elementor-widget-container\">\n\t\t\t\t\t\t\t\t\t<p>Env\u00ede un mensaje a training@safeusediisocyanates.eu para confirmar que es un formador externo. Incluya su <em>curr\u00edculum vitae<\/em> y certificados de formaci\u00f3n, como el certificado recibido a trav\u00e9s del curso de formaci\u00f3n para formadores de ISOPA\/ALIPA.<\/p>\t\t\t\t\t\t\t\t<\/div>\n\t\t\t\t<\/div>\n\t\t\t\t\t<\/div>\n\t\t\t\t<\/div>\n\t\t\t\t\t<\/div>\n\t\t\t\t<\/div>\n\t\t<div class=\"elementor-element elementor-element-64964aa e-flex e-con-boxed e-con e-child\" data-id=\"64964aa\" data-element_type=\"container\" data-e-type=\"container\">\n\t\t\t\t\t<div class=\"e-con-inner\">\n\t\t<div class=\"elementor-element elementor-element-b1ec5a3 e-grid e-con-boxed e-con e-child\" data-id=\"b1ec5a3\" data-element_type=\"container\" data-e-type=\"container\" data-settings=\"{&quot;background_background&quot;:&quot;classic&quot;}\">\n\t\t\t\t\t<div class=\"e-con-inner\">\n\t\t\t\t<div class=\"elementor-element elementor-element-61ad136 elementor-widget elementor-widget-heading\" data-id=\"61ad136\" data-element_type=\"widget\" data-e-type=\"widget\" data-widget_type=\"heading.default\">\n\t\t\t\t<div class=\"elementor-widget-container\">\n\t\t\t\t\t<h3 class=\"elementor-heading-title elementor-size-default\">2<\/h3>\t\t\t\t<\/div>\n\t\t\t\t<\/div>\n\t\t\t\t<div class=\"elementor-element elementor-element-4c58df3 elementor-widget elementor-widget-heading\" data-id=\"4c58df3\" data-element_type=\"widget\" data-e-type=\"widget\" data-widget_type=\"heading.default\">\n\t\t\t\t<div class=\"elementor-widget-container\">\n\t\t\t\t\t<h3 class=\"elementor-heading-title elementor-size-default\">Contrato y tarifa<\/h3>\t\t\t\t<\/div>\n\t\t\t\t<\/div>\n\t\t\t\t\t<\/div>\n\t\t\t\t<\/div>\n\t\t<div class=\"elementor-element elementor-element-12ca387 e-flex e-con-boxed e-con e-child\" data-id=\"12ca387\" data-element_type=\"container\" data-e-type=\"container\">\n\t\t\t\t\t<div class=\"e-con-inner\">\n\t\t\t\t<div class=\"elementor-element elementor-element-e435517 elementor-widget elementor-widget-text-editor\" data-id=\"e435517\" data-element_type=\"widget\" data-e-type=\"widget\" data-widget_type=\"text-editor.default\">\n\t\t\t\t<div class=\"elementor-widget-container\">\n\t\t\t\t\t\t\t\t\t<p>Firme el contrato. Este contrato incluye una tarifa de suscripci\u00f3n anual de \u20ac1000 por formador para acceder a los materiales de formaci\u00f3n y para que se le incluya en nuestra tabla o lista de cursos.<\/p>\t\t\t\t\t\t\t\t<\/div>\n\t\t\t\t<\/div>\n\t\t\t\t\t<\/div>\n\t\t\t\t<\/div>\n\t\t\t\t\t<\/div>\n\t\t\t\t<\/div>\n\t\t<div class=\"elementor-element elementor-element-8ee3dac e-flex e-con-boxed e-con e-child\" data-id=\"8ee3dac\" data-element_type=\"container\" data-e-type=\"container\">\n\t\t\t\t\t<div class=\"e-con-inner\">\n\t\t<div class=\"elementor-element elementor-element-8beb912 e-grid e-con-boxed e-con e-child\" data-id=\"8beb912\" data-element_type=\"container\" data-e-type=\"container\" data-settings=\"{&quot;background_background&quot;:&quot;classic&quot;}\">\n\t\t\t\t\t<div class=\"e-con-inner\">\n\t\t\t\t<div class=\"elementor-element elementor-element-20b4704 elementor-widget elementor-widget-heading\" data-id=\"20b4704\" data-element_type=\"widget\" data-e-type=\"widget\" data-widget_type=\"heading.default\">\n\t\t\t\t<div class=\"elementor-widget-container\">\n\t\t\t\t\t<h3 class=\"elementor-heading-title elementor-size-default\">3<\/h3>\t\t\t\t<\/div>\n\t\t\t\t<\/div>\n\t\t\t\t<div class=\"elementor-element elementor-element-4bfa93c elementor-widget elementor-widget-heading\" data-id=\"4bfa93c\" data-element_type=\"widget\" data-e-type=\"widget\" data-widget_type=\"heading.default\">\n\t\t\t\t<div class=\"elementor-widget-container\">\n\t\t\t\t\t<h3 class=\"elementor-heading-title elementor-size-default\">Acceso al material de formaci\u00f3n<\/h3>\t\t\t\t<\/div>\n\t\t\t\t<\/div>\n\t\t\t\t\t<\/div>\n\t\t\t\t<\/div>\n\t\t<div class=\"elementor-element elementor-element-bbb655a e-flex e-con-boxed e-con e-child\" data-id=\"bbb655a\" data-element_type=\"container\" data-e-type=\"container\">\n\t\t\t\t\t<div class=\"e-con-inner\">\n\t\t\t\t<div class=\"elementor-element elementor-element-d3024a4 list-content elementor-widget elementor-widget-text-editor\" data-id=\"d3024a4\" data-element_type=\"widget\" data-e-type=\"widget\" data-widget_type=\"text-editor.default\">\n\t\t\t\t<div class=\"elementor-widget-container\">\n\t\t\t\t\t\t\t\t\t<p>Despu\u00e9s de firmar el contrato y efectuar el pago, se le dar\u00e1 acceso a las rutas de formaci\u00f3n.<\/p>\t\t\t\t\t\t\t\t<\/div>\n\t\t\t\t<\/div>\n\t\t\t\t\t<\/div>\n\t\t\t\t<\/div>\n\t\t\t\t\t<\/div>\n\t\t\t\t<\/div>\n\t\t<div class=\"elementor-element elementor-element-d553c81 e-flex e-con-boxed e-con e-child\" data-id=\"d553c81\" data-element_type=\"container\" data-e-type=\"container\">\n\t\t\t\t\t<div class=\"e-con-inner\">\n\t\t<div class=\"elementor-element elementor-element-1ed620a e-grid e-con-boxed e-con e-child\" data-id=\"1ed620a\" data-element_type=\"container\" data-e-type=\"container\" data-settings=\"{&quot;background_background&quot;:&quot;classic&quot;}\">\n\t\t\t\t\t<div class=\"e-con-inner\">\n\t\t\t\t<div class=\"elementor-element elementor-element-c2f4961 elementor-widget elementor-widget-heading\" data-id=\"c2f4961\" data-element_type=\"widget\" data-e-type=\"widget\" data-widget_type=\"heading.default\">\n\t\t\t\t<div class=\"elementor-widget-container\">\n\t\t\t\t\t<h3 class=\"elementor-heading-title elementor-size-default\">4<\/h3>\t\t\t\t<\/div>\n\t\t\t\t<\/div>\n\t\t\t\t<div class=\"elementor-element elementor-element-7f6dc94 elementor-widget elementor-widget-heading\" data-id=\"7f6dc94\" data-element_type=\"widget\" data-e-type=\"widget\" data-widget_type=\"heading.default\">\n\t\t\t\t<div class=\"elementor-widget-container\">\n\t\t\t\t\t<h3 class=\"elementor-heading-title elementor-size-default\">Certificados<\/h3>\t\t\t\t<\/div>\n\t\t\t\t<\/div>\n\t\t\t\t\t<\/div>\n\t\t\t\t<\/div>\n\t\t<div class=\"elementor-element elementor-element-56bdd3d e-flex e-con-boxed e-con e-child\" data-id=\"56bdd3d\" data-element_type=\"container\" data-e-type=\"container\">\n\t\t\t\t\t<div class=\"e-con-inner\">\n\t\t\t\t<div class=\"elementor-element elementor-element-4fe3ecc list-content elementor-widget elementor-widget-text-editor\" data-id=\"4fe3ecc\" data-element_type=\"widget\" data-e-type=\"widget\" data-widget_type=\"text-editor.default\">\n\t\t\t\t<div class=\"elementor-widget-container\">\n\t\t\t\t\t\t\t\t\t<p>Despu\u00e9s de firmar el contrato y efectuar el pago, se le dar\u00e1 acceso a las rutas de formaci\u00f3n.<\/p><ol><li><strong>Abra su <span style=\"color: #8bc145;\"><a style=\"color: #8bc145;\" href=\"https:\/\/passport.events\/manager\/\">cuenta de administraci\u00f3n<\/a><\/span> o <span style=\"color: #8bc145;\"><a style=\"color: #8bc145;\" href=\"https:\/\/passport.events\/administrative\/register\">cree una<\/a> <\/span>si a\u00fan no la tiene. Cuando la haya creado, recibir\u00e1 un mensaje electr\u00f3nico para validar su direcci\u00f3n de correo electr\u00f3nico.\u2028<\/strong><\/li><li><strong>Comunique a training@safeusediisocyanates.eu la informaci\u00f3n de acceso (correo electr\u00f3nico) de su cuenta de administraci\u00f3n para que podamos activar el acceso.<\/strong><\/li><li>Entre en su cuenta personal:<ul><li>Haga clic en \u00abMi cuenta\u00bb y despu\u00e9s en \u00abUsuario y credenciales\u00bb. Actualice su contrase\u00f1a y conf\u00edrmela.<\/li><li>Debe usar una contrase\u00f1a diferente a las cuatro contrase\u00f1as anteriores que haya usado en su cuenta.<\/li><\/ul><\/li><li>Despu\u00e9s, en su cuenta de administraci\u00f3n:<ul><li>Haga clic en \u00abContacto\u00bb y despu\u00e9s en \u00abImportar\u00bb. Cargue los datos de las personas que tienen que recibir el certificado. Utilice para ello la plantilla de Excel.<ul><li>Si alguien no tiene direcci\u00f3n de correo electr\u00f3nico, cree una direcci\u00f3n de correo electr\u00f3nico con el siguiente formato: nombre.apellido@training.isopa<\/li><li>La columna de idioma de la plantilla se refiere al idioma de la interfaz del sitio web (no al del certificado).<\/li><\/ul><\/li><li>Cargue la plantilla cumplimentada.<\/li><li>En \u00abContactos\u00bb, seleccione los que tienen que recibir un certificado y guarde la selecci\u00f3n en la esquina superior derecha. Recomendamos que haga la selecci\u00f3n con base en el n\u00famero del curso\/idioma y fecha del curso (no es un requisito, pero facilitar\u00e1 el proceso). Si todos los contactos importados tienen que recibir el mismo certificado en el mismo idioma\/el mismo curso, no es necesario hacer una selecci\u00f3n.<\/li><\/ul><\/li><li>En la <strong><span style=\"color: #8bc145;\"><a style=\"color: #8bc145;\" href=\"https:\/\/isopa-aisbl.idloom.events\/external-trainers-certificate-webshop\">tienda web para formadores externos<\/a><\/span><\/strong> inicie sesi\u00f3n con sus credenciales (debe utilizar la misma direcci\u00f3n de correo electr\u00f3nico de su cuenta de administraci\u00f3n).<ul><li>Cumplimente la informaci\u00f3n requerida.<\/li><li>Seleccione la cantidad y el tipo de certificados (el idioma de los certificados se puede elegir durante el proceso de descarga de los mismos).<\/li><li>Contin\u00fae hasta el final del proceso de inscripci\u00f3n y realice el pago en l\u00ednea.<\/li><li><em>La tasa es de 15 euros sin IVA por certificado<\/em><\/li><\/ul><\/li><li>Si el pago se efect\u00faa, vuelva a su cuenta de administraci\u00f3n. Podr\u00e1 ver el n\u00famero de certificados comprados y el n\u00famero de certificados enviados\u2028<ul><li>Seleccione los contactos o recupere sus selecciones y asigne un certificado.<\/li><li>Al descargar los certificados podr\u00e1 seleccionar el idioma de los mismos.<\/li><\/ul><\/li><\/ol>\t\t\t\t\t\t\t\t<\/div>\n\t\t\t\t<\/div>\n\t\t\t\t\t<\/div>\n\t\t\t\t<\/div>\n\t\t\t\t\t<\/div>\n\t\t\t\t<\/div>\n\t\t\t\t\t<\/div>\n\t\t\t\t<\/div>\n\t\t\t\t\t<\/div>\n\t\t\t\t<\/div>\n\t\t\t\t<\/div>\n\t\t","protected":false},"excerpt":{"rendered":"<p>Formadores externos Definici\u00f3n Un formador externo puede ser un profesional aut\u00f3nomo o un empleado de una instituci\u00f3n de formaci\u00f3n o consultor\u00eda que imparte formaci\u00f3n cobrando unos honorarios. Si le interesa reservar un curso de formaci\u00f3n en un aula virtual o un curso presencial con un formador externo, consulte la lista de formadores y p\u00f3ngase en [&hellip;]<\/p>\n","protected":false},"author":1,"featured_media":0,"parent":2113,"menu_order":0,"comment_status":"closed","ping_status":"closed","template":"","meta":{"footnotes":""},"class_list":["post-2115","page","type-page","status-publish","hentry"],"yoast_head":"<!-- This site is optimized with the Yoast SEO plugin v27.2 - https:\/\/yoast.com\/product\/yoast-seo-wordpress\/ -->\n<title>Formadores externos - Safe use diisocyanates<\/title>\n<meta name=\"robots\" content=\"index, follow, max-snippet:-1, max-image-preview:large, max-video-preview:-1\" \/>\n<link rel=\"canonical\" href=\"https:\/\/safeusediisocyanates.eu\/es\/formadores\/formadores-externos\/\" \/>\n<meta property=\"og:locale\" content=\"es_ES\" \/>\n<meta property=\"og:type\" content=\"article\" \/>\n<meta property=\"og:title\" content=\"Formadores externos - Safe use diisocyanates\" \/>\n<meta property=\"og:description\" content=\"Formadores externos Definici\u00f3n Un formador externo puede ser un profesional aut\u00f3nomo o un empleado de una instituci\u00f3n de formaci\u00f3n o consultor\u00eda que imparte formaci\u00f3n cobrando unos honorarios. Si le interesa reservar un curso de formaci\u00f3n en un aula virtual o un curso presencial con un formador externo, consulte la lista de formadores y p\u00f3ngase en [&hellip;]\" \/>\n<meta property=\"og:url\" content=\"https:\/\/safeusediisocyanates.eu\/es\/formadores\/formadores-externos\/\" \/>\n<meta property=\"og:site_name\" content=\"Safe use diisocyanates\" \/>\n<meta property=\"article:modified_time\" content=\"2024-07-04T11:44:37+00:00\" \/>\n<meta property=\"og:image\" content=\"https:\/\/safeusediisocyanates.eu\/wp-content\/uploads\/2024\/05\/og-image.jpg\" \/>\n\t<meta property=\"og:image:width\" content=\"1200\" \/>\n\t<meta property=\"og:image:height\" content=\"675\" \/>\n\t<meta property=\"og:image:type\" content=\"image\/jpeg\" \/>\n<meta name=\"twitter:card\" content=\"summary_large_image\" \/>\n<meta name=\"twitter:label1\" content=\"Tiempo de lectura\" \/>\n\t<meta name=\"twitter:data1\" content=\"3 minutos\" \/>\n<script type=\"application\/ld+json\" class=\"yoast-schema-graph\">{\"@context\":\"https:\/\/schema.org\",\"@graph\":[{\"@type\":\"WebPage\",\"@id\":\"https:\/\/safeusediisocyanates.eu\/es\/formadores\/formadores-externos\/\",\"url\":\"https:\/\/safeusediisocyanates.eu\/es\/formadores\/formadores-externos\/\",\"name\":\"Formadores externos - Safe use diisocyanates\",\"isPartOf\":{\"@id\":\"https:\/\/safeusediisocyanates.eu\/pl\/#website\"},\"datePublished\":\"2024-05-20T10:57:44+00:00\",\"dateModified\":\"2024-07-04T11:44:37+00:00\",\"breadcrumb\":{\"@id\":\"https:\/\/safeusediisocyanates.eu\/es\/formadores\/formadores-externos\/#breadcrumb\"},\"inLanguage\":\"es\",\"potentialAction\":[{\"@type\":\"ReadAction\",\"target\":[\"https:\/\/safeusediisocyanates.eu\/es\/formadores\/formadores-externos\/\"]}]},{\"@type\":\"BreadcrumbList\",\"@id\":\"https:\/\/safeusediisocyanates.eu\/es\/formadores\/formadores-externos\/#breadcrumb\",\"itemListElement\":[{\"@type\":\"ListItem\",\"position\":1,\"name\":\"Home\",\"item\":\"https:\/\/safeusediisocyanates.eu\/es\/home\/\"},{\"@type\":\"ListItem\",\"position\":2,\"name\":\"Formadores\",\"item\":\"https:\/\/safeusediisocyanates.eu\/es\/formadores\/\"},{\"@type\":\"ListItem\",\"position\":3,\"name\":\"Formadores externos\"}]},{\"@type\":\"WebSite\",\"@id\":\"https:\/\/safeusediisocyanates.eu\/pl\/#website\",\"url\":\"https:\/\/safeusediisocyanates.eu\/pl\/\",\"name\":\"Safe use diisocyanates\",\"description\":\"\",\"publisher\":{\"@id\":\"https:\/\/safeusediisocyanates.eu\/pl\/#organization\"},\"potentialAction\":[{\"@type\":\"SearchAction\",\"target\":{\"@type\":\"EntryPoint\",\"urlTemplate\":\"https:\/\/safeusediisocyanates.eu\/pl\/?s={search_term_string}\"},\"query-input\":{\"@type\":\"PropertyValueSpecification\",\"valueRequired\":true,\"valueName\":\"search_term_string\"}}],\"inLanguage\":\"es\"},{\"@type\":\"Organization\",\"@id\":\"https:\/\/safeusediisocyanates.eu\/pl\/#organization\",\"name\":\"Safe use diisocyanates\",\"url\":\"https:\/\/safeusediisocyanates.eu\/pl\/\",\"logo\":{\"@type\":\"ImageObject\",\"inLanguage\":\"es\",\"@id\":\"https:\/\/safeusediisocyanates.eu\/pl\/#\/schema\/logo\/image\/\",\"url\":\"https:\/\/safeusediisocyanates.eu\/wp-content\/uploads\/2024\/04\/sud-logo.jpg\",\"contentUrl\":\"https:\/\/safeusediisocyanates.eu\/wp-content\/uploads\/2024\/04\/sud-logo.jpg\",\"width\":260,\"height\":172,\"caption\":\"Safe use diisocyanates\"},\"image\":{\"@id\":\"https:\/\/safeusediisocyanates.eu\/pl\/#\/schema\/logo\/image\/\"}}]}<\/script>\n<!-- \/ Yoast SEO plugin. -->","yoast_head_json":{"title":"Formadores externos - Safe use diisocyanates","robots":{"index":"index","follow":"follow","max-snippet":"max-snippet:-1","max-image-preview":"max-image-preview:large","max-video-preview":"max-video-preview:-1"},"canonical":"https:\/\/safeusediisocyanates.eu\/es\/formadores\/formadores-externos\/","og_locale":"es_ES","og_type":"article","og_title":"Formadores externos - Safe use diisocyanates","og_description":"Formadores externos Definici\u00f3n Un formador externo puede ser un profesional aut\u00f3nomo o un empleado de una instituci\u00f3n de formaci\u00f3n o consultor\u00eda que imparte formaci\u00f3n cobrando unos honorarios. Si le interesa reservar un curso de formaci\u00f3n en un aula virtual o un curso presencial con un formador externo, consulte la lista de formadores y p\u00f3ngase en [&hellip;]","og_url":"https:\/\/safeusediisocyanates.eu\/es\/formadores\/formadores-externos\/","og_site_name":"Safe use diisocyanates","article_modified_time":"2024-07-04T11:44:37+00:00","og_image":[{"width":1200,"height":675,"url":"https:\/\/safeusediisocyanates.eu\/wp-content\/uploads\/2024\/05\/og-image.jpg","type":"image\/jpeg"}],"twitter_card":"summary_large_image","twitter_misc":{"Tiempo de lectura":"3 minutos"},"schema":{"@context":"https:\/\/schema.org","@graph":[{"@type":"WebPage","@id":"https:\/\/safeusediisocyanates.eu\/es\/formadores\/formadores-externos\/","url":"https:\/\/safeusediisocyanates.eu\/es\/formadores\/formadores-externos\/","name":"Formadores externos - Safe use diisocyanates","isPartOf":{"@id":"https:\/\/safeusediisocyanates.eu\/pl\/#website"},"datePublished":"2024-05-20T10:57:44+00:00","dateModified":"2024-07-04T11:44:37+00:00","breadcrumb":{"@id":"https:\/\/safeusediisocyanates.eu\/es\/formadores\/formadores-externos\/#breadcrumb"},"inLanguage":"es","potentialAction":[{"@type":"ReadAction","target":["https:\/\/safeusediisocyanates.eu\/es\/formadores\/formadores-externos\/"]}]},{"@type":"BreadcrumbList","@id":"https:\/\/safeusediisocyanates.eu\/es\/formadores\/formadores-externos\/#breadcrumb","itemListElement":[{"@type":"ListItem","position":1,"name":"Home","item":"https:\/\/safeusediisocyanates.eu\/es\/home\/"},{"@type":"ListItem","position":2,"name":"Formadores","item":"https:\/\/safeusediisocyanates.eu\/es\/formadores\/"},{"@type":"ListItem","position":3,"name":"Formadores externos"}]},{"@type":"WebSite","@id":"https:\/\/safeusediisocyanates.eu\/pl\/#website","url":"https:\/\/safeusediisocyanates.eu\/pl\/","name":"Safe use diisocyanates","description":"","publisher":{"@id":"https:\/\/safeusediisocyanates.eu\/pl\/#organization"},"potentialAction":[{"@type":"SearchAction","target":{"@type":"EntryPoint","urlTemplate":"https:\/\/safeusediisocyanates.eu\/pl\/?s={search_term_string}"},"query-input":{"@type":"PropertyValueSpecification","valueRequired":true,"valueName":"search_term_string"}}],"inLanguage":"es"},{"@type":"Organization","@id":"https:\/\/safeusediisocyanates.eu\/pl\/#organization","name":"Safe use diisocyanates","url":"https:\/\/safeusediisocyanates.eu\/pl\/","logo":{"@type":"ImageObject","inLanguage":"es","@id":"https:\/\/safeusediisocyanates.eu\/pl\/#\/schema\/logo\/image\/","url":"https:\/\/safeusediisocyanates.eu\/wp-content\/uploads\/2024\/04\/sud-logo.jpg","contentUrl":"https:\/\/safeusediisocyanates.eu\/wp-content\/uploads\/2024\/04\/sud-logo.jpg","width":260,"height":172,"caption":"Safe use diisocyanates"},"image":{"@id":"https:\/\/safeusediisocyanates.eu\/pl\/#\/schema\/logo\/image\/"}}]}},"_links":{"self":[{"href":"https:\/\/safeusediisocyanates.eu\/es\/wp-json\/wp\/v2\/pages\/2115","targetHints":{"allow":["GET"]}}],"collection":[{"href":"https:\/\/safeusediisocyanates.eu\/es\/wp-json\/wp\/v2\/pages"}],"about":[{"href":"https:\/\/safeusediisocyanates.eu\/es\/wp-json\/wp\/v2\/types\/page"}],"author":[{"embeddable":true,"href":"https:\/\/safeusediisocyanates.eu\/es\/wp-json\/wp\/v2\/users\/1"}],"replies":[{"embeddable":true,"href":"https:\/\/safeusediisocyanates.eu\/es\/wp-json\/wp\/v2\/comments?post=2115"}],"version-history":[{"count":16,"href":"https:\/\/safeusediisocyanates.eu\/es\/wp-json\/wp\/v2\/pages\/2115\/revisions"}],"predecessor-version":[{"id":3925,"href":"https:\/\/safeusediisocyanates.eu\/es\/wp-json\/wp\/v2\/pages\/2115\/revisions\/3925"}],"up":[{"embeddable":true,"href":"https:\/\/safeusediisocyanates.eu\/es\/wp-json\/wp\/v2\/pages\/2113"}],"wp:attachment":[{"href":"https:\/\/safeusediisocyanates.eu\/es\/wp-json\/wp\/v2\/media?parent=2115"}],"curies":[{"name":"wp","href":"https:\/\/api.w.org\/{rel}","templated":true}]}}