{"id":2113,"date":"2024-05-19T20:18:28","date_gmt":"2024-05-19T20:18:28","guid":{"rendered":"https:\/\/nostalgic-galois.46-242-128-94.plesk.page\/?page_id=2113"},"modified":"2024-05-22T19:57:43","modified_gmt":"2024-05-22T19:57:43","slug":"formadores","status":"publish","type":"page","link":"https:\/\/safeusediisocyanates.eu\/es\/formadores\/","title":{"rendered":"Formadores"},"content":{"rendered":"\t\t<div data-elementor-type=\"wp-page\" data-elementor-id=\"2113\" class=\"elementor elementor-2113 elementor-1972\" data-elementor-post-type=\"page\">\n\t\t\t\t<div class=\"elementor-element elementor-element-ebd45e5 e-flex e-con-boxed e-con e-parent\" data-id=\"ebd45e5\" data-element_type=\"container\" data-e-type=\"container\" data-settings=\"{&quot;background_background&quot;:&quot;gradient&quot;}\">\n\t\t\t\t\t<div class=\"e-con-inner\">\n\t\t<div class=\"elementor-element elementor-element-0314492 e-grid e-con-boxed e-con e-child\" data-id=\"0314492\" data-element_type=\"container\" data-e-type=\"container\" data-settings=\"{&quot;background_background&quot;:&quot;gradient&quot;}\">\n\t\t\t\t\t<div class=\"e-con-inner\">\n\t\t<div class=\"elementor-element elementor-element-9609845 e-flex e-con-boxed e-con e-child\" data-id=\"9609845\" data-element_type=\"container\" data-e-type=\"container\" data-settings=\"{&quot;background_background&quot;:&quot;classic&quot;}\">\n\t\t\t\t\t<div class=\"e-con-inner\">\n\t\t\t\t\t<\/div>\n\t\t\t\t<\/div>\n\t\t<div class=\"elementor-element elementor-element-c012eca e-flex e-con-boxed e-con e-child\" data-id=\"c012eca\" data-element_type=\"container\" data-e-type=\"container\">\n\t\t\t\t\t<div class=\"e-con-inner\">\n\t\t\t\t<div class=\"elementor-element elementor-element-30cda6c elementor-widget elementor-widget-heading\" data-id=\"30cda6c\" data-element_type=\"widget\" data-e-type=\"widget\" data-widget_type=\"heading.default\">\n\t\t\t\t<div class=\"elementor-widget-container\">\n\t\t\t\t\t<h1 class=\"elementor-heading-title elementor-size-default\">Material de formaci\u00f3n para formadores<\/h1>\t\t\t\t<\/div>\n\t\t\t\t<\/div>\n\t\t\t\t<div class=\"elementor-element elementor-element-5f667cd elementor-widget elementor-widget-heading\" data-id=\"5f667cd\" data-element_type=\"widget\" data-e-type=\"widget\" data-widget_type=\"heading.default\">\n\t\t\t\t<div class=\"elementor-widget-container\">\n\t\t\t\t\t<h2 class=\"elementor-heading-title elementor-size-default\">\u00bfQui\u00e9n puede impartir formaci\u00f3n sobre diisocianatos?<\/h2>\t\t\t\t<\/div>\n\t\t\t\t<\/div>\n\t\t\t\t<div class=\"elementor-element elementor-element-258409a elementor-widget elementor-widget-text-editor\" data-id=\"258409a\" data-element_type=\"widget\" data-e-type=\"widget\" data-widget_type=\"text-editor.default\">\n\t\t\t\t<div class=\"elementor-widget-container\">\n\t\t\t\t\t\t\t\t\t<p>El reglamento (U) 2020\/1149 introduce una restricci\u00f3n que exige haber completado con \u00e9xito un curso de formaci\u00f3n antes de usar diisocianatos. \u00abEsta formaci\u00f3n ser\u00e1 llevada a cabo por un experto en salud y seguridad en el trabajo que haya adquirido la correspondiente competencia mediante la formaci\u00f3n profesional pertinente\u00bb.<\/p>\t\t\t\t\t\t\t\t<\/div>\n\t\t\t\t<\/div>\n\t\t\t\t<div class=\"elementor-element elementor-element-6aa1bd2 elementor-widget elementor-widget-heading\" data-id=\"6aa1bd2\" data-element_type=\"widget\" data-e-type=\"widget\" data-widget_type=\"heading.default\">\n\t\t\t\t<div class=\"elementor-widget-container\">\n\t\t\t\t\t<h2 class=\"elementor-heading-title elementor-size-default\">\u00bfQui\u00e9n puede impartir formaci\u00f3n sobre diisocianatos?<\/h2>\t\t\t\t<\/div>\n\t\t\t\t<\/div>\n\t\t\t\t<div class=\"elementor-element elementor-element-6926022 elementor-widget elementor-widget-text-editor\" data-id=\"6926022\" data-element_type=\"widget\" data-e-type=\"widget\" data-widget_type=\"text-editor.default\">\n\t\t\t\t<div class=\"elementor-widget-container\">\n\t\t\t\t\t\t\t\t\t<p>Para tener acceso al material de formaci\u00f3n preparado por ISOPA\/ALIPA y sus colaboradores, ISOPA\/ALIPA establece dos categor\u00edas de formadores:<\/p><p><strong>Formador interno en la empresa\/experto en el uso seguro de diisocianatos<\/strong><\/p><p>Un formador act\u00faa como empleado de la empresa y, como resultado, es responsable de la formaci\u00f3n de los empleados o clientes de su empresa.<\/p><p><strong>Formador externo\/experto en el uso seguro de diisocianatos<\/strong><\/p><p>Un formador que puede ser un profesional aut\u00f3nomo o un empleado de un instituto de formaci\u00f3n o consultor\u00eda que imparte formaci\u00f3n cobrando unos honorarios.<\/p>\t\t\t\t\t\t\t\t<\/div>\n\t\t\t\t<\/div>\n\t\t\t\t\t<\/div>\n\t\t\t\t<\/div>\n\t\t\t\t\t<\/div>\n\t\t\t\t<\/div>\n\t\t\t\t\t<\/div>\n\t\t\t\t<\/div>\n\t\t<div class=\"elementor-element elementor-element-30fdb8b e-grid e-con-boxed e-con e-parent\" data-id=\"30fdb8b\" data-element_type=\"container\" data-e-type=\"container\">\n\t\t\t\t\t<div class=\"e-con-inner\">\n\t\t<div class=\"elementor-element elementor-element-10f6258 e-flex e-con-boxed e-con e-child\" data-id=\"10f6258\" data-element_type=\"container\" data-e-type=\"container\">\n\t\t\t\t\t<div class=\"e-con-inner\">\n\t\t\t\t<div class=\"elementor-element elementor-element-8ae784a elementor-widget elementor-widget-heading\" data-id=\"8ae784a\" data-element_type=\"widget\" data-e-type=\"widget\" data-widget_type=\"heading.default\">\n\t\t\t\t<div class=\"elementor-widget-container\">\n\t\t\t\t\t<h2 class=\"elementor-heading-title elementor-size-default\">Proceso para inscribirse como formador<\/h2>\t\t\t\t<\/div>\n\t\t\t\t<\/div>\n\t\t<div class=\"elementor-element elementor-element-d85717c e-flex e-con-boxed e-con e-child\" data-id=\"d85717c\" data-element_type=\"container\" data-e-type=\"container\">\n\t\t\t\t\t<div class=\"e-con-inner\">\n\t\t\t\t<div class=\"elementor-element elementor-element-ec712ab elementor-widget elementor-widget-text-editor\" data-id=\"ec712ab\" data-element_type=\"widget\" data-e-type=\"widget\" data-widget_type=\"text-editor.default\">\n\t\t\t\t<div class=\"elementor-widget-container\">\n\t\t\t\t\t\t\t\t\t<p>Si le interesa inscribirse como formador interno o externo, lea el proceso que se detalla a continuaci\u00f3n:<\/p>\t\t\t\t\t\t\t\t<\/div>\n\t\t\t\t<\/div>\n\t\t<div class=\"elementor-element elementor-element-20b524b e-flex e-con-boxed e-con e-child\" data-id=\"20b524b\" data-element_type=\"container\" data-e-type=\"container\">\n\t\t\t\t\t<div class=\"e-con-inner\">\n\t\t\t\t<div class=\"elementor-element elementor-element-5c18e0a elementor-align-justify elementor-widget__width-inherit elementor-widget elementor-widget-button\" data-id=\"5c18e0a\" data-element_type=\"widget\" data-e-type=\"widget\" data-widget_type=\"button.default\">\n\t\t\t\t<div class=\"elementor-widget-container\">\n\t\t\t\t\t\t\t\t\t<div class=\"elementor-button-wrapper\">\n\t\t\t\t\t<a class=\"elementor-button elementor-button-link elementor-size-sm\" href=\"\/es\/formadores\/formadores-internos\/\">\n\t\t\t\t\t\t<span class=\"elementor-button-content-wrapper\">\n\t\t\t\t\t\t\t\t\t<span class=\"elementor-button-text\">Proceso para formadores internos<\/span>\n\t\t\t\t\t<\/span>\n\t\t\t\t\t<\/a>\n\t\t\t\t<\/div>\n\t\t\t\t\t\t\t\t<\/div>\n\t\t\t\t<\/div>\n\t\t\t\t<div class=\"elementor-element elementor-element-3e19a59 elementor-align-justify elementor-widget__width-inherit elementor-widget elementor-widget-button\" data-id=\"3e19a59\" data-element_type=\"widget\" data-e-type=\"widget\" data-widget_type=\"button.default\">\n\t\t\t\t<div class=\"elementor-widget-container\">\n\t\t\t\t\t\t\t\t\t<div class=\"elementor-button-wrapper\">\n\t\t\t\t\t<a class=\"elementor-button elementor-button-link elementor-size-sm\" href=\"\/es\/formadores\/formadores-externos\/\">\n\t\t\t\t\t\t<span class=\"elementor-button-content-wrapper\">\n\t\t\t\t\t\t\t\t\t<span class=\"elementor-button-text\">Proceso para formadores externos<\/span>\n\t\t\t\t\t<\/span>\n\t\t\t\t\t<\/a>\n\t\t\t\t<\/div>\n\t\t\t\t\t\t\t\t<\/div>\n\t\t\t\t<\/div>\n\t\t\t\t\t<\/div>\n\t\t\t\t<\/div>\n\t\t\t\t\t<\/div>\n\t\t\t\t<\/div>\n\t\t\t\t<div class=\"elementor-element elementor-element-b2be002 elementor-widget-divider--view-line elementor-widget elementor-widget-divider\" data-id=\"b2be002\" data-element_type=\"widget\" data-e-type=\"widget\" data-widget_type=\"divider.default\">\n\t\t\t\t<div class=\"elementor-widget-container\">\n\t\t\t\t\t\t\t<div class=\"elementor-divider\">\n\t\t\t<span class=\"elementor-divider-separator\">\n\t\t\t\t\t\t<\/span>\n\t\t<\/div>\n\t\t\t\t\t\t<\/div>\n\t\t\t\t<\/div>\n\t\t<div class=\"elementor-element elementor-element-32931cf e-flex e-con-boxed e-con e-child\" data-id=\"32931cf\" data-element_type=\"container\" data-e-type=\"container\">\n\t\t\t\t\t<div class=\"e-con-inner\">\n\t\t\t\t<div class=\"elementor-element elementor-element-ab90dd1 elementor-widget elementor-widget-heading\" data-id=\"ab90dd1\" data-element_type=\"widget\" data-e-type=\"widget\" data-widget_type=\"heading.default\">\n\t\t\t\t<div class=\"elementor-widget-container\">\n\t\t\t\t\t<h2 class=\"elementor-heading-title elementor-size-default\">Cursos de formaci\u00f3n para formadores<\/h2>\t\t\t\t<\/div>\n\t\t\t\t<\/div>\n\t\t\t\t<div class=\"elementor-element elementor-element-10594d1 elementor-widget elementor-widget-text-editor\" data-id=\"10594d1\" data-element_type=\"widget\" data-e-type=\"widget\" data-widget_type=\"text-editor.default\">\n\t\t\t\t<div class=\"elementor-widget-container\">\n\t\t\t\t\t\t\t\t\t<p>ISOPA\/ALIPA ofrece un curso de formaci\u00f3n de formadores de un d\u00eda de duraci\u00f3n con la entrega de certificados que demuestren su cualificaci\u00f3n como expertos en salud y seguridad en el lugar de trabajo en relaci\u00f3n con los diisocianatos.<\/p>\t\t\t\t\t\t\t\t<\/div>\n\t\t\t\t<\/div>\n\t\t\t\t<div class=\"elementor-element elementor-element-546abdd elementor-align-justify elementor-widget__width-initial elementor-widget elementor-widget-button\" data-id=\"546abdd\" data-element_type=\"widget\" data-e-type=\"widget\" data-widget_type=\"button.default\">\n\t\t\t\t<div class=\"elementor-widget-container\">\n\t\t\t\t\t\t\t\t\t<div class=\"elementor-button-wrapper\">\n\t\t\t\t\t<a class=\"elementor-button elementor-button-link elementor-size-sm\" href=\"\/es\/formadores\/formacion-de-formadores\/\">\n\t\t\t\t\t\t<span class=\"elementor-button-content-wrapper\">\n\t\t\t\t\t\t\t\t\t<span class=\"elementor-button-text\">Formaci\u00f3n de formadores<\/span>\n\t\t\t\t\t<\/span>\n\t\t\t\t\t<\/a>\n\t\t\t\t<\/div>\n\t\t\t\t\t\t\t\t<\/div>\n\t\t\t\t<\/div>\n\t\t\t\t\t<\/div>\n\t\t\t\t<\/div>\n\t\t\t\t<div class=\"elementor-element elementor-element-8096ba1 elementor-widget-divider--view-line elementor-widget elementor-widget-divider\" data-id=\"8096ba1\" data-element_type=\"widget\" data-e-type=\"widget\" data-widget_type=\"divider.default\">\n\t\t\t\t<div class=\"elementor-widget-container\">\n\t\t\t\t\t\t\t<div class=\"elementor-divider\">\n\t\t\t<span class=\"elementor-divider-separator\">\n\t\t\t\t\t\t<\/span>\n\t\t<\/div>\n\t\t\t\t\t\t<\/div>\n\t\t\t\t<\/div>\n\t\t<div class=\"elementor-element elementor-element-6d36e3a e-flex e-con-boxed e-con e-child\" data-id=\"6d36e3a\" data-element_type=\"container\" data-e-type=\"container\">\n\t\t\t\t\t<div class=\"e-con-inner\">\n\t\t\t\t<div class=\"elementor-element elementor-element-8babe41 elementor-widget elementor-widget-heading\" data-id=\"8babe41\" data-element_type=\"widget\" data-e-type=\"widget\" data-widget_type=\"heading.default\">\n\t\t\t\t<div class=\"elementor-widget-container\">\n\t\t\t\t\t<h2 class=\"elementor-heading-title elementor-size-default\">Reservar un curso de formaci\u00f3n con un formador externo<\/h2>\t\t\t\t<\/div>\n\t\t\t\t<\/div>\n\t\t\t\t<div class=\"elementor-element elementor-element-10ec79e elementor-widget elementor-widget-text-editor\" data-id=\"10ec79e\" data-element_type=\"widget\" data-e-type=\"widget\" data-widget_type=\"text-editor.default\">\n\t\t\t\t<div class=\"elementor-widget-container\">\n\t\t\t\t\t\t\t\t\t<p>Si le interesa reservar un curso de formaci\u00f3n para usted o para sus empleados, puede ponerse en contacto con formadores externos.<\/p>\t\t\t\t\t\t\t\t<\/div>\n\t\t\t\t<\/div>\n\t\t\t\t<div class=\"elementor-element elementor-element-439cc7b elementor-align-justify elementor-widget__width-initial elementor-widget elementor-widget-button\" data-id=\"439cc7b\" data-element_type=\"widget\" data-e-type=\"widget\" data-widget_type=\"button.default\">\n\t\t\t\t<div class=\"elementor-widget-container\">\n\t\t\t\t\t\t\t\t\t<div class=\"elementor-button-wrapper\">\n\t\t\t\t\t<a class=\"elementor-button elementor-button-link elementor-size-sm\" href=\"\/es\/formadores\/listado-de-expertos-acreditados-en-el-uso-seguro-de-diisocianatos\/\">\n\t\t\t\t\t\t<span class=\"elementor-button-content-wrapper\">\n\t\t\t\t\t\t\t\t\t<span class=\"elementor-button-text\">Listado de formadores externos<\/span>\n\t\t\t\t\t<\/span>\n\t\t\t\t\t<\/a>\n\t\t\t\t<\/div>\n\t\t\t\t\t\t\t\t<\/div>\n\t\t\t\t<\/div>\n\t\t\t\t\t<\/div>\n\t\t\t\t<\/div>\n\t\t\t\t\t<\/div>\n\t\t\t\t<\/div>\n\t\t<div class=\"elementor-element elementor-element-1d17e21 e-flex e-con-boxed e-con e-child\" data-id=\"1d17e21\" data-element_type=\"container\" data-e-type=\"container\">\n\t\t\t\t\t<div class=\"e-con-inner\">\n\t\t\t\t<div class=\"elementor-element elementor-element-151bf61 elementor-widget elementor-widget-image\" data-id=\"151bf61\" data-element_type=\"widget\" data-e-type=\"widget\" data-widget_type=\"image.default\">\n\t\t\t\t<div class=\"elementor-widget-container\">\n\t\t\t\t\t\t\t\t\t\t\t\t\t\t\t<img fetchpriority=\"high\" decoding=\"async\" width=\"800\" height=\"636\" src=\"https:\/\/safeusediisocyanates.eu\/wp-content\/uploads\/2024\/04\/trainers-2.jpg\" class=\"attachment-large size-large wp-image-144\" alt=\"\" srcset=\"https:\/\/safeusediisocyanates.eu\/wp-content\/uploads\/2024\/04\/trainers-2.jpg 880w, https:\/\/safeusediisocyanates.eu\/wp-content\/uploads\/2024\/04\/trainers-2-300x239.jpg 300w, https:\/\/safeusediisocyanates.eu\/wp-content\/uploads\/2024\/04\/trainers-2-768x611.jpg 768w\" sizes=\"(max-width: 800px) 100vw, 800px\" \/>\t\t\t\t\t\t\t\t\t\t\t\t\t\t\t<\/div>\n\t\t\t\t<\/div>\n\t\t\t\t\t<\/div>\n\t\t\t\t<\/div>\n\t\t\t\t\t<\/div>\n\t\t\t\t<\/div>\n\t\t\t\t<\/div>\n\t\t","protected":false},"excerpt":{"rendered":"<p>Material de formaci\u00f3n para formadores \u00bfQui\u00e9n puede impartir formaci\u00f3n sobre diisocianatos? El reglamento (U) 2020\/1149 introduce una restricci\u00f3n que exige haber completado con \u00e9xito un curso de formaci\u00f3n antes de usar diisocianatos. \u00abEsta formaci\u00f3n ser\u00e1 llevada a cabo por un experto en salud y seguridad en el trabajo que haya adquirido la correspondiente competencia mediante [&hellip;]<\/p>\n","protected":false},"author":1,"featured_media":0,"parent":0,"menu_order":0,"comment_status":"closed","ping_status":"closed","template":"","meta":{"footnotes":""},"class_list":["post-2113","page","type-page","status-publish","hentry"],"yoast_head":"<!-- This site is optimized with the Yoast SEO plugin v27.4 - https:\/\/yoast.com\/product\/yoast-seo-wordpress\/ -->\n<title>Formadores - Safe use diisocyanates<\/title>\n<meta name=\"robots\" content=\"index, follow, max-snippet:-1, max-image-preview:large, max-video-preview:-1\" \/>\n<link rel=\"canonical\" href=\"https:\/\/safeusediisocyanates.eu\/es\/formadores\/\" \/>\n<meta property=\"og:locale\" content=\"es_ES\" \/>\n<meta property=\"og:type\" content=\"article\" \/>\n<meta property=\"og:title\" content=\"Formadores - Safe use diisocyanates\" \/>\n<meta property=\"og:description\" content=\"Material de formaci\u00f3n para formadores \u00bfQui\u00e9n puede impartir formaci\u00f3n sobre diisocianatos? El reglamento (U) 2020\/1149 introduce una restricci\u00f3n que exige haber completado con \u00e9xito un curso de formaci\u00f3n antes de usar diisocianatos. \u00abEsta formaci\u00f3n ser\u00e1 llevada a cabo por un experto en salud y seguridad en el trabajo que haya adquirido la correspondiente competencia mediante [&hellip;]\" \/>\n<meta property=\"og:url\" content=\"https:\/\/safeusediisocyanates.eu\/es\/formadores\/\" \/>\n<meta property=\"og:site_name\" content=\"Safe use diisocyanates\" \/>\n<meta property=\"article:modified_time\" content=\"2024-05-22T19:57:43+00:00\" \/>\n<meta property=\"og:image\" content=\"https:\/\/safeusediisocyanates.eu\/wp-content\/uploads\/2024\/04\/trainers-2.jpg\" \/>\n<meta name=\"twitter:card\" content=\"summary_large_image\" \/>\n<meta name=\"twitter:label1\" content=\"Tiempo de lectura\" \/>\n\t<meta name=\"twitter:data1\" content=\"1 minuto\" \/>\n<script type=\"application\/ld+json\" class=\"yoast-schema-graph\">{\"@context\":\"https:\\\/\\\/schema.org\",\"@graph\":[{\"@type\":\"WebPage\",\"@id\":\"https:\\\/\\\/safeusediisocyanates.eu\\\/es\\\/formadores\\\/\",\"url\":\"https:\\\/\\\/safeusediisocyanates.eu\\\/es\\\/formadores\\\/\",\"name\":\"Formadores - Safe use diisocyanates\",\"isPartOf\":{\"@id\":\"https:\\\/\\\/safeusediisocyanates.eu\\\/pl\\\/#website\"},\"primaryImageOfPage\":{\"@id\":\"https:\\\/\\\/safeusediisocyanates.eu\\\/es\\\/formadores\\\/#primaryimage\"},\"image\":{\"@id\":\"https:\\\/\\\/safeusediisocyanates.eu\\\/es\\\/formadores\\\/#primaryimage\"},\"thumbnailUrl\":\"https:\\\/\\\/safeusediisocyanates.eu\\\/wp-content\\\/uploads\\\/2024\\\/04\\\/trainers-2.jpg\",\"datePublished\":\"2024-05-19T20:18:28+00:00\",\"dateModified\":\"2024-05-22T19:57:43+00:00\",\"breadcrumb\":{\"@id\":\"https:\\\/\\\/safeusediisocyanates.eu\\\/es\\\/formadores\\\/#breadcrumb\"},\"inLanguage\":\"es\",\"potentialAction\":[{\"@type\":\"ReadAction\",\"target\":[\"https:\\\/\\\/safeusediisocyanates.eu\\\/es\\\/formadores\\\/\"]}]},{\"@type\":\"ImageObject\",\"inLanguage\":\"es\",\"@id\":\"https:\\\/\\\/safeusediisocyanates.eu\\\/es\\\/formadores\\\/#primaryimage\",\"url\":\"https:\\\/\\\/safeusediisocyanates.eu\\\/wp-content\\\/uploads\\\/2024\\\/04\\\/trainers-2.jpg\",\"contentUrl\":\"https:\\\/\\\/safeusediisocyanates.eu\\\/wp-content\\\/uploads\\\/2024\\\/04\\\/trainers-2.jpg\"},{\"@type\":\"BreadcrumbList\",\"@id\":\"https:\\\/\\\/safeusediisocyanates.eu\\\/es\\\/formadores\\\/#breadcrumb\",\"itemListElement\":[{\"@type\":\"ListItem\",\"position\":1,\"name\":\"Home\",\"item\":\"https:\\\/\\\/safeusediisocyanates.eu\\\/es\\\/home\\\/\"},{\"@type\":\"ListItem\",\"position\":2,\"name\":\"Formadores\"}]},{\"@type\":\"WebSite\",\"@id\":\"https:\\\/\\\/safeusediisocyanates.eu\\\/pl\\\/#website\",\"url\":\"https:\\\/\\\/safeusediisocyanates.eu\\\/pl\\\/\",\"name\":\"Safe use diisocyanates\",\"description\":\"\",\"publisher\":{\"@id\":\"https:\\\/\\\/safeusediisocyanates.eu\\\/pl\\\/#organization\"},\"potentialAction\":[{\"@type\":\"SearchAction\",\"target\":{\"@type\":\"EntryPoint\",\"urlTemplate\":\"https:\\\/\\\/safeusediisocyanates.eu\\\/pl\\\/?s={search_term_string}\"},\"query-input\":{\"@type\":\"PropertyValueSpecification\",\"valueRequired\":true,\"valueName\":\"search_term_string\"}}],\"inLanguage\":\"es\"},{\"@type\":\"Organization\",\"@id\":\"https:\\\/\\\/safeusediisocyanates.eu\\\/pl\\\/#organization\",\"name\":\"Safe use diisocyanates\",\"url\":\"https:\\\/\\\/safeusediisocyanates.eu\\\/pl\\\/\",\"logo\":{\"@type\":\"ImageObject\",\"inLanguage\":\"es\",\"@id\":\"https:\\\/\\\/safeusediisocyanates.eu\\\/pl\\\/#\\\/schema\\\/logo\\\/image\\\/\",\"url\":\"https:\\\/\\\/safeusediisocyanates.eu\\\/wp-content\\\/uploads\\\/2024\\\/04\\\/sud-logo.jpg\",\"contentUrl\":\"https:\\\/\\\/safeusediisocyanates.eu\\\/wp-content\\\/uploads\\\/2024\\\/04\\\/sud-logo.jpg\",\"width\":260,\"height\":172,\"caption\":\"Safe use diisocyanates\"},\"image\":{\"@id\":\"https:\\\/\\\/safeusediisocyanates.eu\\\/pl\\\/#\\\/schema\\\/logo\\\/image\\\/\"}}]}<\/script>\n<!-- \/ Yoast SEO plugin. -->","yoast_head_json":{"title":"Formadores - Safe use diisocyanates","robots":{"index":"index","follow":"follow","max-snippet":"max-snippet:-1","max-image-preview":"max-image-preview:large","max-video-preview":"max-video-preview:-1"},"canonical":"https:\/\/safeusediisocyanates.eu\/es\/formadores\/","og_locale":"es_ES","og_type":"article","og_title":"Formadores - Safe use diisocyanates","og_description":"Material de formaci\u00f3n para formadores \u00bfQui\u00e9n puede impartir formaci\u00f3n sobre diisocianatos? El reglamento (U) 2020\/1149 introduce una restricci\u00f3n que exige haber completado con \u00e9xito un curso de formaci\u00f3n antes de usar diisocianatos. \u00abEsta formaci\u00f3n ser\u00e1 llevada a cabo por un experto en salud y seguridad en el trabajo que haya adquirido la correspondiente competencia mediante [&hellip;]","og_url":"https:\/\/safeusediisocyanates.eu\/es\/formadores\/","og_site_name":"Safe use diisocyanates","article_modified_time":"2024-05-22T19:57:43+00:00","og_image":[{"url":"https:\/\/safeusediisocyanates.eu\/wp-content\/uploads\/2024\/04\/trainers-2.jpg","type":"","width":"","height":""}],"twitter_card":"summary_large_image","twitter_misc":{"Tiempo de lectura":"1 minuto"},"schema":{"@context":"https:\/\/schema.org","@graph":[{"@type":"WebPage","@id":"https:\/\/safeusediisocyanates.eu\/es\/formadores\/","url":"https:\/\/safeusediisocyanates.eu\/es\/formadores\/","name":"Formadores - Safe use diisocyanates","isPartOf":{"@id":"https:\/\/safeusediisocyanates.eu\/pl\/#website"},"primaryImageOfPage":{"@id":"https:\/\/safeusediisocyanates.eu\/es\/formadores\/#primaryimage"},"image":{"@id":"https:\/\/safeusediisocyanates.eu\/es\/formadores\/#primaryimage"},"thumbnailUrl":"https:\/\/safeusediisocyanates.eu\/wp-content\/uploads\/2024\/04\/trainers-2.jpg","datePublished":"2024-05-19T20:18:28+00:00","dateModified":"2024-05-22T19:57:43+00:00","breadcrumb":{"@id":"https:\/\/safeusediisocyanates.eu\/es\/formadores\/#breadcrumb"},"inLanguage":"es","potentialAction":[{"@type":"ReadAction","target":["https:\/\/safeusediisocyanates.eu\/es\/formadores\/"]}]},{"@type":"ImageObject","inLanguage":"es","@id":"https:\/\/safeusediisocyanates.eu\/es\/formadores\/#primaryimage","url":"https:\/\/safeusediisocyanates.eu\/wp-content\/uploads\/2024\/04\/trainers-2.jpg","contentUrl":"https:\/\/safeusediisocyanates.eu\/wp-content\/uploads\/2024\/04\/trainers-2.jpg"},{"@type":"BreadcrumbList","@id":"https:\/\/safeusediisocyanates.eu\/es\/formadores\/#breadcrumb","itemListElement":[{"@type":"ListItem","position":1,"name":"Home","item":"https:\/\/safeusediisocyanates.eu\/es\/home\/"},{"@type":"ListItem","position":2,"name":"Formadores"}]},{"@type":"WebSite","@id":"https:\/\/safeusediisocyanates.eu\/pl\/#website","url":"https:\/\/safeusediisocyanates.eu\/pl\/","name":"Safe use diisocyanates","description":"","publisher":{"@id":"https:\/\/safeusediisocyanates.eu\/pl\/#organization"},"potentialAction":[{"@type":"SearchAction","target":{"@type":"EntryPoint","urlTemplate":"https:\/\/safeusediisocyanates.eu\/pl\/?s={search_term_string}"},"query-input":{"@type":"PropertyValueSpecification","valueRequired":true,"valueName":"search_term_string"}}],"inLanguage":"es"},{"@type":"Organization","@id":"https:\/\/safeusediisocyanates.eu\/pl\/#organization","name":"Safe use diisocyanates","url":"https:\/\/safeusediisocyanates.eu\/pl\/","logo":{"@type":"ImageObject","inLanguage":"es","@id":"https:\/\/safeusediisocyanates.eu\/pl\/#\/schema\/logo\/image\/","url":"https:\/\/safeusediisocyanates.eu\/wp-content\/uploads\/2024\/04\/sud-logo.jpg","contentUrl":"https:\/\/safeusediisocyanates.eu\/wp-content\/uploads\/2024\/04\/sud-logo.jpg","width":260,"height":172,"caption":"Safe use diisocyanates"},"image":{"@id":"https:\/\/safeusediisocyanates.eu\/pl\/#\/schema\/logo\/image\/"}}]}},"_links":{"self":[{"href":"https:\/\/safeusediisocyanates.eu\/es\/wp-json\/wp\/v2\/pages\/2113","targetHints":{"allow":["GET"]}}],"collection":[{"href":"https:\/\/safeusediisocyanates.eu\/es\/wp-json\/wp\/v2\/pages"}],"about":[{"href":"https:\/\/safeusediisocyanates.eu\/es\/wp-json\/wp\/v2\/types\/page"}],"author":[{"embeddable":true,"href":"https:\/\/safeusediisocyanates.eu\/es\/wp-json\/wp\/v2\/users\/1"}],"replies":[{"embeddable":true,"href":"https:\/\/safeusediisocyanates.eu\/es\/wp-json\/wp\/v2\/comments?post=2113"}],"version-history":[{"count":7,"href":"https:\/\/safeusediisocyanates.eu\/es\/wp-json\/wp\/v2\/pages\/2113\/revisions"}],"predecessor-version":[{"id":2863,"href":"https:\/\/safeusediisocyanates.eu\/es\/wp-json\/wp\/v2\/pages\/2113\/revisions\/2863"}],"wp:attachment":[{"href":"https:\/\/safeusediisocyanates.eu\/es\/wp-json\/wp\/v2\/media?parent=2113"}],"curies":[{"name":"wp","href":"https:\/\/api.w.org\/{rel}","templated":true}]}}