{"id":5101,"date":"2025-11-25T10:08:33","date_gmt":"2025-11-25T10:08:33","guid":{"rendered":"https:\/\/safeusediisocyanates.eu\/webinars\/"},"modified":"2026-02-12T12:33:58","modified_gmt":"2026-02-12T12:33:58","slug":"webinars","status":"publish","type":"page","link":"https:\/\/safeusediisocyanates.eu\/de\/webinars\/","title":{"rendered":"Webinars"},"content":{"rendered":"\t\t<div data-elementor-type=\"wp-page\" data-elementor-id=\"5101\" class=\"elementor elementor-5101 elementor-5067\" data-elementor-post-type=\"page\">\n\t\t\t\t<div class=\"elementor-element elementor-element-ebd45e5 e-flex e-con-boxed e-con e-parent\" data-id=\"ebd45e5\" data-element_type=\"container\" data-e-type=\"container\" data-settings=\"{&quot;background_background&quot;:&quot;gradient&quot;}\">\n\t\t\t\t\t<div class=\"e-con-inner\">\n\t\t<div class=\"elementor-element elementor-element-206bbe4 e-grid e-con-boxed e-con e-child\" data-id=\"206bbe4\" data-element_type=\"container\" data-e-type=\"container\" data-settings=\"{&quot;background_background&quot;:&quot;gradient&quot;}\">\n\t\t\t\t\t<div class=\"e-con-inner\">\n\t\t<div class=\"elementor-element elementor-element-c510045 e-flex e-con-boxed e-con e-child\" data-id=\"c510045\" data-element_type=\"container\" data-e-type=\"container\" data-settings=\"{&quot;background_background&quot;:&quot;classic&quot;}\">\n\t\t\t\t\t<div class=\"e-con-inner\">\n\t\t\t\t\t<\/div>\n\t\t\t\t<\/div>\n\t\t<div class=\"elementor-element elementor-element-10b29df e-flex e-con-boxed e-con e-child\" data-id=\"10b29df\" data-element_type=\"container\" data-e-type=\"container\">\n\t\t\t\t\t<div class=\"e-con-inner\">\n\t\t\t\t<div class=\"elementor-element elementor-element-5d9268c elementor-widget elementor-widget-heading\" data-id=\"5d9268c\" data-element_type=\"widget\" data-e-type=\"widget\" data-widget_type=\"heading.default\">\n\t\t\t\t<div class=\"elementor-widget-container\">\n\t\t\t\t\t<h1 class=\"elementor-heading-title elementor-size-default\">Webinars<\/h1>\t\t\t\t<\/div>\n\t\t\t\t<\/div>\n\t\t\t\t<div class=\"elementor-element elementor-element-ec712ab elementor-widget elementor-widget-text-editor\" data-id=\"ec712ab\" data-element_type=\"widget\" data-e-type=\"widget\" data-widget_type=\"text-editor.default\">\n\t\t\t\t<div class=\"elementor-widget-container\">\n\t\t\t\t\t\t\t\t\t<p>ISOPA\/ALIPA bietet Live-Webinare als Erg\u00e4nzung zu unseren Online-Schulungen an, um Unternehmen \u00fcber die sichere Verwendung von Diisocyanaten auf dem Laufenden zu halten.<\/p><p>Diese Webinare bieten die neuesten Sicherheitsupdates, praktische Anleitungen und Experteneinblicke, um Unternehmen dabei zu helfen, bew\u00e4hrte Verfahren anzuwenden und die h\u00f6chsten Standards f\u00fcr Sicherheit am Arbeitsplatz aufrechtzuerhalten.<\/p><p>Unsere aktuellen Schulungen konzentrieren sich auf Arbeitsplatzgrenzwerte (OEL) und auf die allgemeine Schulung 045, die von unserem Trainer J\u00f6rg Palmersheim, zertifizierter Trainer des T\u00dcV Rheinland, durchgef\u00fchrt wird.<\/p>\t\t\t\t\t\t\t\t<\/div>\n\t\t\t\t<\/div>\n\t\t\t\t\t<\/div>\n\t\t\t\t<\/div>\n\t\t\t\t\t<\/div>\n\t\t\t\t<\/div>\n\t\t\t\t\t<\/div>\n\t\t\t\t<\/div>\n\t\t<div class=\"elementor-element elementor-element-dab423b e-grid e-con-boxed e-con e-parent\" data-id=\"dab423b\" data-element_type=\"container\" data-e-type=\"container\">\n\t\t\t\t\t<div class=\"e-con-inner\">\n\t\t<div class=\"elementor-element elementor-element-b92b393 e-con-full e-flex e-con e-child\" data-id=\"b92b393\" data-element_type=\"container\" data-e-type=\"container\">\n\t\t\t\t<div class=\"elementor-element elementor-element-14d2b9f elementor-widget elementor-widget-spacer\" data-id=\"14d2b9f\" data-element_type=\"widget\" data-e-type=\"widget\" data-widget_type=\"spacer.default\">\n\t\t\t\t<div class=\"elementor-widget-container\">\n\t\t\t\t\t\t\t<div class=\"elementor-spacer\">\n\t\t\t<div class=\"elementor-spacer-inner\"><\/div>\n\t\t<\/div>\n\t\t\t\t\t\t<\/div>\n\t\t\t\t<\/div>\n\t\t\t\t<div class=\"elementor-element elementor-element-a9cfdbd elementor-widget elementor-widget-heading\" data-id=\"a9cfdbd\" data-element_type=\"widget\" data-e-type=\"widget\" data-widget_type=\"heading.default\">\n\t\t\t\t<div class=\"elementor-widget-container\">\n\t\t\t\t\t<h1 class=\"elementor-heading-title elementor-size-default\">OEL Webinars<\/h1>\t\t\t\t<\/div>\n\t\t\t\t<\/div>\n\t\t\t\t<div class=\"elementor-element elementor-element-d299755 elementor-widget elementor-widget-heading\" data-id=\"d299755\" data-element_type=\"widget\" data-e-type=\"widget\" data-widget_type=\"heading.default\">\n\t\t\t\t<div class=\"elementor-widget-container\">\n\t\t\t\t\t<h2 class=\"elementor-heading-title elementor-size-default\">Melden Sie sich f\u00fcr unsere n\u00e4chsten Veranstaltungen an:<\/h2>\t\t\t\t<\/div>\n\t\t\t\t<\/div>\n\t\t<div class=\"elementor-element elementor-element-d8dd802 e-grid e-con-full e-con e-child\" data-id=\"d8dd802\" data-element_type=\"container\" data-e-type=\"container\">\n\t\t<div class=\"elementor-element elementor-element-6de09f8 e-grid e-con-full e-con e-child\" data-id=\"6de09f8\" data-element_type=\"container\" data-e-type=\"container\">\n\t\t\t\t<div class=\"elementor-element elementor-element-94917b9 elementor-widget elementor-widget-text-editor\" data-id=\"94917b9\" data-element_type=\"widget\" data-e-type=\"widget\" data-widget_type=\"text-editor.default\">\n\t\t\t\t<div class=\"elementor-widget-container\">\n\t\t\t\t\t\t\t\t\t<p>2026-04-14<\/p>\t\t\t\t\t\t\t\t<\/div>\n\t\t\t\t<\/div>\n\t\t\t\t<div class=\"elementor-element elementor-element-0d52f39 elementor-widget elementor-widget-text-editor\" data-id=\"0d52f39\" data-element_type=\"widget\" data-e-type=\"widget\" data-widget_type=\"text-editor.default\">\n\t\t\t\t<div class=\"elementor-widget-container\">\n\t\t\t\t\t\t\t\t\t<p>Deutsch &#8211; Online<\/p>\t\t\t\t\t\t\t\t<\/div>\n\t\t\t\t<\/div>\n\t\t\t\t<\/div>\n\t\t<div class=\"elementor-element elementor-element-145327f e-grid e-con-full e-con e-child\" data-id=\"145327f\" data-element_type=\"container\" data-e-type=\"container\">\n\t\t\t\t<div class=\"elementor-element elementor-element-35db294 elementor-widget elementor-widget-text-editor\" data-id=\"35db294\" data-element_type=\"widget\" data-e-type=\"widget\" data-widget_type=\"text-editor.default\">\n\t\t\t\t<div class=\"elementor-widget-container\">\n\t\t\t\t\t\t\t\t\t<p>2026-07-07<\/p>\t\t\t\t\t\t\t\t<\/div>\n\t\t\t\t<\/div>\n\t\t\t\t<div class=\"elementor-element elementor-element-947e916 elementor-widget elementor-widget-text-editor\" data-id=\"947e916\" data-element_type=\"widget\" data-e-type=\"widget\" data-widget_type=\"text-editor.default\">\n\t\t\t\t<div class=\"elementor-widget-container\">\n\t\t\t\t\t\t\t\t\t<p>Englisch &#8211; Online<\/p>\t\t\t\t\t\t\t\t<\/div>\n\t\t\t\t<\/div>\n\t\t\t\t<\/div>\n\t\t\t\t<div class=\"elementor-element elementor-element-952353a elementor-align-justify elementor-widget elementor-widget-button\" data-id=\"952353a\" data-element_type=\"widget\" data-e-type=\"widget\" data-widget_type=\"button.default\">\n\t\t\t\t<div class=\"elementor-widget-container\">\n\t\t\t\t\t\t\t\t\t<div class=\"elementor-button-wrapper\">\n\t\t\t\t\t<a class=\"elementor-button elementor-button-link elementor-size-sm\" href=\"https:\/\/isopa-aisbl.idloom.events\/oel-webinar-14-04-2026\">\n\t\t\t\t\t\t<span class=\"elementor-button-content-wrapper\">\n\t\t\t\t\t\t\t\t\t<span class=\"elementor-button-text\">Anmeldung hier<\/span>\n\t\t\t\t\t<\/span>\n\t\t\t\t\t<\/a>\n\t\t\t\t<\/div>\n\t\t\t\t\t\t\t\t<\/div>\n\t\t\t\t<\/div>\n\t\t\t\t<div class=\"elementor-element elementor-element-64b3bda elementor-align-justify elementor-widget elementor-widget-button\" data-id=\"64b3bda\" data-element_type=\"widget\" data-e-type=\"widget\" data-widget_type=\"button.default\">\n\t\t\t\t<div class=\"elementor-widget-container\">\n\t\t\t\t\t\t\t\t\t<div class=\"elementor-button-wrapper\">\n\t\t\t\t\t<a class=\"elementor-button elementor-button-link elementor-size-sm\" href=\"https:\/\/isopa-aisbl.idloom.events\/oel-webinar-07-07-2026\">\n\t\t\t\t\t\t<span class=\"elementor-button-content-wrapper\">\n\t\t\t\t\t\t\t\t\t<span class=\"elementor-button-text\">Anmeldung hier<\/span>\n\t\t\t\t\t<\/span>\n\t\t\t\t\t<\/a>\n\t\t\t\t<\/div>\n\t\t\t\t\t\t\t\t<\/div>\n\t\t\t\t<\/div>\n\t\t<div class=\"elementor-element elementor-element-d826e4e e-grid e-con-full e-con e-child\" data-id=\"d826e4e\" data-element_type=\"container\" data-e-type=\"container\">\n\t\t\t\t<div class=\"elementor-element elementor-element-66c3ea3 elementor-widget elementor-widget-text-editor\" data-id=\"66c3ea3\" data-element_type=\"widget\" data-e-type=\"widget\" data-widget_type=\"text-editor.default\">\n\t\t\t\t<div class=\"elementor-widget-container\">\n\t\t\t\t\t\t\t\t\t<p>2026-11-17<\/p>\t\t\t\t\t\t\t\t<\/div>\n\t\t\t\t<\/div>\n\t\t\t\t<div class=\"elementor-element elementor-element-c7e2f0f elementor-widget elementor-widget-text-editor\" data-id=\"c7e2f0f\" data-element_type=\"widget\" data-e-type=\"widget\" data-widget_type=\"text-editor.default\">\n\t\t\t\t<div class=\"elementor-widget-container\">\n\t\t\t\t\t\t\t\t\t<p>Deutsch &#8211; Online<\/p>\t\t\t\t\t\t\t\t<\/div>\n\t\t\t\t<\/div>\n\t\t\t\t<\/div>\n\t\t\t\t<div class=\"elementor-element elementor-element-597b007 elementor-widget elementor-widget-spacer\" data-id=\"597b007\" data-element_type=\"widget\" data-e-type=\"widget\" data-widget_type=\"spacer.default\">\n\t\t\t\t<div class=\"elementor-widget-container\">\n\t\t\t\t\t\t\t<div class=\"elementor-spacer\">\n\t\t\t<div class=\"elementor-spacer-inner\"><\/div>\n\t\t<\/div>\n\t\t\t\t\t\t<\/div>\n\t\t\t\t<\/div>\n\t\t<div class=\"elementor-element elementor-element-2d208e5 e-con-full e-flex e-con e-child\" data-id=\"2d208e5\" data-element_type=\"container\" data-e-type=\"container\">\n\t\t\t\t<div class=\"elementor-element elementor-element-da7df43 elementor-align-justify elementor-widget elementor-widget-button\" data-id=\"da7df43\" data-element_type=\"widget\" data-e-type=\"widget\" data-widget_type=\"button.default\">\n\t\t\t\t<div class=\"elementor-widget-container\">\n\t\t\t\t\t\t\t\t\t<div class=\"elementor-button-wrapper\">\n\t\t\t\t\t<a class=\"elementor-button elementor-button-link elementor-size-sm\" href=\"https:\/\/isopa-aisbl.idloom.events\/oel-webinar-17-11-2026\">\n\t\t\t\t\t\t<span class=\"elementor-button-content-wrapper\">\n\t\t\t\t\t\t\t\t\t<span class=\"elementor-button-text\">Anmeldung hier<\/span>\n\t\t\t\t\t<\/span>\n\t\t\t\t\t<\/a>\n\t\t\t\t<\/div>\n\t\t\t\t\t\t\t\t<\/div>\n\t\t\t\t<\/div>\n\t\t\t\t<\/div>\n\t\t\t\t<div class=\"elementor-element elementor-element-bbe9a4b elementor-widget elementor-widget-spacer\" data-id=\"bbe9a4b\" data-element_type=\"widget\" data-e-type=\"widget\" data-widget_type=\"spacer.default\">\n\t\t\t\t<div class=\"elementor-widget-container\">\n\t\t\t\t\t\t\t<div class=\"elementor-spacer\">\n\t\t\t<div class=\"elementor-spacer-inner\"><\/div>\n\t\t<\/div>\n\t\t\t\t\t\t<\/div>\n\t\t\t\t<\/div>\n\t\t\t\t<\/div>\n\t\t\t\t<\/div>\n\t\t<div class=\"elementor-element elementor-element-32cd77e e-con-full e-flex e-con e-child\" data-id=\"32cd77e\" data-element_type=\"container\" data-e-type=\"container\">\n\t\t\t\t<div class=\"elementor-element elementor-element-3ac155a elementor-widget elementor-widget-spacer\" data-id=\"3ac155a\" data-element_type=\"widget\" data-e-type=\"widget\" data-widget_type=\"spacer.default\">\n\t\t\t\t<div class=\"elementor-widget-container\">\n\t\t\t\t\t\t\t<div class=\"elementor-spacer\">\n\t\t\t<div class=\"elementor-spacer-inner\"><\/div>\n\t\t<\/div>\n\t\t\t\t\t\t<\/div>\n\t\t\t\t<\/div>\n\t\t\t\t<div class=\"elementor-element elementor-element-1d17a9d elementor-widget elementor-widget-heading\" data-id=\"1d17a9d\" data-element_type=\"widget\" data-e-type=\"widget\" data-widget_type=\"heading.default\">\n\t\t\t\t<div class=\"elementor-widget-container\">\n\t\t\t\t\t<h1 class=\"elementor-heading-title elementor-size-default\">Webinar: 045 Allgemeine Schulung<\/h1>\t\t\t\t<\/div>\n\t\t\t\t<\/div>\n\t\t\t\t<div class=\"elementor-element elementor-element-cedb3ce elementor-widget elementor-widget-heading\" data-id=\"cedb3ce\" data-element_type=\"widget\" data-e-type=\"widget\" data-widget_type=\"heading.default\">\n\t\t\t\t<div class=\"elementor-widget-container\">\n\t\t\t\t\t<h2 class=\"elementor-heading-title elementor-size-default\">Melden Sie sich f\u00fcr unsere n\u00e4chste Sitzung an:<\/h2>\t\t\t\t<\/div>\n\t\t\t\t<\/div>\n\t\t<div class=\"elementor-element elementor-element-a4f27ca e-grid e-con-full e-con e-child\" data-id=\"a4f27ca\" data-element_type=\"container\" data-e-type=\"container\">\n\t\t<div class=\"elementor-element elementor-element-5aef4fa e-grid e-con-full e-con e-child\" data-id=\"5aef4fa\" data-element_type=\"container\" data-e-type=\"container\">\n\t\t\t\t<div class=\"elementor-element elementor-element-09723b1 elementor-widget elementor-widget-text-editor\" data-id=\"09723b1\" data-element_type=\"widget\" data-e-type=\"widget\" data-widget_type=\"text-editor.default\">\n\t\t\t\t<div class=\"elementor-widget-container\">\n\t\t\t\t\t\t\t\t\t<p>2026-03-24<\/p>\t\t\t\t\t\t\t\t<\/div>\n\t\t\t\t<\/div>\n\t\t\t\t<div class=\"elementor-element elementor-element-de73c05 elementor-widget elementor-widget-text-editor\" data-id=\"de73c05\" data-element_type=\"widget\" data-e-type=\"widget\" data-widget_type=\"text-editor.default\">\n\t\t\t\t<div class=\"elementor-widget-container\">\n\t\t\t\t\t\t\t\t\t<p>Englisch &#8211; Online<\/p>\t\t\t\t\t\t\t\t<\/div>\n\t\t\t\t<\/div>\n\t\t\t\t<\/div>\n\t\t\t\t<div class=\"elementor-element elementor-element-47aafe1 elementor-widget elementor-widget-spacer\" data-id=\"47aafe1\" data-element_type=\"widget\" data-e-type=\"widget\" data-widget_type=\"spacer.default\">\n\t\t\t\t<div class=\"elementor-widget-container\">\n\t\t\t\t\t\t\t<div class=\"elementor-spacer\">\n\t\t\t<div class=\"elementor-spacer-inner\"><\/div>\n\t\t<\/div>\n\t\t\t\t\t\t<\/div>\n\t\t\t\t<\/div>\n\t\t\t\t<div class=\"elementor-element elementor-element-d98831c elementor-align-justify elementor-widget elementor-widget-button\" data-id=\"d98831c\" data-element_type=\"widget\" data-e-type=\"widget\" data-widget_type=\"button.default\">\n\t\t\t\t<div class=\"elementor-widget-container\">\n\t\t\t\t\t\t\t\t\t<div class=\"elementor-button-wrapper\">\n\t\t\t\t\t<a class=\"elementor-button elementor-button-link elementor-size-sm\" href=\"https:\/\/isopa-aisbl.idloom.events\/webinar-basic-training-045\">\n\t\t\t\t\t\t<span class=\"elementor-button-content-wrapper\">\n\t\t\t\t\t\t\t\t\t<span class=\"elementor-button-text\">Anmeldung hier<\/span>\n\t\t\t\t\t<\/span>\n\t\t\t\t\t<\/a>\n\t\t\t\t<\/div>\n\t\t\t\t\t\t\t\t<\/div>\n\t\t\t\t<\/div>\n\t\t\t\t<div class=\"elementor-element elementor-element-e0963ee elementor-widget elementor-widget-spacer\" data-id=\"e0963ee\" data-element_type=\"widget\" data-e-type=\"widget\" data-widget_type=\"spacer.default\">\n\t\t\t\t<div class=\"elementor-widget-container\">\n\t\t\t\t\t\t\t<div class=\"elementor-spacer\">\n\t\t\t<div class=\"elementor-spacer-inner\"><\/div>\n\t\t<\/div>\n\t\t\t\t\t\t<\/div>\n\t\t\t\t<\/div>\n\t\t\t\t<\/div>\n\t\t\t\t<\/div>\n\t\t\t\t\t<\/div>\n\t\t\t\t<\/div>\n\t\t<div class=\"elementor-element elementor-element-0b91f34 e-flex e-con-boxed e-con e-parent\" data-id=\"0b91f34\" data-element_type=\"container\" data-e-type=\"container\">\n\t\t\t\t\t<div class=\"e-con-inner\">\n\t\t\t\t<div class=\"elementor-element elementor-element-7588ae7 elementor-widget elementor-widget-spacer\" data-id=\"7588ae7\" data-element_type=\"widget\" data-e-type=\"widget\" data-widget_type=\"spacer.default\">\n\t\t\t\t<div class=\"elementor-widget-container\">\n\t\t\t\t\t\t\t<div class=\"elementor-spacer\">\n\t\t\t<div class=\"elementor-spacer-inner\"><\/div>\n\t\t<\/div>\n\t\t\t\t\t\t<\/div>\n\t\t\t\t<\/div>\n\t\t\t\t\t<\/div>\n\t\t\t\t<\/div>\n\t\t\t\t<\/div>\n\t\t","protected":false},"excerpt":{"rendered":"<p>Webinars ISOPA\/ALIPA bietet Live-Webinare als Erg\u00e4nzung zu unseren Online-Schulungen an, um Unternehmen \u00fcber die sichere Verwendung von Diisocyanaten auf dem Laufenden zu halten. Diese Webinare bieten die neuesten Sicherheitsupdates, praktische Anleitungen und Experteneinblicke, um Unternehmen dabei zu helfen, bew\u00e4hrte Verfahren anzuwenden und die h\u00f6chsten Standards f\u00fcr Sicherheit am Arbeitsplatz aufrechtzuerhalten. Unsere aktuellen Schulungen konzentrieren sich [&hellip;]<\/p>\n","protected":false},"author":11,"featured_media":0,"parent":0,"menu_order":0,"comment_status":"closed","ping_status":"closed","template":"","meta":{"footnotes":""},"class_list":["post-5101","page","type-page","status-publish","hentry"],"yoast_head":"<!-- This site is optimized with the Yoast SEO plugin v27.2 - https:\/\/yoast.com\/product\/yoast-seo-wordpress\/ -->\n<title>Webinars - Safe use diisocyanates<\/title>\n<meta name=\"robots\" content=\"index, follow, max-snippet:-1, max-image-preview:large, max-video-preview:-1\" \/>\n<link rel=\"canonical\" href=\"https:\/\/safeusediisocyanates.eu\/webinars\/\" \/>\n<meta property=\"og:locale\" content=\"de_DE\" \/>\n<meta property=\"og:type\" content=\"article\" \/>\n<meta property=\"og:title\" content=\"Webinars - Safe use diisocyanates\" \/>\n<meta property=\"og:description\" content=\"Webinars ISOPA\/ALIPA bietet Live-Webinare als Erg\u00e4nzung zu unseren Online-Schulungen an, um Unternehmen \u00fcber die sichere Verwendung von Diisocyanaten auf dem Laufenden zu halten. Diese Webinare bieten die neuesten Sicherheitsupdates, praktische Anleitungen und Experteneinblicke, um Unternehmen dabei zu helfen, bew\u00e4hrte Verfahren anzuwenden und die h\u00f6chsten Standards f\u00fcr Sicherheit am Arbeitsplatz aufrechtzuerhalten. Unsere aktuellen Schulungen konzentrieren sich [&hellip;]\" \/>\n<meta property=\"og:url\" content=\"https:\/\/safeusediisocyanates.eu\/webinars\/\" \/>\n<meta property=\"og:site_name\" content=\"Safe use diisocyanates\" \/>\n<meta property=\"article:modified_time\" content=\"2026-02-12T12:33:58+00:00\" \/>\n<meta property=\"og:image\" content=\"https:\/\/safeusediisocyanates.eu\/wp-content\/uploads\/2024\/05\/og-image.jpg\" \/>\n\t<meta property=\"og:image:width\" content=\"1200\" \/>\n\t<meta property=\"og:image:height\" content=\"675\" \/>\n\t<meta property=\"og:image:type\" content=\"image\/jpeg\" \/>\n<meta name=\"twitter:card\" content=\"summary_large_image\" \/>\n<meta name=\"twitter:label1\" content=\"Gesch\u00e4tzte Lesezeit\" \/>\n\t<meta name=\"twitter:data1\" content=\"1\u00a0Minute\" \/>\n<script type=\"application\/ld+json\" class=\"yoast-schema-graph\">{\"@context\":\"https:\/\/schema.org\",\"@graph\":[{\"@type\":\"WebPage\",\"@id\":\"https:\/\/safeusediisocyanates.eu\/webinars\/\",\"url\":\"https:\/\/safeusediisocyanates.eu\/webinars\/\",\"name\":\"Webinars - Safe use diisocyanates\",\"isPartOf\":{\"@id\":\"https:\/\/safeusediisocyanates.eu\/pl\/#website\"},\"datePublished\":\"2025-11-25T10:08:33+00:00\",\"dateModified\":\"2026-02-12T12:33:58+00:00\",\"breadcrumb\":{\"@id\":\"https:\/\/safeusediisocyanates.eu\/webinars\/#breadcrumb\"},\"inLanguage\":\"de\",\"potentialAction\":[{\"@type\":\"ReadAction\",\"target\":[\"https:\/\/safeusediisocyanates.eu\/webinars\/\"]}]},{\"@type\":\"BreadcrumbList\",\"@id\":\"https:\/\/safeusediisocyanates.eu\/webinars\/#breadcrumb\",\"itemListElement\":[{\"@type\":\"ListItem\",\"position\":1,\"name\":\"Home\",\"item\":\"https:\/\/safeusediisocyanates.eu\/de\/home\/\"},{\"@type\":\"ListItem\",\"position\":2,\"name\":\"Webinars\"}]},{\"@type\":\"WebSite\",\"@id\":\"https:\/\/safeusediisocyanates.eu\/pl\/#website\",\"url\":\"https:\/\/safeusediisocyanates.eu\/pl\/\",\"name\":\"Safe use diisocyanates\",\"description\":\"\",\"publisher\":{\"@id\":\"https:\/\/safeusediisocyanates.eu\/pl\/#organization\"},\"potentialAction\":[{\"@type\":\"SearchAction\",\"target\":{\"@type\":\"EntryPoint\",\"urlTemplate\":\"https:\/\/safeusediisocyanates.eu\/pl\/?s={search_term_string}\"},\"query-input\":{\"@type\":\"PropertyValueSpecification\",\"valueRequired\":true,\"valueName\":\"search_term_string\"}}],\"inLanguage\":\"de\"},{\"@type\":\"Organization\",\"@id\":\"https:\/\/safeusediisocyanates.eu\/pl\/#organization\",\"name\":\"Safe use diisocyanates\",\"url\":\"https:\/\/safeusediisocyanates.eu\/pl\/\",\"logo\":{\"@type\":\"ImageObject\",\"inLanguage\":\"de\",\"@id\":\"https:\/\/safeusediisocyanates.eu\/pl\/#\/schema\/logo\/image\/\",\"url\":\"https:\/\/safeusediisocyanates.eu\/wp-content\/uploads\/2024\/04\/sud-logo.jpg\",\"contentUrl\":\"https:\/\/safeusediisocyanates.eu\/wp-content\/uploads\/2024\/04\/sud-logo.jpg\",\"width\":260,\"height\":172,\"caption\":\"Safe use diisocyanates\"},\"image\":{\"@id\":\"https:\/\/safeusediisocyanates.eu\/pl\/#\/schema\/logo\/image\/\"}}]}<\/script>\n<!-- \/ Yoast SEO plugin. -->","yoast_head_json":{"title":"Webinars - Safe use diisocyanates","robots":{"index":"index","follow":"follow","max-snippet":"max-snippet:-1","max-image-preview":"max-image-preview:large","max-video-preview":"max-video-preview:-1"},"canonical":"https:\/\/safeusediisocyanates.eu\/webinars\/","og_locale":"de_DE","og_type":"article","og_title":"Webinars - Safe use diisocyanates","og_description":"Webinars ISOPA\/ALIPA bietet Live-Webinare als Erg\u00e4nzung zu unseren Online-Schulungen an, um Unternehmen \u00fcber die sichere Verwendung von Diisocyanaten auf dem Laufenden zu halten. Diese Webinare bieten die neuesten Sicherheitsupdates, praktische Anleitungen und Experteneinblicke, um Unternehmen dabei zu helfen, bew\u00e4hrte Verfahren anzuwenden und die h\u00f6chsten Standards f\u00fcr Sicherheit am Arbeitsplatz aufrechtzuerhalten. Unsere aktuellen Schulungen konzentrieren sich [&hellip;]","og_url":"https:\/\/safeusediisocyanates.eu\/webinars\/","og_site_name":"Safe use diisocyanates","article_modified_time":"2026-02-12T12:33:58+00:00","og_image":[{"width":1200,"height":675,"url":"https:\/\/safeusediisocyanates.eu\/wp-content\/uploads\/2024\/05\/og-image.jpg","type":"image\/jpeg"}],"twitter_card":"summary_large_image","twitter_misc":{"Gesch\u00e4tzte Lesezeit":"1\u00a0Minute"},"schema":{"@context":"https:\/\/schema.org","@graph":[{"@type":"WebPage","@id":"https:\/\/safeusediisocyanates.eu\/webinars\/","url":"https:\/\/safeusediisocyanates.eu\/webinars\/","name":"Webinars - Safe use diisocyanates","isPartOf":{"@id":"https:\/\/safeusediisocyanates.eu\/pl\/#website"},"datePublished":"2025-11-25T10:08:33+00:00","dateModified":"2026-02-12T12:33:58+00:00","breadcrumb":{"@id":"https:\/\/safeusediisocyanates.eu\/webinars\/#breadcrumb"},"inLanguage":"de","potentialAction":[{"@type":"ReadAction","target":["https:\/\/safeusediisocyanates.eu\/webinars\/"]}]},{"@type":"BreadcrumbList","@id":"https:\/\/safeusediisocyanates.eu\/webinars\/#breadcrumb","itemListElement":[{"@type":"ListItem","position":1,"name":"Home","item":"https:\/\/safeusediisocyanates.eu\/de\/home\/"},{"@type":"ListItem","position":2,"name":"Webinars"}]},{"@type":"WebSite","@id":"https:\/\/safeusediisocyanates.eu\/pl\/#website","url":"https:\/\/safeusediisocyanates.eu\/pl\/","name":"Safe use diisocyanates","description":"","publisher":{"@id":"https:\/\/safeusediisocyanates.eu\/pl\/#organization"},"potentialAction":[{"@type":"SearchAction","target":{"@type":"EntryPoint","urlTemplate":"https:\/\/safeusediisocyanates.eu\/pl\/?s={search_term_string}"},"query-input":{"@type":"PropertyValueSpecification","valueRequired":true,"valueName":"search_term_string"}}],"inLanguage":"de"},{"@type":"Organization","@id":"https:\/\/safeusediisocyanates.eu\/pl\/#organization","name":"Safe use diisocyanates","url":"https:\/\/safeusediisocyanates.eu\/pl\/","logo":{"@type":"ImageObject","inLanguage":"de","@id":"https:\/\/safeusediisocyanates.eu\/pl\/#\/schema\/logo\/image\/","url":"https:\/\/safeusediisocyanates.eu\/wp-content\/uploads\/2024\/04\/sud-logo.jpg","contentUrl":"https:\/\/safeusediisocyanates.eu\/wp-content\/uploads\/2024\/04\/sud-logo.jpg","width":260,"height":172,"caption":"Safe use diisocyanates"},"image":{"@id":"https:\/\/safeusediisocyanates.eu\/pl\/#\/schema\/logo\/image\/"}}]}},"_links":{"self":[{"href":"https:\/\/safeusediisocyanates.eu\/de\/wp-json\/wp\/v2\/pages\/5101","targetHints":{"allow":["GET"]}}],"collection":[{"href":"https:\/\/safeusediisocyanates.eu\/de\/wp-json\/wp\/v2\/pages"}],"about":[{"href":"https:\/\/safeusediisocyanates.eu\/de\/wp-json\/wp\/v2\/types\/page"}],"author":[{"embeddable":true,"href":"https:\/\/safeusediisocyanates.eu\/de\/wp-json\/wp\/v2\/users\/11"}],"replies":[{"embeddable":true,"href":"https:\/\/safeusediisocyanates.eu\/de\/wp-json\/wp\/v2\/comments?post=5101"}],"version-history":[{"count":7,"href":"https:\/\/safeusediisocyanates.eu\/de\/wp-json\/wp\/v2\/pages\/5101\/revisions"}],"predecessor-version":[{"id":5402,"href":"https:\/\/safeusediisocyanates.eu\/de\/wp-json\/wp\/v2\/pages\/5101\/revisions\/5402"}],"wp:attachment":[{"href":"https:\/\/safeusediisocyanates.eu\/de\/wp-json\/wp\/v2\/media?parent=5101"}],"curies":[{"name":"wp","href":"https:\/\/api.w.org\/{rel}","templated":true}]}}