{"id":2097,"date":"2024-04-28T21:48:48","date_gmt":"2024-04-28T21:48:48","guid":{"rendered":"https:\/\/nostalgic-galois.46-242-128-94.plesk.page\/?page_id=2097"},"modified":"2025-02-12T08:12:21","modified_gmt":"2025-02-12T08:12:21","slug":"faq","status":"publish","type":"page","link":"https:\/\/safeusediisocyanates.eu\/de\/faq\/","title":{"rendered":"FAQ"},"content":{"rendered":"\t\t<div data-elementor-type=\"wp-page\" data-elementor-id=\"2097\" class=\"elementor elementor-2097 elementor-148\" data-elementor-post-type=\"page\">\n\t\t\t\t<div class=\"elementor-element elementor-element-ebd45e5 e-flex e-con-boxed e-con e-parent\" data-id=\"ebd45e5\" data-element_type=\"container\" data-e-type=\"container\" data-settings=\"{&quot;background_background&quot;:&quot;gradient&quot;}\">\n\t\t\t\t\t<div class=\"e-con-inner\">\n\t\t<div class=\"elementor-element elementor-element-0314492 e-grid e-con-boxed e-con e-child\" data-id=\"0314492\" data-element_type=\"container\" data-e-type=\"container\" data-settings=\"{&quot;background_background&quot;:&quot;gradient&quot;}\">\n\t\t\t\t\t<div class=\"e-con-inner\">\n\t\t<div class=\"elementor-element elementor-element-9609845 e-flex e-con-boxed e-con e-child\" data-id=\"9609845\" data-element_type=\"container\" data-e-type=\"container\" data-settings=\"{&quot;background_background&quot;:&quot;classic&quot;}\">\n\t\t\t\t\t<div class=\"e-con-inner\">\n\t\t\t\t\t<\/div>\n\t\t\t\t<\/div>\n\t\t<div class=\"elementor-element elementor-element-c012eca e-flex e-con-boxed e-con e-child\" data-id=\"c012eca\" data-element_type=\"container\" data-e-type=\"container\">\n\t\t\t\t\t<div class=\"e-con-inner\">\n\t\t\t\t<div class=\"elementor-element elementor-element-30cda6c elementor-widget elementor-widget-heading\" data-id=\"30cda6c\" data-element_type=\"widget\" data-e-type=\"widget\" data-widget_type=\"heading.default\">\n\t\t\t\t<div class=\"elementor-widget-container\">\n\t\t\t\t\t<h1 class=\"elementor-heading-title elementor-size-default\">FAQ \u2013 Die 10 h\u00e4ufigsten Fragen<\/h1>\t\t\t\t<\/div>\n\t\t\t\t<\/div>\n\t\t\t\t<div class=\"elementor-element elementor-element-258409a elementor-widget elementor-widget-text-editor\" data-id=\"258409a\" data-element_type=\"widget\" data-e-type=\"widget\" data-widget_type=\"text-editor.default\">\n\t\t\t\t<div class=\"elementor-widget-container\">\n\t\t\t\t\t\t\t\t\t<p><strong>1. Muss ich meine Mitarbeiter unbedingt schulen?<\/strong><\/p><p>Arbeitgeber sind verpflichtet, alle Angestellten, die Produkte mit einem Diisocyanat-Anteil von min. 0,1\u00a0% verwenden oder handhaben, entsprechend zu schulen. Weitere Einzelheiten k\u00f6nnen Sie in der <strong><a href=\"https:\/\/eur-lex.europa.eu\/legal-content\/EN\/TXT\/PDF\/?uri=CELEX:32020R1149\">REACH-Verordnung der EU<\/a><\/strong> nachlesen.<\/p><p>Es liegt in der Verantwortung des Arbeitgebers, daf\u00fcr zu sorgen, dass alle betroffenen Mitarbeiter &#8211; einschlie\u00dflich umstehender Personen, wie z. B. externe Wartungsmitarbeiter &#8211; die Schulung vor dem Umgang mit Diisocyanaten abgeschlossen haben.<\/p><p><strong>2. Welche Schulung brauchen meine Mitarbeiter\/Zielgruppe?<\/strong><\/p><p>Dies h\u00e4ngt ab von den Anwendungsbereichen und Aufgaben Ihrer Mitarbeiter. Die Beh\u00f6rden unterscheiden drei verschiedene Stufen: allgemeine Schulung, Aufbauschulung und Fortgeschrittenenschulung. Welche Stufe Sie brauchen, h\u00e4ngt von dem Expositionsrisiko ab, dem Ihre Mitarbeiter bei der Arbeit ausgesetzt sind. Wir haben eine spezielle <strong><a href=\"https:\/\/safeusediisocyanates.eu\/de\/online-schulung\/schulungen\/\">Matrix<\/a> <\/strong>erstellt, mit deren Hilfe Sie die richtige Wahl treffen k\u00f6nnen.<\/p><p><strong>3. Welche Mono-, Di- oder Triisocyanate unterliegen der REACH-Einschr\u00e4nkung?<\/strong><\/p><p>Eine unvollst\u00e4ndige Liste der Substanzen finden Sie im <strong><a href=\"https:\/\/safeusediisocyanates.eu\/de\/reach-verordnung\/\">REACH-Bereich<\/a><\/strong>.<\/p><p><strong>4. Wie hoch sind die Kosten f\u00fcr eine Schulung?<\/strong><\/p><p>Die Geb\u00fchren f\u00fcr eine webbasierte Schulung auf der ISOPA\/ALIPA-Website betragen 15\u00a0Euro (zzgl. MwSt.). Darin ist ein Zertifikat f\u00fcr die Schulung enthalten. Die Preise f\u00fcr Pr\u00e4senzschulungen h\u00e4ngen vom Inhalt und Format ab.<\/p><p><strong>5. Wie kann ich eine webbasierte Schulung f\u00fcr mehrere Mitarbeiter buchen?<\/strong><\/p><p>Verwenden Sie dazu bitte ein Administratorkonto. Wir haben eine Kurzanleitung erstellt, die Ihnen dabei hilft. Sie k\u00f6nnen sie hier in Ihrer Sprache herunterladen: <strong><a href=\"https:\/\/safeusediisocyanates.eu\/wp-content\/uploads\/2024\/06\/Quick-Guide-Admin-EN-V3-2024.pdf\">Englisch<\/a><\/strong>, <strong><a href=\"https:\/\/safeusediisocyanates.eu\/wp-content\/uploads\/images\/guide\/quick%20guide%20-%20admin-%20fr-%20v3.1.pdf\">Franz\u00f6sisch<\/a><\/strong>, <strong><a href=\"https:\/\/safeusediisocyanates.eu\/wp-content\/uploads\/2024\/06\/Quick-Guide-Admin-DE-V4-2024.pdf\">Deutsch<\/a> <a href=\"https:\/\/safeusediisocyanates.eu\/wp-content\/uploads\/2024\/06\/Quick-Guide-Admin-NL-V4-2024.pdf\">Niederl\u00e4ndisch<\/a><\/strong>, <strong><a href=\"https:\/\/safeusediisocyanates.eu\/wp-content\/uploads\/2024\/06\/Quick-Guide-Admin-IT-V4-2024.pdf\">Italienisch<\/a><\/strong>.\u2028<\/p><p>Au\u00dferdem k\u00f6nnen Sie Gutscheine f\u00fcr Ihre Schulungsteilnehmer erwerben: <strong><a href=\"https:\/\/safeusediisocyanates.eu\/wp-content\/uploads\/2025\/01\/VOUCHER-FORM.pdf\">Gutscheine bestellen<\/a><\/strong>.<\/p><p><strong>6. Wie lange dauert so eine webbasierte Schulung?<\/strong><\/p><p>Das h\u00e4ngt davon ab, welche Schulung Sie buchen. Die allgemeine Schulung dauert ungef\u00e4hr 40 bis 50\u00a0Minuten. Bei Aufbau- oder Fortgeschrittenenschulungen kommen weitere 30 bis 60\u00a0Minuten hinzu.<\/p><p><strong>7. Muss ich die allgemeine Schulung und eine zus\u00e4tzliche Schulung buchen?<\/strong><\/p><p>Die allgemeine Schulung ist in allen anderen Aufbau- oder Fortgeschrittenenschulungen bereits enthalten. Wenn Sie also eine Aufbau- oder Fortgeschrittenenschulung buchen, erhalten Sie automatisch auch die allgemeine Schulung als Bestandteil des Lernpfades.<\/p><p><strong>8. Kann ich per Bank\u00fcberweisung zahlen?<\/strong><\/p><p>Die Buchung webbasierter Schulungen ist nur mit den von uns angebotenen Online-Zahlungsmethoden m\u00f6glich. Wenn Ihr Unternehmen keine Online-Zahlungen unterst\u00fctzt, verwenden Sie bitte das <strong><a href=\"https:\/\/safeusediisocyanates.eu\/wp-content\/uploads\/2025\/01\/VOUCHER-FORM.pdf\">Gutschein-Formular<\/a><\/strong>.<\/p><p><strong>9. Wer kann eine Schulung zur sicheren Verwendung und Handhabung von Diisocyanaten durchf\u00fchren\/wer ist als Schulungsleiter qualifiziert?<\/strong><\/p><p>Jede Person, die Kenntnisse \u00fcber Sicherheit und Gesundheitsschutz am Arbeitsplatz hat und diese Kenntnisse im Rahmen einer entsprechenden Ausbildung erlangt hat. Weitere Informationen \u00fcber die M\u00f6glichkeiten, Schulungsleiter zu werden, und den genauen Ablauf finden Sie auf unserer <strong><a href=\"https:\/\/safeusediisocyanates.eu\/de\/schulungsleiter\/\">entsprechenden Webseite<\/a><\/strong>.<\/p><p><strong>10. Haben Sie eine Liste mit Schulungsleitern?<\/strong><\/p><p>Ja, <strong><a href=\"https:\/\/safeusediisocyanates.eu\/de\/schulungsleiter\/liste-zertifizierter-sicherheitsexperten-fuer-diisocyanate\/\">die haben wir<\/a><\/strong>. Sie enth\u00e4lt auch die Kontaktdaten der Schulungsleiter.<\/p><p>Wurde Ihre Frage nicht beantwortet? Fragen Sie unseren Chatbot oder nutzen Sie unser <strong><a href=\"https:\/\/safeusediisocyanates.eu\/de\/kontakt\/\">Kontaktformular<\/a><\/strong>.<\/p>\t\t\t\t\t\t\t\t<\/div>\n\t\t\t\t<\/div>\n\t\t\t\t\t<\/div>\n\t\t\t\t<\/div>\n\t\t\t\t\t<\/div>\n\t\t\t\t<\/div>\n\t\t\t\t\t<\/div>\n\t\t\t\t<\/div>\n\t\t\t\t<\/div>\n\t\t","protected":false},"excerpt":{"rendered":"<p>FAQ \u2013 Die 10 h\u00e4ufigsten Fragen 1. Muss ich meine Mitarbeiter unbedingt schulen? Arbeitgeber sind verpflichtet, alle Angestellten, die Produkte mit einem Diisocyanat-Anteil von min. 0,1\u00a0% verwenden oder handhaben, entsprechend zu schulen. Weitere Einzelheiten k\u00f6nnen Sie in der REACH-Verordnung der EU nachlesen. Es liegt in der Verantwortung des Arbeitgebers, daf\u00fcr zu sorgen, dass alle betroffenen [&hellip;]<\/p>\n","protected":false},"author":1,"featured_media":0,"parent":0,"menu_order":0,"comment_status":"closed","ping_status":"closed","template":"","meta":{"footnotes":""},"class_list":["post-2097","page","type-page","status-publish","hentry"],"yoast_head":"<!-- This site is optimized with the Yoast SEO plugin v27.2 - https:\/\/yoast.com\/product\/yoast-seo-wordpress\/ -->\n<title>FAQ - Safe use diisocyanates<\/title>\n<meta name=\"robots\" content=\"index, follow, max-snippet:-1, max-image-preview:large, max-video-preview:-1\" \/>\n<link rel=\"canonical\" href=\"https:\/\/safeusediisocyanates.eu\/faq\/\" \/>\n<meta property=\"og:locale\" content=\"de_DE\" \/>\n<meta property=\"og:type\" content=\"article\" \/>\n<meta property=\"og:title\" content=\"FAQ - Safe use diisocyanates\" \/>\n<meta property=\"og:description\" content=\"FAQ \u2013 Die 10 h\u00e4ufigsten Fragen 1. Muss ich meine Mitarbeiter unbedingt schulen? Arbeitgeber sind verpflichtet, alle Angestellten, die Produkte mit einem Diisocyanat-Anteil von min. 0,1\u00a0% verwenden oder handhaben, entsprechend zu schulen. Weitere Einzelheiten k\u00f6nnen Sie in der REACH-Verordnung der EU nachlesen. Es liegt in der Verantwortung des Arbeitgebers, daf\u00fcr zu sorgen, dass alle betroffenen [&hellip;]\" \/>\n<meta property=\"og:url\" content=\"https:\/\/safeusediisocyanates.eu\/faq\/\" \/>\n<meta property=\"og:site_name\" content=\"Safe use diisocyanates\" \/>\n<meta property=\"article:modified_time\" content=\"2025-02-12T08:12:21+00:00\" \/>\n<meta property=\"og:image\" content=\"https:\/\/safeusediisocyanates.eu\/wp-content\/uploads\/2024\/05\/og-image.jpg\" \/>\n\t<meta property=\"og:image:width\" content=\"1200\" \/>\n\t<meta property=\"og:image:height\" content=\"675\" \/>\n\t<meta property=\"og:image:type\" content=\"image\/jpeg\" \/>\n<meta name=\"twitter:card\" content=\"summary_large_image\" \/>\n<meta name=\"twitter:label1\" content=\"Gesch\u00e4tzte Lesezeit\" \/>\n\t<meta name=\"twitter:data1\" content=\"3\u00a0Minuten\" \/>\n<script type=\"application\/ld+json\" class=\"yoast-schema-graph\">{\"@context\":\"https:\/\/schema.org\",\"@graph\":[{\"@type\":\"WebPage\",\"@id\":\"https:\/\/safeusediisocyanates.eu\/faq\/\",\"url\":\"https:\/\/safeusediisocyanates.eu\/faq\/\",\"name\":\"FAQ - Safe use diisocyanates\",\"isPartOf\":{\"@id\":\"https:\/\/safeusediisocyanates.eu\/pl\/#website\"},\"datePublished\":\"2024-04-28T21:48:48+00:00\",\"dateModified\":\"2025-02-12T08:12:21+00:00\",\"breadcrumb\":{\"@id\":\"https:\/\/safeusediisocyanates.eu\/faq\/#breadcrumb\"},\"inLanguage\":\"de\",\"potentialAction\":[{\"@type\":\"ReadAction\",\"target\":[\"https:\/\/safeusediisocyanates.eu\/faq\/\"]}]},{\"@type\":\"BreadcrumbList\",\"@id\":\"https:\/\/safeusediisocyanates.eu\/faq\/#breadcrumb\",\"itemListElement\":[{\"@type\":\"ListItem\",\"position\":1,\"name\":\"Home\",\"item\":\"https:\/\/safeusediisocyanates.eu\/de\/home\/\"},{\"@type\":\"ListItem\",\"position\":2,\"name\":\"FAQ\"}]},{\"@type\":\"WebSite\",\"@id\":\"https:\/\/safeusediisocyanates.eu\/pl\/#website\",\"url\":\"https:\/\/safeusediisocyanates.eu\/pl\/\",\"name\":\"Safe use diisocyanates\",\"description\":\"\",\"publisher\":{\"@id\":\"https:\/\/safeusediisocyanates.eu\/pl\/#organization\"},\"potentialAction\":[{\"@type\":\"SearchAction\",\"target\":{\"@type\":\"EntryPoint\",\"urlTemplate\":\"https:\/\/safeusediisocyanates.eu\/pl\/?s={search_term_string}\"},\"query-input\":{\"@type\":\"PropertyValueSpecification\",\"valueRequired\":true,\"valueName\":\"search_term_string\"}}],\"inLanguage\":\"de\"},{\"@type\":\"Organization\",\"@id\":\"https:\/\/safeusediisocyanates.eu\/pl\/#organization\",\"name\":\"Safe use diisocyanates\",\"url\":\"https:\/\/safeusediisocyanates.eu\/pl\/\",\"logo\":{\"@type\":\"ImageObject\",\"inLanguage\":\"de\",\"@id\":\"https:\/\/safeusediisocyanates.eu\/pl\/#\/schema\/logo\/image\/\",\"url\":\"https:\/\/safeusediisocyanates.eu\/wp-content\/uploads\/2024\/04\/sud-logo.jpg\",\"contentUrl\":\"https:\/\/safeusediisocyanates.eu\/wp-content\/uploads\/2024\/04\/sud-logo.jpg\",\"width\":260,\"height\":172,\"caption\":\"Safe use diisocyanates\"},\"image\":{\"@id\":\"https:\/\/safeusediisocyanates.eu\/pl\/#\/schema\/logo\/image\/\"}}]}<\/script>\n<!-- \/ Yoast SEO plugin. -->","yoast_head_json":{"title":"FAQ - Safe use diisocyanates","robots":{"index":"index","follow":"follow","max-snippet":"max-snippet:-1","max-image-preview":"max-image-preview:large","max-video-preview":"max-video-preview:-1"},"canonical":"https:\/\/safeusediisocyanates.eu\/faq\/","og_locale":"de_DE","og_type":"article","og_title":"FAQ - Safe use diisocyanates","og_description":"FAQ \u2013 Die 10 h\u00e4ufigsten Fragen 1. Muss ich meine Mitarbeiter unbedingt schulen? Arbeitgeber sind verpflichtet, alle Angestellten, die Produkte mit einem Diisocyanat-Anteil von min. 0,1\u00a0% verwenden oder handhaben, entsprechend zu schulen. Weitere Einzelheiten k\u00f6nnen Sie in der REACH-Verordnung der EU nachlesen. Es liegt in der Verantwortung des Arbeitgebers, daf\u00fcr zu sorgen, dass alle betroffenen [&hellip;]","og_url":"https:\/\/safeusediisocyanates.eu\/faq\/","og_site_name":"Safe use diisocyanates","article_modified_time":"2025-02-12T08:12:21+00:00","og_image":[{"width":1200,"height":675,"url":"https:\/\/safeusediisocyanates.eu\/wp-content\/uploads\/2024\/05\/og-image.jpg","type":"image\/jpeg"}],"twitter_card":"summary_large_image","twitter_misc":{"Gesch\u00e4tzte Lesezeit":"3\u00a0Minuten"},"schema":{"@context":"https:\/\/schema.org","@graph":[{"@type":"WebPage","@id":"https:\/\/safeusediisocyanates.eu\/faq\/","url":"https:\/\/safeusediisocyanates.eu\/faq\/","name":"FAQ - Safe use diisocyanates","isPartOf":{"@id":"https:\/\/safeusediisocyanates.eu\/pl\/#website"},"datePublished":"2024-04-28T21:48:48+00:00","dateModified":"2025-02-12T08:12:21+00:00","breadcrumb":{"@id":"https:\/\/safeusediisocyanates.eu\/faq\/#breadcrumb"},"inLanguage":"de","potentialAction":[{"@type":"ReadAction","target":["https:\/\/safeusediisocyanates.eu\/faq\/"]}]},{"@type":"BreadcrumbList","@id":"https:\/\/safeusediisocyanates.eu\/faq\/#breadcrumb","itemListElement":[{"@type":"ListItem","position":1,"name":"Home","item":"https:\/\/safeusediisocyanates.eu\/de\/home\/"},{"@type":"ListItem","position":2,"name":"FAQ"}]},{"@type":"WebSite","@id":"https:\/\/safeusediisocyanates.eu\/pl\/#website","url":"https:\/\/safeusediisocyanates.eu\/pl\/","name":"Safe use diisocyanates","description":"","publisher":{"@id":"https:\/\/safeusediisocyanates.eu\/pl\/#organization"},"potentialAction":[{"@type":"SearchAction","target":{"@type":"EntryPoint","urlTemplate":"https:\/\/safeusediisocyanates.eu\/pl\/?s={search_term_string}"},"query-input":{"@type":"PropertyValueSpecification","valueRequired":true,"valueName":"search_term_string"}}],"inLanguage":"de"},{"@type":"Organization","@id":"https:\/\/safeusediisocyanates.eu\/pl\/#organization","name":"Safe use diisocyanates","url":"https:\/\/safeusediisocyanates.eu\/pl\/","logo":{"@type":"ImageObject","inLanguage":"de","@id":"https:\/\/safeusediisocyanates.eu\/pl\/#\/schema\/logo\/image\/","url":"https:\/\/safeusediisocyanates.eu\/wp-content\/uploads\/2024\/04\/sud-logo.jpg","contentUrl":"https:\/\/safeusediisocyanates.eu\/wp-content\/uploads\/2024\/04\/sud-logo.jpg","width":260,"height":172,"caption":"Safe use diisocyanates"},"image":{"@id":"https:\/\/safeusediisocyanates.eu\/pl\/#\/schema\/logo\/image\/"}}]}},"_links":{"self":[{"href":"https:\/\/safeusediisocyanates.eu\/de\/wp-json\/wp\/v2\/pages\/2097","targetHints":{"allow":["GET"]}}],"collection":[{"href":"https:\/\/safeusediisocyanates.eu\/de\/wp-json\/wp\/v2\/pages"}],"about":[{"href":"https:\/\/safeusediisocyanates.eu\/de\/wp-json\/wp\/v2\/types\/page"}],"author":[{"embeddable":true,"href":"https:\/\/safeusediisocyanates.eu\/de\/wp-json\/wp\/v2\/users\/1"}],"replies":[{"embeddable":true,"href":"https:\/\/safeusediisocyanates.eu\/de\/wp-json\/wp\/v2\/comments?post=2097"}],"version-history":[{"count":19,"href":"https:\/\/safeusediisocyanates.eu\/de\/wp-json\/wp\/v2\/pages\/2097\/revisions"}],"predecessor-version":[{"id":4670,"href":"https:\/\/safeusediisocyanates.eu\/de\/wp-json\/wp\/v2\/pages\/2097\/revisions\/4670"}],"wp:attachment":[{"href":"https:\/\/safeusediisocyanates.eu\/de\/wp-json\/wp\/v2\/media?parent=2097"}],"curies":[{"name":"wp","href":"https:\/\/api.w.org\/{rel}","templated":true}]}}