{"id":2090,"date":"2024-05-20T10:57:44","date_gmt":"2024-05-20T10:57:44","guid":{"rendered":"https:\/\/nostalgic-galois.46-242-128-94.plesk.page\/?page_id=2090"},"modified":"2024-07-04T11:42:31","modified_gmt":"2024-07-04T11:42:31","slug":"externe-schulungsleiter","status":"publish","type":"page","link":"https:\/\/safeusediisocyanates.eu\/de\/schulungsleiter\/externe-schulungsleiter\/","title":{"rendered":"Externe Schulungsleiter"},"content":{"rendered":"\t\t<div data-elementor-type=\"wp-page\" data-elementor-id=\"2090\" class=\"elementor elementor-2090 elementor-1969\" data-elementor-post-type=\"page\">\n\t\t\t\t<div class=\"elementor-element elementor-element-ebd45e5 e-flex e-con-boxed e-con e-parent\" data-id=\"ebd45e5\" data-element_type=\"container\" data-e-type=\"container\" data-settings=\"{&quot;background_background&quot;:&quot;gradient&quot;}\">\n\t\t\t\t\t<div class=\"e-con-inner\">\n\t\t<div class=\"elementor-element elementor-element-0314492 e-grid e-con-boxed e-con e-child\" data-id=\"0314492\" data-element_type=\"container\" data-e-type=\"container\" data-settings=\"{&quot;background_background&quot;:&quot;gradient&quot;}\">\n\t\t\t\t\t<div class=\"e-con-inner\">\n\t\t<div class=\"elementor-element elementor-element-9609845 e-flex e-con-boxed e-con e-child\" data-id=\"9609845\" data-element_type=\"container\" data-e-type=\"container\" data-settings=\"{&quot;background_background&quot;:&quot;classic&quot;}\">\n\t\t\t\t\t<div class=\"e-con-inner\">\n\t\t\t\t\t<\/div>\n\t\t\t\t<\/div>\n\t\t<div class=\"elementor-element elementor-element-c012eca e-flex e-con-boxed e-con e-child\" data-id=\"c012eca\" data-element_type=\"container\" data-e-type=\"container\">\n\t\t\t\t\t<div class=\"e-con-inner\">\n\t\t\t\t<div class=\"elementor-element elementor-element-30cda6c elementor-widget elementor-widget-heading\" data-id=\"30cda6c\" data-element_type=\"widget\" data-e-type=\"widget\" data-widget_type=\"heading.default\">\n\t\t\t\t<div class=\"elementor-widget-container\">\n\t\t\t\t\t<h1 class=\"elementor-heading-title elementor-size-default\">Externe Schulungsleiter<\/h1>\t\t\t\t<\/div>\n\t\t\t\t<\/div>\n\t\t\t\t<div class=\"elementor-element elementor-element-5f667cd elementor-widget elementor-widget-heading\" data-id=\"5f667cd\" data-element_type=\"widget\" data-e-type=\"widget\" data-widget_type=\"heading.default\">\n\t\t\t\t<div class=\"elementor-widget-container\">\n\t\t\t\t\t<h2 class=\"elementor-heading-title elementor-size-default\">Definition<\/h2>\t\t\t\t<\/div>\n\t\t\t\t<\/div>\n\t\t\t\t<div class=\"elementor-element elementor-element-258409a elementor-widget elementor-widget-text-editor\" data-id=\"258409a\" data-element_type=\"widget\" data-e-type=\"widget\" data-widget_type=\"text-editor.default\">\n\t\t\t\t<div class=\"elementor-widget-container\">\n\t\t\t\t\t\t\t\t\t<p>Externe Schulungsleiter arbeiten entweder selbstst\u00e4ndig oder sind bei einem Schulungsinstitut\/Beratungsunternehmen angestellt, das kostenpflichtige Schulungen anbietet. Wenn Sie eine virtuelle oder Pr\u00e4senzschulung mit einem externen Schulungsleiter buchen m\u00f6chten, konsultieren Sie unsere Liste externer Schulungsleiter und nehmen direkt Kontakt zu ihnen auf.<\/p>\t\t\t\t\t\t\t\t<\/div>\n\t\t\t\t<\/div>\n\t\t\t\t\t<\/div>\n\t\t\t\t<\/div>\n\t\t\t\t\t<\/div>\n\t\t\t\t<\/div>\n\t\t\t\t\t<\/div>\n\t\t\t\t<\/div>\n\t\t<div class=\"elementor-element elementor-element-30fdb8b e-flex e-con-boxed e-con e-parent\" data-id=\"30fdb8b\" data-element_type=\"container\" data-e-type=\"container\">\n\t\t\t\t\t<div class=\"e-con-inner\">\n\t\t\t\t<div class=\"elementor-element elementor-element-8ae784a elementor-widget elementor-widget-heading\" data-id=\"8ae784a\" data-element_type=\"widget\" data-e-type=\"widget\" data-widget_type=\"heading.default\">\n\t\t\t\t<div class=\"elementor-widget-container\">\n\t\t\t\t\t<h2 class=\"elementor-heading-title elementor-size-default\">Registrierung f\u00fcr externe Schulungsleiter:<\/h2>\t\t\t\t<\/div>\n\t\t\t\t<\/div>\n\t\t<div class=\"elementor-element elementor-element-10f6258 e-flex e-con-boxed e-con e-child\" data-id=\"10f6258\" data-element_type=\"container\" data-e-type=\"container\">\n\t\t\t\t\t<div class=\"e-con-inner\">\n\t\t<div class=\"elementor-element elementor-element-d85717c e-flex e-con-boxed e-con e-child\" data-id=\"d85717c\" data-element_type=\"container\" data-e-type=\"container\">\n\t\t\t\t\t<div class=\"e-con-inner\">\n\t\t<div class=\"elementor-element elementor-element-f13f0f1 e-grid e-con-boxed e-con e-child\" data-id=\"f13f0f1\" data-element_type=\"container\" data-e-type=\"container\" data-settings=\"{&quot;background_background&quot;:&quot;classic&quot;}\">\n\t\t\t\t\t<div class=\"e-con-inner\">\n\t\t\t\t<div class=\"elementor-element elementor-element-89ed49b elementor-widget elementor-widget-heading\" data-id=\"89ed49b\" data-element_type=\"widget\" data-e-type=\"widget\" data-widget_type=\"heading.default\">\n\t\t\t\t<div class=\"elementor-widget-container\">\n\t\t\t\t\t<h3 class=\"elementor-heading-title elementor-size-default\">1<\/h3>\t\t\t\t<\/div>\n\t\t\t\t<\/div>\n\t\t\t\t<div class=\"elementor-element elementor-element-0b0da93 elementor-widget elementor-widget-heading\" data-id=\"0b0da93\" data-element_type=\"widget\" data-e-type=\"widget\" data-widget_type=\"heading.default\">\n\t\t\t\t<div class=\"elementor-widget-container\">\n\t\t\t\t\t<h3 class=\"elementor-heading-title elementor-size-default\">Registrierung<\/h3>\t\t\t\t<\/div>\n\t\t\t\t<\/div>\n\t\t\t\t\t<\/div>\n\t\t\t\t<\/div>\n\t\t<div class=\"elementor-element elementor-element-ba09e27 e-flex e-con-boxed e-con e-child\" data-id=\"ba09e27\" data-element_type=\"container\" data-e-type=\"container\">\n\t\t\t\t\t<div class=\"e-con-inner\">\n\t\t\t\t<div class=\"elementor-element elementor-element-ec712ab elementor-widget elementor-widget-text-editor\" data-id=\"ec712ab\" data-element_type=\"widget\" data-e-type=\"widget\" data-widget_type=\"text-editor.default\">\n\t\t\t\t<div class=\"elementor-widget-container\">\n\t\t\t\t\t\t\t\t\t<p>Best\u00e4tigen Sie per E-Mail an training@safeusediisocyanates.eu, dass Sie ein externer Schulungsleiter sind. Senden Sie uns Ihren Lebenslauf mit relevanten Aus- und Weiterbildungsnachweisen, zum Beispiel das \u201eTrain the Trainer\u201c-Zertifikat von ISOPA\/ALIPA.<\/p>\t\t\t\t\t\t\t\t<\/div>\n\t\t\t\t<\/div>\n\t\t\t\t\t<\/div>\n\t\t\t\t<\/div>\n\t\t\t\t\t<\/div>\n\t\t\t\t<\/div>\n\t\t<div class=\"elementor-element elementor-element-64964aa e-flex e-con-boxed e-con e-child\" data-id=\"64964aa\" data-element_type=\"container\" data-e-type=\"container\">\n\t\t\t\t\t<div class=\"e-con-inner\">\n\t\t<div class=\"elementor-element elementor-element-b1ec5a3 e-grid e-con-boxed e-con e-child\" data-id=\"b1ec5a3\" data-element_type=\"container\" data-e-type=\"container\" data-settings=\"{&quot;background_background&quot;:&quot;classic&quot;}\">\n\t\t\t\t\t<div class=\"e-con-inner\">\n\t\t\t\t<div class=\"elementor-element elementor-element-61ad136 elementor-widget elementor-widget-heading\" data-id=\"61ad136\" data-element_type=\"widget\" data-e-type=\"widget\" data-widget_type=\"heading.default\">\n\t\t\t\t<div class=\"elementor-widget-container\">\n\t\t\t\t\t<h3 class=\"elementor-heading-title elementor-size-default\">2<\/h3>\t\t\t\t<\/div>\n\t\t\t\t<\/div>\n\t\t\t\t<div class=\"elementor-element elementor-element-4c58df3 elementor-widget elementor-widget-heading\" data-id=\"4c58df3\" data-element_type=\"widget\" data-e-type=\"widget\" data-widget_type=\"heading.default\">\n\t\t\t\t<div class=\"elementor-widget-container\">\n\t\t\t\t\t<h3 class=\"elementor-heading-title elementor-size-default\">Vereinbarung und Geb\u00fchr<\/h3>\t\t\t\t<\/div>\n\t\t\t\t<\/div>\n\t\t\t\t\t<\/div>\n\t\t\t\t<\/div>\n\t\t<div class=\"elementor-element elementor-element-12ca387 e-flex e-con-boxed e-con e-child\" data-id=\"12ca387\" data-element_type=\"container\" data-e-type=\"container\">\n\t\t\t\t\t<div class=\"e-con-inner\">\n\t\t\t\t<div class=\"elementor-element elementor-element-e435517 elementor-widget elementor-widget-text-editor\" data-id=\"e435517\" data-element_type=\"widget\" data-e-type=\"widget\" data-widget_type=\"text-editor.default\">\n\t\t\t\t<div class=\"elementor-widget-container\">\n\t\t\t\t\t\t\t\t\t<p>Unterzeichnen Sie die Vereinbarung. Die Vereinbarung beinhaltet einen Jahresbeitrag in H\u00f6he von 1.000\u00a0Euro pro Schulungsleiter f\u00fcr den Zugriff auf Schulungsmaterialien und Ihre Aufnahme in unsere Matrix oder Schulungsliste.<\/p>\t\t\t\t\t\t\t\t<\/div>\n\t\t\t\t<\/div>\n\t\t\t\t\t<\/div>\n\t\t\t\t<\/div>\n\t\t\t\t\t<\/div>\n\t\t\t\t<\/div>\n\t\t<div class=\"elementor-element elementor-element-8ee3dac e-flex e-con-boxed e-con e-child\" data-id=\"8ee3dac\" data-element_type=\"container\" data-e-type=\"container\">\n\t\t\t\t\t<div class=\"e-con-inner\">\n\t\t<div class=\"elementor-element elementor-element-8beb912 e-grid e-con-boxed e-con e-child\" data-id=\"8beb912\" data-element_type=\"container\" data-e-type=\"container\" data-settings=\"{&quot;background_background&quot;:&quot;classic&quot;}\">\n\t\t\t\t\t<div class=\"e-con-inner\">\n\t\t\t\t<div class=\"elementor-element elementor-element-20b4704 elementor-widget elementor-widget-heading\" data-id=\"20b4704\" data-element_type=\"widget\" data-e-type=\"widget\" data-widget_type=\"heading.default\">\n\t\t\t\t<div class=\"elementor-widget-container\">\n\t\t\t\t\t<h3 class=\"elementor-heading-title elementor-size-default\">3<\/h3>\t\t\t\t<\/div>\n\t\t\t\t<\/div>\n\t\t\t\t<div class=\"elementor-element elementor-element-4bfa93c elementor-widget elementor-widget-heading\" data-id=\"4bfa93c\" data-element_type=\"widget\" data-e-type=\"widget\" data-widget_type=\"heading.default\">\n\t\t\t\t<div class=\"elementor-widget-container\">\n\t\t\t\t\t<h3 class=\"elementor-heading-title elementor-size-default\">Zugriff auf Schulungsmaterialien<\/h3>\t\t\t\t<\/div>\n\t\t\t\t<\/div>\n\t\t\t\t\t<\/div>\n\t\t\t\t<\/div>\n\t\t<div class=\"elementor-element elementor-element-bbb655a e-flex e-con-boxed e-con e-child\" data-id=\"bbb655a\" data-element_type=\"container\" data-e-type=\"container\">\n\t\t\t\t\t<div class=\"e-con-inner\">\n\t\t\t\t<div class=\"elementor-element elementor-element-d3024a4 list-content elementor-widget elementor-widget-text-editor\" data-id=\"d3024a4\" data-element_type=\"widget\" data-e-type=\"widget\" data-widget_type=\"text-editor.default\">\n\t\t\t\t<div class=\"elementor-widget-container\">\n\t\t\t\t\t\t\t\t\t<p>Wenn die von Ihnen unterzeichnete Vereinbarung und Ihre Zahlung bei uns eingegangen sind, erhalten Sie Zugang zu den Schulungspfaden.<\/p>\t\t\t\t\t\t\t\t<\/div>\n\t\t\t\t<\/div>\n\t\t\t\t\t<\/div>\n\t\t\t\t<\/div>\n\t\t\t\t\t<\/div>\n\t\t\t\t<\/div>\n\t\t<div class=\"elementor-element elementor-element-d553c81 e-flex e-con-boxed e-con e-child\" data-id=\"d553c81\" data-element_type=\"container\" data-e-type=\"container\">\n\t\t\t\t\t<div class=\"e-con-inner\">\n\t\t<div class=\"elementor-element elementor-element-1ed620a e-grid e-con-boxed e-con e-child\" data-id=\"1ed620a\" data-element_type=\"container\" data-e-type=\"container\" data-settings=\"{&quot;background_background&quot;:&quot;classic&quot;}\">\n\t\t\t\t\t<div class=\"e-con-inner\">\n\t\t\t\t<div class=\"elementor-element elementor-element-c2f4961 elementor-widget elementor-widget-heading\" data-id=\"c2f4961\" data-element_type=\"widget\" data-e-type=\"widget\" data-widget_type=\"heading.default\">\n\t\t\t\t<div class=\"elementor-widget-container\">\n\t\t\t\t\t<h3 class=\"elementor-heading-title elementor-size-default\">4<\/h3>\t\t\t\t<\/div>\n\t\t\t\t<\/div>\n\t\t\t\t<div class=\"elementor-element elementor-element-7f6dc94 elementor-widget elementor-widget-heading\" data-id=\"7f6dc94\" data-element_type=\"widget\" data-e-type=\"widget\" data-widget_type=\"heading.default\">\n\t\t\t\t<div class=\"elementor-widget-container\">\n\t\t\t\t\t<h3 class=\"elementor-heading-title elementor-size-default\">Zertifikate<\/h3>\t\t\t\t<\/div>\n\t\t\t\t<\/div>\n\t\t\t\t\t<\/div>\n\t\t\t\t<\/div>\n\t\t<div class=\"elementor-element elementor-element-56bdd3d e-flex e-con-boxed e-con e-child\" data-id=\"56bdd3d\" data-element_type=\"container\" data-e-type=\"container\">\n\t\t\t\t\t<div class=\"e-con-inner\">\n\t\t\t\t<div class=\"elementor-element elementor-element-4fe3ecc list-content elementor-widget elementor-widget-text-editor\" data-id=\"4fe3ecc\" data-element_type=\"widget\" data-e-type=\"widget\" data-widget_type=\"text-editor.default\">\n\t\t\t\t<div class=\"elementor-widget-container\">\n\t\t\t\t\t\t\t\t\t<p>Wenn die von Ihnen unterzeichnete Vereinbarung und Ihre Zahlung bei uns eingegangen sind, erhalten Sie Zugang zu den Schulungspfaden.<\/p><ol><li><strong>\u00d6ffnen Sie Ihr <span style=\"color: #8bc145;\"><a style=\"color: #8bc145;\" href=\"https:\/\/passport.events\/manager\/\">Administratorenkonto<\/a><\/span> oder <span style=\"color: #8bc145;\"><a style=\"color: #8bc145;\" href=\"https:\/\/passport.events\/administrative\/register\">erstellen Sie eins<\/a><\/span>, wenn Sie noch keins haben. Nach der Einrichtung Ihres Kontos erhalten Sie eine E-Mail zur Verifizierung Ihrer E-Mail-Adresse.\u2028<\/strong><\/li><li><strong>Teilen Sie uns per E-Mail an training@safeusediisocyanates.eu den Login (E-Mail-Adresse) Ihres Administratorenkontos mit, damit wir Ihren Zugang aktivieren k\u00f6nnen.<\/strong><\/li><li>Rufen Sie Ihr eigenes Konto auf:<ul><li>Klicken Sie auf \u201eMein Konto\u201c und gehen Sie anschlie\u00dfend auf \u201eNutzer &amp; Anmeldedaten\u201c. Aktualisieren Sie Ihr Passwort und best\u00e4tigen Sie es.<\/li><li>W\u00e4hlen Sie dabei ein anders Passwort als die letzten 4, die Sie zuvor f\u00fcr Ihr Konto verwendet haben.<\/li><\/ul><\/li><li>Gehen Sie dann zu Ihrem Admin-Konto:<ul><li>Klicken Sie auf \u201eKontakte\u201c und dann auf \u201eImportieren\u201c. Laden Sie mithilfe der XLS-Vorlage die Namen der Personen hoch, die ein Zertifikat erhalten sollen.<ul><li>Wenn eine Person keine E-Mail-Adresse hat, erstellen Sie eine nach dem Muster: vorname.nachname@training.isopa<\/li><li>Die Sprachspalte in der Vorlage bezieht sich auf die Sprache der Website-Oberfl\u00e4che (nicht auf das Zertifikat).<\/li><\/ul><\/li><li>Laden Sie die ausgef\u00fcllte Vorlage hoch.<\/li><li>W\u00e4hlen Sie in \u201eKontakte\u201c diejenigen, die ein Zertifikat erhalten sollen, und speichern Sie Ihre Auswahl oben rechts. Wir empfehlen Ihnen, die Auswahl anhand der Anzahl\/Sprache und des Datums der Schulungen zu treffen, das erleichtert die weitere Vorgehensweise. Wenn alle importierten Kontakte das gleiche Zertifikat in der gleichen Sprache\/f\u00fcr die gleiche Schulung erhalten sollen, muss keine Auswahl getroffen werden.<\/li><\/ul><\/li><li>Rufen Sie den <strong><span style=\"color: #8bc145;\"><a style=\"color: #8bc145;\" href=\"https:\/\/isopa-aisbl.idloom.events\/external-trainers-certificate-webshop\">Webshop f\u00fcr externe Schulungsleiter<\/a><\/span><\/strong> auf und loggen Sie sich mit Ihren Anmeldedaten ein. Verwenden Sie dazu die gleiche E-Mail-Adresse wie f\u00fcr Ihr Administratorenkonto.<ul><li>Geben Sie die n\u00f6tigen Informationen an.<\/li><li>W\u00e4hlen Sie die Anzahl und Art der Zertifikate aus (die Sprache f\u00fcr die Zertifikate kann beim Download der Zertifikate ausgew\u00e4hlt werden).F\u00fchren Sie am Ende der Registrierung die Online-Zahlung aus.<\/li><li><em>Die Geb\u00fchr betr\u00e4gt 15 \u20ac ohne MwSt. pro Zertifikat<\/em><\/li><\/ul><\/li><li>Wenn die Zahlung erfolgreich war, gehen Sie zur\u00fcck zu Ihrem Admin-Konto. Hier sehen Sie, wie viele Zertifikate gekauft wurden und wie viele bereits ausgeh\u00e4ndigt wurden.<ul><li>W\u00e4hlen Sie Ihre Kontakte oder rufen Sie Ihre Auswahl auf und weisen Sie die Zertifikate zu.<\/li><li>Die Sprache der Zertifikate k\u00f6nnen Sie beim Herunterladen ausw\u00e4hlen.<\/li><\/ul><\/li><\/ol>\t\t\t\t\t\t\t\t<\/div>\n\t\t\t\t<\/div>\n\t\t\t\t\t<\/div>\n\t\t\t\t<\/div>\n\t\t\t\t\t<\/div>\n\t\t\t\t<\/div>\n\t\t\t\t\t<\/div>\n\t\t\t\t<\/div>\n\t\t\t\t\t<\/div>\n\t\t\t\t<\/div>\n\t\t\t\t<\/div>\n\t\t","protected":false},"excerpt":{"rendered":"<p>Externe Schulungsleiter Definition Externe Schulungsleiter arbeiten entweder selbstst\u00e4ndig oder sind bei einem Schulungsinstitut\/Beratungsunternehmen angestellt, das kostenpflichtige Schulungen anbietet. Wenn Sie eine virtuelle oder Pr\u00e4senzschulung mit einem externen Schulungsleiter buchen m\u00f6chten, konsultieren Sie unsere Liste externer Schulungsleiter und nehmen direkt Kontakt zu ihnen auf. Registrierung f\u00fcr externe Schulungsleiter: 1 Registrierung Best\u00e4tigen Sie per E-Mail an training@safeusediisocyanates.eu, [&hellip;]<\/p>\n","protected":false},"author":1,"featured_media":0,"parent":2082,"menu_order":0,"comment_status":"closed","ping_status":"closed","template":"","meta":{"footnotes":""},"class_list":["post-2090","page","type-page","status-publish","hentry"],"yoast_head":"<!-- This site is optimized with the Yoast SEO plugin v27.2 - https:\/\/yoast.com\/product\/yoast-seo-wordpress\/ -->\n<title>Externe Schulungsleiter - Safe use diisocyanates<\/title>\n<meta name=\"robots\" content=\"index, follow, max-snippet:-1, max-image-preview:large, max-video-preview:-1\" \/>\n<link rel=\"canonical\" href=\"https:\/\/safeusediisocyanates.eu\/de\/schulungsleiter\/externe-schulungsleiter\/\" \/>\n<meta property=\"og:locale\" content=\"de_DE\" \/>\n<meta property=\"og:type\" content=\"article\" \/>\n<meta property=\"og:title\" content=\"Externe Schulungsleiter - Safe use diisocyanates\" \/>\n<meta property=\"og:description\" content=\"Externe Schulungsleiter Definition Externe Schulungsleiter arbeiten entweder selbstst\u00e4ndig oder sind bei einem Schulungsinstitut\/Beratungsunternehmen angestellt, das kostenpflichtige Schulungen anbietet. Wenn Sie eine virtuelle oder Pr\u00e4senzschulung mit einem externen Schulungsleiter buchen m\u00f6chten, konsultieren Sie unsere Liste externer Schulungsleiter und nehmen direkt Kontakt zu ihnen auf. Registrierung f\u00fcr externe Schulungsleiter: 1 Registrierung Best\u00e4tigen Sie per E-Mail an training@safeusediisocyanates.eu, [&hellip;]\" \/>\n<meta property=\"og:url\" content=\"https:\/\/safeusediisocyanates.eu\/de\/schulungsleiter\/externe-schulungsleiter\/\" \/>\n<meta property=\"og:site_name\" content=\"Safe use diisocyanates\" \/>\n<meta property=\"article:modified_time\" content=\"2024-07-04T11:42:31+00:00\" \/>\n<meta property=\"og:image\" content=\"https:\/\/safeusediisocyanates.eu\/wp-content\/uploads\/2024\/05\/og-image.jpg\" \/>\n\t<meta property=\"og:image:width\" content=\"1200\" \/>\n\t<meta property=\"og:image:height\" content=\"675\" \/>\n\t<meta property=\"og:image:type\" content=\"image\/jpeg\" \/>\n<meta name=\"twitter:card\" content=\"summary_large_image\" \/>\n<meta name=\"twitter:label1\" content=\"Gesch\u00e4tzte Lesezeit\" \/>\n\t<meta name=\"twitter:data1\" content=\"3\u00a0Minuten\" \/>\n<script type=\"application\/ld+json\" class=\"yoast-schema-graph\">{\"@context\":\"https:\/\/schema.org\",\"@graph\":[{\"@type\":\"WebPage\",\"@id\":\"https:\/\/safeusediisocyanates.eu\/de\/schulungsleiter\/externe-schulungsleiter\/\",\"url\":\"https:\/\/safeusediisocyanates.eu\/de\/schulungsleiter\/externe-schulungsleiter\/\",\"name\":\"Externe Schulungsleiter - Safe use diisocyanates\",\"isPartOf\":{\"@id\":\"https:\/\/safeusediisocyanates.eu\/pl\/#website\"},\"datePublished\":\"2024-05-20T10:57:44+00:00\",\"dateModified\":\"2024-07-04T11:42:31+00:00\",\"breadcrumb\":{\"@id\":\"https:\/\/safeusediisocyanates.eu\/de\/schulungsleiter\/externe-schulungsleiter\/#breadcrumb\"},\"inLanguage\":\"de\",\"potentialAction\":[{\"@type\":\"ReadAction\",\"target\":[\"https:\/\/safeusediisocyanates.eu\/de\/schulungsleiter\/externe-schulungsleiter\/\"]}]},{\"@type\":\"BreadcrumbList\",\"@id\":\"https:\/\/safeusediisocyanates.eu\/de\/schulungsleiter\/externe-schulungsleiter\/#breadcrumb\",\"itemListElement\":[{\"@type\":\"ListItem\",\"position\":1,\"name\":\"Home\",\"item\":\"https:\/\/safeusediisocyanates.eu\/de\/home\/\"},{\"@type\":\"ListItem\",\"position\":2,\"name\":\"Schulungsleiter\",\"item\":\"https:\/\/safeusediisocyanates.eu\/trainers\/\"},{\"@type\":\"ListItem\",\"position\":3,\"name\":\"Externe Schulungsleiter\"}]},{\"@type\":\"WebSite\",\"@id\":\"https:\/\/safeusediisocyanates.eu\/pl\/#website\",\"url\":\"https:\/\/safeusediisocyanates.eu\/pl\/\",\"name\":\"Safe use diisocyanates\",\"description\":\"\",\"publisher\":{\"@id\":\"https:\/\/safeusediisocyanates.eu\/pl\/#organization\"},\"potentialAction\":[{\"@type\":\"SearchAction\",\"target\":{\"@type\":\"EntryPoint\",\"urlTemplate\":\"https:\/\/safeusediisocyanates.eu\/pl\/?s={search_term_string}\"},\"query-input\":{\"@type\":\"PropertyValueSpecification\",\"valueRequired\":true,\"valueName\":\"search_term_string\"}}],\"inLanguage\":\"de\"},{\"@type\":\"Organization\",\"@id\":\"https:\/\/safeusediisocyanates.eu\/pl\/#organization\",\"name\":\"Safe use diisocyanates\",\"url\":\"https:\/\/safeusediisocyanates.eu\/pl\/\",\"logo\":{\"@type\":\"ImageObject\",\"inLanguage\":\"de\",\"@id\":\"https:\/\/safeusediisocyanates.eu\/pl\/#\/schema\/logo\/image\/\",\"url\":\"https:\/\/safeusediisocyanates.eu\/wp-content\/uploads\/2024\/04\/sud-logo.jpg\",\"contentUrl\":\"https:\/\/safeusediisocyanates.eu\/wp-content\/uploads\/2024\/04\/sud-logo.jpg\",\"width\":260,\"height\":172,\"caption\":\"Safe use diisocyanates\"},\"image\":{\"@id\":\"https:\/\/safeusediisocyanates.eu\/pl\/#\/schema\/logo\/image\/\"}}]}<\/script>\n<!-- \/ Yoast SEO plugin. -->","yoast_head_json":{"title":"Externe Schulungsleiter - Safe use diisocyanates","robots":{"index":"index","follow":"follow","max-snippet":"max-snippet:-1","max-image-preview":"max-image-preview:large","max-video-preview":"max-video-preview:-1"},"canonical":"https:\/\/safeusediisocyanates.eu\/de\/schulungsleiter\/externe-schulungsleiter\/","og_locale":"de_DE","og_type":"article","og_title":"Externe Schulungsleiter - Safe use diisocyanates","og_description":"Externe Schulungsleiter Definition Externe Schulungsleiter arbeiten entweder selbstst\u00e4ndig oder sind bei einem Schulungsinstitut\/Beratungsunternehmen angestellt, das kostenpflichtige Schulungen anbietet. Wenn Sie eine virtuelle oder Pr\u00e4senzschulung mit einem externen Schulungsleiter buchen m\u00f6chten, konsultieren Sie unsere Liste externer Schulungsleiter und nehmen direkt Kontakt zu ihnen auf. Registrierung f\u00fcr externe Schulungsleiter: 1 Registrierung Best\u00e4tigen Sie per E-Mail an training@safeusediisocyanates.eu, [&hellip;]","og_url":"https:\/\/safeusediisocyanates.eu\/de\/schulungsleiter\/externe-schulungsleiter\/","og_site_name":"Safe use diisocyanates","article_modified_time":"2024-07-04T11:42:31+00:00","og_image":[{"width":1200,"height":675,"url":"https:\/\/safeusediisocyanates.eu\/wp-content\/uploads\/2024\/05\/og-image.jpg","type":"image\/jpeg"}],"twitter_card":"summary_large_image","twitter_misc":{"Gesch\u00e4tzte Lesezeit":"3\u00a0Minuten"},"schema":{"@context":"https:\/\/schema.org","@graph":[{"@type":"WebPage","@id":"https:\/\/safeusediisocyanates.eu\/de\/schulungsleiter\/externe-schulungsleiter\/","url":"https:\/\/safeusediisocyanates.eu\/de\/schulungsleiter\/externe-schulungsleiter\/","name":"Externe Schulungsleiter - Safe use diisocyanates","isPartOf":{"@id":"https:\/\/safeusediisocyanates.eu\/pl\/#website"},"datePublished":"2024-05-20T10:57:44+00:00","dateModified":"2024-07-04T11:42:31+00:00","breadcrumb":{"@id":"https:\/\/safeusediisocyanates.eu\/de\/schulungsleiter\/externe-schulungsleiter\/#breadcrumb"},"inLanguage":"de","potentialAction":[{"@type":"ReadAction","target":["https:\/\/safeusediisocyanates.eu\/de\/schulungsleiter\/externe-schulungsleiter\/"]}]},{"@type":"BreadcrumbList","@id":"https:\/\/safeusediisocyanates.eu\/de\/schulungsleiter\/externe-schulungsleiter\/#breadcrumb","itemListElement":[{"@type":"ListItem","position":1,"name":"Home","item":"https:\/\/safeusediisocyanates.eu\/de\/home\/"},{"@type":"ListItem","position":2,"name":"Schulungsleiter","item":"https:\/\/safeusediisocyanates.eu\/trainers\/"},{"@type":"ListItem","position":3,"name":"Externe Schulungsleiter"}]},{"@type":"WebSite","@id":"https:\/\/safeusediisocyanates.eu\/pl\/#website","url":"https:\/\/safeusediisocyanates.eu\/pl\/","name":"Safe use diisocyanates","description":"","publisher":{"@id":"https:\/\/safeusediisocyanates.eu\/pl\/#organization"},"potentialAction":[{"@type":"SearchAction","target":{"@type":"EntryPoint","urlTemplate":"https:\/\/safeusediisocyanates.eu\/pl\/?s={search_term_string}"},"query-input":{"@type":"PropertyValueSpecification","valueRequired":true,"valueName":"search_term_string"}}],"inLanguage":"de"},{"@type":"Organization","@id":"https:\/\/safeusediisocyanates.eu\/pl\/#organization","name":"Safe use diisocyanates","url":"https:\/\/safeusediisocyanates.eu\/pl\/","logo":{"@type":"ImageObject","inLanguage":"de","@id":"https:\/\/safeusediisocyanates.eu\/pl\/#\/schema\/logo\/image\/","url":"https:\/\/safeusediisocyanates.eu\/wp-content\/uploads\/2024\/04\/sud-logo.jpg","contentUrl":"https:\/\/safeusediisocyanates.eu\/wp-content\/uploads\/2024\/04\/sud-logo.jpg","width":260,"height":172,"caption":"Safe use diisocyanates"},"image":{"@id":"https:\/\/safeusediisocyanates.eu\/pl\/#\/schema\/logo\/image\/"}}]}},"_links":{"self":[{"href":"https:\/\/safeusediisocyanates.eu\/de\/wp-json\/wp\/v2\/pages\/2090","targetHints":{"allow":["GET"]}}],"collection":[{"href":"https:\/\/safeusediisocyanates.eu\/de\/wp-json\/wp\/v2\/pages"}],"about":[{"href":"https:\/\/safeusediisocyanates.eu\/de\/wp-json\/wp\/v2\/types\/page"}],"author":[{"embeddable":true,"href":"https:\/\/safeusediisocyanates.eu\/de\/wp-json\/wp\/v2\/users\/1"}],"replies":[{"embeddable":true,"href":"https:\/\/safeusediisocyanates.eu\/de\/wp-json\/wp\/v2\/comments?post=2090"}],"version-history":[{"count":16,"href":"https:\/\/safeusediisocyanates.eu\/de\/wp-json\/wp\/v2\/pages\/2090\/revisions"}],"predecessor-version":[{"id":3916,"href":"https:\/\/safeusediisocyanates.eu\/de\/wp-json\/wp\/v2\/pages\/2090\/revisions\/3916"}],"up":[{"embeddable":true,"href":"https:\/\/safeusediisocyanates.eu\/de\/wp-json\/wp\/v2\/pages\/2082"}],"wp:attachment":[{"href":"https:\/\/safeusediisocyanates.eu\/de\/wp-json\/wp\/v2\/media?parent=2090"}],"curies":[{"name":"wp","href":"https:\/\/api.w.org\/{rel}","templated":true}]}}